{"id":823,"date":"2025-02-14T16:22:44","date_gmt":"2025-02-14T16:22:44","guid":{"rendered":"https:\/\/contentguru.builtbytoast.uk\/?page_id=823"},"modified":"2026-02-11T16:08:11","modified_gmt":"2026-02-11T16:08:11","slug":"back-office-optimalisatie","status":"publish","type":"page","link":"https:\/\/www.contentguru.com\/nl-nl\/oplossingen\/uitdagingen\/back-office-optimalisatie\/","title":{"rendered":"Back Office Optimalisatie"},"content":{"rendered":"\n\n    <section class=\"block-hero toast-block no-margin no-padding\"> \n\n        \n\n    <div class=\"hero-area \" style=\"background-image:url('https:\/\/www.contentguru.com\/nl-nl\/wp-content\/uploads\/sites\/12\/2026\/02\/Back-Office.png');\">\n        <div class=\"hero-overlay\" style=\"--overlay-color:#004d95d9\"><\/div>\n        <div class=\"container\">\n            <div class=\"hero-content\">\n                <h1 class=\"hero-title\">Wij helpen u meer te doen met minder<\/h1>\n                <div class=\"description\"><p><span style=\"font-weight: 400\">Door middel van unified cloudinterfaces, omni-data integraties en krachtige AI-tools optimaliseren wij uw backoffice-activiteiten.<\/span><\/p>\n<\/div>\n                                <div class=\"hero-buttons\">\n                                                                    <a href=\"https:\/\/www.contentguru.com\/nl-nl\/contact\/\" target=\"\" class=\"button white\">Boek een demo<\/a>\n                                                            <\/div>\n                            <\/div>\n                    <\/div>\n        <div class=\"hero-swipe\" style=\"--swipe-color:#E83174\"><svg id=\"Layer_1\" xmlns=\"http:\/\/www.w3.org\/2000\/svg\" xmlns:xlink=\"http:\/\/www.w3.org\/1999\/xlink\" viewBox=\"0 0 1440 65\"><defs><linearGradient id=\"linear-gradient\" x1=\"715.4\" y1=\"80.3\" x2=\"717.3\" y2=\"18.2\" gradientUnits=\"userSpaceOnUse\"><stop offset=\".2\" stop-color=\"#f8f9eb\" stop-opacity=\"0\"><\/stop><stop offset=\".7\" stop-color=\"#0c2943\" stop-opacity=\".2\"><\/stop><\/linearGradient><\/defs><polygon points=\"1440 79 -21 79 -27 13 505 19 823.5 48.7 1440 61.5 1440 79\" style=\"fill:#f8f9eb; fill-rule:evenodd; stroke-width:0px;\"><\/polygon><polygon points=\"1440 65 0 57.8 -6.6 13 517.4 19.5 898.1 44.5 1280.9 49.8 1440 47.1 1440 65\" style=\"fill:url(#linear-gradient); fill-rule:evenodd; stroke-width:0px;\"><\/polygon><path d=\"m1440,51.5v10s-395,13-716.8-18C401.5,12.5,0,21.5,0,21.5V.5s455-2.5,713.2,31c258.2,33.5,726.8,20,726.8,20Z\" style=\"fill:#e83174; fill-rule:evenodd; stroke-width:0px;\" class=\"swipe\"><\/path><\/svg><\/div>\n    <\/div>\n    \n    <\/section>\n\n\n\n\n\n    <section class=\"block-cta toast-block no-margin no-padding\"> \n\n        \n\n\n    <div class=\"cta-wrapper\" style=\"background-color:#f8f9eb;color:#0c2943\">\n                <div class=\"container\">\n            <h3>Back-office optimalisatie<\/h3>\n<p><span style=\"font-weight: 400\">Zowel het <\/span><b>storm<sub>\u00ae<\/sub><\/b><span style=\"font-weight: 400\"> als het <\/span><b>brain<sub>\u00ae<\/sub> <\/b><span style=\"font-weight: 400\">platform brengt communicatie, data en AI samen om meetbare effici\u00ebntie en kostenbesparingen te leveren. <\/span><\/p>\n        <\/div>\n    <\/div>\n\n    \n    <\/section>\n\n\n\n\n\n    <section class=\"block-boxed-content toast-block no-margin no-padding\"> \n\n        \n\n\n<div class=\"boxed-content-wrapper with-box\">\n    <div class=\"container\">\n        <div class=\"boxed-content reversed\" style=\"background-color:#ddf3fc;color:\">\n            \n                        <div class=\"boxed-content-image\">\n                                    <img loading=\"lazy\" decoding=\"async\" width=\"2560\" height=\"1396\" src=\"https:\/\/www.contentguru.com\/nl-nl\/wp-content\/uploads\/sites\/12\/2026\/02\/Back-Office-Optimization-2-scaled.png\" class=\"attachment-full size-full\" alt=\"Back Office Optimization 2\" srcset=\"https:\/\/www.contentguru.com\/nl-nl\/wp-content\/uploads\/sites\/12\/2026\/02\/Back-Office-Optimization-2-scaled.png 2560w, https:\/\/www.contentguru.com\/nl-nl\/wp-content\/uploads\/sites\/12\/2026\/02\/Back-Office-Optimization-2-300x164.png 300w, https:\/\/www.contentguru.com\/nl-nl\/wp-content\/uploads\/sites\/12\/2026\/02\/Back-Office-Optimization-2-1024x559.png 1024w, https:\/\/www.contentguru.com\/nl-nl\/wp-content\/uploads\/sites\/12\/2026\/02\/Back-Office-Optimization-2-768x419.png 768w, https:\/\/www.contentguru.com\/nl-nl\/wp-content\/uploads\/sites\/12\/2026\/02\/Back-Office-Optimization-2-1536x838.png 1536w, https:\/\/www.contentguru.com\/nl-nl\/wp-content\/uploads\/sites\/12\/2026\/02\/Back-Office-Optimization-2-2048x1117.png 2048w\" sizes=\"auto, (max-width: 2560px) 100vw, 2560px\" \/>                            <\/div>\n            \n            <div class=\"boxed-content-text\">\n                <h3>Werk slimmer, niet harder<\/h3>\n<p><span style=\"font-weight: 400\">Digitale transformatie betekent een effici\u00ebntieslag toebrengen binnen uw organisatie. En dat gaat verder dan het contactcenter; onze oplossingen voorzien uw back-office medewerkers van geavanceerde tools.<\/span><\/p>\n<p><span style=\"font-weight: 400\">Een enkele, uniforme interface geeft gebruikers toegang tot volledige klantgegevens en kennisartikelen van de organisatie.<\/span><\/p>\n<p><b>Unified Communications<\/b><span style=\"font-weight: 400\"> maakt uw hele organisatie toegankelijk, zonder dat u hoeft te schakelen met verschillende apps.<\/span><\/p>\n<p><b>Generatieve AI-assistenten<\/b><span style=\"font-weight: 400\"> ondersteunen gebruikers door interacties te transcriberen en samen te vatten.\u00a0<\/span><\/p>\n<p><span style=\"font-weight: 400\">Een interface die voldoet aan <\/span><b>WCAG 2.2<\/b><span style=\"font-weight: 400\">. biedt een toegankelijke werkplek voor iedereen.<\/span><\/p>\n<p><span style=\"font-weight: 400\">Uitgebreide opname en <\/span><b>schermregistratie<\/b><span style=\"font-weight: 400\"> zorgen voor volledige naleving en kwaliteitsbeheer.<\/span><\/p>\n            <\/div>\n                    <\/div>\n    <\/div>\n<\/div>\n\n    \n    <\/section>\n\n\n\n\n\n    <section class=\"block-boxed-content toast-block margin-both no-padding\"> \n\n        \n\n\n<div class=\"boxed-content-wrapper \">\n    <div class=\"container\">\n        <div class=\"boxed-content \" style=\"background-color:;color:\">\n            \n            \n            <div class=\"boxed-content-text\">\n                <h3>Omni-data effici\u00ebntie<\/h3>\n<p><span style=\"font-weight: 400\">Data is het digitale goud. Wij zorgen ervoor dat uw klantgegevens op een veilige manier daar terechtkomen waar ze nodig zijn.<\/span><\/p>\n<p><span style=\"font-weight: 400\">Onze oplossingen zijn omnidata. Dat betekent dat ze gegevens uit al uw systemen samenbrengen en toegankelijk maken in \u00e9\u00e9n interface en \u00e9\u00e9n formaat. We geven zowel front- als back-office gebruikers toegang tot de informatie die ze nodig hebben om klanten te ondersteunen.<\/span><\/p>\n            <\/div>\n                        <div class=\"boxed-content-image\">\n                                    <img loading=\"lazy\" decoding=\"async\" width=\"2560\" height=\"1396\" src=\"https:\/\/www.contentguru.com\/nl-nl\/wp-content\/uploads\/sites\/12\/2026\/02\/Back-Office-Optimization-1-scaled.png\" class=\"attachment-full size-full\" alt=\"Back Office Optimization 1\" srcset=\"https:\/\/www.contentguru.com\/nl-nl\/wp-content\/uploads\/sites\/12\/2026\/02\/Back-Office-Optimization-1-scaled.png 2560w, https:\/\/www.contentguru.com\/nl-nl\/wp-content\/uploads\/sites\/12\/2026\/02\/Back-Office-Optimization-1-300x164.png 300w, https:\/\/www.contentguru.com\/nl-nl\/wp-content\/uploads\/sites\/12\/2026\/02\/Back-Office-Optimization-1-1024x559.png 1024w, https:\/\/www.contentguru.com\/nl-nl\/wp-content\/uploads\/sites\/12\/2026\/02\/Back-Office-Optimization-1-768x419.png 768w, https:\/\/www.contentguru.com\/nl-nl\/wp-content\/uploads\/sites\/12\/2026\/02\/Back-Office-Optimization-1-1536x838.png 1536w, https:\/\/www.contentguru.com\/nl-nl\/wp-content\/uploads\/sites\/12\/2026\/02\/Back-Office-Optimization-1-2048x1117.png 2048w\" sizes=\"auto, (max-width: 2560px) 100vw, 2560px\" \/>                            <\/div>\n                    <\/div>\n    <\/div>\n<\/div>\n\n    \n    <\/section>\n\n\n\n\n\n    <section class=\"block-boxed-content toast-block no-margin no-padding\"> \n\n        \n\n\n<div class=\"boxed-content-wrapper with-box\">\n    <div class=\"container\">\n        <div class=\"boxed-content reversed\" style=\"background-color:#0c2943;color:#f8f9eb\">\n                        <div class=\"box-background-image\" style=\"background-image:url('https:\/\/www.contentguru.com\/nl-nl\/wp-content\/uploads\/sites\/12\/2025\/02\/c4dcf3a9e4b519d13241b7c103ff462b.jpg')\"><\/div>\n            \n                        <div class=\"boxed-content-image\">\n                                    <img loading=\"lazy\" decoding=\"async\" width=\"2560\" height=\"1396\" src=\"https:\/\/www.contentguru.com\/nl-nl\/wp-content\/uploads\/sites\/12\/2026\/02\/Back-Office-Optimization-3-scaled.png\" class=\"attachment-full size-full\" alt=\"Back Office Optimization 3\" srcset=\"https:\/\/www.contentguru.com\/nl-nl\/wp-content\/uploads\/sites\/12\/2026\/02\/Back-Office-Optimization-3-scaled.png 2560w, https:\/\/www.contentguru.com\/nl-nl\/wp-content\/uploads\/sites\/12\/2026\/02\/Back-Office-Optimization-3-300x164.png 300w, https:\/\/www.contentguru.com\/nl-nl\/wp-content\/uploads\/sites\/12\/2026\/02\/Back-Office-Optimization-3-1024x559.png 1024w, https:\/\/www.contentguru.com\/nl-nl\/wp-content\/uploads\/sites\/12\/2026\/02\/Back-Office-Optimization-3-768x419.png 768w, https:\/\/www.contentguru.com\/nl-nl\/wp-content\/uploads\/sites\/12\/2026\/02\/Back-Office-Optimization-3-1536x838.png 1536w, https:\/\/www.contentguru.com\/nl-nl\/wp-content\/uploads\/sites\/12\/2026\/02\/Back-Office-Optimization-3-2048x1117.png 2048w\" sizes=\"auto, (max-width: 2560px) 100vw, 2560px\" \/>                            <\/div>\n            \n            <div class=\"boxed-content-text\">\n                <h3>Back Office Transparantie<\/h3>\n<p><span style=\"font-weight: 400\">Onze oplossingen bieden uitgebreide rapportages en analyses.<\/span><\/p>\n<p><span style=\"font-weight: 400\">Wat uw statistieken ook zijn, wij brengen realtime gegevens binnen handbereik. Prestatiestatistieken van organisaties kunnen worden toegevoegd aan aangepaste rapporten of worden weergegeven op wallboards. Gegevens van elk kanaal kunnen worden samengevoegd in \u00e9\u00e9n cloudgebaseerde interface.<\/span><\/p>\n            <\/div>\n                    <\/div>\n    <\/div>\n<\/div>\n\n    \n    <\/section>\n\n\n\n\n\n    <section class=\"block-cta-list toast-block no-margin padding-both\"> \n\n        \n\n\n<div class=\"cta-list-wrapper\">\n    <div class=\"container\">\n        <div class=\"cta-list-grid grid \">\n            \t\t\t\t<div class=\"col intro\">\n\t\t\t\t\t<h3>Waarom Content Guru?<\/h3>\n\t\t\t\t<\/div>\n\t\t\t            <div class=\"col\">\n                                    <div class=\"cta-list-item  with-icon\">\n                                                <div class=\"col\">\n                            <div class=\"cta-list-item-image\">\n                                <img loading=\"lazy\" decoding=\"async\" width=\"140\" height=\"140\" src=\"https:\/\/www.contentguru.com\/nl-nl\/wp-content\/uploads\/sites\/12\/2025\/02\/Fill-Date_142_1-1.png\" class=\"attachment-full size-full\" alt=\"\" \/>                            <\/div>\n                        <\/div>\n                        <div class=\"cta-list-item-content\">\n                            <h5>Hoogste beschikbaarheid<\/h5>\n                            <div class=\"description\">We zijn de enige cloudleverancier die nationale hulpdiensten ondersteunt.<\/div>\n                        <\/div>\n                    <\/div>\n                                    <div class=\"cta-list-item  with-icon\">\n                                                <div class=\"col\">\n                            <div class=\"cta-list-item-image\">\n                                <img loading=\"lazy\" decoding=\"async\" width=\"140\" height=\"140\" src=\"https:\/\/www.contentguru.com\/nl-nl\/wp-content\/uploads\/sites\/12\/2025\/02\/Scalability_86_1-1.png\" class=\"attachment-full size-full\" alt=\"\" \/>                            <\/div>\n                        <\/div>\n                        <div class=\"cta-list-item-content\">\n                            <h5>Hoogste Schaalbaarheid<\/h5>\n                            <div class=\"description\">We hebben &#8217;s werelds grootste cloud contact center implementaties ondersteund; dat zijn 75.000 gelijktijdige digitale agenten in Japan en 20.000  seats in Europa.<\/div>\n                        <\/div>\n                    <\/div>\n                                    <div class=\"cta-list-item  with-icon\">\n                                                <div class=\"col\">\n                            <div class=\"cta-list-item-image\">\n                                <img loading=\"lazy\" decoding=\"async\" width=\"140\" height=\"140\" src=\"https:\/\/www.contentguru.com\/nl-nl\/wp-content\/uploads\/sites\/12\/2025\/02\/Security_87_1-1.png\" class=\"attachment-full size-full\" alt=\"\" \/>                            <\/div>\n                        <\/div>\n                        <div class=\"cta-list-item-content\">\n                            <h5>Beste beveiliging<\/h5>\n                            <div class=\"description\">We hebben wereldwijd erkende beveiligingsstandaarden bereikt, waaronder SOC 2 Type 2 en ISO 27001. We zijn ook de enige aanbieder van cloudcommunicatie die de FedRAMP-accreditatie van de Amerikaanse overheid heeft behaald op het niveau &#8216;High Impact&#8217;.<\/div>\n                        <\/div>\n                    <\/div>\n                                    <div class=\"cta-list-item  with-icon\">\n                                                <div class=\"col\">\n                            <div class=\"cta-list-item-image\">\n                                <img loading=\"lazy\" decoding=\"async\" width=\"140\" height=\"140\" src=\"https:\/\/www.contentguru.com\/nl-nl\/wp-content\/uploads\/sites\/12\/2025\/02\/Medal_134_1-1.png\" class=\"attachment-full size-full\" alt=\"\" \/>                            <\/div>\n                        <\/div>\n                        <div class=\"cta-list-item-content\">\n                            <h5>Hoogste CSAT<\/h5>\n                            <div class=\"description\">Onze oplossingen zorgen voor meetbare verbeteringen in CSAT en helpen onze klanten naar de top in hun branche. <\/div>\n                        <\/div>\n                    <\/div>\n                            <\/div>\n        <\/div> \n    <\/div>\n<\/div>\n\n    \n    <\/section>\n\n\n\n\n\n    <section class=\"block-resource-slider toast-block no-margin no-padding\"> \n\n        \n\n    <div class=\"resource-slider-area\" style=\"--before-color:#f8f9eb\">\n        <div class=\"container\">\n            <div class=\"grid\">\n                <div class=\"resource-slider-description\">\n                    <h3>Meer informatie<\/h3>\n<p>Bekijk ons overzicht met artikelen en ontdek de manieren waarop wij uw AI-ambities kunnen ondersteunen<\/p>\n                <\/div>\n                <div class=\"resource-slider\">\n\n                    \n                        \n                                                                                                                                <a href=\"https:\/\/www.contentguru.com\/nl-nl\/middelen\/succesverhalen\/uk-power-networks\/\" class=\"resource-wrapper\">\n                            <div class=\"resource \">\n                                <div class=\"resource-link-icon\"><\/div>\n                                <div class=\"resource-bg-image\" style=\"background-image:url(https:\/\/www.contentguru.com\/nl-nl\/wp-content\/uploads\/sites\/12\/2025\/02\/ca31396d780b49607639dc6a5c3d20dd-500x400.jpg)\"><\/div>\n                                <div class=\"resource-content\">\n                                                                            <div class=\"resource-type\">Succesverhalen<\/div>\n                                                                        <h4 class=\"resource-title\">UK Power Networks<\/h4>\n                                <\/div>\n                            <\/div>\n                        <\/a>\n                                    <\/div>\n            <\/div>\n            <div class=\"resource-slider-controls\"><\/div>\n        <\/div>\n    <\/div>\n    \n    <\/section>\n\n","protected":false},"excerpt":{"rendered":"","protected":false},"author":6,"featured_media":0,"parent":813,"menu_order":0,"comment_status":"closed","ping_status":"closed","template":"","meta":{"_acf_changed":true,"inline_featured_image":false,"footnotes":""},"folder":[16],"class_list":["post-823","page","type-page","status-publish","hentry"],"acf":[],"yoast_head":"<!-- This site is optimized with the Yoast SEO plugin v27.4 - https:\/\/yoast.com\/product\/yoast-seo-wordpress\/ -->\n<title>Contact Center Back Office Management - Content Guru<\/title>\n<meta name=\"description\" content=\"Through unified cloud interfaces, omni-data integrations, and powerful AI tools, we revolutionize your back-office operations\" \/>\n<meta name=\"robots\" content=\"index, follow, max-snippet:-1, max-image-preview:large, max-video-preview:-1\" \/>\n<link rel=\"canonical\" href=\"https:\/\/www.contentguru.com\/nl-nl\/oplossingen\/uitdagingen\/back-office-optimalisatie\/\" \/>\n<meta property=\"og:locale\" content=\"nl_NL\" \/>\n<meta property=\"og:type\" content=\"article\" \/>\n<meta property=\"og:title\" content=\"Contact Center Back Office Management - Content Guru\" \/>\n<meta property=\"og:description\" content=\"Through unified cloud interfaces, omni-data integrations, and powerful AI tools, we revolutionize your back-office operations\" \/>\n<meta property=\"og:url\" content=\"https:\/\/www.contentguru.com\/nl-nl\/oplossingen\/uitdagingen\/back-office-optimalisatie\/\" \/>\n<meta property=\"og:site_name\" content=\"Nederlands\" \/>\n<meta property=\"article:publisher\" content=\"https:\/\/www.facebook.com\/ContentGuruLtd\" \/>\n<meta property=\"article:modified_time\" content=\"2026-02-11T16:08:11+00:00\" \/>\n<meta name=\"twitter:card\" content=\"summary_large_image\" \/>\n<meta name=\"twitter:site\" content=\"@cgchirp\" \/>\n<meta name=\"twitter:label1\" content=\"Geschatte leestijd\" \/>\n\t<meta name=\"twitter:data1\" content=\"4 minuten\" \/>\n<script type=\"application\/ld+json\" class=\"yoast-schema-graph\">{\"@context\":\"https:\\\/\\\/schema.org\",\"@graph\":[{\"@type\":\"WebPage\",\"@id\":\"https:\\\/\\\/www.contentguru.com\\\/nl-nl\\\/oplossingen\\\/uitdagingen\\\/back-office-optimalisatie\\\/\",\"url\":\"https:\\\/\\\/www.contentguru.com\\\/nl-nl\\\/oplossingen\\\/uitdagingen\\\/back-office-optimalisatie\\\/\",\"name\":\"Contact Center Back Office Management - Content Guru\",\"isPartOf\":{\"@id\":\"https:\\\/\\\/www.contentguru.com\\\/nl-nl\\\/#website\"},\"datePublished\":\"2025-02-14T16:22:44+00:00\",\"dateModified\":\"2026-02-11T16:08:11+00:00\",\"description\":\"Through unified cloud interfaces, omni-data integrations, and powerful AI tools, we revolutionize your back-office operations\",\"breadcrumb\":{\"@id\":\"https:\\\/\\\/www.contentguru.com\\\/nl-nl\\\/oplossingen\\\/uitdagingen\\\/back-office-optimalisatie\\\/#breadcrumb\"},\"inLanguage\":\"nl-NL\",\"potentialAction\":[{\"@type\":\"ReadAction\",\"target\":[\"https:\\\/\\\/www.contentguru.com\\\/nl-nl\\\/oplossingen\\\/uitdagingen\\\/back-office-optimalisatie\\\/\"]}]},{\"@type\":\"BreadcrumbList\",\"@id\":\"https:\\\/\\\/www.contentguru.com\\\/nl-nl\\\/oplossingen\\\/uitdagingen\\\/back-office-optimalisatie\\\/#breadcrumb\",\"itemListElement\":[{\"@type\":\"ListItem\",\"position\":1,\"name\":\"Home\",\"item\":\"https:\\\/\\\/www.contentguru.com\\\/nl-nl\\\/\"},{\"@type\":\"ListItem\",\"position\":2,\"name\":\"Oplossingen\",\"item\":\"https:\\\/\\\/www.contentguru.com\\\/nl-nl\\\/oplossingen\\\/\"},{\"@type\":\"ListItem\",\"position\":3,\"name\":\"Uitdagingen\",\"item\":\"https:\\\/\\\/www.contentguru.com\\\/nl-nl\\\/oplossingen\\\/uitdagingen\\\/\"},{\"@type\":\"ListItem\",\"position\":4,\"name\":\"Back Office Optimalisatie\"}]},{\"@type\":\"WebSite\",\"@id\":\"https:\\\/\\\/www.contentguru.com\\\/nl-nl\\\/#website\",\"url\":\"https:\\\/\\\/www.contentguru.com\\\/nl-nl\\\/\",\"name\":\"Nederlands - Content Guru\",\"description\":\"\",\"publisher\":{\"@id\":\"https:\\\/\\\/www.contentguru.com\\\/nl-nl\\\/#organization\"},\"potentialAction\":[{\"@type\":\"SearchAction\",\"target\":{\"@type\":\"EntryPoint\",\"urlTemplate\":\"https:\\\/\\\/www.contentguru.com\\\/nl-nl\\\/?s={search_term_string}\"},\"query-input\":{\"@type\":\"PropertyValueSpecification\",\"valueRequired\":true,\"valueName\":\"search_term_string\"}}],\"inLanguage\":\"nl-NL\"},{\"@type\":\"Organization\",\"@id\":\"https:\\\/\\\/www.contentguru.com\\\/nl-nl\\\/#organization\",\"name\":\"Content Guru\",\"url\":\"https:\\\/\\\/www.contentguru.com\\\/nl-nl\\\/\",\"logo\":{\"@type\":\"ImageObject\",\"inLanguage\":\"nl-NL\",\"@id\":\"https:\\\/\\\/www.contentguru.com\\\/nl-nl\\\/#\\\/schema\\\/logo\\\/image\\\/\",\"url\":\"https:\\\/\\\/www.contentguru.com\\\/nl-nl\\\/wp-content\\\/uploads\\\/sites\\\/12\\\/2025\\\/02\\\/CG-Logo-Dark-Blue_Outlines-1.svg\",\"contentUrl\":\"https:\\\/\\\/www.contentguru.com\\\/nl-nl\\\/wp-content\\\/uploads\\\/sites\\\/12\\\/2025\\\/02\\\/CG-Logo-Dark-Blue_Outlines-1.svg\",\"width\":\"1024\",\"height\":\"1024\",\"caption\":\"Content Guru\"},\"image\":{\"@id\":\"https:\\\/\\\/www.contentguru.com\\\/nl-nl\\\/#\\\/schema\\\/logo\\\/image\\\/\"},\"sameAs\":[\"https:\\\/\\\/www.facebook.com\\\/ContentGuruLtd\",\"https:\\\/\\\/x.com\\\/cgchirp\"]}]}<\/script>\n<!-- \/ Yoast SEO plugin. -->","yoast_head_json":{"title":"Contact Center Back Office Management - Content Guru","description":"Through unified cloud interfaces, omni-data integrations, and powerful AI tools, we revolutionize your back-office operations","robots":{"index":"index","follow":"follow","max-snippet":"max-snippet:-1","max-image-preview":"max-image-preview:large","max-video-preview":"max-video-preview:-1"},"canonical":"https:\/\/www.contentguru.com\/nl-nl\/oplossingen\/uitdagingen\/back-office-optimalisatie\/","og_locale":"nl_NL","og_type":"article","og_title":"Contact Center Back Office Management - Content Guru","og_description":"Through unified cloud interfaces, omni-data integrations, and powerful AI tools, we revolutionize your back-office operations","og_url":"https:\/\/www.contentguru.com\/nl-nl\/oplossingen\/uitdagingen\/back-office-optimalisatie\/","og_site_name":"Nederlands","article_publisher":"https:\/\/www.facebook.com\/ContentGuruLtd","article_modified_time":"2026-02-11T16:08:11+00:00","twitter_card":"summary_large_image","twitter_site":"@cgchirp","twitter_misc":{"Geschatte leestijd":"4 minuten"},"schema":{"@context":"https:\/\/schema.org","@graph":[{"@type":"WebPage","@id":"https:\/\/www.contentguru.com\/nl-nl\/oplossingen\/uitdagingen\/back-office-optimalisatie\/","url":"https:\/\/www.contentguru.com\/nl-nl\/oplossingen\/uitdagingen\/back-office-optimalisatie\/","name":"Contact Center Back Office Management - Content Guru","isPartOf":{"@id":"https:\/\/www.contentguru.com\/nl-nl\/#website"},"datePublished":"2025-02-14T16:22:44+00:00","dateModified":"2026-02-11T16:08:11+00:00","description":"Through unified cloud interfaces, omni-data integrations, and powerful AI tools, we revolutionize your back-office operations","breadcrumb":{"@id":"https:\/\/www.contentguru.com\/nl-nl\/oplossingen\/uitdagingen\/back-office-optimalisatie\/#breadcrumb"},"inLanguage":"nl-NL","potentialAction":[{"@type":"ReadAction","target":["https:\/\/www.contentguru.com\/nl-nl\/oplossingen\/uitdagingen\/back-office-optimalisatie\/"]}]},{"@type":"BreadcrumbList","@id":"https:\/\/www.contentguru.com\/nl-nl\/oplossingen\/uitdagingen\/back-office-optimalisatie\/#breadcrumb","itemListElement":[{"@type":"ListItem","position":1,"name":"Home","item":"https:\/\/www.contentguru.com\/nl-nl\/"},{"@type":"ListItem","position":2,"name":"Oplossingen","item":"https:\/\/www.contentguru.com\/nl-nl\/oplossingen\/"},{"@type":"ListItem","position":3,"name":"Uitdagingen","item":"https:\/\/www.contentguru.com\/nl-nl\/oplossingen\/uitdagingen\/"},{"@type":"ListItem","position":4,"name":"Back Office Optimalisatie"}]},{"@type":"WebSite","@id":"https:\/\/www.contentguru.com\/nl-nl\/#website","url":"https:\/\/www.contentguru.com\/nl-nl\/","name":"Nederlands - Content Guru","description":"","publisher":{"@id":"https:\/\/www.contentguru.com\/nl-nl\/#organization"},"potentialAction":[{"@type":"SearchAction","target":{"@type":"EntryPoint","urlTemplate":"https:\/\/www.contentguru.com\/nl-nl\/?s={search_term_string}"},"query-input":{"@type":"PropertyValueSpecification","valueRequired":true,"valueName":"search_term_string"}}],"inLanguage":"nl-NL"},{"@type":"Organization","@id":"https:\/\/www.contentguru.com\/nl-nl\/#organization","name":"Content Guru","url":"https:\/\/www.contentguru.com\/nl-nl\/","logo":{"@type":"ImageObject","inLanguage":"nl-NL","@id":"https:\/\/www.contentguru.com\/nl-nl\/#\/schema\/logo\/image\/","url":"https:\/\/www.contentguru.com\/nl-nl\/wp-content\/uploads\/sites\/12\/2025\/02\/CG-Logo-Dark-Blue_Outlines-1.svg","contentUrl":"https:\/\/www.contentguru.com\/nl-nl\/wp-content\/uploads\/sites\/12\/2025\/02\/CG-Logo-Dark-Blue_Outlines-1.svg","width":"1024","height":"1024","caption":"Content Guru"},"image":{"@id":"https:\/\/www.contentguru.com\/nl-nl\/#\/schema\/logo\/image\/"},"sameAs":["https:\/\/www.facebook.com\/ContentGuruLtd","https:\/\/x.com\/cgchirp"]}]}},"_links":{"self":[{"href":"https:\/\/www.contentguru.com\/nl-nl\/wp-json\/wp\/v2\/pages\/823","targetHints":{"allow":["GET"]}}],"collection":[{"href":"https:\/\/www.contentguru.com\/nl-nl\/wp-json\/wp\/v2\/pages"}],"about":[{"href":"https:\/\/www.contentguru.com\/nl-nl\/wp-json\/wp\/v2\/types\/page"}],"author":[{"embeddable":true,"href":"https:\/\/www.contentguru.com\/nl-nl\/wp-json\/wp\/v2\/users\/6"}],"replies":[{"embeddable":true,"href":"https:\/\/www.contentguru.com\/nl-nl\/wp-json\/wp\/v2\/comments?post=823"}],"version-history":[{"count":0,"href":"https:\/\/www.contentguru.com\/nl-nl\/wp-json\/wp\/v2\/pages\/823\/revisions"}],"up":[{"embeddable":true,"href":"https:\/\/www.contentguru.com\/nl-nl\/wp-json\/wp\/v2\/pages\/813"}],"wp:attachment":[{"href":"https:\/\/www.contentguru.com\/nl-nl\/wp-json\/wp\/v2\/media?parent=823"}],"wp:term":[{"taxonomy":"folder","embeddable":true,"href":"https:\/\/www.contentguru.com\/nl-nl\/wp-json\/wp\/v2\/folder?post=823"}],"curies":[{"name":"wp","href":"https:\/\/api.w.org\/{rel}","templated":true}]}}