{"id":753,"date":"2025-02-14T15:50:16","date_gmt":"2025-02-14T15:50:16","guid":{"rendered":"https:\/\/contentguru.builtbytoast.uk\/?page_id=753"},"modified":"2026-02-17T13:37:14","modified_gmt":"2026-02-17T13:37:14","slug":"inbound-customer-experience","status":"publish","type":"page","link":"https:\/\/www.contentguru.com\/nl-nl\/producten\/storm-cx\/optimale-klantreis\/inbound-customer-experience\/","title":{"rendered":"Inbound Customer Experience"},"content":{"rendered":"\n\n    <section class=\"block-resource-hero toast-block no-margin padding-both has-bg\" style=\"background-color:#ddf3fc;\"> \n\n        \n\n\n    <div class=\"resource-hero\">\n        <div class=\"container\">\n                            <h4 class=\"section-title h5\"><span class=\"notranslate\"> <strong> storm<sub>\u00ae<\/sub> <\/strong> INBOUND\u2122 <\/span><\/h4>\n<h1>Intelligente omnichannel routering<\/h1>\n<h4 class=\"section-title h5\"><span style=\"font-weight: 400\">Voldoe aan de behoeften van elke klant met krachtige routing van inkomende contacten. <\/span><\/h4>\n                    <\/div>\n    <\/div>\n\n    \n    <\/section>\n\n\n\n\n\n    <section class=\"block-boxed-content toast-block no-margin padding-top\"> \n\n                    <div class=\"section-title-area\">\n                <div class=\"container\">\n                                        <h2 class=\"section-title h2\">Inkomende klantbetrokkenheid met AI<\/h2>\n                                            <div class=\"section-description\"><p><b><i>storm<\/i><\/b><i><span style=\"font-weight: 400\"> INBOUND\u2122 is een omnichannel, AI-gefundeerde oplossing voor inbound customer engagement waarmee uw organisatie een toonaangevende klantervaring kan leveren.<\/span><\/i><\/p>\n<\/div>\n                                    <\/div>\n            <\/div>\n        \n\n\n<div class=\"boxed-content-wrapper with-box\">\n    <div class=\"container\">\n        <div class=\"boxed-content \" style=\"background-color:#0c2943;color:#f8f9eb\">\n                        <div class=\"box-background-image\" style=\"background-image:url('https:\/\/www.contentguru.com\/nl-nl\/wp-content\/uploads\/sites\/12\/2025\/02\/c4dcf3a9e4b519d13241b7c103ff462b.jpg')\"><\/div>\n            \n            \n            <div class=\"boxed-content-text\">\n                <h3>Contactroutering met een klik<\/h3>\n<p><span style=\"font-weight: 400\">Uitstekende CX begint met controle; controle over uw inkomende contacten, contactroutering en nummerbeheer,<\/span><\/p>\n<p><b>storm<\/b><span style=\"font-weight: 400\"> INBOUND geeft u volledige controle over uw nummerbeheer, zodat u de routering van oproepen met \u00e9\u00e9n klik kunt bijwerken, zonder dat u op uw telefoon provider hoeft te wachten. Koppel agenten aan elk van uw inkomende nummers, of ze nu op kantoor werken of thuis.<\/span><\/p>\n            <\/div>\n                        <div class=\"boxed-content-image\">\n                                    <img loading=\"lazy\" decoding=\"async\" width=\"2560\" height=\"1396\" src=\"https:\/\/www.contentguru.com\/nl-nl\/wp-content\/uploads\/sites\/12\/2026\/02\/Education-9-scaled.png\" class=\"attachment-full size-full\" alt=\"\" srcset=\"https:\/\/www.contentguru.com\/nl-nl\/wp-content\/uploads\/sites\/12\/2026\/02\/Education-9-scaled.png 2560w, https:\/\/www.contentguru.com\/nl-nl\/wp-content\/uploads\/sites\/12\/2026\/02\/Education-9-300x164.png 300w, https:\/\/www.contentguru.com\/nl-nl\/wp-content\/uploads\/sites\/12\/2026\/02\/Education-9-1024x559.png 1024w, https:\/\/www.contentguru.com\/nl-nl\/wp-content\/uploads\/sites\/12\/2026\/02\/Education-9-768x419.png 768w, https:\/\/www.contentguru.com\/nl-nl\/wp-content\/uploads\/sites\/12\/2026\/02\/Education-9-1536x838.png 1536w, https:\/\/www.contentguru.com\/nl-nl\/wp-content\/uploads\/sites\/12\/2026\/02\/Education-9-2048x1117.png 2048w\" sizes=\"auto, (max-width: 2560px) 100vw, 2560px\" \/>                            <\/div>\n                    <\/div>\n    <\/div>\n<\/div>\n\n    \n    <\/section>\n\n\n\n\n\n    <section class=\"block-boxed-content toast-block no-margin no-padding\"> \n\n        \n\n\n<div class=\"boxed-content-wrapper with-box\">\n    <div class=\"container\">\n        <div class=\"boxed-content reversed\" style=\"background-color:#ddf3fc;color:#0c2943\">\n            \n                        <div class=\"boxed-content-image\">\n                                    <img loading=\"lazy\" decoding=\"async\" width=\"2560\" height=\"1396\" src=\"https:\/\/www.contentguru.com\/nl-nl\/wp-content\/uploads\/sites\/12\/2026\/02\/Employee-Engagement-and-Empowerment-3-scaled.png\" class=\"attachment-full size-full\" alt=\"Employee Engagement and Empowerment 3\" srcset=\"https:\/\/www.contentguru.com\/nl-nl\/wp-content\/uploads\/sites\/12\/2026\/02\/Employee-Engagement-and-Empowerment-3-scaled.png 2560w, https:\/\/www.contentguru.com\/nl-nl\/wp-content\/uploads\/sites\/12\/2026\/02\/Employee-Engagement-and-Empowerment-3-300x164.png 300w, https:\/\/www.contentguru.com\/nl-nl\/wp-content\/uploads\/sites\/12\/2026\/02\/Employee-Engagement-and-Empowerment-3-1024x559.png 1024w, https:\/\/www.contentguru.com\/nl-nl\/wp-content\/uploads\/sites\/12\/2026\/02\/Employee-Engagement-and-Empowerment-3-768x419.png 768w, https:\/\/www.contentguru.com\/nl-nl\/wp-content\/uploads\/sites\/12\/2026\/02\/Employee-Engagement-and-Empowerment-3-1536x838.png 1536w, https:\/\/www.contentguru.com\/nl-nl\/wp-content\/uploads\/sites\/12\/2026\/02\/Employee-Engagement-and-Empowerment-3-2048x1117.png 2048w\" sizes=\"auto, (max-width: 2560px) 100vw, 2560px\" \/>                            <\/div>\n            \n            <div class=\"boxed-content-text\">\n                <h3>Omni-Channel Ervaringen<\/h3>\n<p><span style=\"font-weight: 400\">Met <\/span><b>storm<\/b><span style=\"font-weight: 400\"> INBOUND kunt u inkomende contacten op intelligente wijze routeren via elk kanaal, of dat nu telefoongesprekken, webchats, SMS of sociale media zijn.<\/span><\/p>\n<p><span style=\"font-weight: 400\">INBOUND maakt gebruik van Intelligent Automated Contact Distribution (iACD<sub>\u00ae<\/sub>) om vragen te koppelen aan de best beschikbare medewerker of automatische agent.<\/span><\/p>\n            <\/div>\n                    <\/div>\n    <\/div>\n<\/div>\n\n    \n    <\/section>\n\n\n\n\n\n    <section class=\"block-boxed-content toast-block no-margin no-padding\"> \n\n        \n\n\n<div class=\"boxed-content-wrapper with-box\">\n    <div class=\"container\">\n        <div class=\"boxed-content \" style=\"background-color:#f8f9eb;color:\">\n            \n            \n            <div class=\"boxed-content-text\">\n                <h3>AI-versterkende contactanalyse<\/h3>\n<p><b>storm<\/b><span style=\"font-weight: 400\"> INBOUND maakt AI-gestuurde <\/span><span style=\"font-weight: 400\">gegevensextractie<\/span><span style=\"font-weight: 400\"> uit inkomende digitale interacties mogelijk, om medewerkers relevante kennis en klantinformatie te leveren.<\/span><\/p>\n<p><span style=\"font-weight: 400\">Door trends in inkomende contacten te identificeren, kunt u veelvoorkomende problemen vaststellen en proactief reageren om aan de behoeften van de klant te voldoen.<\/span><\/p>\n            <\/div>\n                        <div class=\"boxed-content-image\">\n                                    <img loading=\"lazy\" decoding=\"async\" width=\"2560\" height=\"2560\" src=\"https:\/\/www.contentguru.com\/nl-nl\/wp-content\/uploads\/sites\/12\/2026\/02\/Illustration-Products-brain-AI-scaled.png\" class=\"attachment-full size-full\" alt=\"Illustration - Products - brain AI\" srcset=\"https:\/\/www.contentguru.com\/nl-nl\/wp-content\/uploads\/sites\/12\/2026\/02\/Illustration-Products-brain-AI-scaled.png 2560w, https:\/\/www.contentguru.com\/nl-nl\/wp-content\/uploads\/sites\/12\/2026\/02\/Illustration-Products-brain-AI-300x300.png 300w, https:\/\/www.contentguru.com\/nl-nl\/wp-content\/uploads\/sites\/12\/2026\/02\/Illustration-Products-brain-AI-1024x1024.png 1024w, https:\/\/www.contentguru.com\/nl-nl\/wp-content\/uploads\/sites\/12\/2026\/02\/Illustration-Products-brain-AI-150x150.png 150w, https:\/\/www.contentguru.com\/nl-nl\/wp-content\/uploads\/sites\/12\/2026\/02\/Illustration-Products-brain-AI-768x768.png 768w, https:\/\/www.contentguru.com\/nl-nl\/wp-content\/uploads\/sites\/12\/2026\/02\/Illustration-Products-brain-AI-1536x1536.png 1536w, https:\/\/www.contentguru.com\/nl-nl\/wp-content\/uploads\/sites\/12\/2026\/02\/Illustration-Products-brain-AI-2048x2048.png 2048w\" sizes=\"auto, (max-width: 2560px) 100vw, 2560px\" \/>                            <\/div>\n                    <\/div>\n    <\/div>\n<\/div>\n\n    \n    <\/section>\n\n\n\n\n\n    <section class=\"block-boxed-content toast-block no-margin no-padding\"> \n\n        \n\n\n<div class=\"boxed-content-wrapper with-box\">\n    <div class=\"container\">\n        <div class=\"boxed-content reversed\" style=\"background-color:#0c2943;color:#f8f9eb\">\n                        <div class=\"box-background-image\" style=\"background-image:url('https:\/\/www.contentguru.com\/nl-nl\/wp-content\/uploads\/sites\/12\/2025\/02\/c4dcf3a9e4b519d13241b7c103ff462b.jpg')\"><\/div>\n            \n                        <div class=\"boxed-content-image\">\n                                    <img loading=\"lazy\" decoding=\"async\" width=\"2560\" height=\"1396\" src=\"https:\/\/www.contentguru.com\/nl-nl\/wp-content\/uploads\/sites\/12\/2026\/02\/Compliance-and-Regulation-3-scaled.png\" class=\"attachment-full size-full\" alt=\"Compliance and Regulation 3\" srcset=\"https:\/\/www.contentguru.com\/nl-nl\/wp-content\/uploads\/sites\/12\/2026\/02\/Compliance-and-Regulation-3-scaled.png 2560w, https:\/\/www.contentguru.com\/nl-nl\/wp-content\/uploads\/sites\/12\/2026\/02\/Compliance-and-Regulation-3-300x164.png 300w, https:\/\/www.contentguru.com\/nl-nl\/wp-content\/uploads\/sites\/12\/2026\/02\/Compliance-and-Regulation-3-1024x559.png 1024w, https:\/\/www.contentguru.com\/nl-nl\/wp-content\/uploads\/sites\/12\/2026\/02\/Compliance-and-Regulation-3-768x419.png 768w, https:\/\/www.contentguru.com\/nl-nl\/wp-content\/uploads\/sites\/12\/2026\/02\/Compliance-and-Regulation-3-1536x838.png 1536w, https:\/\/www.contentguru.com\/nl-nl\/wp-content\/uploads\/sites\/12\/2026\/02\/Compliance-and-Regulation-3-2048x1117.png 2048w\" sizes=\"auto, (max-width: 2560px) 100vw, 2560px\" \/>                            <\/div>\n            \n            <div class=\"boxed-content-text\">\n                <h3>Uitgebreide rapportage<\/h3>\n<p><span style=\"font-weight: 400\">Real-time en historische rapportage over inkomende interacties biedt inzicht in het klanttraject.\u00a0<\/span><\/p>\n<p><b>storm<\/b><span style=\"font-weight: 400\"> INBOUND integreert met onze uitgebreide rapportage oplossing om pijnpunten te identificeren en een compleet beeld te geven van de prestaties van het contactcenter.<\/span><\/p>\n            <\/div>\n                    <\/div>\n    <\/div>\n<\/div>\n\n    \n    <\/section>\n\n\n\n\n\n    <section class=\"block-boxed-content toast-block no-margin no-padding\"> \n\n        \n\n\n<div class=\"boxed-content-wrapper with-box\">\n    <div class=\"container\">\n        <div class=\"boxed-content \" style=\"background-color:#ddf3fc;color:\">\n            \n            \n            <div class=\"boxed-content-text\">\n                <h3>Krachtige dienstverlening<\/h3>\n<p><b>storm<\/b><span style=\"font-weight: 400\"> INBOUND brengt je nummers samen in \u00e9\u00e9n intu\u00eftieve interface en verenigt je geografische en niet-geografische nummers.<\/span><\/p>\n<p><span style=\"font-weight: 400\">Met INBOUND kunt u onmiddellijk wijzigingen aanbrengen in de routing van uw contactpersonen, zonder te hoeven wachten op uw netwerkprovider<\/span><span style=\"font-weight: 400\">.<\/span><\/p>\n            <\/div>\n                        <div class=\"boxed-content-image\">\n                                    <img loading=\"lazy\" decoding=\"async\" width=\"2560\" height=\"1396\" src=\"https:\/\/www.contentguru.com\/nl-nl\/wp-content\/uploads\/sites\/12\/2026\/02\/Construction-1-scaled.png\" class=\"attachment-full size-full\" alt=\"\" srcset=\"https:\/\/www.contentguru.com\/nl-nl\/wp-content\/uploads\/sites\/12\/2026\/02\/Construction-1-scaled.png 2560w, https:\/\/www.contentguru.com\/nl-nl\/wp-content\/uploads\/sites\/12\/2026\/02\/Construction-1-300x164.png 300w, https:\/\/www.contentguru.com\/nl-nl\/wp-content\/uploads\/sites\/12\/2026\/02\/Construction-1-1024x559.png 1024w, https:\/\/www.contentguru.com\/nl-nl\/wp-content\/uploads\/sites\/12\/2026\/02\/Construction-1-768x419.png 768w, https:\/\/www.contentguru.com\/nl-nl\/wp-content\/uploads\/sites\/12\/2026\/02\/Construction-1-1536x838.png 1536w, https:\/\/www.contentguru.com\/nl-nl\/wp-content\/uploads\/sites\/12\/2026\/02\/Construction-1-2048x1117.png 2048w\" sizes=\"auto, (max-width: 2560px) 100vw, 2560px\" \/>                            <\/div>\n                    <\/div>\n    <\/div>\n<\/div>\n\n    \n    <\/section>\n\n\n\n\n\n    <section class=\"block-contact-form toast-block no-margin padding-top\"> \n\n                    <div class=\"section-title-area\">\n                <div class=\"container\">\n                                        <h2 class=\"section-title h3\">Meer weten?<\/h2>\n                                            <div class=\"section-description\"><p><span style=\"font-weight: 400\">Geef ons uw contactgegevens, en u ontvangt een flyer over de functionaliteit van <\/span><b>storm<\/b><span style=\"font-weight: 400\"> INBOUND, direct in uw e-mail.<\/span><\/p>\n<\/div>\n                                    <\/div>\n            <\/div>\n        \n\n\n    <div class=\"contact-form-wrapper\">\n        <div class=\"container\">\n            <div class=\"contact-form-area\">\n                <form id=\"mktoForm_1177\"><\/form>\n                \n                \n            <\/div>\n        <\/div>\n    <\/div>\n\n    \n    <\/section>\n\n","protected":false},"excerpt":{"rendered":"","protected":false},"author":6,"featured_media":0,"parent":742,"menu_order":0,"comment_status":"closed","ping_status":"closed","template":"","meta":{"_acf_changed":true,"inline_featured_image":false,"footnotes":""},"folder":[15],"class_list":["post-753","page","type-page","status-publish","hentry"],"acf":[],"yoast_head":"<!-- This site is optimized with the Yoast SEO plugin v27.5 - https:\/\/yoast.com\/product\/yoast-seo-wordpress\/ -->\n<title>Inbound Customer Experience - Content Guru<\/title>\n<meta name=\"description\" content=\"Ontdek storm\u00ae INBOUND\u2122, het nummer beheersysteem dat u helpt de beste CX te leveren.\" \/>\n<meta name=\"robots\" content=\"index, follow, max-snippet:-1, max-image-preview:large, max-video-preview:-1\" \/>\n<link rel=\"canonical\" href=\"https:\/\/www.contentguru.com\/nl-nl\/producten\/storm-cx\/optimale-klantreis\/inbound-customer-experience\/\" \/>\n<meta property=\"og:locale\" content=\"nl_NL\" \/>\n<meta property=\"og:type\" content=\"article\" \/>\n<meta property=\"og:title\" content=\"Inbound Customer Experience - Content Guru\" \/>\n<meta property=\"og:description\" content=\"Ontdek storm\u00ae INBOUND\u2122, het nummer beheersysteem dat u helpt de beste CX te leveren.\" \/>\n<meta property=\"og:url\" content=\"https:\/\/www.contentguru.com\/nl-nl\/producten\/storm-cx\/optimale-klantreis\/inbound-customer-experience\/\" \/>\n<meta property=\"og:site_name\" content=\"Nederlands\" \/>\n<meta property=\"article:publisher\" content=\"https:\/\/www.facebook.com\/ContentGuruLtd\" \/>\n<meta property=\"article:modified_time\" content=\"2026-02-17T13:37:14+00:00\" \/>\n<meta name=\"twitter:card\" content=\"summary_large_image\" \/>\n<meta name=\"twitter:site\" content=\"@cgchirp\" \/>\n<meta name=\"twitter:label1\" content=\"Geschatte leestijd\" \/>\n\t<meta name=\"twitter:data1\" content=\"3 minuten\" \/>\n<script type=\"application\/ld+json\" class=\"yoast-schema-graph\">{\"@context\":\"https:\\\/\\\/schema.org\",\"@graph\":[{\"@type\":\"WebPage\",\"@id\":\"https:\\\/\\\/www.contentguru.com\\\/nl-nl\\\/producten\\\/storm-cx\\\/optimale-klantreis\\\/inbound-customer-experience\\\/\",\"url\":\"https:\\\/\\\/www.contentguru.com\\\/nl-nl\\\/producten\\\/storm-cx\\\/optimale-klantreis\\\/inbound-customer-experience\\\/\",\"name\":\"Inbound Customer Experience - Content Guru\",\"isPartOf\":{\"@id\":\"https:\\\/\\\/www.contentguru.com\\\/nl-nl\\\/#website\"},\"datePublished\":\"2025-02-14T15:50:16+00:00\",\"dateModified\":\"2026-02-17T13:37:14+00:00\",\"description\":\"Ontdek storm\u00ae INBOUND\u2122, het nummer beheersysteem dat u helpt de beste CX te leveren.\",\"breadcrumb\":{\"@id\":\"https:\\\/\\\/www.contentguru.com\\\/nl-nl\\\/producten\\\/storm-cx\\\/optimale-klantreis\\\/inbound-customer-experience\\\/#breadcrumb\"},\"inLanguage\":\"nl-NL\",\"potentialAction\":[{\"@type\":\"ReadAction\",\"target\":[\"https:\\\/\\\/www.contentguru.com\\\/nl-nl\\\/producten\\\/storm-cx\\\/optimale-klantreis\\\/inbound-customer-experience\\\/\"]}]},{\"@type\":\"BreadcrumbList\",\"@id\":\"https:\\\/\\\/www.contentguru.com\\\/nl-nl\\\/producten\\\/storm-cx\\\/optimale-klantreis\\\/inbound-customer-experience\\\/#breadcrumb\",\"itemListElement\":[{\"@type\":\"ListItem\",\"position\":1,\"name\":\"Home\",\"item\":\"https:\\\/\\\/www.contentguru.com\\\/nl-nl\\\/\"},{\"@type\":\"ListItem\",\"position\":2,\"name\":\"Producten\",\"item\":\"https:\\\/\\\/www.contentguru.com\\\/nl-nl\\\/producten\\\/\"},{\"@type\":\"ListItem\",\"position\":3,\"name\":\"storm CX\",\"item\":\"https:\\\/\\\/www.contentguru.com\\\/nl-nl\\\/producten\\\/storm-cx\\\/\"},{\"@type\":\"ListItem\",\"position\":4,\"name\":\"Optimale klantreis\",\"item\":\"https:\\\/\\\/www.contentguru.com\\\/nl-nl\\\/producten\\\/storm-cx\\\/optimale-klantreis\\\/\"},{\"@type\":\"ListItem\",\"position\":5,\"name\":\"Inbound Customer Experience\"}]},{\"@type\":\"WebSite\",\"@id\":\"https:\\\/\\\/www.contentguru.com\\\/nl-nl\\\/#website\",\"url\":\"https:\\\/\\\/www.contentguru.com\\\/nl-nl\\\/\",\"name\":\"Nederlands - Content Guru\",\"description\":\"\",\"publisher\":{\"@id\":\"https:\\\/\\\/www.contentguru.com\\\/nl-nl\\\/#organization\"},\"potentialAction\":[{\"@type\":\"SearchAction\",\"target\":{\"@type\":\"EntryPoint\",\"urlTemplate\":\"https:\\\/\\\/www.contentguru.com\\\/nl-nl\\\/?s={search_term_string}\"},\"query-input\":{\"@type\":\"PropertyValueSpecification\",\"valueRequired\":true,\"valueName\":\"search_term_string\"}}],\"inLanguage\":\"nl-NL\"},{\"@type\":\"Organization\",\"@id\":\"https:\\\/\\\/www.contentguru.com\\\/nl-nl\\\/#organization\",\"name\":\"Content Guru\",\"url\":\"https:\\\/\\\/www.contentguru.com\\\/nl-nl\\\/\",\"logo\":{\"@type\":\"ImageObject\",\"inLanguage\":\"nl-NL\",\"@id\":\"https:\\\/\\\/www.contentguru.com\\\/nl-nl\\\/#\\\/schema\\\/logo\\\/image\\\/\",\"url\":\"https:\\\/\\\/www.contentguru.com\\\/nl-nl\\\/wp-content\\\/uploads\\\/sites\\\/12\\\/2025\\\/02\\\/CG-Logo-Dark-Blue_Outlines-1.svg\",\"contentUrl\":\"https:\\\/\\\/www.contentguru.com\\\/nl-nl\\\/wp-content\\\/uploads\\\/sites\\\/12\\\/2025\\\/02\\\/CG-Logo-Dark-Blue_Outlines-1.svg\",\"width\":\"1024\",\"height\":\"1024\",\"caption\":\"Content Guru\"},\"image\":{\"@id\":\"https:\\\/\\\/www.contentguru.com\\\/nl-nl\\\/#\\\/schema\\\/logo\\\/image\\\/\"},\"sameAs\":[\"https:\\\/\\\/www.facebook.com\\\/ContentGuruLtd\",\"https:\\\/\\\/x.com\\\/cgchirp\"]}]}<\/script>\n<!-- \/ Yoast SEO plugin. -->","yoast_head_json":{"title":"Inbound Customer Experience - Content Guru","description":"Ontdek storm\u00ae INBOUND\u2122, het nummer beheersysteem dat u helpt de beste CX te leveren.","robots":{"index":"index","follow":"follow","max-snippet":"max-snippet:-1","max-image-preview":"max-image-preview:large","max-video-preview":"max-video-preview:-1"},"canonical":"https:\/\/www.contentguru.com\/nl-nl\/producten\/storm-cx\/optimale-klantreis\/inbound-customer-experience\/","og_locale":"nl_NL","og_type":"article","og_title":"Inbound Customer Experience - Content Guru","og_description":"Ontdek storm\u00ae INBOUND\u2122, het nummer beheersysteem dat u helpt de beste CX te leveren.","og_url":"https:\/\/www.contentguru.com\/nl-nl\/producten\/storm-cx\/optimale-klantreis\/inbound-customer-experience\/","og_site_name":"Nederlands","article_publisher":"https:\/\/www.facebook.com\/ContentGuruLtd","article_modified_time":"2026-02-17T13:37:14+00:00","twitter_card":"summary_large_image","twitter_site":"@cgchirp","twitter_misc":{"Geschatte leestijd":"3 minuten"},"schema":{"@context":"https:\/\/schema.org","@graph":[{"@type":"WebPage","@id":"https:\/\/www.contentguru.com\/nl-nl\/producten\/storm-cx\/optimale-klantreis\/inbound-customer-experience\/","url":"https:\/\/www.contentguru.com\/nl-nl\/producten\/storm-cx\/optimale-klantreis\/inbound-customer-experience\/","name":"Inbound Customer Experience - Content Guru","isPartOf":{"@id":"https:\/\/www.contentguru.com\/nl-nl\/#website"},"datePublished":"2025-02-14T15:50:16+00:00","dateModified":"2026-02-17T13:37:14+00:00","description":"Ontdek storm\u00ae INBOUND\u2122, het nummer beheersysteem dat u helpt de beste CX te leveren.","breadcrumb":{"@id":"https:\/\/www.contentguru.com\/nl-nl\/producten\/storm-cx\/optimale-klantreis\/inbound-customer-experience\/#breadcrumb"},"inLanguage":"nl-NL","potentialAction":[{"@type":"ReadAction","target":["https:\/\/www.contentguru.com\/nl-nl\/producten\/storm-cx\/optimale-klantreis\/inbound-customer-experience\/"]}]},{"@type":"BreadcrumbList","@id":"https:\/\/www.contentguru.com\/nl-nl\/producten\/storm-cx\/optimale-klantreis\/inbound-customer-experience\/#breadcrumb","itemListElement":[{"@type":"ListItem","position":1,"name":"Home","item":"https:\/\/www.contentguru.com\/nl-nl\/"},{"@type":"ListItem","position":2,"name":"Producten","item":"https:\/\/www.contentguru.com\/nl-nl\/producten\/"},{"@type":"ListItem","position":3,"name":"storm CX","item":"https:\/\/www.contentguru.com\/nl-nl\/producten\/storm-cx\/"},{"@type":"ListItem","position":4,"name":"Optimale klantreis","item":"https:\/\/www.contentguru.com\/nl-nl\/producten\/storm-cx\/optimale-klantreis\/"},{"@type":"ListItem","position":5,"name":"Inbound Customer Experience"}]},{"@type":"WebSite","@id":"https:\/\/www.contentguru.com\/nl-nl\/#website","url":"https:\/\/www.contentguru.com\/nl-nl\/","name":"Nederlands - Content Guru","description":"","publisher":{"@id":"https:\/\/www.contentguru.com\/nl-nl\/#organization"},"potentialAction":[{"@type":"SearchAction","target":{"@type":"EntryPoint","urlTemplate":"https:\/\/www.contentguru.com\/nl-nl\/?s={search_term_string}"},"query-input":{"@type":"PropertyValueSpecification","valueRequired":true,"valueName":"search_term_string"}}],"inLanguage":"nl-NL"},{"@type":"Organization","@id":"https:\/\/www.contentguru.com\/nl-nl\/#organization","name":"Content Guru","url":"https:\/\/www.contentguru.com\/nl-nl\/","logo":{"@type":"ImageObject","inLanguage":"nl-NL","@id":"https:\/\/www.contentguru.com\/nl-nl\/#\/schema\/logo\/image\/","url":"https:\/\/www.contentguru.com\/nl-nl\/wp-content\/uploads\/sites\/12\/2025\/02\/CG-Logo-Dark-Blue_Outlines-1.svg","contentUrl":"https:\/\/www.contentguru.com\/nl-nl\/wp-content\/uploads\/sites\/12\/2025\/02\/CG-Logo-Dark-Blue_Outlines-1.svg","width":"1024","height":"1024","caption":"Content Guru"},"image":{"@id":"https:\/\/www.contentguru.com\/nl-nl\/#\/schema\/logo\/image\/"},"sameAs":["https:\/\/www.facebook.com\/ContentGuruLtd","https:\/\/x.com\/cgchirp"]}]}},"_links":{"self":[{"href":"https:\/\/www.contentguru.com\/nl-nl\/wp-json\/wp\/v2\/pages\/753","targetHints":{"allow":["GET"]}}],"collection":[{"href":"https:\/\/www.contentguru.com\/nl-nl\/wp-json\/wp\/v2\/pages"}],"about":[{"href":"https:\/\/www.contentguru.com\/nl-nl\/wp-json\/wp\/v2\/types\/page"}],"author":[{"embeddable":true,"href":"https:\/\/www.contentguru.com\/nl-nl\/wp-json\/wp\/v2\/users\/6"}],"replies":[{"embeddable":true,"href":"https:\/\/www.contentguru.com\/nl-nl\/wp-json\/wp\/v2\/comments?post=753"}],"version-history":[{"count":0,"href":"https:\/\/www.contentguru.com\/nl-nl\/wp-json\/wp\/v2\/pages\/753\/revisions"}],"up":[{"embeddable":true,"href":"https:\/\/www.contentguru.com\/nl-nl\/wp-json\/wp\/v2\/pages\/742"}],"wp:attachment":[{"href":"https:\/\/www.contentguru.com\/nl-nl\/wp-json\/wp\/v2\/media?parent=753"}],"wp:term":[{"taxonomy":"folder","embeddable":true,"href":"https:\/\/www.contentguru.com\/nl-nl\/wp-json\/wp\/v2\/folder?post=753"}],"curies":[{"name":"wp","href":"https:\/\/api.w.org\/{rel}","templated":true}]}}