{"id":710,"date":"2025-02-14T15:35:50","date_gmt":"2025-02-14T15:35:50","guid":{"rendered":"https:\/\/contentguru.builtbytoast.uk\/?page_id=710"},"modified":"2026-02-17T11:27:22","modified_gmt":"2026-02-17T11:27:22","slug":"customer-data-platform","status":"publish","type":"page","link":"https:\/\/www.contentguru.com\/nl-nl\/producten\/storm-cx\/data-en-integraties\/customer-data-platform\/","title":{"rendered":"Customer data platform"},"content":{"rendered":"\n\n    <section class=\"block-resource-hero toast-block no-margin padding-both has-bg\" style=\"background-color:#ddf3fc;\"> \n\n        \n\n\n    <div class=\"resource-hero\">\n        <div class=\"container\">\n                            <h4 class=\"section-title h5\"><span class=\"notranslate\"> <strong> storm<sub>\u00ae<\/sub> <\/strong> CKS<sub>\u00ae<\/sub> <\/span><\/h4>\n<h1>Klantgegevensplatform<\/h1>\n<h4><span style=\"font-weight: 400\">Ontsluit de kracht van uw gegevens met ons toonaangevende Customer Data Platform.<\/span><\/h4>\n                    <\/div>\n    <\/div>\n\n    \n    <\/section>\n\n\n\n\n\n    <section class=\"block-boxed-content toast-block no-margin padding-top\"> \n\n                    <div class=\"section-title-area\">\n                <div class=\"container\">\n                                        <h2 class=\"section-title h2\">Toonaangevend platform voor klantgegevens<\/h2>\n                                            <div class=\"section-description\"><p><span style=\"font-weight: 400\"><strong>storm<sub>\u00ae<\/sub><\/strong> CKS<sub>\u00ae<\/sub> (Customer Knowledge System) is Content Guru&#8217;s wereldwijd toonaangevende Customer Data Platform (CDP), dat de nauwkeurigheid en effici\u00ebntie van gegevens verbetert en gepersonaliseerde klantenservice gemakkelijk maakt.<\/span><\/p>\n<\/div>\n                                    <\/div>\n            <\/div>\n        \n\n\n<div class=\"boxed-content-wrapper with-box\">\n    <div class=\"container\">\n        <div class=\"boxed-content \" style=\"background-color:#0c2943;color:#f8f9eb\">\n                        <div class=\"box-background-image\" style=\"background-image:url('https:\/\/www.contentguru.com\/nl-nl\/wp-content\/uploads\/sites\/12\/2025\/02\/c4dcf3a9e4b519d13241b7c103ff462b.jpg')\"><\/div>\n            \n            \n            <div class=\"boxed-content-text\">\n                <h3>Om CX te leveren, moet u uw gegevens beheersen<\/h3>\n<p><span style=\"font-weight: 400\">Uw klanten verwachten effici\u00ebnte, gepersonaliseerde interacties, telkens wanneer ze contact hebben. Klantgegevens vormen de basis voor uitstekende CX.<\/span><\/p>\n<p><b>storm<\/b><span style=\"font-weight: 400\"> CKS gebruikt klantgegevens om naadloze, op maat gemaakte interacties te ondersteunen. CKS functioneert als een overlay, waarbij alle gegevens uit al uw systemen (inclusief CRM) in \u00e9\u00e9n venster worden gepresenteerd. Gegevens uit CKS kunnen worden gebruikt om gesprekken te routeren naar de best beschikbare medewerker, het klanttraject in kaart te brengen en een 360-graden beeld van uw klanten te schetsen.<\/span><\/p>\n            <\/div>\n                        <div class=\"boxed-content-image\">\n                                    <img loading=\"lazy\" decoding=\"async\" width=\"2560\" height=\"1396\" src=\"https:\/\/www.contentguru.com\/nl-nl\/wp-content\/uploads\/sites\/12\/2026\/02\/Back-Office-Optimization-1-scaled.png\" class=\"attachment-full size-full\" alt=\"Back Office Optimization 1\" srcset=\"https:\/\/www.contentguru.com\/nl-nl\/wp-content\/uploads\/sites\/12\/2026\/02\/Back-Office-Optimization-1-scaled.png 2560w, https:\/\/www.contentguru.com\/nl-nl\/wp-content\/uploads\/sites\/12\/2026\/02\/Back-Office-Optimization-1-300x164.png 300w, https:\/\/www.contentguru.com\/nl-nl\/wp-content\/uploads\/sites\/12\/2026\/02\/Back-Office-Optimization-1-1024x559.png 1024w, https:\/\/www.contentguru.com\/nl-nl\/wp-content\/uploads\/sites\/12\/2026\/02\/Back-Office-Optimization-1-768x419.png 768w, https:\/\/www.contentguru.com\/nl-nl\/wp-content\/uploads\/sites\/12\/2026\/02\/Back-Office-Optimization-1-1536x838.png 1536w, https:\/\/www.contentguru.com\/nl-nl\/wp-content\/uploads\/sites\/12\/2026\/02\/Back-Office-Optimization-1-2048x1117.png 2048w\" sizes=\"auto, (max-width: 2560px) 100vw, 2560px\" \/>                            <\/div>\n                    <\/div>\n    <\/div>\n<\/div>\n\n    \n    <\/section>\n\n\n\n\n\n    <section class=\"block-boxed-content toast-block no-margin no-padding\"> \n\n        \n\n\n<div class=\"boxed-content-wrapper with-box\">\n    <div class=\"container\">\n        <div class=\"boxed-content reversed\" style=\"background-color:#ddf3fc;color:#0c2943\">\n            \n                        <div class=\"boxed-content-image\">\n                                    <img loading=\"lazy\" decoding=\"async\" width=\"2560\" height=\"1396\" src=\"https:\/\/www.contentguru.com\/nl-nl\/wp-content\/uploads\/sites\/12\/2026\/02\/AI-Powered-Knowledge-Management-1-scaled.png\" class=\"attachment-full size-full\" alt=\"AI-Powered Knowledge Management 1\" srcset=\"https:\/\/www.contentguru.com\/nl-nl\/wp-content\/uploads\/sites\/12\/2026\/02\/AI-Powered-Knowledge-Management-1-scaled.png 2560w, https:\/\/www.contentguru.com\/nl-nl\/wp-content\/uploads\/sites\/12\/2026\/02\/AI-Powered-Knowledge-Management-1-300x164.png 300w, https:\/\/www.contentguru.com\/nl-nl\/wp-content\/uploads\/sites\/12\/2026\/02\/AI-Powered-Knowledge-Management-1-1024x559.png 1024w, https:\/\/www.contentguru.com\/nl-nl\/wp-content\/uploads\/sites\/12\/2026\/02\/AI-Powered-Knowledge-Management-1-768x419.png 768w, https:\/\/www.contentguru.com\/nl-nl\/wp-content\/uploads\/sites\/12\/2026\/02\/AI-Powered-Knowledge-Management-1-1536x838.png 1536w, https:\/\/www.contentguru.com\/nl-nl\/wp-content\/uploads\/sites\/12\/2026\/02\/AI-Powered-Knowledge-Management-1-2048x1117.png 2048w\" sizes=\"auto, (max-width: 2560px) 100vw, 2560px\" \/>                            <\/div>\n            \n            <div class=\"boxed-content-text\">\n                <h3>Hyper-gepersonaliseerde interacties<\/h3>\n<p><span style=\"font-weight: 400\">Klanten verwachten herinnerd te worden. Als u hun persoonlijke gegevens en contactgeschiedenis niet bij de hand hebt, lopen de frustraties op.\u00a0<\/span><b>storm<\/b><span style=\"font-weight: 400\"> CKS presenteert gegevens uit uw systeem, inclusi<\/span><\/p>\n<p><span style=\"font-weight: 400\">ef CRM, op \u00e9\u00e9n scherm, naast het contact. Dit is de Data Aggregation Layer en brengt gegevens uit verschillende systemen samen op \u00e9\u00e9n scherm. <\/span><\/p>\n            <\/div>\n                    <\/div>\n    <\/div>\n<\/div>\n\n    \n    <\/section>\n\n\n\n\n\n    <section class=\"block-boxed-content toast-block no-margin no-padding\"> \n\n        \n\n\n<div class=\"boxed-content-wrapper with-box\">\n    <div class=\"container\">\n        <div class=\"boxed-content \" style=\"background-color:#f8f9eb;color:\">\n            \n            \n            <div class=\"boxed-content-text\">\n                <h3>Gegevensgestuurde routering<\/h3>\n<p><span style=\"font-weight: 400\">Laat gegevens uw klantervaring sturen. <\/span><b>storm<\/b><span style=\"font-weight: 400\"> CKS haalt gegevens uit uw systeem (inclusief het CRM van uw contactcenter) om intelligente routing van contacten mogelijk te maken.\u00a0<\/span><\/p>\n<p><span style=\"font-weight: 400\">Klanten kunnen dan naar de best beschikbare medewerker worden geleid. In plaats van te wachten in een wachtrij, krijgen klanten een snelle oplossing op maat.<\/span><\/p>\n            <\/div>\n                        <div class=\"boxed-content-image\">\n                                    <img loading=\"lazy\" decoding=\"async\" width=\"2560\" height=\"1396\" src=\"https:\/\/www.contentguru.com\/nl-nl\/wp-content\/uploads\/sites\/12\/2026\/02\/Insurance-1-scaled.png\" class=\"attachment-full size-full\" alt=\"Insurance 1\" srcset=\"https:\/\/www.contentguru.com\/nl-nl\/wp-content\/uploads\/sites\/12\/2026\/02\/Insurance-1-scaled.png 2560w, https:\/\/www.contentguru.com\/nl-nl\/wp-content\/uploads\/sites\/12\/2026\/02\/Insurance-1-300x164.png 300w, https:\/\/www.contentguru.com\/nl-nl\/wp-content\/uploads\/sites\/12\/2026\/02\/Insurance-1-1024x559.png 1024w, https:\/\/www.contentguru.com\/nl-nl\/wp-content\/uploads\/sites\/12\/2026\/02\/Insurance-1-768x419.png 768w, https:\/\/www.contentguru.com\/nl-nl\/wp-content\/uploads\/sites\/12\/2026\/02\/Insurance-1-1536x838.png 1536w, https:\/\/www.contentguru.com\/nl-nl\/wp-content\/uploads\/sites\/12\/2026\/02\/Insurance-1-2048x1117.png 2048w\" sizes=\"auto, (max-width: 2560px) 100vw, 2560px\" \/>                            <\/div>\n                    <\/div>\n    <\/div>\n<\/div>\n\n    \n    <\/section>\n\n\n\n\n\n    <section class=\"block-boxed-content toast-block no-margin no-padding\"> \n\n        \n\n\n<div class=\"boxed-content-wrapper with-box\">\n    <div class=\"container\">\n        <div class=\"boxed-content reversed\" style=\"background-color:#0c2943;color:#f8f9eb\">\n                        <div class=\"box-background-image\" style=\"background-image:url('https:\/\/www.contentguru.com\/nl-nl\/wp-content\/uploads\/sites\/12\/2025\/02\/c4dcf3a9e4b519d13241b7c103ff462b.jpg')\"><\/div>\n            \n                        <div class=\"boxed-content-image\">\n                                    <img loading=\"lazy\" decoding=\"async\" width=\"2560\" height=\"1396\" src=\"https:\/\/www.contentguru.com\/nl-nl\/wp-content\/uploads\/sites\/12\/2026\/02\/Lead-in-CX-and-AI-2-scaled.png\" class=\"attachment-full size-full\" alt=\"Lead in CX and AI 2\" srcset=\"https:\/\/www.contentguru.com\/nl-nl\/wp-content\/uploads\/sites\/12\/2026\/02\/Lead-in-CX-and-AI-2-scaled.png 2560w, https:\/\/www.contentguru.com\/nl-nl\/wp-content\/uploads\/sites\/12\/2026\/02\/Lead-in-CX-and-AI-2-300x164.png 300w, https:\/\/www.contentguru.com\/nl-nl\/wp-content\/uploads\/sites\/12\/2026\/02\/Lead-in-CX-and-AI-2-1024x559.png 1024w, https:\/\/www.contentguru.com\/nl-nl\/wp-content\/uploads\/sites\/12\/2026\/02\/Lead-in-CX-and-AI-2-768x419.png 768w, https:\/\/www.contentguru.com\/nl-nl\/wp-content\/uploads\/sites\/12\/2026\/02\/Lead-in-CX-and-AI-2-1536x838.png 1536w, https:\/\/www.contentguru.com\/nl-nl\/wp-content\/uploads\/sites\/12\/2026\/02\/Lead-in-CX-and-AI-2-2048x1117.png 2048w\" sizes=\"auto, (max-width: 2560px) 100vw, 2560px\" \/>                            <\/div>\n            \n            <div class=\"boxed-content-text\">\n                <h3>Klantreis in kaart brengen<\/h3>\n<p><span style=\"font-weight: 400\">Kijk door de ogen van de klant. Het tabblad Customer Journey van <\/span><b>storm<\/b><span style=\"font-weight: 400\"> CKS biedt een compleet overzicht van alle eerdere interacties met klanten.\u00a0<\/span><\/p>\n<p><span style=\"font-weight: 400\">Medewerkers kunnen cruciale informatie krijgen nog voordat een interactie begint, door naast elk inkomend contact de intentie van de klant, persoonlijke gegevens en interactiegeschiedenis te bekijken.<\/span><\/p>\n            <\/div>\n                    <\/div>\n    <\/div>\n<\/div>\n\n    \n    <\/section>\n\n\n\n\n\n    <section class=\"block-boxed-content toast-block no-margin no-padding\"> \n\n        \n\n\n<div class=\"boxed-content-wrapper with-box\">\n    <div class=\"container\">\n        <div class=\"boxed-content \" style=\"background-color:#ddf3fc;color:\">\n            \n            \n            <div class=\"boxed-content-text\">\n                <h3>Zet kennis voorop<\/h3>\n<p><span style=\"font-weight: 400\">Voor een goede klantervaring is een rijke kennisbank nodig. <\/span><b>storm<\/b><span style=\"font-weight: 400\"> CKS brengt alle artikelen die uw medewerkers nodig kunnen hebben naar \u00e9\u00e9n locatie, cre\u00ebert eenvoudige beslisbomen en stelt amedewerkers in staat om elke vraag te beantwoorden.\u00a0<\/span><\/p>\n<p><span style=\"font-weight: 400\">Door middel van AI-analyse en samenvattingen kunnen deze artikelen in realtime aan medewerkers worden gepresenteerd ter ondersteuning van lopende interacties.<\/span><\/p>\n            <\/div>\n                        <div class=\"boxed-content-image\">\n                                    <img loading=\"lazy\" decoding=\"async\" width=\"2560\" height=\"1396\" src=\"https:\/\/www.contentguru.com\/nl-nl\/wp-content\/uploads\/sites\/12\/2026\/02\/Outsourcing-2-scaled.png\" class=\"attachment-full size-full\" alt=\"Outsourcing 2\" srcset=\"https:\/\/www.contentguru.com\/nl-nl\/wp-content\/uploads\/sites\/12\/2026\/02\/Outsourcing-2-scaled.png 2560w, https:\/\/www.contentguru.com\/nl-nl\/wp-content\/uploads\/sites\/12\/2026\/02\/Outsourcing-2-300x164.png 300w, https:\/\/www.contentguru.com\/nl-nl\/wp-content\/uploads\/sites\/12\/2026\/02\/Outsourcing-2-1024x559.png 1024w, https:\/\/www.contentguru.com\/nl-nl\/wp-content\/uploads\/sites\/12\/2026\/02\/Outsourcing-2-768x419.png 768w, https:\/\/www.contentguru.com\/nl-nl\/wp-content\/uploads\/sites\/12\/2026\/02\/Outsourcing-2-1536x838.png 1536w, https:\/\/www.contentguru.com\/nl-nl\/wp-content\/uploads\/sites\/12\/2026\/02\/Outsourcing-2-2048x1117.png 2048w\" sizes=\"auto, (max-width: 2560px) 100vw, 2560px\" \/>                            <\/div>\n                    <\/div>\n    <\/div>\n<\/div>\n\n    \n    <\/section>\n\n\n\n\n\n    <section class=\"block-contact-form toast-block no-margin padding-top\"> \n\n                    <div class=\"section-title-area\">\n                <div class=\"container\">\n                                        <h2 class=\"section-title h3\">Meer weten?<\/h2>\n                                            <div class=\"section-description\"><p><span style=\"font-weight: 400\">Geef ons uw contactgegevens en u ontvangt een flyer met meer informatie over de functionaliteit van <strong>storm<\/strong> CKS, direct in uw e-mail.<\/span><\/p>\n<\/div>\n                                    <\/div>\n            <\/div>\n        \n\n\n    <div class=\"contact-form-wrapper\">\n        <div class=\"container\">\n            <div class=\"contact-form-area\">\n                <form id=\"mktoForm_1177\"><\/form>\n                \n                \n            <\/div>\n        <\/div>\n    <\/div>\n\n    \n    <\/section>\n\n","protected":false},"excerpt":{"rendered":"","protected":false},"author":6,"featured_media":0,"parent":692,"menu_order":0,"comment_status":"closed","ping_status":"closed","template":"","meta":{"_acf_changed":true,"inline_featured_image":false,"footnotes":""},"folder":[15],"class_list":["post-710","page","type-page","status-publish","hentry"],"acf":[],"yoast_head":"<!-- This site is optimized with the Yoast SEO plugin v27.6 - https:\/\/yoast.com\/product\/yoast-seo-wordpress\/ -->\n<title>World-Leading Customer Data Platform - Content Guru<\/title>\n<meta name=\"description\" content=\"Discover storm\u00ae CKS\u00ae, and how it draws data from any system of record, including your CRM.\" \/>\n<meta name=\"robots\" content=\"index, follow, max-snippet:-1, max-image-preview:large, max-video-preview:-1\" \/>\n<link rel=\"canonical\" href=\"https:\/\/www.contentguru.com\/nl-nl\/producten\/storm-cx\/data-en-integraties\/customer-data-platform\/\" \/>\n<meta property=\"og:locale\" content=\"nl_NL\" \/>\n<meta property=\"og:type\" content=\"article\" \/>\n<meta property=\"og:title\" content=\"World-Leading Customer Data Platform - Content Guru\" \/>\n<meta property=\"og:description\" content=\"Discover storm\u00ae CKS\u00ae, and how it draws data from any system of record, including your CRM.\" \/>\n<meta property=\"og:url\" content=\"https:\/\/www.contentguru.com\/nl-nl\/producten\/storm-cx\/data-en-integraties\/customer-data-platform\/\" \/>\n<meta property=\"og:site_name\" content=\"Nederlands\" \/>\n<meta property=\"article:publisher\" content=\"https:\/\/www.facebook.com\/ContentGuruLtd\" \/>\n<meta property=\"article:modified_time\" content=\"2026-02-17T11:27:22+00:00\" \/>\n<meta name=\"twitter:card\" content=\"summary_large_image\" \/>\n<meta name=\"twitter:site\" content=\"@cgchirp\" \/>\n<meta name=\"twitter:label1\" content=\"Geschatte leestijd\" \/>\n\t<meta name=\"twitter:data1\" content=\"4 minuten\" \/>\n<script type=\"application\/ld+json\" class=\"yoast-schema-graph\">{\"@context\":\"https:\\\/\\\/schema.org\",\"@graph\":[{\"@type\":\"WebPage\",\"@id\":\"https:\\\/\\\/www.contentguru.com\\\/nl-nl\\\/producten\\\/storm-cx\\\/data-en-integraties\\\/customer-data-platform\\\/\",\"url\":\"https:\\\/\\\/www.contentguru.com\\\/nl-nl\\\/producten\\\/storm-cx\\\/data-en-integraties\\\/customer-data-platform\\\/\",\"name\":\"World-Leading Customer Data Platform - Content Guru\",\"isPartOf\":{\"@id\":\"https:\\\/\\\/www.contentguru.com\\\/nl-nl\\\/#website\"},\"datePublished\":\"2025-02-14T15:35:50+00:00\",\"dateModified\":\"2026-02-17T11:27:22+00:00\",\"description\":\"Discover storm\u00ae CKS\u00ae, and how it draws data from any system of record, including your CRM.\",\"breadcrumb\":{\"@id\":\"https:\\\/\\\/www.contentguru.com\\\/nl-nl\\\/producten\\\/storm-cx\\\/data-en-integraties\\\/customer-data-platform\\\/#breadcrumb\"},\"inLanguage\":\"nl-NL\",\"potentialAction\":[{\"@type\":\"ReadAction\",\"target\":[\"https:\\\/\\\/www.contentguru.com\\\/nl-nl\\\/producten\\\/storm-cx\\\/data-en-integraties\\\/customer-data-platform\\\/\"]}]},{\"@type\":\"BreadcrumbList\",\"@id\":\"https:\\\/\\\/www.contentguru.com\\\/nl-nl\\\/producten\\\/storm-cx\\\/data-en-integraties\\\/customer-data-platform\\\/#breadcrumb\",\"itemListElement\":[{\"@type\":\"ListItem\",\"position\":1,\"name\":\"Home\",\"item\":\"https:\\\/\\\/www.contentguru.com\\\/nl-nl\\\/\"},{\"@type\":\"ListItem\",\"position\":2,\"name\":\"Producten\",\"item\":\"https:\\\/\\\/www.contentguru.com\\\/nl-nl\\\/producten\\\/\"},{\"@type\":\"ListItem\",\"position\":3,\"name\":\"storm CX\",\"item\":\"https:\\\/\\\/www.contentguru.com\\\/nl-nl\\\/producten\\\/storm-cx\\\/\"},{\"@type\":\"ListItem\",\"position\":4,\"name\":\"Data en integraties\",\"item\":\"https:\\\/\\\/www.contentguru.com\\\/nl-nl\\\/producten\\\/storm-cx\\\/data-en-integraties\\\/\"},{\"@type\":\"ListItem\",\"position\":5,\"name\":\"Customer data platform\"}]},{\"@type\":\"WebSite\",\"@id\":\"https:\\\/\\\/www.contentguru.com\\\/nl-nl\\\/#website\",\"url\":\"https:\\\/\\\/www.contentguru.com\\\/nl-nl\\\/\",\"name\":\"Nederlands - Content Guru\",\"description\":\"\",\"publisher\":{\"@id\":\"https:\\\/\\\/www.contentguru.com\\\/nl-nl\\\/#organization\"},\"potentialAction\":[{\"@type\":\"SearchAction\",\"target\":{\"@type\":\"EntryPoint\",\"urlTemplate\":\"https:\\\/\\\/www.contentguru.com\\\/nl-nl\\\/?s={search_term_string}\"},\"query-input\":{\"@type\":\"PropertyValueSpecification\",\"valueRequired\":true,\"valueName\":\"search_term_string\"}}],\"inLanguage\":\"nl-NL\"},{\"@type\":\"Organization\",\"@id\":\"https:\\\/\\\/www.contentguru.com\\\/nl-nl\\\/#organization\",\"name\":\"Content Guru\",\"url\":\"https:\\\/\\\/www.contentguru.com\\\/nl-nl\\\/\",\"logo\":{\"@type\":\"ImageObject\",\"inLanguage\":\"nl-NL\",\"@id\":\"https:\\\/\\\/www.contentguru.com\\\/nl-nl\\\/#\\\/schema\\\/logo\\\/image\\\/\",\"url\":\"https:\\\/\\\/www.contentguru.com\\\/nl-nl\\\/wp-content\\\/uploads\\\/sites\\\/12\\\/2025\\\/02\\\/CG-Logo-Dark-Blue_Outlines-1.svg\",\"contentUrl\":\"https:\\\/\\\/www.contentguru.com\\\/nl-nl\\\/wp-content\\\/uploads\\\/sites\\\/12\\\/2025\\\/02\\\/CG-Logo-Dark-Blue_Outlines-1.svg\",\"width\":\"1024\",\"height\":\"1024\",\"caption\":\"Content Guru\"},\"image\":{\"@id\":\"https:\\\/\\\/www.contentguru.com\\\/nl-nl\\\/#\\\/schema\\\/logo\\\/image\\\/\"},\"sameAs\":[\"https:\\\/\\\/www.facebook.com\\\/ContentGuruLtd\",\"https:\\\/\\\/x.com\\\/cgchirp\"]}]}<\/script>\n<!-- \/ Yoast SEO plugin. -->","yoast_head_json":{"title":"World-Leading Customer Data Platform - Content Guru","description":"Discover storm\u00ae CKS\u00ae, and how it draws data from any system of record, including your CRM.","robots":{"index":"index","follow":"follow","max-snippet":"max-snippet:-1","max-image-preview":"max-image-preview:large","max-video-preview":"max-video-preview:-1"},"canonical":"https:\/\/www.contentguru.com\/nl-nl\/producten\/storm-cx\/data-en-integraties\/customer-data-platform\/","og_locale":"nl_NL","og_type":"article","og_title":"World-Leading Customer Data Platform - Content Guru","og_description":"Discover storm\u00ae CKS\u00ae, and how it draws data from any system of record, including your CRM.","og_url":"https:\/\/www.contentguru.com\/nl-nl\/producten\/storm-cx\/data-en-integraties\/customer-data-platform\/","og_site_name":"Nederlands","article_publisher":"https:\/\/www.facebook.com\/ContentGuruLtd","article_modified_time":"2026-02-17T11:27:22+00:00","twitter_card":"summary_large_image","twitter_site":"@cgchirp","twitter_misc":{"Geschatte leestijd":"4 minuten"},"schema":{"@context":"https:\/\/schema.org","@graph":[{"@type":"WebPage","@id":"https:\/\/www.contentguru.com\/nl-nl\/producten\/storm-cx\/data-en-integraties\/customer-data-platform\/","url":"https:\/\/www.contentguru.com\/nl-nl\/producten\/storm-cx\/data-en-integraties\/customer-data-platform\/","name":"World-Leading Customer Data Platform - Content Guru","isPartOf":{"@id":"https:\/\/www.contentguru.com\/nl-nl\/#website"},"datePublished":"2025-02-14T15:35:50+00:00","dateModified":"2026-02-17T11:27:22+00:00","description":"Discover storm\u00ae CKS\u00ae, and how it draws data from any system of record, including your CRM.","breadcrumb":{"@id":"https:\/\/www.contentguru.com\/nl-nl\/producten\/storm-cx\/data-en-integraties\/customer-data-platform\/#breadcrumb"},"inLanguage":"nl-NL","potentialAction":[{"@type":"ReadAction","target":["https:\/\/www.contentguru.com\/nl-nl\/producten\/storm-cx\/data-en-integraties\/customer-data-platform\/"]}]},{"@type":"BreadcrumbList","@id":"https:\/\/www.contentguru.com\/nl-nl\/producten\/storm-cx\/data-en-integraties\/customer-data-platform\/#breadcrumb","itemListElement":[{"@type":"ListItem","position":1,"name":"Home","item":"https:\/\/www.contentguru.com\/nl-nl\/"},{"@type":"ListItem","position":2,"name":"Producten","item":"https:\/\/www.contentguru.com\/nl-nl\/producten\/"},{"@type":"ListItem","position":3,"name":"storm CX","item":"https:\/\/www.contentguru.com\/nl-nl\/producten\/storm-cx\/"},{"@type":"ListItem","position":4,"name":"Data en integraties","item":"https:\/\/www.contentguru.com\/nl-nl\/producten\/storm-cx\/data-en-integraties\/"},{"@type":"ListItem","position":5,"name":"Customer data platform"}]},{"@type":"WebSite","@id":"https:\/\/www.contentguru.com\/nl-nl\/#website","url":"https:\/\/www.contentguru.com\/nl-nl\/","name":"Nederlands - Content Guru","description":"","publisher":{"@id":"https:\/\/www.contentguru.com\/nl-nl\/#organization"},"potentialAction":[{"@type":"SearchAction","target":{"@type":"EntryPoint","urlTemplate":"https:\/\/www.contentguru.com\/nl-nl\/?s={search_term_string}"},"query-input":{"@type":"PropertyValueSpecification","valueRequired":true,"valueName":"search_term_string"}}],"inLanguage":"nl-NL"},{"@type":"Organization","@id":"https:\/\/www.contentguru.com\/nl-nl\/#organization","name":"Content Guru","url":"https:\/\/www.contentguru.com\/nl-nl\/","logo":{"@type":"ImageObject","inLanguage":"nl-NL","@id":"https:\/\/www.contentguru.com\/nl-nl\/#\/schema\/logo\/image\/","url":"https:\/\/www.contentguru.com\/nl-nl\/wp-content\/uploads\/sites\/12\/2025\/02\/CG-Logo-Dark-Blue_Outlines-1.svg","contentUrl":"https:\/\/www.contentguru.com\/nl-nl\/wp-content\/uploads\/sites\/12\/2025\/02\/CG-Logo-Dark-Blue_Outlines-1.svg","width":"1024","height":"1024","caption":"Content Guru"},"image":{"@id":"https:\/\/www.contentguru.com\/nl-nl\/#\/schema\/logo\/image\/"},"sameAs":["https:\/\/www.facebook.com\/ContentGuruLtd","https:\/\/x.com\/cgchirp"]}]}},"_links":{"self":[{"href":"https:\/\/www.contentguru.com\/nl-nl\/wp-json\/wp\/v2\/pages\/710","targetHints":{"allow":["GET"]}}],"collection":[{"href":"https:\/\/www.contentguru.com\/nl-nl\/wp-json\/wp\/v2\/pages"}],"about":[{"href":"https:\/\/www.contentguru.com\/nl-nl\/wp-json\/wp\/v2\/types\/page"}],"author":[{"embeddable":true,"href":"https:\/\/www.contentguru.com\/nl-nl\/wp-json\/wp\/v2\/users\/6"}],"replies":[{"embeddable":true,"href":"https:\/\/www.contentguru.com\/nl-nl\/wp-json\/wp\/v2\/comments?post=710"}],"version-history":[{"count":0,"href":"https:\/\/www.contentguru.com\/nl-nl\/wp-json\/wp\/v2\/pages\/710\/revisions"}],"up":[{"embeddable":true,"href":"https:\/\/www.contentguru.com\/nl-nl\/wp-json\/wp\/v2\/pages\/692"}],"wp:attachment":[{"href":"https:\/\/www.contentguru.com\/nl-nl\/wp-json\/wp\/v2\/media?parent=710"}],"wp:term":[{"taxonomy":"folder","embeddable":true,"href":"https:\/\/www.contentguru.com\/nl-nl\/wp-json\/wp\/v2\/folder?post=710"}],"curies":[{"name":"wp","href":"https:\/\/api.w.org\/{rel}","templated":true}]}}