{"id":5117,"date":"2025-08-18T14:08:51","date_gmt":"2025-08-18T14:08:51","guid":{"rendered":"https:\/\/contentgurustg.wpenginepowered.com\/nl-nl\/?page_id=5117"},"modified":"2026-01-14T11:20:14","modified_gmt":"2026-01-14T11:20:14","slug":"storm-lite-beheerder","status":"publish","type":"page","link":"https:\/\/www.contentguru.com\/nl-nl\/producten\/storm-cx\/cloud-customer-experience\/cx-oplossingen-voor-mkb\/storm-lite-beheerder\/","title":{"rendered":"storm LITE Beheerder"},"content":{"rendered":"\n\n    <section class=\"block-resource-hero toast-block no-margin padding-both has-bg\" style=\"background-color:#ddf3fc;\"> \n\n        \n\n\n    <div class=\"resource-hero\">\n        <div class=\"container\">\n                            <h4 class=\"section-title h5\"><strong>storm<\/strong><sub>\u00ae<\/sub> LITE\u2122<\/h4>\n<h1>Beheerder<\/h1>\n<h4><\/h4>\n                    <\/div>\n    <\/div>\n\n    \n    <\/section>\n\n\n\n\n\n    <section class=\"block-columns toast-block thin-container no-margin padding-both\"> \n\n                    <div class=\"section-title-area\">\n                <div class=\"container\">\n                                        <h2 class=\"section-title h3\">Over Beheerder<\/h2>\n                                            <div class=\"section-description\"><p>Elk exemplaar van <strong>storm<\/strong><sub>\u00ae<\/sub> LITE\u2122 ontvangt een beheerderslicentie. Deze licentie geeft toegang tot <strong>storm<\/strong> CONDUCTOR\u2122, een beheerdersinterface voor het instellen van agents, nummers en routering. Met de Service Designer-licentie kunnen beheerders snel en gemakkelijk DTMF IVR\u2019s bouwen.<\/p>\n<p><strong>storm<\/strong> CONDUCTOR is een browserbased hulpmiddel voor het ontwerpen van workflows. Met de intu\u00eftieve grafische gebruikersinterface en krachtige mogelijkheden voor het cre\u00ebren van diensten is uw organisatie in staat om de configuratie van uw contactcenter effectief en met minimale inspanning te bouwen en te beheren. Beheerders zijn in staat om live diensten in realtime aan te passen en met \u00e9\u00e9n klik in te richten. Met intu\u00eftieve hulpmiddelen voor het configureren van gebruikers, serviceflows, wachtrijen, agentgroepen en huntgroepen duurt het niet lang voor uw contactcenter over IVR\u2019s beschikt en omnichannel verkeer naar uw medewerkers routeert.<\/p>\n<p>Beheerders hebben ook toegang tot de Wallboard-functionaliteit, die realtime inzichten en een actueel overzicht van uw mkb-contactcenter geeft. De Management Interface (MI) biedt beheerders daarnaast rapporten met historische informatie over de afgelopen 13 maanden. Bovendien hebben ze toegang tot 90 dagen scherm- en gespreksopnames met <strong>storm<\/strong> RECORDER\u2122.<\/p>\n<p>&nbsp;<\/p>\n<\/div>\n                                    <\/div>\n            <\/div>\n        \n\n\n<div class=\"columns-area\">\n    <div class=\"container\">\n            <\/div>\n<\/div>\n\n    \n    <\/section>\n\n\n\n\n\n    <section class=\"block-columns toast-block no-margin padding-both has-bg\" style=\"background-color:#ddf3fc;\"> \n\n                    <div class=\"section-title-area\">\n                <div class=\"container\">\n                                        <h2 class=\"section-title h3\">Belangrijkste kenmerken<\/h2>\n                                    <\/div>\n            <\/div>\n        \n\n\n<div class=\"columns-area\">\n    <div class=\"container\">\n                                <div class=\"main-column-grid grid\" style=\"grid-template-columns:repeat(3, 1fr)\">\n                                    <div class=\"col \">\n                        <p><img loading=\"lazy\" decoding=\"async\" class=\"wp-image-1366 size-full aligncenter\" src=\"https:\/\/www.contentguru.com\/en-gb\/wp-content\/uploads\/sites\/2\/2025\/02\/Computer_118_2-1.png\" alt=\"\" width=\"140\" height=\"140\" \/><\/p>\n<p style=\"text-align: center\">E\u00e9n intu\u00eftieve grafische interface waarmee organisaties snel en eenvoudig diensten kunnen cre\u00ebren, aanpassen en inrichten<\/p>\n                    <\/div>\n                                    <div class=\"col \">\n                        <p><img loading=\"lazy\" decoding=\"async\" class=\"wp-image-1296 size-full aligncenter\" src=\"https:\/\/www.contentguru.com\/en-gb\/wp-content\/uploads\/sites\/2\/2025\/02\/Omnichannel_125_1-1.png\" alt=\"\" width=\"140\" height=\"140\" \/><\/p>\n<p style=\"text-align: center\">Ondersteuning voor meerdere kanalen, waaronder spraak, e-mail, webchat, sms en sociale media<\/p>\n                    <\/div>\n                                    <div class=\"col \">\n                        <p><img loading=\"lazy\" decoding=\"async\" class=\"wp-image-1322 size-full aligncenter\" src=\"https:\/\/www.contentguru.com\/en-gb\/wp-content\/uploads\/sites\/2\/2025\/02\/SMS_37_1-1.png\" alt=\"\" width=\"140\" height=\"140\" \/><\/p>\n<div class=\"full-width bg-white large-padding no-change-top no-change-bottom \">\n<div class=\"container\">\n<div class=\"row\">\n<div class=\"col-xs-12 col-md-6 \">\n<div class=\"cb-richtext\">\n<div class=\"full-width bg-white large-padding no-change-top no-change-bottom \">\n<div class=\"container\">\n<div class=\"row\">\n<div class=\"col-xs-12 col-md-6 \">\n<div class=\"cb-richtext\">\n<p style=\"text-align: center\">Ge\u00efntegreerde tekst-to-speech waarmee klanten gebruik kunnen maken van op maat gemaakte prompts voor professionele op hen afgestemde dienstverlening<\/p>\n<\/div>\n<\/div>\n<\/div>\n<\/div>\n<\/div>\n<div class=\"footer js-footer\">\n<div class=\"container\">\n<div class=\"row\">\n<div class=\"terms-wrapper\">\n<div class=\"col-sm-4 col-md-2 terms\">\n<p>&nbsp;<\/p>\n<\/div>\n<\/div>\n<\/div>\n<\/div>\n<\/div>\n<\/div>\n<\/div>\n<\/div>\n<\/div>\n<\/div>\n<div class=\"footer js-footer\">\n<div class=\"container\">\n<div class=\"row\">\n<div class=\"terms-wrapper\">\n<div class=\"col-sm-4 col-md-2 terms\">\n<p style=\"text-align: center\">\n<\/div>\n<\/div>\n<\/div>\n<\/div>\n<\/div>\n                    <\/div>\n                            <\/div>\n            <\/div>\n<\/div>\n\n    \n    <\/section>\n\n\n\n\n\n    <section class=\"block-boxed-content toast-block no-margin no-padding\"> \n\n        \n\n\n<div class=\"boxed-content-wrapper with-box\">\n    <div class=\"container\">\n        <div class=\"boxed-content reversed\" style=\"background-color:#f8f9eb;color:\">\n            \n                        <div class=\"boxed-content-image\">\n                                    <img loading=\"lazy\" decoding=\"async\" width=\"1078\" height=\"757\" src=\"https:\/\/www.contentguru.com\/nl-nl\/wp-content\/uploads\/sites\/12\/2025\/02\/during.png\" class=\"attachment-full size-full\" alt=\"\" srcset=\"https:\/\/www.contentguru.com\/nl-nl\/wp-content\/uploads\/sites\/12\/2025\/02\/during.png 1078w, https:\/\/www.contentguru.com\/nl-nl\/wp-content\/uploads\/sites\/12\/2025\/02\/during-300x211.png 300w, https:\/\/www.contentguru.com\/nl-nl\/wp-content\/uploads\/sites\/12\/2025\/02\/during-1024x719.png 1024w, https:\/\/www.contentguru.com\/nl-nl\/wp-content\/uploads\/sites\/12\/2025\/02\/during-768x539.png 768w\" sizes=\"auto, (max-width: 1078px) 100vw, 1078px\" \/>                            <\/div>\n            \n            <div class=\"boxed-content-text\">\n                <h3>Een CX-oplossing die met u meegroeit<\/h3>\n<p>Naarmate uw bedrijf groeit, worden uw CX-behoeften complexer.\u00a0<b>storm<\/b>\u00a0LITE maakt eenvoudige migratie naar de volledige\u00a0<b>storm<\/b>-oplossing mogelijk, als en wanneer dat nodig is.<\/p>\n<p>Wij zijn er voor u; wij ondersteunen uitstekende CX in elke fase van uw zakelijke reis.<\/p>\n<p><a class=\"button\" href=\"https:\/\/www.contentguru.com\/nl-nl\/producten\/storm-cx\/cloud-customer-experience\/cx-oplossingen-voor-mkb\/storm-lite-prijzen\/\">Prijzen<\/a><\/p>\n            <\/div>\n                    <\/div>\n    <\/div>\n<\/div>\n\n    \n    <\/section>\n\n","protected":false},"excerpt":{"rendered":"","protected":false},"author":8,"featured_media":0,"parent":682,"menu_order":0,"comment_status":"closed","ping_status":"closed","template":"","meta":{"_acf_changed":true,"inline_featured_image":false,"footnotes":""},"folder":[76],"class_list":["post-5117","page","type-page","status-publish","hentry"],"acf":[],"yoast_head":"<!-- This site is optimized with the Yoast SEO plugin v27.5 - https:\/\/yoast.com\/product\/yoast-seo-wordpress\/ -->\n<title>storm LITE Beheerder - Content Guru<\/title>\n<meta name=\"description\" content=\"Elk exemplaar van storm\u00ae LITE\u2122 ontvangt een beheerderslicentie. Deze licentie geeft toegang tot storm CONDUCTOR\u2122, een beheerdersinterface voor het instellen van agents, nummers en routering.\" \/>\n<meta name=\"robots\" content=\"index, follow, max-snippet:-1, max-image-preview:large, max-video-preview:-1\" \/>\n<link rel=\"canonical\" href=\"https:\/\/www.contentguru.com\/nl-nl\/producten\/storm-cx\/cloud-customer-experience\/cx-oplossingen-voor-mkb\/storm-lite-beheerder\/\" \/>\n<meta property=\"og:locale\" content=\"nl_NL\" \/>\n<meta property=\"og:type\" content=\"article\" \/>\n<meta property=\"og:title\" content=\"storm LITE Beheerder - Content Guru\" \/>\n<meta property=\"og:description\" content=\"Elk exemplaar van storm\u00ae LITE\u2122 ontvangt een beheerderslicentie. Deze licentie geeft toegang tot storm CONDUCTOR\u2122, een beheerdersinterface voor het instellen van agents, nummers en routering.\" \/>\n<meta property=\"og:url\" content=\"https:\/\/www.contentguru.com\/nl-nl\/producten\/storm-cx\/cloud-customer-experience\/cx-oplossingen-voor-mkb\/storm-lite-beheerder\/\" \/>\n<meta property=\"og:site_name\" content=\"Nederlands\" \/>\n<meta property=\"article:publisher\" content=\"https:\/\/www.facebook.com\/ContentGuruLtd\" \/>\n<meta property=\"article:modified_time\" content=\"2026-01-14T11:20:14+00:00\" \/>\n<meta name=\"twitter:card\" content=\"summary_large_image\" \/>\n<meta name=\"twitter:site\" content=\"@cgchirp\" \/>\n<meta name=\"twitter:label1\" content=\"Geschatte leestijd\" \/>\n\t<meta name=\"twitter:data1\" content=\"3 minuten\" \/>\n<script type=\"application\/ld+json\" class=\"yoast-schema-graph\">{\"@context\":\"https:\\\/\\\/schema.org\",\"@graph\":[{\"@type\":\"WebPage\",\"@id\":\"https:\\\/\\\/www.contentguru.com\\\/nl-nl\\\/producten\\\/storm-cx\\\/cloud-customer-experience\\\/cx-oplossingen-voor-mkb\\\/storm-lite-beheerder\\\/\",\"url\":\"https:\\\/\\\/www.contentguru.com\\\/nl-nl\\\/producten\\\/storm-cx\\\/cloud-customer-experience\\\/cx-oplossingen-voor-mkb\\\/storm-lite-beheerder\\\/\",\"name\":\"storm LITE Beheerder - Content Guru\",\"isPartOf\":{\"@id\":\"https:\\\/\\\/www.contentguru.com\\\/nl-nl\\\/#website\"},\"datePublished\":\"2025-08-18T14:08:51+00:00\",\"dateModified\":\"2026-01-14T11:20:14+00:00\",\"description\":\"Elk exemplaar van storm\u00ae LITE\u2122 ontvangt een beheerderslicentie. Deze licentie geeft toegang tot storm CONDUCTOR\u2122, een beheerdersinterface voor het instellen van agents, nummers en routering.\",\"breadcrumb\":{\"@id\":\"https:\\\/\\\/www.contentguru.com\\\/nl-nl\\\/producten\\\/storm-cx\\\/cloud-customer-experience\\\/cx-oplossingen-voor-mkb\\\/storm-lite-beheerder\\\/#breadcrumb\"},\"inLanguage\":\"nl-NL\",\"potentialAction\":[{\"@type\":\"ReadAction\",\"target\":[\"https:\\\/\\\/www.contentguru.com\\\/nl-nl\\\/producten\\\/storm-cx\\\/cloud-customer-experience\\\/cx-oplossingen-voor-mkb\\\/storm-lite-beheerder\\\/\"]}]},{\"@type\":\"BreadcrumbList\",\"@id\":\"https:\\\/\\\/www.contentguru.com\\\/nl-nl\\\/producten\\\/storm-cx\\\/cloud-customer-experience\\\/cx-oplossingen-voor-mkb\\\/storm-lite-beheerder\\\/#breadcrumb\",\"itemListElement\":[{\"@type\":\"ListItem\",\"position\":1,\"name\":\"Home\",\"item\":\"https:\\\/\\\/www.contentguru.com\\\/nl-nl\\\/\"},{\"@type\":\"ListItem\",\"position\":2,\"name\":\"Producten\",\"item\":\"https:\\\/\\\/www.contentguru.com\\\/nl-nl\\\/producten\\\/\"},{\"@type\":\"ListItem\",\"position\":3,\"name\":\"storm CX\",\"item\":\"https:\\\/\\\/www.contentguru.com\\\/nl-nl\\\/producten\\\/storm-cx\\\/\"},{\"@type\":\"ListItem\",\"position\":4,\"name\":\"AI-Powered Cloud Customer Experience\",\"item\":\"https:\\\/\\\/www.contentguru.com\\\/nl-nl\\\/producten\\\/storm-cx\\\/cloud-customer-experience\\\/\"},{\"@type\":\"ListItem\",\"position\":5,\"name\":\"CX Oplossingen voor MKB\",\"item\":\"https:\\\/\\\/www.contentguru.com\\\/nl-nl\\\/producten\\\/storm-cx\\\/cloud-customer-experience\\\/cx-oplossingen-voor-mkb\\\/\"},{\"@type\":\"ListItem\",\"position\":6,\"name\":\"storm LITE Beheerder\"}]},{\"@type\":\"WebSite\",\"@id\":\"https:\\\/\\\/www.contentguru.com\\\/nl-nl\\\/#website\",\"url\":\"https:\\\/\\\/www.contentguru.com\\\/nl-nl\\\/\",\"name\":\"Nederlands - Content Guru\",\"description\":\"\",\"publisher\":{\"@id\":\"https:\\\/\\\/www.contentguru.com\\\/nl-nl\\\/#organization\"},\"potentialAction\":[{\"@type\":\"SearchAction\",\"target\":{\"@type\":\"EntryPoint\",\"urlTemplate\":\"https:\\\/\\\/www.contentguru.com\\\/nl-nl\\\/?s={search_term_string}\"},\"query-input\":{\"@type\":\"PropertyValueSpecification\",\"valueRequired\":true,\"valueName\":\"search_term_string\"}}],\"inLanguage\":\"nl-NL\"},{\"@type\":\"Organization\",\"@id\":\"https:\\\/\\\/www.contentguru.com\\\/nl-nl\\\/#organization\",\"name\":\"Content Guru\",\"url\":\"https:\\\/\\\/www.contentguru.com\\\/nl-nl\\\/\",\"logo\":{\"@type\":\"ImageObject\",\"inLanguage\":\"nl-NL\",\"@id\":\"https:\\\/\\\/www.contentguru.com\\\/nl-nl\\\/#\\\/schema\\\/logo\\\/image\\\/\",\"url\":\"https:\\\/\\\/www.contentguru.com\\\/nl-nl\\\/wp-content\\\/uploads\\\/sites\\\/12\\\/2025\\\/02\\\/CG-Logo-Dark-Blue_Outlines-1.svg\",\"contentUrl\":\"https:\\\/\\\/www.contentguru.com\\\/nl-nl\\\/wp-content\\\/uploads\\\/sites\\\/12\\\/2025\\\/02\\\/CG-Logo-Dark-Blue_Outlines-1.svg\",\"width\":\"1024\",\"height\":\"1024\",\"caption\":\"Content Guru\"},\"image\":{\"@id\":\"https:\\\/\\\/www.contentguru.com\\\/nl-nl\\\/#\\\/schema\\\/logo\\\/image\\\/\"},\"sameAs\":[\"https:\\\/\\\/www.facebook.com\\\/ContentGuruLtd\",\"https:\\\/\\\/x.com\\\/cgchirp\"]}]}<\/script>\n<!-- \/ Yoast SEO plugin. -->","yoast_head_json":{"title":"storm LITE Beheerder - Content Guru","description":"Elk exemplaar van storm\u00ae LITE\u2122 ontvangt een beheerderslicentie. Deze licentie geeft toegang tot storm CONDUCTOR\u2122, een beheerdersinterface voor het instellen van agents, nummers en routering.","robots":{"index":"index","follow":"follow","max-snippet":"max-snippet:-1","max-image-preview":"max-image-preview:large","max-video-preview":"max-video-preview:-1"},"canonical":"https:\/\/www.contentguru.com\/nl-nl\/producten\/storm-cx\/cloud-customer-experience\/cx-oplossingen-voor-mkb\/storm-lite-beheerder\/","og_locale":"nl_NL","og_type":"article","og_title":"storm LITE Beheerder - Content Guru","og_description":"Elk exemplaar van storm\u00ae LITE\u2122 ontvangt een beheerderslicentie. Deze licentie geeft toegang tot storm CONDUCTOR\u2122, een beheerdersinterface voor het instellen van agents, nummers en routering.","og_url":"https:\/\/www.contentguru.com\/nl-nl\/producten\/storm-cx\/cloud-customer-experience\/cx-oplossingen-voor-mkb\/storm-lite-beheerder\/","og_site_name":"Nederlands","article_publisher":"https:\/\/www.facebook.com\/ContentGuruLtd","article_modified_time":"2026-01-14T11:20:14+00:00","twitter_card":"summary_large_image","twitter_site":"@cgchirp","twitter_misc":{"Geschatte leestijd":"3 minuten"},"schema":{"@context":"https:\/\/schema.org","@graph":[{"@type":"WebPage","@id":"https:\/\/www.contentguru.com\/nl-nl\/producten\/storm-cx\/cloud-customer-experience\/cx-oplossingen-voor-mkb\/storm-lite-beheerder\/","url":"https:\/\/www.contentguru.com\/nl-nl\/producten\/storm-cx\/cloud-customer-experience\/cx-oplossingen-voor-mkb\/storm-lite-beheerder\/","name":"storm LITE Beheerder - Content Guru","isPartOf":{"@id":"https:\/\/www.contentguru.com\/nl-nl\/#website"},"datePublished":"2025-08-18T14:08:51+00:00","dateModified":"2026-01-14T11:20:14+00:00","description":"Elk exemplaar van storm\u00ae LITE\u2122 ontvangt een beheerderslicentie. Deze licentie geeft toegang tot storm CONDUCTOR\u2122, een beheerdersinterface voor het instellen van agents, nummers en routering.","breadcrumb":{"@id":"https:\/\/www.contentguru.com\/nl-nl\/producten\/storm-cx\/cloud-customer-experience\/cx-oplossingen-voor-mkb\/storm-lite-beheerder\/#breadcrumb"},"inLanguage":"nl-NL","potentialAction":[{"@type":"ReadAction","target":["https:\/\/www.contentguru.com\/nl-nl\/producten\/storm-cx\/cloud-customer-experience\/cx-oplossingen-voor-mkb\/storm-lite-beheerder\/"]}]},{"@type":"BreadcrumbList","@id":"https:\/\/www.contentguru.com\/nl-nl\/producten\/storm-cx\/cloud-customer-experience\/cx-oplossingen-voor-mkb\/storm-lite-beheerder\/#breadcrumb","itemListElement":[{"@type":"ListItem","position":1,"name":"Home","item":"https:\/\/www.contentguru.com\/nl-nl\/"},{"@type":"ListItem","position":2,"name":"Producten","item":"https:\/\/www.contentguru.com\/nl-nl\/producten\/"},{"@type":"ListItem","position":3,"name":"storm CX","item":"https:\/\/www.contentguru.com\/nl-nl\/producten\/storm-cx\/"},{"@type":"ListItem","position":4,"name":"AI-Powered Cloud Customer Experience","item":"https:\/\/www.contentguru.com\/nl-nl\/producten\/storm-cx\/cloud-customer-experience\/"},{"@type":"ListItem","position":5,"name":"CX Oplossingen voor MKB","item":"https:\/\/www.contentguru.com\/nl-nl\/producten\/storm-cx\/cloud-customer-experience\/cx-oplossingen-voor-mkb\/"},{"@type":"ListItem","position":6,"name":"storm LITE Beheerder"}]},{"@type":"WebSite","@id":"https:\/\/www.contentguru.com\/nl-nl\/#website","url":"https:\/\/www.contentguru.com\/nl-nl\/","name":"Nederlands - Content Guru","description":"","publisher":{"@id":"https:\/\/www.contentguru.com\/nl-nl\/#organization"},"potentialAction":[{"@type":"SearchAction","target":{"@type":"EntryPoint","urlTemplate":"https:\/\/www.contentguru.com\/nl-nl\/?s={search_term_string}"},"query-input":{"@type":"PropertyValueSpecification","valueRequired":true,"valueName":"search_term_string"}}],"inLanguage":"nl-NL"},{"@type":"Organization","@id":"https:\/\/www.contentguru.com\/nl-nl\/#organization","name":"Content Guru","url":"https:\/\/www.contentguru.com\/nl-nl\/","logo":{"@type":"ImageObject","inLanguage":"nl-NL","@id":"https:\/\/www.contentguru.com\/nl-nl\/#\/schema\/logo\/image\/","url":"https:\/\/www.contentguru.com\/nl-nl\/wp-content\/uploads\/sites\/12\/2025\/02\/CG-Logo-Dark-Blue_Outlines-1.svg","contentUrl":"https:\/\/www.contentguru.com\/nl-nl\/wp-content\/uploads\/sites\/12\/2025\/02\/CG-Logo-Dark-Blue_Outlines-1.svg","width":"1024","height":"1024","caption":"Content Guru"},"image":{"@id":"https:\/\/www.contentguru.com\/nl-nl\/#\/schema\/logo\/image\/"},"sameAs":["https:\/\/www.facebook.com\/ContentGuruLtd","https:\/\/x.com\/cgchirp"]}]}},"_links":{"self":[{"href":"https:\/\/www.contentguru.com\/nl-nl\/wp-json\/wp\/v2\/pages\/5117","targetHints":{"allow":["GET"]}}],"collection":[{"href":"https:\/\/www.contentguru.com\/nl-nl\/wp-json\/wp\/v2\/pages"}],"about":[{"href":"https:\/\/www.contentguru.com\/nl-nl\/wp-json\/wp\/v2\/types\/page"}],"author":[{"embeddable":true,"href":"https:\/\/www.contentguru.com\/nl-nl\/wp-json\/wp\/v2\/users\/8"}],"replies":[{"embeddable":true,"href":"https:\/\/www.contentguru.com\/nl-nl\/wp-json\/wp\/v2\/comments?post=5117"}],"version-history":[{"count":0,"href":"https:\/\/www.contentguru.com\/nl-nl\/wp-json\/wp\/v2\/pages\/5117\/revisions"}],"up":[{"embeddable":true,"href":"https:\/\/www.contentguru.com\/nl-nl\/wp-json\/wp\/v2\/pages\/682"}],"wp:attachment":[{"href":"https:\/\/www.contentguru.com\/nl-nl\/wp-json\/wp\/v2\/media?parent=5117"}],"wp:term":[{"taxonomy":"folder","embeddable":true,"href":"https:\/\/www.contentguru.com\/nl-nl\/wp-json\/wp\/v2\/folder?post=5117"}],"curies":[{"name":"wp","href":"https:\/\/api.w.org\/{rel}","templated":true}]}}