{"id":864,"date":"2025-02-14T17:13:19","date_gmt":"2025-02-14T17:13:19","guid":{"rendered":"https:\/\/contentguru.builtbytoast.uk\/?page_id=864"},"modified":"2026-02-13T10:52:21","modified_gmt":"2026-02-13T10:52:21","slug":"partner-werden","status":"publish","type":"page","link":"https:\/\/www.contentguru.com\/de-de\/partner\/partner-werden\/","title":{"rendered":"Partner werden"},"content":{"rendered":"\n\n    <section class=\"block-hero toast-block no-margin no-padding\"> \n\n        \n\n    <div class=\"hero-area \" style=\"background-image:url('https:\/\/www.contentguru.com\/de-de\/wp-content\/uploads\/sites\/9\/2026\/02\/Become-a-partner-hero.png');\">\n        <div class=\"hero-overlay\" style=\"--overlay-color:#004d95d9\"><\/div>\n        <div class=\"container\">\n            <div class=\"hero-content\">\n                <h1 class=\"hero-title\">Partner werden<\/h1>\n                <div class=\"description\"><p><span style=\"font-weight: 400\">Werden Sie Teil des Content Guru Partnerprogramms und nutzen Sie die Vorteile unseres umfangreichen Partnernetzwerks.<\/span><\/p>\n<p><a class=\"button outline pink\" href=\"https:\/\/www.contentguru.com\/de-de\/partner\/partner-werden\/\">\u00a0<b>Partner werden<\/b><\/a><\/p>\n<\/div>\n                            <\/div>\n                    <\/div>\n        <div class=\"hero-swipe\" style=\"--swipe-color:#E83174\"><svg id=\"Layer_1\" xmlns=\"http:\/\/www.w3.org\/2000\/svg\" xmlns:xlink=\"http:\/\/www.w3.org\/1999\/xlink\" viewBox=\"0 0 1440 65\"><defs><linearGradient id=\"linear-gradient\" x1=\"715.4\" y1=\"80.3\" x2=\"717.3\" y2=\"18.2\" gradientUnits=\"userSpaceOnUse\"><stop offset=\".2\" stop-color=\"#f8f9eb\" stop-opacity=\"0\"><\/stop><stop offset=\".7\" stop-color=\"#0c2943\" stop-opacity=\".2\"><\/stop><\/linearGradient><\/defs><polygon points=\"1440 79 -21 79 -27 13 505 19 823.5 48.7 1440 61.5 1440 79\" style=\"fill:#f8f9eb; fill-rule:evenodd; stroke-width:0px;\"><\/polygon><polygon points=\"1440 65 0 57.8 -6.6 13 517.4 19.5 898.1 44.5 1280.9 49.8 1440 47.1 1440 65\" style=\"fill:url(#linear-gradient); fill-rule:evenodd; stroke-width:0px;\"><\/polygon><path d=\"m1440,51.5v10s-395,13-716.8-18C401.5,12.5,0,21.5,0,21.5V.5s455-2.5,713.2,31c258.2,33.5,726.8,20,726.8,20Z\" style=\"fill:#e83174; fill-rule:evenodd; stroke-width:0px;\" class=\"swipe\"><\/path><\/svg><\/div>\n    <\/div>\n    \n    <\/section>\n\n\n\n\n\n    <section class=\"block-columns toast-block no-margin padding-both\"> \n\n        \n\n\n<div class=\"columns-area\">\n    <div class=\"container\">\n                                <div class=\"main-column-grid grid\" style=\"grid-template-columns:repeat(2, 1fr)\">\n                                    <div class=\"col \">\n                        <h3>Was erm\u00f6glicht unser Partnerprogramm?<\/h3>\n<p><span style=\"font-weight: 400\">Das Content Guru Partnerprogramm bietet Ihnen alles, was Sie f\u00fcr den Verkauf, den Aufbau und den Betrieb von weltweit f\u00fchrenden Customer Experience-L\u00f6sungen ben\u00f6tigen. Das Content Guru Partnerprogramm bietet Ressourcen und Features und \u00f6ffnet Ihnen die T\u00fcren zu unserem gro\u00dfen Partner-\u00d6kosystem.<\/span><\/p>\n<p><span style=\"font-weight: 400\">Unser Partnerprogramm beinhaltet:<\/span><\/p>\n<ul>\n<li><span style=\"font-weight: 400\">Zugang zu einem <\/span><b>weitreichenden Netzwerk professioneller Dienstleistungen.<\/b><\/li>\n<li><span style=\"font-weight: 400\">Eine <\/span><b>stufenweise Verg\u00fctungsstruktur <\/b><span style=\"font-weight: 400\">auf der Grundlage von gemeinsam definierten Leistungskennzahlen.<\/span><\/li>\n<li><b>Gemeinsame Marketingveranstaltungen <\/b><span style=\"font-weight: 400\">zur Unterst\u00fctzung von Partnern und zur Steigerung des Markenbewusstseins.<\/span><\/li>\n<li><b>Ein lukrativer Rahmen f\u00fcr Auszeichnungen<\/b><span style=\"font-weight: 400\">, einschlie\u00dflich gemeinsamer Veranstaltungen, kostenloser Schulungen und privilegierter Mitwirkung an der Produktentwicklungs-Roadmap.<\/span><\/li>\n<li><b>Viertelj\u00e4hrliche Partnerschaftstreffen <\/b><span style=\"font-weight: 400\">zum Wissensaustausch, zur Erschlie\u00dfung von Chancen und zur F\u00f6rderung von Innovationen.<\/span><\/li>\n<\/ul>\n                    <\/div>\n                                    <div class=\"col \">\n                        <p><img loading=\"lazy\" decoding=\"async\" class=\"alignnone wp-image-5828 size-large\" src=\"https:\/\/www.contentguru.com\/de-de\/wp-content\/uploads\/sites\/9\/2026\/02\/Illustration-Products-storm-CX-1024x1024.png\" alt=\"\" width=\"1024\" height=\"1024\" srcset=\"https:\/\/www.contentguru.com\/de-de\/wp-content\/uploads\/sites\/9\/2026\/02\/Illustration-Products-storm-CX-1024x1024.png 1024w, https:\/\/www.contentguru.com\/de-de\/wp-content\/uploads\/sites\/9\/2026\/02\/Illustration-Products-storm-CX-300x300.png 300w, https:\/\/www.contentguru.com\/de-de\/wp-content\/uploads\/sites\/9\/2026\/02\/Illustration-Products-storm-CX-150x150.png 150w, https:\/\/www.contentguru.com\/de-de\/wp-content\/uploads\/sites\/9\/2026\/02\/Illustration-Products-storm-CX-768x768.png 768w, https:\/\/www.contentguru.com\/de-de\/wp-content\/uploads\/sites\/9\/2026\/02\/Illustration-Products-storm-CX-1536x1536.png 1536w, https:\/\/www.contentguru.com\/de-de\/wp-content\/uploads\/sites\/9\/2026\/02\/Illustration-Products-storm-CX-2048x2048.png 2048w\" sizes=\"auto, (max-width: 1024px) 100vw, 1024px\" \/><\/p>\n                    <\/div>\n                            <\/div>\n            <\/div>\n<\/div>\n\n    \n    <\/section>\n\n\n\n\n\n    <section class=\"block-contact-form toast-block no-margin padding-top\" id=\"become-partner\"> \n\n                    <div class=\"section-title-area\">\n                <div class=\"container\">\n                                        <h2 class=\"section-title h3\">Wie wird man ein Partner?<\/h2>\n                                            <div class=\"section-description\"><p><span style=\"font-weight: 400\">Um Partner zu werden, m\u00fcssen Sie sich nur an unser Partnerteam wenden. Unser Team wird sich innerhalb von vierundzwanzig Stunden mit Ihnen in Verbindung setzen.<\/span><\/p>\n<\/div>\n                                    <\/div>\n            <\/div>\n        \n\n\n    <div class=\"contact-form-wrapper\">\n        <div class=\"container\">\n            <div class=\"contact-form-area\">\n                <form id=\"mktoForm_1249\"><\/form>\n                \n                \n            <\/div>\n        <\/div>\n    <\/div>\n\n    \n    <\/section>\n\n","protected":false},"excerpt":{"rendered":"","protected":false},"author":6,"featured_media":0,"parent":861,"menu_order":0,"comment_status":"closed","ping_status":"closed","template":"","meta":{"_acf_changed":true,"inline_featured_image":false,"footnotes":""},"folder":[18],"class_list":["post-864","page","type-page","status-publish","hentry"],"acf":[],"yoast_head":"<!-- This site is optimized with the Yoast SEO plugin v27.4 - https:\/\/yoast.com\/product\/yoast-seo-wordpress\/ -->\n<title>Partner werden - Content Guru<\/title>\n<meta name=\"description\" content=\"Entdecken Sie das lukrativen Partnerprogramm von Content Guru mit gemeinsamen Veranstaltungen, kostenlosen Schulungen und privilegiertem Einfluss auf die Produktentwicklungs-Roadmap\" \/>\n<meta name=\"robots\" content=\"index, follow, max-snippet:-1, max-image-preview:large, max-video-preview:-1\" \/>\n<link rel=\"canonical\" href=\"https:\/\/www.contentguru.com\/de-de\/partner\/partner-werden\/\" \/>\n<meta property=\"og:locale\" content=\"de_DE\" \/>\n<meta property=\"og:type\" content=\"article\" \/>\n<meta property=\"og:title\" content=\"Partner werden - Content Guru\" \/>\n<meta property=\"og:description\" content=\"Entdecken Sie das lukrativen Partnerprogramm von Content Guru mit gemeinsamen Veranstaltungen, kostenlosen Schulungen und privilegiertem Einfluss auf die Produktentwicklungs-Roadmap\" \/>\n<meta property=\"og:url\" content=\"https:\/\/www.contentguru.com\/de-de\/partner\/partner-werden\/\" \/>\n<meta property=\"og:site_name\" content=\"Deutsch\" \/>\n<meta property=\"article:publisher\" content=\"https:\/\/www.facebook.com\/ContentGuruLtd\" \/>\n<meta property=\"article:modified_time\" content=\"2026-02-13T10:52:21+00:00\" \/>\n<meta name=\"twitter:card\" content=\"summary_large_image\" \/>\n<meta name=\"twitter:site\" content=\"@cgchirp\" \/>\n<meta name=\"twitter:label1\" content=\"Gesch\u00e4tzte Lesezeit\" \/>\n\t<meta name=\"twitter:data1\" content=\"2\u00a0Minuten\" \/>\n<script type=\"application\/ld+json\" class=\"yoast-schema-graph\">{\"@context\":\"https:\\\/\\\/schema.org\",\"@graph\":[{\"@type\":\"WebPage\",\"@id\":\"https:\\\/\\\/www.contentguru.com\\\/de-de\\\/partner\\\/partner-werden\\\/\",\"url\":\"https:\\\/\\\/www.contentguru.com\\\/de-de\\\/partner\\\/partner-werden\\\/\",\"name\":\"Partner werden - Content Guru\",\"isPartOf\":{\"@id\":\"https:\\\/\\\/www.contentguru.com\\\/de-de\\\/#website\"},\"datePublished\":\"2025-02-14T17:13:19+00:00\",\"dateModified\":\"2026-02-13T10:52:21+00:00\",\"description\":\"Entdecken Sie das lukrativen Partnerprogramm von Content Guru mit gemeinsamen Veranstaltungen, kostenlosen Schulungen und privilegiertem Einfluss auf die Produktentwicklungs-Roadmap\",\"breadcrumb\":{\"@id\":\"https:\\\/\\\/www.contentguru.com\\\/de-de\\\/partner\\\/partner-werden\\\/#breadcrumb\"},\"inLanguage\":\"de\",\"potentialAction\":[{\"@type\":\"ReadAction\",\"target\":[\"https:\\\/\\\/www.contentguru.com\\\/de-de\\\/partner\\\/partner-werden\\\/\"]}]},{\"@type\":\"BreadcrumbList\",\"@id\":\"https:\\\/\\\/www.contentguru.com\\\/de-de\\\/partner\\\/partner-werden\\\/#breadcrumb\",\"itemListElement\":[{\"@type\":\"ListItem\",\"position\":1,\"name\":\"Home\",\"item\":\"https:\\\/\\\/www.contentguru.com\\\/de-de\\\/\"},{\"@type\":\"ListItem\",\"position\":2,\"name\":\"Partner\",\"item\":\"https:\\\/\\\/www.contentguru.com\\\/de-de\\\/partner\\\/\"},{\"@type\":\"ListItem\",\"position\":3,\"name\":\"Partner werden\"}]},{\"@type\":\"WebSite\",\"@id\":\"https:\\\/\\\/www.contentguru.com\\\/de-de\\\/#website\",\"url\":\"https:\\\/\\\/www.contentguru.com\\\/de-de\\\/\",\"name\":\"Deutsch - Content Guru\",\"description\":\"\",\"publisher\":{\"@id\":\"https:\\\/\\\/www.contentguru.com\\\/de-de\\\/#organization\"},\"potentialAction\":[{\"@type\":\"SearchAction\",\"target\":{\"@type\":\"EntryPoint\",\"urlTemplate\":\"https:\\\/\\\/www.contentguru.com\\\/de-de\\\/?s={search_term_string}\"},\"query-input\":{\"@type\":\"PropertyValueSpecification\",\"valueRequired\":true,\"valueName\":\"search_term_string\"}}],\"inLanguage\":\"de\"},{\"@type\":\"Organization\",\"@id\":\"https:\\\/\\\/www.contentguru.com\\\/de-de\\\/#organization\",\"name\":\"Content Guru\",\"url\":\"https:\\\/\\\/www.contentguru.com\\\/de-de\\\/\",\"logo\":{\"@type\":\"ImageObject\",\"inLanguage\":\"de\",\"@id\":\"https:\\\/\\\/www.contentguru.com\\\/de-de\\\/#\\\/schema\\\/logo\\\/image\\\/\",\"url\":\"https:\\\/\\\/www.contentguru.com\\\/de-de\\\/wp-content\\\/uploads\\\/sites\\\/9\\\/2025\\\/02\\\/CG-Logo-Dark-Blue_Outlines-1.svg\",\"contentUrl\":\"https:\\\/\\\/www.contentguru.com\\\/de-de\\\/wp-content\\\/uploads\\\/sites\\\/9\\\/2025\\\/02\\\/CG-Logo-Dark-Blue_Outlines-1.svg\",\"width\":\"1024\",\"height\":\"1024\",\"caption\":\"Content Guru\"},\"image\":{\"@id\":\"https:\\\/\\\/www.contentguru.com\\\/de-de\\\/#\\\/schema\\\/logo\\\/image\\\/\"},\"sameAs\":[\"https:\\\/\\\/www.facebook.com\\\/ContentGuruLtd\",\"https:\\\/\\\/x.com\\\/cgchirp\"]}]}<\/script>\n<!-- \/ Yoast SEO plugin. -->","yoast_head_json":{"title":"Partner werden - Content Guru","description":"Entdecken Sie das lukrativen Partnerprogramm von Content Guru mit gemeinsamen Veranstaltungen, kostenlosen Schulungen und privilegiertem Einfluss auf die Produktentwicklungs-Roadmap","robots":{"index":"index","follow":"follow","max-snippet":"max-snippet:-1","max-image-preview":"max-image-preview:large","max-video-preview":"max-video-preview:-1"},"canonical":"https:\/\/www.contentguru.com\/de-de\/partner\/partner-werden\/","og_locale":"de_DE","og_type":"article","og_title":"Partner werden - Content Guru","og_description":"Entdecken Sie das lukrativen Partnerprogramm von Content Guru mit gemeinsamen Veranstaltungen, kostenlosen Schulungen und privilegiertem Einfluss auf die Produktentwicklungs-Roadmap","og_url":"https:\/\/www.contentguru.com\/de-de\/partner\/partner-werden\/","og_site_name":"Deutsch","article_publisher":"https:\/\/www.facebook.com\/ContentGuruLtd","article_modified_time":"2026-02-13T10:52:21+00:00","twitter_card":"summary_large_image","twitter_site":"@cgchirp","twitter_misc":{"Gesch\u00e4tzte Lesezeit":"2\u00a0Minuten"},"schema":{"@context":"https:\/\/schema.org","@graph":[{"@type":"WebPage","@id":"https:\/\/www.contentguru.com\/de-de\/partner\/partner-werden\/","url":"https:\/\/www.contentguru.com\/de-de\/partner\/partner-werden\/","name":"Partner werden - Content Guru","isPartOf":{"@id":"https:\/\/www.contentguru.com\/de-de\/#website"},"datePublished":"2025-02-14T17:13:19+00:00","dateModified":"2026-02-13T10:52:21+00:00","description":"Entdecken Sie das lukrativen Partnerprogramm von Content Guru mit gemeinsamen Veranstaltungen, kostenlosen Schulungen und privilegiertem Einfluss auf die Produktentwicklungs-Roadmap","breadcrumb":{"@id":"https:\/\/www.contentguru.com\/de-de\/partner\/partner-werden\/#breadcrumb"},"inLanguage":"de","potentialAction":[{"@type":"ReadAction","target":["https:\/\/www.contentguru.com\/de-de\/partner\/partner-werden\/"]}]},{"@type":"BreadcrumbList","@id":"https:\/\/www.contentguru.com\/de-de\/partner\/partner-werden\/#breadcrumb","itemListElement":[{"@type":"ListItem","position":1,"name":"Home","item":"https:\/\/www.contentguru.com\/de-de\/"},{"@type":"ListItem","position":2,"name":"Partner","item":"https:\/\/www.contentguru.com\/de-de\/partner\/"},{"@type":"ListItem","position":3,"name":"Partner werden"}]},{"@type":"WebSite","@id":"https:\/\/www.contentguru.com\/de-de\/#website","url":"https:\/\/www.contentguru.com\/de-de\/","name":"Deutsch - Content Guru","description":"","publisher":{"@id":"https:\/\/www.contentguru.com\/de-de\/#organization"},"potentialAction":[{"@type":"SearchAction","target":{"@type":"EntryPoint","urlTemplate":"https:\/\/www.contentguru.com\/de-de\/?s={search_term_string}"},"query-input":{"@type":"PropertyValueSpecification","valueRequired":true,"valueName":"search_term_string"}}],"inLanguage":"de"},{"@type":"Organization","@id":"https:\/\/www.contentguru.com\/de-de\/#organization","name":"Content Guru","url":"https:\/\/www.contentguru.com\/de-de\/","logo":{"@type":"ImageObject","inLanguage":"de","@id":"https:\/\/www.contentguru.com\/de-de\/#\/schema\/logo\/image\/","url":"https:\/\/www.contentguru.com\/de-de\/wp-content\/uploads\/sites\/9\/2025\/02\/CG-Logo-Dark-Blue_Outlines-1.svg","contentUrl":"https:\/\/www.contentguru.com\/de-de\/wp-content\/uploads\/sites\/9\/2025\/02\/CG-Logo-Dark-Blue_Outlines-1.svg","width":"1024","height":"1024","caption":"Content Guru"},"image":{"@id":"https:\/\/www.contentguru.com\/de-de\/#\/schema\/logo\/image\/"},"sameAs":["https:\/\/www.facebook.com\/ContentGuruLtd","https:\/\/x.com\/cgchirp"]}]}},"_links":{"self":[{"href":"https:\/\/www.contentguru.com\/de-de\/wp-json\/wp\/v2\/pages\/864","targetHints":{"allow":["GET"]}}],"collection":[{"href":"https:\/\/www.contentguru.com\/de-de\/wp-json\/wp\/v2\/pages"}],"about":[{"href":"https:\/\/www.contentguru.com\/de-de\/wp-json\/wp\/v2\/types\/page"}],"author":[{"embeddable":true,"href":"https:\/\/www.contentguru.com\/de-de\/wp-json\/wp\/v2\/users\/6"}],"replies":[{"embeddable":true,"href":"https:\/\/www.contentguru.com\/de-de\/wp-json\/wp\/v2\/comments?post=864"}],"version-history":[{"count":0,"href":"https:\/\/www.contentguru.com\/de-de\/wp-json\/wp\/v2\/pages\/864\/revisions"}],"up":[{"embeddable":true,"href":"https:\/\/www.contentguru.com\/de-de\/wp-json\/wp\/v2\/pages\/861"}],"wp:attachment":[{"href":"https:\/\/www.contentguru.com\/de-de\/wp-json\/wp\/v2\/media?parent=864"}],"wp:term":[{"taxonomy":"folder","embeddable":true,"href":"https:\/\/www.contentguru.com\/de-de\/wp-json\/wp\/v2\/folder?post=864"}],"curies":[{"name":"wp","href":"https:\/\/api.w.org\/{rel}","templated":true}]}}