{"id":861,"date":"2025-02-14T17:12:07","date_gmt":"2025-02-14T17:12:07","guid":{"rendered":"https:\/\/contentguru.builtbytoast.uk\/?page_id=861"},"modified":"2026-03-03T17:03:31","modified_gmt":"2026-03-03T17:03:31","slug":"partner","status":"publish","type":"page","link":"https:\/\/www.contentguru.com\/de-de\/partner\/","title":{"rendered":"Partner"},"content":{"rendered":"\n\n    <section class=\"block-hero toast-block notranslate no-margin no-padding\"> \n\n        \n\n    <div class=\"hero-area \" style=\"background-image:url('https:\/\/www.contentguru.com\/de-de\/wp-content\/uploads\/sites\/9\/2026\/02\/Partners.png');\">\n        <div class=\"hero-overlay\" style=\"--overlay-color:rgba(12, 41, 67, 0.851)\"><\/div>\n        <div class=\"container\">\n            <div class=\"hero-content\">\n                <h1 class=\"hero-title\">Eine gute Partnerschaft <br \/>\r\nvon Anfang an<\/h1>\n                <div class=\"description\"><p><span style=\"font-weight: 400\">Gemeinsam mit unseren Partnern schaffen<br \/>\nwir herausragende Kundenerlebnisse \u2013 Schritt f\u00fcr Schritt.<\/span><\/p>\n<\/div>\n                                <div class=\"hero-buttons\">\n                                                                    <a href=\"https:\/\/www.contentguru.com\/de-de\/partner\/partner-werden\/#become-partner\" target=\"\" class=\"button pink outline\">Entdecken Sie unser Partner-Netzwerk<\/a>\n                                                            <\/div>\n                            <\/div>\n                    <\/div>\n        <div class=\"hero-swipe\" style=\"--swipe-color:#e83174\"><svg id=\"Layer_1\" xmlns=\"http:\/\/www.w3.org\/2000\/svg\" xmlns:xlink=\"http:\/\/www.w3.org\/1999\/xlink\" viewBox=\"0 0 1440 65\"><defs><linearGradient id=\"linear-gradient\" x1=\"715.4\" y1=\"80.3\" x2=\"717.3\" y2=\"18.2\" gradientUnits=\"userSpaceOnUse\"><stop offset=\".2\" stop-color=\"#f8f9eb\" stop-opacity=\"0\"><\/stop><stop offset=\".7\" stop-color=\"#0c2943\" stop-opacity=\".2\"><\/stop><\/linearGradient><\/defs><polygon points=\"1440 79 -21 79 -27 13 505 19 823.5 48.7 1440 61.5 1440 79\" style=\"fill:#f8f9eb; fill-rule:evenodd; stroke-width:0px;\"><\/polygon><polygon points=\"1440 65 0 57.8 -6.6 13 517.4 19.5 898.1 44.5 1280.9 49.8 1440 47.1 1440 65\" style=\"fill:url(#linear-gradient); fill-rule:evenodd; stroke-width:0px;\"><\/polygon><path d=\"m1440,51.5v10s-395,13-716.8-18C401.5,12.5,0,21.5,0,21.5V.5s455-2.5,713.2,31c258.2,33.5,726.8,20,726.8,20Z\" style=\"fill:#e83174; fill-rule:evenodd; stroke-width:0px;\" class=\"swipe\"><\/path><\/svg><\/div>\n    <\/div>\n    \n    <\/section>\n\n\n\n\n\n    <section class=\"block-columns toast-block thin-container no-margin padding-both\"> \n\n                    <div class=\"section-title-area\">\n                <div class=\"container\">\n                                        <h2 class=\"section-title h3\">So arbeiten wir mit Partnern zusammen<\/h2>\n                                            <div class=\"section-description\"><p><span style=\"font-weight: 400\">Wir setzen auf echte Partnerschaften \u2013 und das von Anfang an.<br \/>\nAls Teil eines weitreichenden technischen \u00d6kosystems, das zahlreiche Unternehmen und Millionen von Fachkr\u00e4ften umfasst, sind wir davon \u00fcberzeugt, dass wahre St\u00e4rke in der Zusammenarbeit liegt. Unser Partnerprogramm erm\u00f6glicht eine einfache und effiziente Partnerschaft f\u00fcr einen gemeinsamen nachhaltigen Erfolg.<\/span><\/p>\n<\/div>\n                                    <\/div>\n            <\/div>\n        \n\n\n<div class=\"columns-area\">\n    <div class=\"container\">\n            <\/div>\n<\/div>\n\n    \n    <\/section>\n\n\n\n\n\n    <section class=\"block-logos toast-block no-margin padding-bottom\"> \n\n        \n\n\n    <div class=\"logos-area\">\n        <div class=\"logos\">\n            <div class=\"logos-track\">\n                                            <div class=\"logo \" data-logo-id=\"1\">\n                <a >\n                    <img loading=\"lazy\" decoding=\"async\" width=\"468\" height=\"156\" src=\"https:\/\/www.contentguru.com\/de-de\/wp-content\/uploads\/sites\/9\/2025\/02\/vodafone-business-logo.png?ver=1765450310\" class=\"attachment-full size-full\" alt=\"Vodafone Logo\" srcset=\"https:\/\/www.contentguru.com\/de-de\/wp-content\/uploads\/sites\/9\/2025\/02\/vodafone-business-logo.png 468w, https:\/\/www.contentguru.com\/de-de\/wp-content\/uploads\/sites\/9\/2025\/02\/vodafone-business-logo-300x100.png 300w\" sizes=\"auto, (max-width: 468px) 100vw, 468px\" \/>                <\/a>\n                <\/div>\n                            <div class=\"logo \" data-logo-id=\"2\">\n                <a >\n                    <img loading=\"lazy\" decoding=\"async\" width=\"208\" height=\"77\" src=\"https:\/\/www.contentguru.com\/de-de\/wp-content\/uploads\/sites\/9\/2025\/02\/Rakuten-Logo.png\" class=\"attachment-full size-full\" alt=\"Rakuten Logo\" \/>                <\/a>\n                <\/div>\n                            <div class=\"logo \" data-logo-id=\"3\">\n                <a >\n                    <img loading=\"lazy\" decoding=\"async\" width=\"2500\" height=\"1000\" src=\"https:\/\/www.contentguru.com\/de-de\/wp-content\/uploads\/sites\/9\/2026\/03\/Softworx-Black-Logo.png\" class=\"attachment-full size-full\" alt=\"Softworx Black Logo\" srcset=\"https:\/\/www.contentguru.com\/de-de\/wp-content\/uploads\/sites\/9\/2026\/03\/Softworx-Black-Logo.png 2500w, https:\/\/www.contentguru.com\/de-de\/wp-content\/uploads\/sites\/9\/2026\/03\/Softworx-Black-Logo-300x120.png 300w, https:\/\/www.contentguru.com\/de-de\/wp-content\/uploads\/sites\/9\/2026\/03\/Softworx-Black-Logo-1024x410.png 1024w, https:\/\/www.contentguru.com\/de-de\/wp-content\/uploads\/sites\/9\/2026\/03\/Softworx-Black-Logo-768x307.png 768w, https:\/\/www.contentguru.com\/de-de\/wp-content\/uploads\/sites\/9\/2026\/03\/Softworx-Black-Logo-1536x614.png 1536w, https:\/\/www.contentguru.com\/de-de\/wp-content\/uploads\/sites\/9\/2026\/03\/Softworx-Black-Logo-2048x819.png 2048w\" sizes=\"auto, (max-width: 2500px) 100vw, 2500px\" \/>                <\/a>\n                <\/div>\n                            <div class=\"logo \" data-logo-id=\"4\">\n                <a >\n                    <img loading=\"lazy\" decoding=\"async\" width=\"275\" height=\"85\" src=\"https:\/\/www.contentguru.com\/de-de\/wp-content\/uploads\/sites\/9\/2025\/02\/Serco-Logo.png\" class=\"attachment-full size-full\" alt=\"Serco Logo\" \/>                <\/a>\n                <\/div>\n                            <div class=\"logo \" data-logo-id=\"5\">\n                <a >\n                    <img loading=\"lazy\" decoding=\"async\" width=\"177\" height=\"177\" src=\"https:\/\/www.contentguru.com\/de-de\/wp-content\/uploads\/sites\/9\/2025\/02\/CINOS-Logo.png\" class=\"attachment-full size-full\" alt=\"Cinos Logo\" srcset=\"https:\/\/www.contentguru.com\/de-de\/wp-content\/uploads\/sites\/9\/2025\/02\/CINOS-Logo.png 177w, https:\/\/www.contentguru.com\/de-de\/wp-content\/uploads\/sites\/9\/2025\/02\/CINOS-Logo-150x150.png 150w\" sizes=\"auto, (max-width: 177px) 100vw, 177px\" \/>                <\/a>\n                <\/div>\n                            <div class=\"logo \" data-logo-id=\"6\">\n                <a >\n                    <img loading=\"lazy\" decoding=\"async\" width=\"180\" height=\"43\" src=\"https:\/\/www.contentguru.com\/de-de\/wp-content\/uploads\/sites\/9\/2025\/02\/Wavenet-Logo.png\" class=\"attachment-full size-full\" alt=\"Wavenet Logo\" \/>                <\/a>\n                <\/div>\n                            <div class=\"logo \" data-logo-id=\"7\">\n                <a >\n                    <img loading=\"lazy\" decoding=\"async\" width=\"272\" height=\"68\" src=\"https:\/\/www.contentguru.com\/de-de\/wp-content\/uploads\/sites\/9\/2025\/02\/Vodafone-Ziggo-Logo.png\" class=\"attachment-full size-full\" alt=\"Vodafone Ziggo Logo\" \/>                <\/a>\n                <\/div>\n                            <div class=\"logo \" data-logo-id=\"8\">\n                <a >\n                    <img loading=\"lazy\" decoding=\"async\" width=\"2560\" height=\"417\" src=\"https:\/\/www.contentguru.com\/de-de\/wp-content\/uploads\/sites\/9\/2025\/02\/2560px-NTT-Data-Logo.svg1_.png\" class=\"attachment-full size-full\" alt=\"\" srcset=\"https:\/\/www.contentguru.com\/de-de\/wp-content\/uploads\/sites\/9\/2025\/02\/2560px-NTT-Data-Logo.svg1_.png 2560w, https:\/\/www.contentguru.com\/de-de\/wp-content\/uploads\/sites\/9\/2025\/02\/2560px-NTT-Data-Logo.svg1_-300x49.png 300w, https:\/\/www.contentguru.com\/de-de\/wp-content\/uploads\/sites\/9\/2025\/02\/2560px-NTT-Data-Logo.svg1_-1024x167.png 1024w, https:\/\/www.contentguru.com\/de-de\/wp-content\/uploads\/sites\/9\/2025\/02\/2560px-NTT-Data-Logo.svg1_-768x125.png 768w, https:\/\/www.contentguru.com\/de-de\/wp-content\/uploads\/sites\/9\/2025\/02\/2560px-NTT-Data-Logo.svg1_-1536x250.png 1536w, https:\/\/www.contentguru.com\/de-de\/wp-content\/uploads\/sites\/9\/2025\/02\/2560px-NTT-Data-Logo.svg1_-2048x334.png 2048w\" sizes=\"auto, (max-width: 2560px) 100vw, 2560px\" \/>                <\/a>\n                <\/div>\n                            <div class=\"logo \" data-logo-id=\"9\">\n                <a >\n                    <img loading=\"lazy\" decoding=\"async\" width=\"240\" height=\"54\" src=\"https:\/\/www.contentguru.com\/de-de\/wp-content\/uploads\/sites\/9\/2025\/02\/Bechtle-Logo.png\" class=\"attachment-full size-full\" alt=\"Bechtle Logo\" \/>                <\/a>\n                <\/div>\n                        <\/div>\n        <\/div>\n    <\/div>\n\n    \n    <\/section>\n\n\n\n\n\n    <section class=\"block-boxed-content toast-block no-margin padding-both\"> \n\n        \n\n\n<div class=\"boxed-content-wrapper \">\n    <div class=\"container\">\n        <div class=\"boxed-content \" style=\"background-color:;color:\">\n            \n            \n            <div class=\"boxed-content-text\">\n                <h3>Unsere Partner sind uns wichtig<\/h3>\n<p><span style=\"font-weight: 400\">Wir von Content Guru arbeiten eng mit unseren Partnern zusammen. Wir pflegen ein breites Partner-Netzwerk, darunter Systemintegratoren, Kommunikationsdienstleister, Business Process Outsourcer und Beratungsunternehmen.<\/span><\/p>\n            <\/div>\n                        <div class=\"boxed-content-image\">\n                                    <img loading=\"lazy\" decoding=\"async\" width=\"1017\" height=\"931\" src=\"https:\/\/www.contentguru.com\/de-de\/wp-content\/uploads\/sites\/9\/2025\/02\/CG-Partner-program-1-2.png?ver=1740050230\" class=\"attachment-full size-full\" alt=\"\" srcset=\"https:\/\/www.contentguru.com\/de-de\/wp-content\/uploads\/sites\/9\/2025\/02\/CG-Partner-program-1-2.png 1017w, https:\/\/www.contentguru.com\/de-de\/wp-content\/uploads\/sites\/9\/2025\/02\/CG-Partner-program-1-2-300x275.png 300w, https:\/\/www.contentguru.com\/de-de\/wp-content\/uploads\/sites\/9\/2025\/02\/CG-Partner-program-1-2-768x703.png 768w\" sizes=\"auto, (max-width: 1017px) 100vw, 1017px\" \/>                            <\/div>\n                    <\/div>\n    <\/div>\n<\/div>\n\n    \n    <\/section>\n\n\n\n\n\n    <section class=\"block-columns toast-block no-margin padding-both has-bg\" style=\"background-color:#ddf3fc;\"> \n\n        \n\n\n<div class=\"columns-area\">\n    <div class=\"container\">\n                                <div class=\"main-column-grid grid\" style=\"grid-template-columns:repeat(2, 1fr)\">\n                                    <div class=\"col \">\n                        <p><img loading=\"lazy\" decoding=\"async\" class=\"alignnone wp-image-5831 size-large\" src=\"https:\/\/www.contentguru.com\/de-de\/wp-content\/uploads\/sites\/9\/2026\/02\/Illustration-We-Offer-True-Partnership-1024x1024.png\" alt=\"\" width=\"1024\" height=\"1024\" srcset=\"https:\/\/www.contentguru.com\/de-de\/wp-content\/uploads\/sites\/9\/2026\/02\/Illustration-We-Offer-True-Partnership-1024x1024.png 1024w, https:\/\/www.contentguru.com\/de-de\/wp-content\/uploads\/sites\/9\/2026\/02\/Illustration-We-Offer-True-Partnership-300x300.png 300w, https:\/\/www.contentguru.com\/de-de\/wp-content\/uploads\/sites\/9\/2026\/02\/Illustration-We-Offer-True-Partnership-150x150.png 150w, https:\/\/www.contentguru.com\/de-de\/wp-content\/uploads\/sites\/9\/2026\/02\/Illustration-We-Offer-True-Partnership-768x768.png 768w, https:\/\/www.contentguru.com\/de-de\/wp-content\/uploads\/sites\/9\/2026\/02\/Illustration-We-Offer-True-Partnership-1536x1536.png 1536w, https:\/\/www.contentguru.com\/de-de\/wp-content\/uploads\/sites\/9\/2026\/02\/Illustration-We-Offer-True-Partnership-2048x2048.png 2048w\" sizes=\"auto, (max-width: 1024px) 100vw, 1024px\" \/><\/p>\n                    <\/div>\n                                    <div class=\"col \">\n                        <h3><span style=\"font-weight: 400\">Unser Angebot<\/span><\/h3>\n<p><span style=\"font-weight: 400\">Wir unterst\u00fctzen unsere Partner durch unser exklusives Partnerprogramm \u2013 eine 360-Grad-Plattform mit umfassenden Informationen und Features, die Partnern alles bieten, was sie ben\u00f6tigen, um ein tiefes Wissen \u00fcber unsere CCaaS-L\u00f6sungen zu entwickeln, sie zu implementieren und zu betreiben.<\/span><\/p>\n<ul>\n<li><span style=\"font-weight: 400\">Exklusiver Zugang zu einem <\/span><b>umfassenden Netzwerk an Professional Services<\/b><span style=\"font-weight: 400\">.<\/span><\/li>\n<li><b>Eine leistungsbasierte Provisionsstruktur<\/b><span style=\"font-weight: 400\">, das auf Performance-Metriken aufbaut.<\/span><\/li>\n<li><b>Gemeinsame Marketingaktionen<\/b><span style=\"font-weight: 400\"> zur Unterst\u00fctzung unserer Partnerschaft und Steigerung der Markenbekanntheit.<\/span><\/li>\n<li><b>Ein lukratives Auszeichnungsprogramm<\/b><span style=\"font-weight: 400\">, das unter anderem gemeinsame Events, kostenlose Schulungen und exklusiven Einfluss auf die Produktentwicklungs-Roadmap umfasst.<\/span><\/li>\n<li><b>Viertelj\u00e4hrliche Partnerschafts-Reviews<\/b><span style=\"font-weight: 400\">, um Wissen auszutauschen, neue Chancen zu erschlie\u00dfen und Innovationen voranzutreiben.<\/span><\/li>\n<\/ul>\n                    <\/div>\n                            <\/div>\n            <\/div>\n<\/div>\n\n    \n    <\/section>\n\n\n\n\n\n    <section class=\"block-cta toast-block no-margin padding-bottom\"> \n\n        \n\n\n    <div class=\"cta-wrapper\" style=\"background-color:#f8f9eb;color:#0c2943\">\n                <div class=\"container\">\n            <h3>Jetzt Partner werden<\/h3>\n<p><span style=\"font-weight: 400\">Interessiert an einer Partnerschaft?<br \/>\nKontaktieren Sie uns jetzt. Unser Partner-Team wird sich innerhalb von 24 Stunden bei Ihnen melden.<\/span><\/p>\n<p><a class=\"button\" href=\"https:\/\/www.contentguru.com\/de-de\/partner\/partner-werden\/#become-partner\"><span style=\"font-weight: 400\">Kontaktieren Sie unser Partner-Team<\/span><\/a><\/p>\n        <\/div>\n    <\/div>\n\n    \n    <\/section>\n\n","protected":false},"excerpt":{"rendered":"","protected":false},"author":6,"featured_media":0,"parent":0,"menu_order":0,"comment_status":"closed","ping_status":"closed","template":"","meta":{"_acf_changed":true,"inline_featured_image":false,"footnotes":""},"folder":[18],"class_list":["post-861","page","type-page","status-publish","hentry"],"acf":[],"yoast_head":"<!-- This site is optimized with the Yoast SEO plugin v27.5 - https:\/\/yoast.com\/product\/yoast-seo-wordpress\/ -->\n<title>Partners - Content Guru<\/title>\n<meta name=\"description\" content=\"Content Guru arbeitet sowohl mit kommerziellen als auch technologischen Partnern zusammen, um erstklassige CCaaS-, UCaaS- und CX-Produkte zu liefern\" \/>\n<meta name=\"robots\" content=\"index, follow, max-snippet:-1, max-image-preview:large, max-video-preview:-1\" \/>\n<link rel=\"canonical\" href=\"https:\/\/www.contentguru.com\/de-de\/partner\/\" \/>\n<meta property=\"og:locale\" content=\"de_DE\" \/>\n<meta property=\"og:type\" content=\"article\" \/>\n<meta property=\"og:title\" content=\"Partners - Content Guru\" \/>\n<meta property=\"og:description\" content=\"Content Guru arbeitet sowohl mit kommerziellen als auch technologischen Partnern zusammen, um erstklassige CCaaS-, UCaaS- und CX-Produkte zu liefern\" \/>\n<meta property=\"og:url\" content=\"https:\/\/www.contentguru.com\/de-de\/partner\/\" \/>\n<meta property=\"og:site_name\" content=\"Deutsch\" \/>\n<meta property=\"article:publisher\" content=\"https:\/\/www.facebook.com\/ContentGuruLtd\" \/>\n<meta property=\"article:modified_time\" content=\"2026-03-03T17:03:31+00:00\" \/>\n<meta name=\"twitter:card\" content=\"summary_large_image\" \/>\n<meta name=\"twitter:site\" content=\"@cgchirp\" \/>\n<meta name=\"twitter:label1\" content=\"Gesch\u00e4tzte Lesezeit\" \/>\n\t<meta name=\"twitter:data1\" content=\"4\u00a0Minuten\" \/>\n<script type=\"application\/ld+json\" class=\"yoast-schema-graph\">{\"@context\":\"https:\\\/\\\/schema.org\",\"@graph\":[{\"@type\":\"WebPage\",\"@id\":\"https:\\\/\\\/www.contentguru.com\\\/de-de\\\/partner\\\/\",\"url\":\"https:\\\/\\\/www.contentguru.com\\\/de-de\\\/partner\\\/\",\"name\":\"Partners - Content Guru\",\"isPartOf\":{\"@id\":\"https:\\\/\\\/www.contentguru.com\\\/de-de\\\/#website\"},\"datePublished\":\"2025-02-14T17:12:07+00:00\",\"dateModified\":\"2026-03-03T17:03:31+00:00\",\"description\":\"Content Guru arbeitet sowohl mit kommerziellen als auch technologischen Partnern zusammen, um erstklassige CCaaS-, UCaaS- und CX-Produkte zu liefern\",\"breadcrumb\":{\"@id\":\"https:\\\/\\\/www.contentguru.com\\\/de-de\\\/partner\\\/#breadcrumb\"},\"inLanguage\":\"de\",\"potentialAction\":[{\"@type\":\"ReadAction\",\"target\":[\"https:\\\/\\\/www.contentguru.com\\\/de-de\\\/partner\\\/\"]}]},{\"@type\":\"BreadcrumbList\",\"@id\":\"https:\\\/\\\/www.contentguru.com\\\/de-de\\\/partner\\\/#breadcrumb\",\"itemListElement\":[{\"@type\":\"ListItem\",\"position\":1,\"name\":\"Home\",\"item\":\"https:\\\/\\\/www.contentguru.com\\\/de-de\\\/\"},{\"@type\":\"ListItem\",\"position\":2,\"name\":\"Partner\"}]},{\"@type\":\"WebSite\",\"@id\":\"https:\\\/\\\/www.contentguru.com\\\/de-de\\\/#website\",\"url\":\"https:\\\/\\\/www.contentguru.com\\\/de-de\\\/\",\"name\":\"Deutsch - Content Guru\",\"description\":\"\",\"publisher\":{\"@id\":\"https:\\\/\\\/www.contentguru.com\\\/de-de\\\/#organization\"},\"potentialAction\":[{\"@type\":\"SearchAction\",\"target\":{\"@type\":\"EntryPoint\",\"urlTemplate\":\"https:\\\/\\\/www.contentguru.com\\\/de-de\\\/?s={search_term_string}\"},\"query-input\":{\"@type\":\"PropertyValueSpecification\",\"valueRequired\":true,\"valueName\":\"search_term_string\"}}],\"inLanguage\":\"de\"},{\"@type\":\"Organization\",\"@id\":\"https:\\\/\\\/www.contentguru.com\\\/de-de\\\/#organization\",\"name\":\"Content Guru\",\"url\":\"https:\\\/\\\/www.contentguru.com\\\/de-de\\\/\",\"logo\":{\"@type\":\"ImageObject\",\"inLanguage\":\"de\",\"@id\":\"https:\\\/\\\/www.contentguru.com\\\/de-de\\\/#\\\/schema\\\/logo\\\/image\\\/\",\"url\":\"https:\\\/\\\/www.contentguru.com\\\/de-de\\\/wp-content\\\/uploads\\\/sites\\\/9\\\/2025\\\/02\\\/CG-Logo-Dark-Blue_Outlines-1.svg\",\"contentUrl\":\"https:\\\/\\\/www.contentguru.com\\\/de-de\\\/wp-content\\\/uploads\\\/sites\\\/9\\\/2025\\\/02\\\/CG-Logo-Dark-Blue_Outlines-1.svg\",\"width\":\"1024\",\"height\":\"1024\",\"caption\":\"Content Guru\"},\"image\":{\"@id\":\"https:\\\/\\\/www.contentguru.com\\\/de-de\\\/#\\\/schema\\\/logo\\\/image\\\/\"},\"sameAs\":[\"https:\\\/\\\/www.facebook.com\\\/ContentGuruLtd\",\"https:\\\/\\\/x.com\\\/cgchirp\"]}]}<\/script>\n<!-- \/ Yoast SEO plugin. -->","yoast_head_json":{"title":"Partners - Content Guru","description":"Content Guru arbeitet sowohl mit kommerziellen als auch technologischen Partnern zusammen, um erstklassige CCaaS-, UCaaS- und CX-Produkte zu liefern","robots":{"index":"index","follow":"follow","max-snippet":"max-snippet:-1","max-image-preview":"max-image-preview:large","max-video-preview":"max-video-preview:-1"},"canonical":"https:\/\/www.contentguru.com\/de-de\/partner\/","og_locale":"de_DE","og_type":"article","og_title":"Partners - Content Guru","og_description":"Content Guru arbeitet sowohl mit kommerziellen als auch technologischen Partnern zusammen, um erstklassige CCaaS-, UCaaS- und CX-Produkte zu liefern","og_url":"https:\/\/www.contentguru.com\/de-de\/partner\/","og_site_name":"Deutsch","article_publisher":"https:\/\/www.facebook.com\/ContentGuruLtd","article_modified_time":"2026-03-03T17:03:31+00:00","twitter_card":"summary_large_image","twitter_site":"@cgchirp","twitter_misc":{"Gesch\u00e4tzte Lesezeit":"4\u00a0Minuten"},"schema":{"@context":"https:\/\/schema.org","@graph":[{"@type":"WebPage","@id":"https:\/\/www.contentguru.com\/de-de\/partner\/","url":"https:\/\/www.contentguru.com\/de-de\/partner\/","name":"Partners - Content Guru","isPartOf":{"@id":"https:\/\/www.contentguru.com\/de-de\/#website"},"datePublished":"2025-02-14T17:12:07+00:00","dateModified":"2026-03-03T17:03:31+00:00","description":"Content Guru arbeitet sowohl mit kommerziellen als auch technologischen Partnern zusammen, um erstklassige CCaaS-, UCaaS- und CX-Produkte zu liefern","breadcrumb":{"@id":"https:\/\/www.contentguru.com\/de-de\/partner\/#breadcrumb"},"inLanguage":"de","potentialAction":[{"@type":"ReadAction","target":["https:\/\/www.contentguru.com\/de-de\/partner\/"]}]},{"@type":"BreadcrumbList","@id":"https:\/\/www.contentguru.com\/de-de\/partner\/#breadcrumb","itemListElement":[{"@type":"ListItem","position":1,"name":"Home","item":"https:\/\/www.contentguru.com\/de-de\/"},{"@type":"ListItem","position":2,"name":"Partner"}]},{"@type":"WebSite","@id":"https:\/\/www.contentguru.com\/de-de\/#website","url":"https:\/\/www.contentguru.com\/de-de\/","name":"Deutsch - Content Guru","description":"","publisher":{"@id":"https:\/\/www.contentguru.com\/de-de\/#organization"},"potentialAction":[{"@type":"SearchAction","target":{"@type":"EntryPoint","urlTemplate":"https:\/\/www.contentguru.com\/de-de\/?s={search_term_string}"},"query-input":{"@type":"PropertyValueSpecification","valueRequired":true,"valueName":"search_term_string"}}],"inLanguage":"de"},{"@type":"Organization","@id":"https:\/\/www.contentguru.com\/de-de\/#organization","name":"Content Guru","url":"https:\/\/www.contentguru.com\/de-de\/","logo":{"@type":"ImageObject","inLanguage":"de","@id":"https:\/\/www.contentguru.com\/de-de\/#\/schema\/logo\/image\/","url":"https:\/\/www.contentguru.com\/de-de\/wp-content\/uploads\/sites\/9\/2025\/02\/CG-Logo-Dark-Blue_Outlines-1.svg","contentUrl":"https:\/\/www.contentguru.com\/de-de\/wp-content\/uploads\/sites\/9\/2025\/02\/CG-Logo-Dark-Blue_Outlines-1.svg","width":"1024","height":"1024","caption":"Content Guru"},"image":{"@id":"https:\/\/www.contentguru.com\/de-de\/#\/schema\/logo\/image\/"},"sameAs":["https:\/\/www.facebook.com\/ContentGuruLtd","https:\/\/x.com\/cgchirp"]}]}},"_links":{"self":[{"href":"https:\/\/www.contentguru.com\/de-de\/wp-json\/wp\/v2\/pages\/861","targetHints":{"allow":["GET"]}}],"collection":[{"href":"https:\/\/www.contentguru.com\/de-de\/wp-json\/wp\/v2\/pages"}],"about":[{"href":"https:\/\/www.contentguru.com\/de-de\/wp-json\/wp\/v2\/types\/page"}],"author":[{"embeddable":true,"href":"https:\/\/www.contentguru.com\/de-de\/wp-json\/wp\/v2\/users\/6"}],"replies":[{"embeddable":true,"href":"https:\/\/www.contentguru.com\/de-de\/wp-json\/wp\/v2\/comments?post=861"}],"version-history":[{"count":0,"href":"https:\/\/www.contentguru.com\/de-de\/wp-json\/wp\/v2\/pages\/861\/revisions"}],"wp:attachment":[{"href":"https:\/\/www.contentguru.com\/de-de\/wp-json\/wp\/v2\/media?parent=861"}],"wp:term":[{"taxonomy":"folder","embeddable":true,"href":"https:\/\/www.contentguru.com\/de-de\/wp-json\/wp\/v2\/folder?post=861"}],"curies":[{"name":"wp","href":"https:\/\/api.w.org\/{rel}","templated":true}]}}