{"id":855,"date":"2025-02-14T17:06:09","date_gmt":"2025-02-14T17:06:09","guid":{"rendered":"https:\/\/contentguru.builtbytoast.uk\/?page_id=855"},"modified":"2026-02-11T16:01:55","modified_gmt":"2026-02-11T16:01:55","slug":"bildung","status":"publish","type":"page","link":"https:\/\/www.contentguru.com\/de-de\/loesungen\/branchen\/bildung\/","title":{"rendered":"Bildung"},"content":{"rendered":"\n\n    <section class=\"block-hero toast-block no-margin no-padding\"> \n\n        \n\n    <div class=\"hero-area \" style=\"background-image:url('https:\/\/www.contentguru.com\/de-de\/wp-content\/uploads\/sites\/9\/2026\/02\/Education.png');\">\n        <div class=\"hero-overlay\" style=\"--overlay-color:#004d95d9\"><\/div>\n        <div class=\"container\">\n            <div class=\"hero-content\">\n                <h1 class=\"hero-title\">Zufriedenheit in jeder Hinsicht<\/h1>\n                <div class=\"description\"><p><span style=\"font-weight: 400\">Die Zufriedenheit der Studierenden ist ausschlaggebend daf\u00fcr, dass Sie Bewerbungen erhalten, die Qualit\u00e4t aufrechterhalten und Spenden von Ehemaligen erhalten k\u00f6nnen. Und die Zufriedenheit der Studierenden beginnt mit einer reibungslosen Kommunikation.<\/span><\/p>\n<p><a class=\"button outline pink\" href=\"https:\/\/www.contentguru.com\/de-de\/kontakt\/\"><span style=\"font-weight: 400\">Demo buchen<\/span><\/a><\/p>\n<\/div>\n                            <\/div>\n                    <\/div>\n        <div class=\"hero-swipe\" style=\"--swipe-color:#e83174\"><svg id=\"Layer_1\" xmlns=\"http:\/\/www.w3.org\/2000\/svg\" xmlns:xlink=\"http:\/\/www.w3.org\/1999\/xlink\" viewBox=\"0 0 1440 65\"><defs><linearGradient id=\"linear-gradient\" x1=\"715.4\" y1=\"80.3\" x2=\"717.3\" y2=\"18.2\" gradientUnits=\"userSpaceOnUse\"><stop offset=\".2\" stop-color=\"#f8f9eb\" stop-opacity=\"0\"><\/stop><stop offset=\".7\" stop-color=\"#0c2943\" stop-opacity=\".2\"><\/stop><\/linearGradient><\/defs><polygon points=\"1440 79 -21 79 -27 13 505 19 823.5 48.7 1440 61.5 1440 79\" style=\"fill:#f8f9eb; fill-rule:evenodd; stroke-width:0px;\"><\/polygon><polygon points=\"1440 65 0 57.8 -6.6 13 517.4 19.5 898.1 44.5 1280.9 49.8 1440 47.1 1440 65\" style=\"fill:url(#linear-gradient); fill-rule:evenodd; stroke-width:0px;\"><\/polygon><path d=\"m1440,51.5v10s-395,13-716.8-18C401.5,12.5,0,21.5,0,21.5V.5s455-2.5,713.2,31c258.2,33.5,726.8,20,726.8,20Z\" style=\"fill:#e83174; fill-rule:evenodd; stroke-width:0px;\" class=\"swipe\"><\/path><\/svg><\/div>\n    <\/div>\n    \n    <\/section>\n\n\n\n\n\n    <section class=\"block-boxed-content toast-block no-margin padding-top\"> \n\n                    <div class=\"section-title-area\">\n                <div class=\"container\">\n                                        <h2 class=\"section-title h2\">Wir sind stark in Student Experience<\/h2>\n                                            <div class=\"section-description\"><p><i><span style=\"font-weight: 400\">Unsere <\/span><\/i><b><i>hochgradig skalierbaren und zuverl\u00e4ssigen <\/i><\/b><i><span style=\"font-weight: 400\">CX-L\u00f6sungen helfen den Universit\u00e4ten, die Spitzen der Kontaktnachfrage zu bew\u00e4ltigen, z. B. am Tag der Pr\u00fcfungsergebnisse, und bieten gleichzeitig ein unterst\u00fctzendes und hyperpersonalisiertes Erlebnis f\u00fcr die Studenten.<\/span><\/i><\/p>\n<\/div>\n                                    <\/div>\n            <\/div>\n        \n\n\n<div class=\"boxed-content-wrapper with-box\">\n    <div class=\"container\">\n        <div class=\"boxed-content \" style=\"background-color:#0c2943;color:#f8f9eb\">\n                        <div class=\"box-background-image\" style=\"background-image:url('https:\/\/www.contentguru.com\/de-de\/wp-content\/uploads\/sites\/9\/2025\/02\/c4dcf3a9e4b519d13241b7c103ff462b.jpg')\"><\/div>\n            \n            \n            <div class=\"boxed-content-text\">\n                <h3>Ihr Erfolg beginnt bei den Sch\u00fclern<\/h3>\n<p><span style=\"font-weight: 400\">Ihre Sch\u00fcler sind das Zentrum Ihrer Welt. Um diese Welt am Laufen zu halten, m\u00fcssen Sie die Besten und Kl\u00fcgsten anziehen.<\/span><\/p>\n<p><span style=\"font-weight: 400\">Sprechen Sie potenzielle Studenten \u00fcber die von ihnen bevorzugten Kan\u00e4le an, sei es \u00fcber soziale Medien, SMS oder E-Mail. Unsere L\u00f6sungen sind kanal\u00fcbergreifend konzipiert, damit Sie mit Ihren zuk\u00fcnftigen Studenten in Kontakt treten k\u00f6nnen, wann, wo und wie sie es w\u00fcnschen.<\/span><\/p>\n            <\/div>\n                        <div class=\"boxed-content-image\">\n                                    <img loading=\"lazy\" decoding=\"async\" width=\"2560\" height=\"1396\" src=\"https:\/\/www.contentguru.com\/de-de\/wp-content\/uploads\/sites\/9\/2026\/02\/Education-3-scaled.png\" class=\"attachment-full size-full\" alt=\"\" srcset=\"https:\/\/www.contentguru.com\/de-de\/wp-content\/uploads\/sites\/9\/2026\/02\/Education-3-scaled.png 2560w, https:\/\/www.contentguru.com\/de-de\/wp-content\/uploads\/sites\/9\/2026\/02\/Education-3-300x164.png 300w, https:\/\/www.contentguru.com\/de-de\/wp-content\/uploads\/sites\/9\/2026\/02\/Education-3-1024x559.png 1024w, https:\/\/www.contentguru.com\/de-de\/wp-content\/uploads\/sites\/9\/2026\/02\/Education-3-768x419.png 768w, https:\/\/www.contentguru.com\/de-de\/wp-content\/uploads\/sites\/9\/2026\/02\/Education-3-1536x838.png 1536w, https:\/\/www.contentguru.com\/de-de\/wp-content\/uploads\/sites\/9\/2026\/02\/Education-3-2048x1117.png 2048w\" sizes=\"auto, (max-width: 2560px) 100vw, 2560px\" \/>                            <\/div>\n                    <\/div>\n    <\/div>\n<\/div>\n\n    \n    <\/section>\n\n\n\n\n\n    <section class=\"block-boxed-content toast-block no-margin no-padding\"> \n\n        \n\n\n<div class=\"boxed-content-wrapper with-box\">\n    <div class=\"container\">\n        <div class=\"boxed-content reversed\" style=\"background-color:#ddf3fc;color:#0c2943\">\n            \n                        <div class=\"boxed-content-image\">\n                                    <img loading=\"lazy\" decoding=\"async\" width=\"2560\" height=\"1396\" src=\"https:\/\/www.contentguru.com\/de-de\/wp-content\/uploads\/sites\/9\/2026\/02\/Education-5-scaled.png\" class=\"attachment-full size-full\" alt=\"\" srcset=\"https:\/\/www.contentguru.com\/de-de\/wp-content\/uploads\/sites\/9\/2026\/02\/Education-5-scaled.png 2560w, https:\/\/www.contentguru.com\/de-de\/wp-content\/uploads\/sites\/9\/2026\/02\/Education-5-300x164.png 300w, https:\/\/www.contentguru.com\/de-de\/wp-content\/uploads\/sites\/9\/2026\/02\/Education-5-1024x559.png 1024w, https:\/\/www.contentguru.com\/de-de\/wp-content\/uploads\/sites\/9\/2026\/02\/Education-5-768x419.png 768w, https:\/\/www.contentguru.com\/de-de\/wp-content\/uploads\/sites\/9\/2026\/02\/Education-5-1536x838.png 1536w, https:\/\/www.contentguru.com\/de-de\/wp-content\/uploads\/sites\/9\/2026\/02\/Education-5-2048x1117.png 2048w\" sizes=\"auto, (max-width: 2560px) 100vw, 2560px\" \/>                            <\/div>\n            \n            <div class=\"boxed-content-text\">\n                <h3>Unterst\u00fctzung der Lebensqualit\u00e4t<\/h3>\n<p><span style=\"font-weight: 400\">Die Erfahrung der Studenten endet nicht mit der Zulassung. Ihre Studenten sollten sich zu jeder Zeit und \u00fcber jeden Kanal an Ihre Ansprechpartner wenden k\u00f6nnen. Im Falle einer St\u00f6rung sollten Sie in der Lage sein, die Studierenden proaktiv zu informieren.<\/span><\/p>\n<p><span style=\"font-weight: 400\">Omnichannel-Funktionen erm\u00f6glichen es Studenten, \u00fcber den f\u00fcr sie am besten geeigneten Kanal Kontakt aufzunehmen. Mit marktf\u00fchrender generativer KI und Sentiment-Analyse k\u00f6nnen eingehende Kontakte identifiziert, verifiziert und weitergeleitet werden, um jedes Mal das bestm\u00f6gliche Ergebnis zu erzielen.<\/span><\/p>\n            <\/div>\n                    <\/div>\n    <\/div>\n<\/div>\n\n    \n    <\/section>\n\n\n\n\n\n    <section class=\"block-boxed-content toast-block no-margin no-padding\"> \n\n        \n\n\n<div class=\"boxed-content-wrapper with-box\">\n    <div class=\"container\">\n        <div class=\"boxed-content \" style=\"background-color:#f8f9eb;color:\">\n            \n            \n            <div class=\"boxed-content-text\">\n                <h3>Ausgehende Alumni-Kampagnen<\/h3>\n<p><span style=\"font-weight: 400\">Ihre Alumni sind sehr wertvoll. Sie m\u00fcssen diese Beziehungen aufbauen und entwickeln. Nur durch proaktive Kontakte k\u00f6nnen Sie das Beste aus Ihren Alumni-Netzwerken herausholen.<\/span><\/p>\n<p><span style=\"font-weight: 400\">Mit unserem leistungsstarken Outbound-Dialer k\u00f6nnen Sie Kampagnen \u00fcber mehrere Kan\u00e4le durchf\u00fchren und so sicherstellen, dass Sie Ihre Alumni immer erreichen k\u00f6nnen. Unsere L\u00f6sungen sind vollst\u00e4ndig PCI-DSS-konform, sodass sich Ihre Alumni sicher f\u00fchlen k\u00f6nnen, wenn sie per Telefon spenden.<\/span><\/p>\n            <\/div>\n                        <div class=\"boxed-content-image\">\n                                    <img loading=\"lazy\" decoding=\"async\" width=\"2560\" height=\"1396\" src=\"https:\/\/www.contentguru.com\/de-de\/wp-content\/uploads\/sites\/9\/2026\/02\/Education-10-scaled.png\" class=\"attachment-full size-full\" alt=\"\" srcset=\"https:\/\/www.contentguru.com\/de-de\/wp-content\/uploads\/sites\/9\/2026\/02\/Education-10-scaled.png 2560w, https:\/\/www.contentguru.com\/de-de\/wp-content\/uploads\/sites\/9\/2026\/02\/Education-10-300x164.png 300w, https:\/\/www.contentguru.com\/de-de\/wp-content\/uploads\/sites\/9\/2026\/02\/Education-10-1024x559.png 1024w, https:\/\/www.contentguru.com\/de-de\/wp-content\/uploads\/sites\/9\/2026\/02\/Education-10-768x419.png 768w, https:\/\/www.contentguru.com\/de-de\/wp-content\/uploads\/sites\/9\/2026\/02\/Education-10-1536x838.png 1536w, https:\/\/www.contentguru.com\/de-de\/wp-content\/uploads\/sites\/9\/2026\/02\/Education-10-2048x1117.png 2048w\" sizes=\"auto, (max-width: 2560px) 100vw, 2560px\" \/>                            <\/div>\n                    <\/div>\n    <\/div>\n<\/div>\n\n    \n    <\/section>\n\n\n\n\n\n    <section class=\"block-quote-slider toast-block no-margin no-padding\"> \n\n        \n\n\n    <div class=\"quote-slider-area\">\n\n                    <div class=\"quote-background-image\" style=\"background-image:url('https:\/\/www.contentguru.com\/de-de\/wp-content\/uploads\/sites\/9\/2025\/02\/5150b7a5c6c1275b72de5ce7ef12dcab-e1739201198528.jpg')\"><\/div>\n        \n        <div class=\"container\">\n\n            <div class=\"quote-slider\">\n                                    <div class=\"quote\">\n                        <div class=\"quote-logo\"><img loading=\"lazy\" decoding=\"async\" width=\"2560\" height=\"1950\" src=\"https:\/\/www.contentguru.com\/de-de\/wp-content\/uploads\/sites\/9\/2022\/06\/Kings_College_London_logo.png\" class=\"attachment-full size-full\" alt=\"\" srcset=\"https:\/\/www.contentguru.com\/de-de\/wp-content\/uploads\/sites\/9\/2022\/06\/Kings_College_London_logo.png 2560w, https:\/\/www.contentguru.com\/de-de\/wp-content\/uploads\/sites\/9\/2022\/06\/Kings_College_London_logo-300x229.png 300w, https:\/\/www.contentguru.com\/de-de\/wp-content\/uploads\/sites\/9\/2022\/06\/Kings_College_London_logo-1024x780.png 1024w, https:\/\/www.contentguru.com\/de-de\/wp-content\/uploads\/sites\/9\/2022\/06\/Kings_College_London_logo-768x585.png 768w, https:\/\/www.contentguru.com\/de-de\/wp-content\/uploads\/sites\/9\/2022\/06\/Kings_College_London_logo-1536x1170.png 1536w, https:\/\/www.contentguru.com\/de-de\/wp-content\/uploads\/sites\/9\/2022\/06\/Kings_College_London_logo-2048x1560.png 2048w\" sizes=\"auto, (max-width: 2560px) 100vw, 2560px\" \/><\/div>\n                        <div class=\"quote-content\"><p><i><span style=\"font-weight: 400\">\u2018Der Tag der Pr\u00fcfungen ist f\u00fcr unser Contact Center die kontaktst\u00e4rkste Zeit im akademischen Kalender. Innerhalb einer Stunde k\u00f6nnen wir bis zu tausend Anfragen von Studenten erhalten &#8230; <\/span><\/i><b><i>storm <\/i><\/b><i><span style=\"font-weight: 400\">hat uns geholfen, diese Herausforderung besser zu meistern. Die praktisch unbegrenzte Kapazit\u00e4t f\u00fcr die Bearbeitung von Kontakten mit einer gro\u00dfen Anzahl gleichzeitiger Anfragen in der Warteschlange in der Cloud erm\u00f6glichte es uns, die Kapazit\u00e4t unseres Contact Centers automatisch zu erh\u00f6hen und den \u00fcberm\u00e4\u00dfigen Datenverkehr zu bew\u00e4ltigen. Au\u00dferdem zahlte die Hochschule nur f\u00fcr die tats\u00e4chlich genutzte Kapazit\u00e4t; so konnten wir 99 % der Anfragen beantworten und gleichzeitig das Budget einhalten.\u2019<\/span><\/i><\/p>\n<\/div>\n                        <div class=\"quote-author\">Projektleiter<\/div>\n                        <div class=\"quote-author-position\">King&#8217;s College London<\/div>\n                    <\/div>\n                            <\/div>\n\n            <div class=\"quote-slider-controls\"><\/div>\n\n        <\/div>\n    <\/div>\n\n    \n    <\/section>\n\n\n\n\n\n    <section class=\"block-cta-list toast-block no-margin padding-both\"> \n\n        \n\n\n<div class=\"cta-list-wrapper\">\n    <div class=\"container\">\n        <div class=\"cta-list-grid grid \">\n            \t\t\t\t<div class=\"col intro\">\n\t\t\t\t\t<h3>Warum wir?<\/h3>\n<p><span style=\"font-weight: 400\">Wir bieten mehr als ein klassisches Contact Center.<\/span><\/p>\n\t\t\t\t<\/div>\n\t\t\t            <div class=\"col\">\n                                    <div class=\"cta-list-item  with-icon\">\n                                                <div class=\"col\">\n                            <div class=\"cta-list-item-image\">\n                                <img loading=\"lazy\" decoding=\"async\" width=\"140\" height=\"140\" src=\"https:\/\/www.contentguru.com\/de-de\/wp-content\/uploads\/sites\/9\/2025\/02\/Chatbot_54_3-1.png\" class=\"attachment-full size-full\" alt=\"\" \/>                            <\/div>\n                        <\/div>\n                        <div class=\"cta-list-item-content\">\n                            <h5>H\u00f6chste Leistung<\/h5>\n                            <div class=\"description\">Wir bewerten stetig die besten Komponenten der Branche.<\/div>\n                        <\/div>\n                    <\/div>\n                                    <div class=\"cta-list-item  with-icon\">\n                                                <div class=\"col\">\n                            <div class=\"cta-list-item-image\">\n                                <img loading=\"lazy\" decoding=\"async\" width=\"140\" height=\"140\" src=\"https:\/\/www.contentguru.com\/de-de\/wp-content\/uploads\/sites\/9\/2025\/02\/Scalability_86_1-1.png\" class=\"attachment-full size-full\" alt=\"\" \/>                            <\/div>\n                        <\/div>\n                        <div class=\"cta-list-item-content\">\n                            <h5>H\u00f6chste Datenintegrit\u00e4t<\/h5>\n                            <div class=\"description\">Wir sorgen f\u00fcr robuste Datensouver\u00e4nit\u00e4t, Urheberrechtsschutz und Pr\u00fcfbarkeit.<\/div>\n                        <\/div>\n                    <\/div>\n                                    <div class=\"cta-list-item  with-icon\">\n                                                <div class=\"col\">\n                            <div class=\"cta-list-item-image\">\n                                <img loading=\"lazy\" decoding=\"async\" width=\"140\" height=\"140\" src=\"https:\/\/www.contentguru.com\/de-de\/wp-content\/uploads\/sites\/9\/2025\/02\/Security_87_1-1.png\" class=\"attachment-full size-full\" alt=\"\" \/>                            <\/div>\n                        <\/div>\n                        <div class=\"cta-list-item-content\">\n                            <h5>Gr\u00f6\u00dfte Flexibilit\u00e4t<\/h5>\n                            <div class=\"description\">Wir gehen \u00fcber KI hinaus und schaffen L\u00f6sungen, die feste und flexible Pfade kombinieren.<\/div>\n                        <\/div>\n                    <\/div>\n                                    <div class=\"cta-list-item  with-icon\">\n                                                <div class=\"col\">\n                            <div class=\"cta-list-item-image\">\n                                <img loading=\"lazy\" decoding=\"async\" width=\"140\" height=\"140\" src=\"https:\/\/www.contentguru.com\/de-de\/wp-content\/uploads\/sites\/9\/2025\/02\/Medal_134_1-1.png\" class=\"attachment-full size-full\" alt=\"\" \/>                            <\/div>\n                        <\/div>\n                        <div class=\"cta-list-item-content\">\n                            <h5>Klarer Gesch\u00e4ftswert<\/h5>\n                            <div class=\"description\">Unsere realen Anwendungen liefern einen hohen ROI.<\/div>\n                        <\/div>\n                    <\/div>\n                            <\/div>\n        <\/div> \n    <\/div>\n<\/div>\n\n    \n    <\/section>\n\n","protected":false},"excerpt":{"rendered":"","protected":false},"author":6,"featured_media":0,"parent":837,"menu_order":0,"comment_status":"closed","ping_status":"closed","template":"","meta":{"_acf_changed":true,"inline_featured_image":false,"footnotes":""},"folder":[16],"class_list":["post-855","page","type-page","status-publish","hentry"],"acf":[],"yoast_head":"<!-- This site is optimized with the Yoast SEO plugin v27.5 - https:\/\/yoast.com\/product\/yoast-seo-wordpress\/ -->\n<title>Bildung - Content Guru<\/title>\n<meta name=\"description\" content=\"Die Zufriedenheit der Studierenden ist ausschlaggebend daf\u00fcr, dass Sie Bewerbungen erhalten, die Qualit\u00e4t aufrechterhalten und Spenden von Ehemaligen erhalten k\u00f6nnen. Und die Zufriedenheit der Studierenden beginnt mit einer reibungslosen Kommunikation.\" \/>\n<meta name=\"robots\" content=\"index, follow, max-snippet:-1, max-image-preview:large, max-video-preview:-1\" \/>\n<link rel=\"canonical\" href=\"https:\/\/www.contentguru.com\/de-de\/loesungen\/branchen\/bildung\/\" \/>\n<meta property=\"og:locale\" content=\"de_DE\" \/>\n<meta property=\"og:type\" content=\"article\" \/>\n<meta property=\"og:title\" content=\"Bildung - Content Guru\" \/>\n<meta property=\"og:description\" content=\"Die Zufriedenheit der Studierenden ist ausschlaggebend daf\u00fcr, dass Sie Bewerbungen erhalten, die Qualit\u00e4t aufrechterhalten und Spenden von Ehemaligen erhalten k\u00f6nnen. Und die Zufriedenheit der Studierenden beginnt mit einer reibungslosen Kommunikation.\" \/>\n<meta property=\"og:url\" content=\"https:\/\/www.contentguru.com\/de-de\/loesungen\/branchen\/bildung\/\" \/>\n<meta property=\"og:site_name\" content=\"Deutsch\" \/>\n<meta property=\"article:publisher\" content=\"https:\/\/www.facebook.com\/ContentGuruLtd\" \/>\n<meta property=\"article:modified_time\" content=\"2026-02-11T16:01:55+00:00\" \/>\n<meta name=\"twitter:card\" content=\"summary_large_image\" \/>\n<meta name=\"twitter:site\" content=\"@cgchirp\" \/>\n<meta name=\"twitter:label1\" content=\"Gesch\u00e4tzte Lesezeit\" \/>\n\t<meta name=\"twitter:data1\" content=\"5\u00a0Minuten\" \/>\n<script type=\"application\/ld+json\" class=\"yoast-schema-graph\">{\"@context\":\"https:\\\/\\\/schema.org\",\"@graph\":[{\"@type\":\"WebPage\",\"@id\":\"https:\\\/\\\/www.contentguru.com\\\/de-de\\\/loesungen\\\/branchen\\\/bildung\\\/\",\"url\":\"https:\\\/\\\/www.contentguru.com\\\/de-de\\\/loesungen\\\/branchen\\\/bildung\\\/\",\"name\":\"Bildung - Content Guru\",\"isPartOf\":{\"@id\":\"https:\\\/\\\/www.contentguru.com\\\/de-de\\\/#website\"},\"datePublished\":\"2025-02-14T17:06:09+00:00\",\"dateModified\":\"2026-02-11T16:01:55+00:00\",\"description\":\"Die Zufriedenheit der Studierenden ist ausschlaggebend daf\u00fcr, dass Sie Bewerbungen erhalten, die Qualit\u00e4t aufrechterhalten und Spenden von Ehemaligen erhalten k\u00f6nnen. Und die Zufriedenheit der Studierenden beginnt mit einer reibungslosen Kommunikation.\",\"breadcrumb\":{\"@id\":\"https:\\\/\\\/www.contentguru.com\\\/de-de\\\/loesungen\\\/branchen\\\/bildung\\\/#breadcrumb\"},\"inLanguage\":\"de\",\"potentialAction\":[{\"@type\":\"ReadAction\",\"target\":[\"https:\\\/\\\/www.contentguru.com\\\/de-de\\\/loesungen\\\/branchen\\\/bildung\\\/\"]}]},{\"@type\":\"BreadcrumbList\",\"@id\":\"https:\\\/\\\/www.contentguru.com\\\/de-de\\\/loesungen\\\/branchen\\\/bildung\\\/#breadcrumb\",\"itemListElement\":[{\"@type\":\"ListItem\",\"position\":1,\"name\":\"Home\",\"item\":\"https:\\\/\\\/www.contentguru.com\\\/de-de\\\/\"},{\"@type\":\"ListItem\",\"position\":2,\"name\":\"L\u00f6sungen\",\"item\":\"https:\\\/\\\/www.contentguru.com\\\/de-de\\\/loesungen\\\/\"},{\"@type\":\"ListItem\",\"position\":3,\"name\":\"Nach Branche\",\"item\":\"https:\\\/\\\/www.contentguru.com\\\/de-de\\\/loesungen\\\/branchen\\\/\"},{\"@type\":\"ListItem\",\"position\":4,\"name\":\"Bildung\"}]},{\"@type\":\"WebSite\",\"@id\":\"https:\\\/\\\/www.contentguru.com\\\/de-de\\\/#website\",\"url\":\"https:\\\/\\\/www.contentguru.com\\\/de-de\\\/\",\"name\":\"Deutsch - Content Guru\",\"description\":\"\",\"publisher\":{\"@id\":\"https:\\\/\\\/www.contentguru.com\\\/de-de\\\/#organization\"},\"potentialAction\":[{\"@type\":\"SearchAction\",\"target\":{\"@type\":\"EntryPoint\",\"urlTemplate\":\"https:\\\/\\\/www.contentguru.com\\\/de-de\\\/?s={search_term_string}\"},\"query-input\":{\"@type\":\"PropertyValueSpecification\",\"valueRequired\":true,\"valueName\":\"search_term_string\"}}],\"inLanguage\":\"de\"},{\"@type\":\"Organization\",\"@id\":\"https:\\\/\\\/www.contentguru.com\\\/de-de\\\/#organization\",\"name\":\"Content Guru\",\"url\":\"https:\\\/\\\/www.contentguru.com\\\/de-de\\\/\",\"logo\":{\"@type\":\"ImageObject\",\"inLanguage\":\"de\",\"@id\":\"https:\\\/\\\/www.contentguru.com\\\/de-de\\\/#\\\/schema\\\/logo\\\/image\\\/\",\"url\":\"https:\\\/\\\/www.contentguru.com\\\/de-de\\\/wp-content\\\/uploads\\\/sites\\\/9\\\/2025\\\/02\\\/CG-Logo-Dark-Blue_Outlines-1.svg\",\"contentUrl\":\"https:\\\/\\\/www.contentguru.com\\\/de-de\\\/wp-content\\\/uploads\\\/sites\\\/9\\\/2025\\\/02\\\/CG-Logo-Dark-Blue_Outlines-1.svg\",\"width\":\"1024\",\"height\":\"1024\",\"caption\":\"Content Guru\"},\"image\":{\"@id\":\"https:\\\/\\\/www.contentguru.com\\\/de-de\\\/#\\\/schema\\\/logo\\\/image\\\/\"},\"sameAs\":[\"https:\\\/\\\/www.facebook.com\\\/ContentGuruLtd\",\"https:\\\/\\\/x.com\\\/cgchirp\"]}]}<\/script>\n<!-- \/ Yoast SEO plugin. -->","yoast_head_json":{"title":"Bildung - Content Guru","description":"Die Zufriedenheit der Studierenden ist ausschlaggebend daf\u00fcr, dass Sie Bewerbungen erhalten, die Qualit\u00e4t aufrechterhalten und Spenden von Ehemaligen erhalten k\u00f6nnen. Und die Zufriedenheit der Studierenden beginnt mit einer reibungslosen Kommunikation.","robots":{"index":"index","follow":"follow","max-snippet":"max-snippet:-1","max-image-preview":"max-image-preview:large","max-video-preview":"max-video-preview:-1"},"canonical":"https:\/\/www.contentguru.com\/de-de\/loesungen\/branchen\/bildung\/","og_locale":"de_DE","og_type":"article","og_title":"Bildung - Content Guru","og_description":"Die Zufriedenheit der Studierenden ist ausschlaggebend daf\u00fcr, dass Sie Bewerbungen erhalten, die Qualit\u00e4t aufrechterhalten und Spenden von Ehemaligen erhalten k\u00f6nnen. Und die Zufriedenheit der Studierenden beginnt mit einer reibungslosen Kommunikation.","og_url":"https:\/\/www.contentguru.com\/de-de\/loesungen\/branchen\/bildung\/","og_site_name":"Deutsch","article_publisher":"https:\/\/www.facebook.com\/ContentGuruLtd","article_modified_time":"2026-02-11T16:01:55+00:00","twitter_card":"summary_large_image","twitter_site":"@cgchirp","twitter_misc":{"Gesch\u00e4tzte Lesezeit":"5\u00a0Minuten"},"schema":{"@context":"https:\/\/schema.org","@graph":[{"@type":"WebPage","@id":"https:\/\/www.contentguru.com\/de-de\/loesungen\/branchen\/bildung\/","url":"https:\/\/www.contentguru.com\/de-de\/loesungen\/branchen\/bildung\/","name":"Bildung - Content Guru","isPartOf":{"@id":"https:\/\/www.contentguru.com\/de-de\/#website"},"datePublished":"2025-02-14T17:06:09+00:00","dateModified":"2026-02-11T16:01:55+00:00","description":"Die Zufriedenheit der Studierenden ist ausschlaggebend daf\u00fcr, dass Sie Bewerbungen erhalten, die Qualit\u00e4t aufrechterhalten und Spenden von Ehemaligen erhalten k\u00f6nnen. Und die Zufriedenheit der Studierenden beginnt mit einer reibungslosen Kommunikation.","breadcrumb":{"@id":"https:\/\/www.contentguru.com\/de-de\/loesungen\/branchen\/bildung\/#breadcrumb"},"inLanguage":"de","potentialAction":[{"@type":"ReadAction","target":["https:\/\/www.contentguru.com\/de-de\/loesungen\/branchen\/bildung\/"]}]},{"@type":"BreadcrumbList","@id":"https:\/\/www.contentguru.com\/de-de\/loesungen\/branchen\/bildung\/#breadcrumb","itemListElement":[{"@type":"ListItem","position":1,"name":"Home","item":"https:\/\/www.contentguru.com\/de-de\/"},{"@type":"ListItem","position":2,"name":"L\u00f6sungen","item":"https:\/\/www.contentguru.com\/de-de\/loesungen\/"},{"@type":"ListItem","position":3,"name":"Nach Branche","item":"https:\/\/www.contentguru.com\/de-de\/loesungen\/branchen\/"},{"@type":"ListItem","position":4,"name":"Bildung"}]},{"@type":"WebSite","@id":"https:\/\/www.contentguru.com\/de-de\/#website","url":"https:\/\/www.contentguru.com\/de-de\/","name":"Deutsch - Content Guru","description":"","publisher":{"@id":"https:\/\/www.contentguru.com\/de-de\/#organization"},"potentialAction":[{"@type":"SearchAction","target":{"@type":"EntryPoint","urlTemplate":"https:\/\/www.contentguru.com\/de-de\/?s={search_term_string}"},"query-input":{"@type":"PropertyValueSpecification","valueRequired":true,"valueName":"search_term_string"}}],"inLanguage":"de"},{"@type":"Organization","@id":"https:\/\/www.contentguru.com\/de-de\/#organization","name":"Content Guru","url":"https:\/\/www.contentguru.com\/de-de\/","logo":{"@type":"ImageObject","inLanguage":"de","@id":"https:\/\/www.contentguru.com\/de-de\/#\/schema\/logo\/image\/","url":"https:\/\/www.contentguru.com\/de-de\/wp-content\/uploads\/sites\/9\/2025\/02\/CG-Logo-Dark-Blue_Outlines-1.svg","contentUrl":"https:\/\/www.contentguru.com\/de-de\/wp-content\/uploads\/sites\/9\/2025\/02\/CG-Logo-Dark-Blue_Outlines-1.svg","width":"1024","height":"1024","caption":"Content Guru"},"image":{"@id":"https:\/\/www.contentguru.com\/de-de\/#\/schema\/logo\/image\/"},"sameAs":["https:\/\/www.facebook.com\/ContentGuruLtd","https:\/\/x.com\/cgchirp"]}]}},"_links":{"self":[{"href":"https:\/\/www.contentguru.com\/de-de\/wp-json\/wp\/v2\/pages\/855","targetHints":{"allow":["GET"]}}],"collection":[{"href":"https:\/\/www.contentguru.com\/de-de\/wp-json\/wp\/v2\/pages"}],"about":[{"href":"https:\/\/www.contentguru.com\/de-de\/wp-json\/wp\/v2\/types\/page"}],"author":[{"embeddable":true,"href":"https:\/\/www.contentguru.com\/de-de\/wp-json\/wp\/v2\/users\/6"}],"replies":[{"embeddable":true,"href":"https:\/\/www.contentguru.com\/de-de\/wp-json\/wp\/v2\/comments?post=855"}],"version-history":[{"count":0,"href":"https:\/\/www.contentguru.com\/de-de\/wp-json\/wp\/v2\/pages\/855\/revisions"}],"up":[{"embeddable":true,"href":"https:\/\/www.contentguru.com\/de-de\/wp-json\/wp\/v2\/pages\/837"}],"wp:attachment":[{"href":"https:\/\/www.contentguru.com\/de-de\/wp-json\/wp\/v2\/media?parent=855"}],"wp:term":[{"taxonomy":"folder","embeddable":true,"href":"https:\/\/www.contentguru.com\/de-de\/wp-json\/wp\/v2\/folder?post=855"}],"curies":[{"name":"wp","href":"https:\/\/api.w.org\/{rel}","templated":true}]}}