{"id":845,"date":"2025-02-14T17:02:57","date_gmt":"2025-02-14T17:02:57","guid":{"rendered":"https:\/\/contentguru.builtbytoast.uk\/?page_id=845"},"modified":"2026-02-11T16:10:51","modified_gmt":"2026-02-11T16:10:51","slug":"finanzdienstleistungen","status":"publish","type":"page","link":"https:\/\/www.contentguru.com\/de-de\/loesungen\/branchen\/finanzdienstleistungen\/","title":{"rendered":"Finanzdienstleistungen"},"content":{"rendered":"\n\n    <section class=\"block-hero toast-block no-margin no-padding\"> \n\n        \n\n    <div class=\"hero-area \" style=\"background-image:url('https:\/\/www.contentguru.com\/de-de\/wp-content\/uploads\/sites\/9\/2026\/02\/Financial.jpg');\">\n        <div class=\"hero-overlay\" style=\"--overlay-color:#004d95d9\"><\/div>\n        <div class=\"container\">\n            <div class=\"hero-content\">\n                <h1 class=\"hero-title\">CX-L\u00f6sungen f\u00fcr das Finanzwesen<\/h1>\n                <div class=\"description\"><p><span style=\"font-weight: 400\">Wenn die Finanzen der Kunden auf dem Spiel stehen, m\u00fcssen Sie schnell handeln k\u00f6nnen. Bieten Sie Ihrem team und Kunden das bestm\u00f6gliche Erlebnis, ohne die Sicherheit zu gef\u00e4hrden.<\/span><\/p>\n<p><a class=\"button outline pink\" href=\"https:\/\/www.contentguru.com\/de-de\/kontakt\/\"><span style=\"font-weight: 400\">Demo buchen<\/span><\/a><\/p>\n<\/div>\n                            <\/div>\n                    <\/div>\n        <div class=\"hero-swipe\" style=\"--swipe-color:#e83174\"><svg id=\"Layer_1\" xmlns=\"http:\/\/www.w3.org\/2000\/svg\" xmlns:xlink=\"http:\/\/www.w3.org\/1999\/xlink\" viewBox=\"0 0 1440 65\"><defs><linearGradient id=\"linear-gradient\" x1=\"715.4\" y1=\"80.3\" x2=\"717.3\" y2=\"18.2\" gradientUnits=\"userSpaceOnUse\"><stop offset=\".2\" stop-color=\"#f8f9eb\" stop-opacity=\"0\"><\/stop><stop offset=\".7\" stop-color=\"#0c2943\" stop-opacity=\".2\"><\/stop><\/linearGradient><\/defs><polygon points=\"1440 79 -21 79 -27 13 505 19 823.5 48.7 1440 61.5 1440 79\" style=\"fill:#f8f9eb; fill-rule:evenodd; stroke-width:0px;\"><\/polygon><polygon points=\"1440 65 0 57.8 -6.6 13 517.4 19.5 898.1 44.5 1280.9 49.8 1440 47.1 1440 65\" style=\"fill:url(#linear-gradient); fill-rule:evenodd; stroke-width:0px;\"><\/polygon><path d=\"m1440,51.5v10s-395,13-716.8-18C401.5,12.5,0,21.5,0,21.5V.5s455-2.5,713.2,31c258.2,33.5,726.8,20,726.8,20Z\" style=\"fill:#e83174; fill-rule:evenodd; stroke-width:0px;\" class=\"swipe\"><\/path><\/svg><\/div>\n    <\/div>\n    \n    <\/section>\n\n\n\n\n\n    <section class=\"block-boxed-content toast-block no-margin padding-top\"> \n\n                    <div class=\"section-title-area\">\n                <div class=\"container\">\n                                        <h2 class=\"section-title h2\">Finanzdienstleister vertrauen auf uns<\/h2>\n                                            <div class=\"section-description\"><p><i><span style=\"font-weight: 400\">Die gr\u00f6\u00dften Finanzunternehmen der Welt vertrauen darauf, dass wir zuverl\u00e4ssig ein H\u00f6chstma\u00df an <\/span><\/i><b><i>Verf\u00fcgbarkeit <\/i><\/b><i><span style=\"font-weight: 400\">und <\/span><\/i><b><i>Sicherheit <\/i><\/b><i><span style=\"font-weight: 400\">bieten und <\/span><\/i><b><i>die Kundenzufriedenheit messbar verbessern<\/i><\/b><i><span style=\"font-weight: 400\">.<\/span><\/i><\/p>\n<\/div>\n                                    <\/div>\n            <\/div>\n        \n\n\n<div class=\"boxed-content-wrapper with-box\">\n    <div class=\"container\">\n        <div class=\"boxed-content \" style=\"background-color:#0c2943;color:#f8f9eb\">\n                        <div class=\"box-background-image\" style=\"background-image:url('https:\/\/www.contentguru.com\/de-de\/wp-content\/uploads\/sites\/9\/2025\/02\/c4dcf3a9e4b519d13241b7c103ff462b.jpg')\"><\/div>\n            \n            \n            <div class=\"boxed-content-text\">\n                <h3>Jede Interaktion ist wertvoll<\/h3>\n<p><span style=\"font-weight: 400\">Im Finanzdienstleistungssektor ist jeder Kundenkontakt eine M\u00f6glichkeit, Vertrauen aufzubauen.<\/span><\/p>\n<p><span style=\"font-weight: 400\">Wenn es um Kundengelder und sensible Daten geht, brauchen Sie eine Kommunikationsl\u00f6sung, die flexibel, zuverl\u00e4ssig ist und st\u00e4ndig aktualisiert wird. Ihre Mitarbeiter brauchen Tools, mit denen sie sich auf das konzentrieren k\u00f6nnen, was am wichtigsten ist &#8211; den Aufbau echter Kundenbeziehungen.<\/span><\/p>\n<p><span style=\"font-weight: 400\">Sind Sie neugierig, wie unsere L\u00f6sungen Ihre Kundenkommunikation ver\u00e4ndern k\u00f6nnen?<\/span><\/p>\n            <\/div>\n                        <div class=\"boxed-content-image\">\n                                    <img loading=\"lazy\" decoding=\"async\" width=\"2560\" height=\"1396\" src=\"https:\/\/www.contentguru.com\/de-de\/wp-content\/uploads\/sites\/9\/2026\/02\/Financial-10-scaled.png\" class=\"attachment-full size-full\" alt=\"\" srcset=\"https:\/\/www.contentguru.com\/de-de\/wp-content\/uploads\/sites\/9\/2026\/02\/Financial-10-scaled.png 2560w, https:\/\/www.contentguru.com\/de-de\/wp-content\/uploads\/sites\/9\/2026\/02\/Financial-10-300x164.png 300w, https:\/\/www.contentguru.com\/de-de\/wp-content\/uploads\/sites\/9\/2026\/02\/Financial-10-1024x559.png 1024w, https:\/\/www.contentguru.com\/de-de\/wp-content\/uploads\/sites\/9\/2026\/02\/Financial-10-768x419.png 768w, https:\/\/www.contentguru.com\/de-de\/wp-content\/uploads\/sites\/9\/2026\/02\/Financial-10-1536x838.png 1536w, https:\/\/www.contentguru.com\/de-de\/wp-content\/uploads\/sites\/9\/2026\/02\/Financial-10-2048x1117.png 2048w\" sizes=\"auto, (max-width: 2560px) 100vw, 2560px\" \/>                            <\/div>\n                    <\/div>\n    <\/div>\n<\/div>\n\n    \n    <\/section>\n\n\n\n\n\n    <section class=\"block-boxed-content toast-block no-margin no-padding\"> \n\n        \n\n\n<div class=\"boxed-content-wrapper with-box\">\n    <div class=\"container\">\n        <div class=\"boxed-content reversed\" style=\"background-color:#ddf3fc;color:#0c2943\">\n            \n                        <div class=\"boxed-content-image\">\n                                    <img loading=\"lazy\" decoding=\"async\" width=\"2560\" height=\"1396\" src=\"https:\/\/www.contentguru.com\/de-de\/wp-content\/uploads\/sites\/9\/2026\/02\/Financial-5-scaled.png\" class=\"attachment-full size-full\" alt=\"\" srcset=\"https:\/\/www.contentguru.com\/de-de\/wp-content\/uploads\/sites\/9\/2026\/02\/Financial-5-scaled.png 2560w, https:\/\/www.contentguru.com\/de-de\/wp-content\/uploads\/sites\/9\/2026\/02\/Financial-5-300x164.png 300w, https:\/\/www.contentguru.com\/de-de\/wp-content\/uploads\/sites\/9\/2026\/02\/Financial-5-1024x559.png 1024w, https:\/\/www.contentguru.com\/de-de\/wp-content\/uploads\/sites\/9\/2026\/02\/Financial-5-768x419.png 768w, https:\/\/www.contentguru.com\/de-de\/wp-content\/uploads\/sites\/9\/2026\/02\/Financial-5-1536x838.png 1536w, https:\/\/www.contentguru.com\/de-de\/wp-content\/uploads\/sites\/9\/2026\/02\/Financial-5-2048x1117.png 2048w\" sizes=\"auto, (max-width: 2560px) 100vw, 2560px\" \/>                            <\/div>\n            \n            <div class=\"boxed-content-text\">\n                <h3>KI f\u00fcr Finanzdienstleistungen<\/h3>\n<p><span style=\"font-weight: 400\">Finanzdienstleister setzen auf intelligente Automatisierung, um die Produktivit\u00e4t zu steigern und Kosten zu senken. Ist Ihr Unternehmen bereit, sich ihnen anzuschlie\u00dfen?<\/span><\/p>\n<p><span style=\"font-weight: 400\">Unsere KI-gesteuerten L\u00f6sungen automatisieren Interaktionen und erm\u00f6glichen es Kunden, sich selbst zu helfen. Konversations-Chatbots leiten Kunden zu den besten verf\u00fcgbaren Ergebnissen; Agent Assist unterst\u00fctzt Agenten, indem es w\u00e4hrend der Interaktion Skriptvorschl\u00e4ge generiert; Echtzeit-Transkription und -Zusammenfassung automatisiert die Verwaltung nach dem Anruf, sodass die Agenten direkt zur n\u00e4chsten Interaktion \u00fcbergehen k\u00f6nnen. <\/span><\/p>\n            <\/div>\n                    <\/div>\n    <\/div>\n<\/div>\n\n    \n    <\/section>\n\n\n\n\n\n    <section class=\"block-cta-list toast-block no-margin padding-both\"> \n\n        \n\n\n<div class=\"cta-list-wrapper\">\n    <div class=\"container\">\n        <div class=\"cta-list-grid grid \">\n            \t\t\t\t<div class=\"col intro\">\n\t\t\t\t\t<h3>Warum wir?<\/h3>\n<p><span style=\"font-weight: 400\">Wir bieten mehr als ein klassisches Contact Center.<\/span><\/p>\n\t\t\t\t<\/div>\n\t\t\t            <div class=\"col\">\n                                    <div class=\"cta-list-item  with-icon\">\n                                                <div class=\"col\">\n                            <div class=\"cta-list-item-image\">\n                                <img loading=\"lazy\" decoding=\"async\" width=\"140\" height=\"140\" src=\"https:\/\/www.contentguru.com\/de-de\/wp-content\/uploads\/sites\/9\/2025\/02\/Chatbot_54_3-1.png\" class=\"attachment-full size-full\" alt=\"\" \/>                            <\/div>\n                        <\/div>\n                        <div class=\"cta-list-item-content\">\n                            <h5>H\u00f6chste Leistung<\/h5>\n                            <div class=\"description\">Wir bewerten stetig die besten Komponenten der Branche.<\/div>\n                        <\/div>\n                    <\/div>\n                                    <div class=\"cta-list-item  with-icon\">\n                                                <div class=\"col\">\n                            <div class=\"cta-list-item-image\">\n                                <img loading=\"lazy\" decoding=\"async\" width=\"140\" height=\"140\" src=\"https:\/\/www.contentguru.com\/de-de\/wp-content\/uploads\/sites\/9\/2025\/02\/Scalability_86_1-1.png\" class=\"attachment-full size-full\" alt=\"\" \/>                            <\/div>\n                        <\/div>\n                        <div class=\"cta-list-item-content\">\n                            <h5>H\u00f6chste Datenintegrit\u00e4t<\/h5>\n                            <div class=\"description\">Wir sorgen f\u00fcr robuste Datensouver\u00e4nit\u00e4t, Urheberrechtsschutz und Pr\u00fcfbarkeit.<\/div>\n                        <\/div>\n                    <\/div>\n                                    <div class=\"cta-list-item  with-icon\">\n                                                <div class=\"col\">\n                            <div class=\"cta-list-item-image\">\n                                <img loading=\"lazy\" decoding=\"async\" width=\"140\" height=\"140\" src=\"https:\/\/www.contentguru.com\/de-de\/wp-content\/uploads\/sites\/9\/2025\/02\/Security_87_1-1.png\" class=\"attachment-full size-full\" alt=\"\" \/>                            <\/div>\n                        <\/div>\n                        <div class=\"cta-list-item-content\">\n                            <h5>Gr\u00f6\u00dfte Flexibilit\u00e4t<\/h5>\n                            <div class=\"description\">Wir gehen \u00fcber KI hinaus und schaffen L\u00f6sungen, die feste und flexible L\u00f6sungen kombinieren.<\/div>\n                        <\/div>\n                    <\/div>\n                                    <div class=\"cta-list-item  with-icon\">\n                                                <div class=\"col\">\n                            <div class=\"cta-list-item-image\">\n                                <img loading=\"lazy\" decoding=\"async\" width=\"140\" height=\"140\" src=\"https:\/\/www.contentguru.com\/de-de\/wp-content\/uploads\/sites\/9\/2025\/02\/Medal_134_1-1.png\" class=\"attachment-full size-full\" alt=\"\" \/>                            <\/div>\n                        <\/div>\n                        <div class=\"cta-list-item-content\">\n                            <h5>Klarer Gesch\u00e4ftswert<\/h5>\n                            <div class=\"description\">Unsere Anwendungen liefern einen hohen ROI.<\/div>\n                        <\/div>\n                    <\/div>\n                            <\/div>\n        <\/div> \n    <\/div>\n<\/div>\n\n    \n    <\/section>\n\n","protected":false},"excerpt":{"rendered":"","protected":false},"author":6,"featured_media":0,"parent":837,"menu_order":0,"comment_status":"closed","ping_status":"closed","template":"","meta":{"_acf_changed":true,"inline_featured_image":false,"footnotes":""},"folder":[16],"class_list":["post-845","page","type-page","status-publish","hentry"],"acf":[],"yoast_head":"<!-- This site is optimized with the Yoast SEO plugin v27.5 - https:\/\/yoast.com\/product\/yoast-seo-wordpress\/ -->\n<title>Finanzdienstleistungen - Content Guru<\/title>\n<meta name=\"description\" content=\"Entdecken Sie, wie storm\u00ae Ihre CX verbessern kann und beginnen Sie Ihre digitale Transformation im Finanzsektor\" \/>\n<meta name=\"robots\" content=\"index, follow, max-snippet:-1, max-image-preview:large, max-video-preview:-1\" \/>\n<link rel=\"canonical\" href=\"https:\/\/www.contentguru.com\/de-de\/loesungen\/branchen\/finanzdienstleistungen\/\" \/>\n<meta property=\"og:locale\" content=\"de_DE\" \/>\n<meta property=\"og:type\" content=\"article\" \/>\n<meta property=\"og:title\" content=\"Finanzdienstleistungen - Content Guru\" \/>\n<meta property=\"og:description\" content=\"Entdecken Sie, wie storm\u00ae Ihre CX verbessern kann und beginnen Sie Ihre digitale Transformation im Finanzsektor\" \/>\n<meta property=\"og:url\" content=\"https:\/\/www.contentguru.com\/de-de\/loesungen\/branchen\/finanzdienstleistungen\/\" \/>\n<meta property=\"og:site_name\" content=\"Deutsch\" \/>\n<meta property=\"article:publisher\" content=\"https:\/\/www.facebook.com\/ContentGuruLtd\" \/>\n<meta property=\"article:modified_time\" content=\"2026-02-11T16:10:51+00:00\" \/>\n<meta name=\"twitter:card\" content=\"summary_large_image\" \/>\n<meta name=\"twitter:site\" content=\"@cgchirp\" \/>\n<meta name=\"twitter:label1\" content=\"Gesch\u00e4tzte Lesezeit\" \/>\n\t<meta name=\"twitter:data1\" content=\"3\u00a0Minuten\" \/>\n<script type=\"application\/ld+json\" class=\"yoast-schema-graph\">{\"@context\":\"https:\\\/\\\/schema.org\",\"@graph\":[{\"@type\":\"WebPage\",\"@id\":\"https:\\\/\\\/www.contentguru.com\\\/de-de\\\/loesungen\\\/branchen\\\/finanzdienstleistungen\\\/\",\"url\":\"https:\\\/\\\/www.contentguru.com\\\/de-de\\\/loesungen\\\/branchen\\\/finanzdienstleistungen\\\/\",\"name\":\"Finanzdienstleistungen - Content Guru\",\"isPartOf\":{\"@id\":\"https:\\\/\\\/www.contentguru.com\\\/de-de\\\/#website\"},\"datePublished\":\"2025-02-14T17:02:57+00:00\",\"dateModified\":\"2026-02-11T16:10:51+00:00\",\"description\":\"Entdecken Sie, wie storm\u00ae Ihre CX verbessern kann und beginnen Sie Ihre digitale Transformation im Finanzsektor\",\"breadcrumb\":{\"@id\":\"https:\\\/\\\/www.contentguru.com\\\/de-de\\\/loesungen\\\/branchen\\\/finanzdienstleistungen\\\/#breadcrumb\"},\"inLanguage\":\"de\",\"potentialAction\":[{\"@type\":\"ReadAction\",\"target\":[\"https:\\\/\\\/www.contentguru.com\\\/de-de\\\/loesungen\\\/branchen\\\/finanzdienstleistungen\\\/\"]}]},{\"@type\":\"BreadcrumbList\",\"@id\":\"https:\\\/\\\/www.contentguru.com\\\/de-de\\\/loesungen\\\/branchen\\\/finanzdienstleistungen\\\/#breadcrumb\",\"itemListElement\":[{\"@type\":\"ListItem\",\"position\":1,\"name\":\"Home\",\"item\":\"https:\\\/\\\/www.contentguru.com\\\/de-de\\\/\"},{\"@type\":\"ListItem\",\"position\":2,\"name\":\"L\u00f6sungen\",\"item\":\"https:\\\/\\\/www.contentguru.com\\\/de-de\\\/loesungen\\\/\"},{\"@type\":\"ListItem\",\"position\":3,\"name\":\"Nach Branche\",\"item\":\"https:\\\/\\\/www.contentguru.com\\\/de-de\\\/loesungen\\\/branchen\\\/\"},{\"@type\":\"ListItem\",\"position\":4,\"name\":\"Finanzdienstleistungen\"}]},{\"@type\":\"WebSite\",\"@id\":\"https:\\\/\\\/www.contentguru.com\\\/de-de\\\/#website\",\"url\":\"https:\\\/\\\/www.contentguru.com\\\/de-de\\\/\",\"name\":\"Deutsch - Content Guru\",\"description\":\"\",\"publisher\":{\"@id\":\"https:\\\/\\\/www.contentguru.com\\\/de-de\\\/#organization\"},\"potentialAction\":[{\"@type\":\"SearchAction\",\"target\":{\"@type\":\"EntryPoint\",\"urlTemplate\":\"https:\\\/\\\/www.contentguru.com\\\/de-de\\\/?s={search_term_string}\"},\"query-input\":{\"@type\":\"PropertyValueSpecification\",\"valueRequired\":true,\"valueName\":\"search_term_string\"}}],\"inLanguage\":\"de\"},{\"@type\":\"Organization\",\"@id\":\"https:\\\/\\\/www.contentguru.com\\\/de-de\\\/#organization\",\"name\":\"Content Guru\",\"url\":\"https:\\\/\\\/www.contentguru.com\\\/de-de\\\/\",\"logo\":{\"@type\":\"ImageObject\",\"inLanguage\":\"de\",\"@id\":\"https:\\\/\\\/www.contentguru.com\\\/de-de\\\/#\\\/schema\\\/logo\\\/image\\\/\",\"url\":\"https:\\\/\\\/www.contentguru.com\\\/de-de\\\/wp-content\\\/uploads\\\/sites\\\/9\\\/2025\\\/02\\\/CG-Logo-Dark-Blue_Outlines-1.svg\",\"contentUrl\":\"https:\\\/\\\/www.contentguru.com\\\/de-de\\\/wp-content\\\/uploads\\\/sites\\\/9\\\/2025\\\/02\\\/CG-Logo-Dark-Blue_Outlines-1.svg\",\"width\":\"1024\",\"height\":\"1024\",\"caption\":\"Content Guru\"},\"image\":{\"@id\":\"https:\\\/\\\/www.contentguru.com\\\/de-de\\\/#\\\/schema\\\/logo\\\/image\\\/\"},\"sameAs\":[\"https:\\\/\\\/www.facebook.com\\\/ContentGuruLtd\",\"https:\\\/\\\/x.com\\\/cgchirp\"]}]}<\/script>\n<!-- \/ Yoast SEO plugin. -->","yoast_head_json":{"title":"Finanzdienstleistungen - Content Guru","description":"Entdecken Sie, wie storm\u00ae Ihre CX verbessern kann und beginnen Sie Ihre digitale Transformation im Finanzsektor","robots":{"index":"index","follow":"follow","max-snippet":"max-snippet:-1","max-image-preview":"max-image-preview:large","max-video-preview":"max-video-preview:-1"},"canonical":"https:\/\/www.contentguru.com\/de-de\/loesungen\/branchen\/finanzdienstleistungen\/","og_locale":"de_DE","og_type":"article","og_title":"Finanzdienstleistungen - Content Guru","og_description":"Entdecken Sie, wie storm\u00ae Ihre CX verbessern kann und beginnen Sie Ihre digitale Transformation im Finanzsektor","og_url":"https:\/\/www.contentguru.com\/de-de\/loesungen\/branchen\/finanzdienstleistungen\/","og_site_name":"Deutsch","article_publisher":"https:\/\/www.facebook.com\/ContentGuruLtd","article_modified_time":"2026-02-11T16:10:51+00:00","twitter_card":"summary_large_image","twitter_site":"@cgchirp","twitter_misc":{"Gesch\u00e4tzte Lesezeit":"3\u00a0Minuten"},"schema":{"@context":"https:\/\/schema.org","@graph":[{"@type":"WebPage","@id":"https:\/\/www.contentguru.com\/de-de\/loesungen\/branchen\/finanzdienstleistungen\/","url":"https:\/\/www.contentguru.com\/de-de\/loesungen\/branchen\/finanzdienstleistungen\/","name":"Finanzdienstleistungen - Content Guru","isPartOf":{"@id":"https:\/\/www.contentguru.com\/de-de\/#website"},"datePublished":"2025-02-14T17:02:57+00:00","dateModified":"2026-02-11T16:10:51+00:00","description":"Entdecken Sie, wie storm\u00ae Ihre CX verbessern kann und beginnen Sie Ihre digitale Transformation im Finanzsektor","breadcrumb":{"@id":"https:\/\/www.contentguru.com\/de-de\/loesungen\/branchen\/finanzdienstleistungen\/#breadcrumb"},"inLanguage":"de","potentialAction":[{"@type":"ReadAction","target":["https:\/\/www.contentguru.com\/de-de\/loesungen\/branchen\/finanzdienstleistungen\/"]}]},{"@type":"BreadcrumbList","@id":"https:\/\/www.contentguru.com\/de-de\/loesungen\/branchen\/finanzdienstleistungen\/#breadcrumb","itemListElement":[{"@type":"ListItem","position":1,"name":"Home","item":"https:\/\/www.contentguru.com\/de-de\/"},{"@type":"ListItem","position":2,"name":"L\u00f6sungen","item":"https:\/\/www.contentguru.com\/de-de\/loesungen\/"},{"@type":"ListItem","position":3,"name":"Nach Branche","item":"https:\/\/www.contentguru.com\/de-de\/loesungen\/branchen\/"},{"@type":"ListItem","position":4,"name":"Finanzdienstleistungen"}]},{"@type":"WebSite","@id":"https:\/\/www.contentguru.com\/de-de\/#website","url":"https:\/\/www.contentguru.com\/de-de\/","name":"Deutsch - Content Guru","description":"","publisher":{"@id":"https:\/\/www.contentguru.com\/de-de\/#organization"},"potentialAction":[{"@type":"SearchAction","target":{"@type":"EntryPoint","urlTemplate":"https:\/\/www.contentguru.com\/de-de\/?s={search_term_string}"},"query-input":{"@type":"PropertyValueSpecification","valueRequired":true,"valueName":"search_term_string"}}],"inLanguage":"de"},{"@type":"Organization","@id":"https:\/\/www.contentguru.com\/de-de\/#organization","name":"Content Guru","url":"https:\/\/www.contentguru.com\/de-de\/","logo":{"@type":"ImageObject","inLanguage":"de","@id":"https:\/\/www.contentguru.com\/de-de\/#\/schema\/logo\/image\/","url":"https:\/\/www.contentguru.com\/de-de\/wp-content\/uploads\/sites\/9\/2025\/02\/CG-Logo-Dark-Blue_Outlines-1.svg","contentUrl":"https:\/\/www.contentguru.com\/de-de\/wp-content\/uploads\/sites\/9\/2025\/02\/CG-Logo-Dark-Blue_Outlines-1.svg","width":"1024","height":"1024","caption":"Content Guru"},"image":{"@id":"https:\/\/www.contentguru.com\/de-de\/#\/schema\/logo\/image\/"},"sameAs":["https:\/\/www.facebook.com\/ContentGuruLtd","https:\/\/x.com\/cgchirp"]}]}},"_links":{"self":[{"href":"https:\/\/www.contentguru.com\/de-de\/wp-json\/wp\/v2\/pages\/845","targetHints":{"allow":["GET"]}}],"collection":[{"href":"https:\/\/www.contentguru.com\/de-de\/wp-json\/wp\/v2\/pages"}],"about":[{"href":"https:\/\/www.contentguru.com\/de-de\/wp-json\/wp\/v2\/types\/page"}],"author":[{"embeddable":true,"href":"https:\/\/www.contentguru.com\/de-de\/wp-json\/wp\/v2\/users\/6"}],"replies":[{"embeddable":true,"href":"https:\/\/www.contentguru.com\/de-de\/wp-json\/wp\/v2\/comments?post=845"}],"version-history":[{"count":0,"href":"https:\/\/www.contentguru.com\/de-de\/wp-json\/wp\/v2\/pages\/845\/revisions"}],"up":[{"embeddable":true,"href":"https:\/\/www.contentguru.com\/de-de\/wp-json\/wp\/v2\/pages\/837"}],"wp:attachment":[{"href":"https:\/\/www.contentguru.com\/de-de\/wp-json\/wp\/v2\/media?parent=845"}],"wp:term":[{"taxonomy":"folder","embeddable":true,"href":"https:\/\/www.contentguru.com\/de-de\/wp-json\/wp\/v2\/folder?post=845"}],"curies":[{"name":"wp","href":"https:\/\/api.w.org\/{rel}","templated":true}]}}