{"id":839,"date":"2025-02-14T16:29:36","date_gmt":"2025-02-14T16:29:36","guid":{"rendered":"https:\/\/contentguru.builtbytoast.uk\/?page_id=839"},"modified":"2026-02-11T15:51:54","modified_gmt":"2026-02-11T15:51:54","slug":"bau-fertigung-immobilien","status":"publish","type":"page","link":"https:\/\/www.contentguru.com\/de-de\/loesungen\/branchen\/bau-fertigung-immobilien\/","title":{"rendered":"Bau, Fertigung &amp; Immobilien"},"content":{"rendered":"\n\n    <section class=\"block-hero toast-block no-margin no-padding\"> \n\n        \n\n    <div class=\"hero-area \" style=\"background-image:url('https:\/\/www.contentguru.com\/de-de\/wp-content\/uploads\/sites\/9\/2026\/02\/Construction.png');\">\n        <div class=\"hero-overlay\" style=\"--overlay-color:#004d95d9\"><\/div>\n        <div class=\"container\">\n            <div class=\"hero-content\">\n                <h1 class=\"hero-title\">Auf unsere CX <br \/>\r\nk\u00f6nnen Sie bauen<\/h1>\n                <div class=\"description\"><p><span style=\"font-weight: 400\">Vom Bau bis zur Wartung, von der Miete bis zum Kauf;<br \/>\nau\u00dfergew\u00f6hnliche Kundenerfahrungen bilden die Grundlage f\u00fcr den Erfolg.<\/span><\/p>\n<\/div>\n                                <div class=\"hero-buttons\">\n                                                                    <a href=\"https:\/\/www.contentguru.com\/de-de\/kontakt\/\" target=\"\" class=\"button standard\">Demo buchen<\/a>\n                                                            <\/div>\n                            <\/div>\n                    <\/div>\n        <div class=\"hero-swipe\" style=\"--swipe-color:#e83174\"><svg id=\"Layer_1\" xmlns=\"http:\/\/www.w3.org\/2000\/svg\" xmlns:xlink=\"http:\/\/www.w3.org\/1999\/xlink\" viewBox=\"0 0 1440 65\"><defs><linearGradient id=\"linear-gradient\" x1=\"715.4\" y1=\"80.3\" x2=\"717.3\" y2=\"18.2\" gradientUnits=\"userSpaceOnUse\"><stop offset=\".2\" stop-color=\"#f8f9eb\" stop-opacity=\"0\"><\/stop><stop offset=\".7\" stop-color=\"#0c2943\" stop-opacity=\".2\"><\/stop><\/linearGradient><\/defs><polygon points=\"1440 79 -21 79 -27 13 505 19 823.5 48.7 1440 61.5 1440 79\" style=\"fill:#f8f9eb; fill-rule:evenodd; stroke-width:0px;\"><\/polygon><polygon points=\"1440 65 0 57.8 -6.6 13 517.4 19.5 898.1 44.5 1280.9 49.8 1440 47.1 1440 65\" style=\"fill:url(#linear-gradient); fill-rule:evenodd; stroke-width:0px;\"><\/polygon><path d=\"m1440,51.5v10s-395,13-716.8-18C401.5,12.5,0,21.5,0,21.5V.5s455-2.5,713.2,31c258.2,33.5,726.8,20,726.8,20Z\" style=\"fill:#e83174; fill-rule:evenodd; stroke-width:0px;\" class=\"swipe\"><\/path><\/svg><\/div>\n    <\/div>\n    \n    <\/section>\n\n\n\n\n\n    <section class=\"block-columns toast-block thin-container no-margin padding-top\"> \n\n                    <div class=\"section-title-area\">\n                <div class=\"container\">\n                                        <h2 class=\"section-title h3\">Wir sind f\u00fchrend in CX f\u00fcr Bau, Fertigung und Immobilien<\/h2>\n                                            <div class=\"section-description\"><p><span style=\"font-weight: 400\">Unsere Cloud-L\u00f6sungen bieten <\/span><b>un\u00fcbertroffene Zuverl\u00e4ssigkeit und Verf\u00fcgbarkeit <\/b><span style=\"font-weight: 400\">f\u00fcr Ihre mobilen Teams, <\/span><b>proaktive Kommunikationsfunktionen <\/b><span style=\"font-weight: 400\">und eine <\/span><b>vollst\u00e4ndige <\/b><span style=\"font-weight: 400\">Abdeckung der <\/span><b>Einhaltung gesetzlicher Vorschriften <\/b><span style=\"font-weight: 400\">zur Unterst\u00fctzung Ihrer Gesch\u00e4ftsabl\u00e4ufe.<\/span><\/p>\n<\/div>\n                                    <\/div>\n            <\/div>\n        \n\n\n<div class=\"columns-area\">\n    <div class=\"container\">\n            <\/div>\n<\/div>\n\n    \n    <\/section>\n\n\n\n\n\n    <section class=\"block-boxed-content toast-block no-margin no-padding\"> \n\n        \n\n\n<div class=\"boxed-content-wrapper with-box\">\n    <div class=\"container\">\n        <div class=\"boxed-content \" style=\"background-color:#0c2943;color:#f8f9eb\">\n                        <div class=\"box-background-image\" style=\"background-image:url('https:\/\/www.contentguru.com\/de-de\/wp-content\/uploads\/sites\/9\/2025\/02\/c4dcf3a9e4b519d13241b7c103ff462b.jpg')\"><\/div>\n            \n            \n            <div class=\"boxed-content-text\">\n                <h3>Jede Sekunde z\u00e4hlt<\/h3>\n<p><span style=\"font-weight: 400\">In einer schnelllebigen Branche ist eine zuverl\u00e4ssige Kommunikation ein wesentlicher Vorteil.<\/span><\/p>\n<p><span style=\"font-weight: 400\">Wenn Ihr Unternehmen st\u00e4ndig in Bewegung ist und Menschen, Materialien und Daten verwaltet, ist eine zuverl\u00e4ssige Kommunikation von entscheidender Bedeutung. F\u00fcr Kunden erreichbar zu sein, ist der erste Schritt, um Loyalit\u00e4t aufzubauen. Wir kennen die Herausforderungen des Immobilienmarktes und bieten L\u00f6sungen, die Ihnen einen Vorsprung verschaffen.<\/span><\/p>\n<p><span style=\"font-weight: 400\">Sind Sie bereit zu erfahren, wie die Cloud Customer Experience Ihre Abl\u00e4ufe ver\u00e4ndern kann?<\/span><\/p>\n            <\/div>\n                        <div class=\"boxed-content-image\">\n                                    <img loading=\"lazy\" decoding=\"async\" width=\"2560\" height=\"1396\" src=\"https:\/\/www.contentguru.com\/de-de\/wp-content\/uploads\/sites\/9\/2026\/02\/Construction-14-scaled.png\" class=\"attachment-full size-full\" alt=\"\" srcset=\"https:\/\/www.contentguru.com\/de-de\/wp-content\/uploads\/sites\/9\/2026\/02\/Construction-14-scaled.png 2560w, https:\/\/www.contentguru.com\/de-de\/wp-content\/uploads\/sites\/9\/2026\/02\/Construction-14-300x164.png 300w, https:\/\/www.contentguru.com\/de-de\/wp-content\/uploads\/sites\/9\/2026\/02\/Construction-14-1024x559.png 1024w, https:\/\/www.contentguru.com\/de-de\/wp-content\/uploads\/sites\/9\/2026\/02\/Construction-14-768x419.png 768w, https:\/\/www.contentguru.com\/de-de\/wp-content\/uploads\/sites\/9\/2026\/02\/Construction-14-1536x838.png 1536w, https:\/\/www.contentguru.com\/de-de\/wp-content\/uploads\/sites\/9\/2026\/02\/Construction-14-2048x1117.png 2048w\" sizes=\"auto, (max-width: 2560px) 100vw, 2560px\" \/>                            <\/div>\n                    <\/div>\n    <\/div>\n<\/div>\n\n    \n    <\/section>\n\n\n\n\n\n    <section class=\"block-boxed-content toast-block no-margin no-padding\"> \n\n        \n\n\n<div class=\"boxed-content-wrapper with-box\">\n    <div class=\"container\">\n        <div class=\"boxed-content reversed\" style=\"background-color:#ddf3fc;color:#0c2943\">\n            \n                        <div class=\"boxed-content-image\">\n                                    <img loading=\"lazy\" decoding=\"async\" width=\"2560\" height=\"1396\" src=\"https:\/\/www.contentguru.com\/de-de\/wp-content\/uploads\/sites\/9\/2026\/02\/Construction-7-scaled.png\" class=\"attachment-full size-full\" alt=\"\" srcset=\"https:\/\/www.contentguru.com\/de-de\/wp-content\/uploads\/sites\/9\/2026\/02\/Construction-7-scaled.png 2560w, https:\/\/www.contentguru.com\/de-de\/wp-content\/uploads\/sites\/9\/2026\/02\/Construction-7-300x164.png 300w, https:\/\/www.contentguru.com\/de-de\/wp-content\/uploads\/sites\/9\/2026\/02\/Construction-7-1024x559.png 1024w, https:\/\/www.contentguru.com\/de-de\/wp-content\/uploads\/sites\/9\/2026\/02\/Construction-7-768x419.png 768w, https:\/\/www.contentguru.com\/de-de\/wp-content\/uploads\/sites\/9\/2026\/02\/Construction-7-1536x838.png 1536w, https:\/\/www.contentguru.com\/de-de\/wp-content\/uploads\/sites\/9\/2026\/02\/Construction-7-2048x1117.png 2048w\" sizes=\"auto, (max-width: 2560px) 100vw, 2560px\" \/>                            <\/div>\n            \n            <div class=\"boxed-content-text\">\n                <h3>KI-gest\u00fctzte Projekte<\/h3>\n<p><span style=\"font-weight: 400\">Neugierig auf die KI-Transformation?<\/span><\/p>\n<p><span style=\"font-weight: 400\">In der Immobilienbranche wird KI bereits zur Steigerung der Produktivit\u00e4t eingesetzt. Von Chatbots, die Mieteranfragen ohne menschliches Zutun bearbeiten, bis hin zur Echtzeit-Transkription, die die Verwaltung nach dem Anruf und die Nachbereitung des Kontakts automatisiert: KI steigert die Produktivit\u00e4t des Unternehmens und senkt die Betriebskosten.<\/span><\/p>\n<p><span style=\"font-weight: 400\">Sind Sie bereit, Ihre KI-Transformation zu beginnen? <\/span><a href=\"https:\/\/www.contentguru.com\/de-de\/kontakt\/\"><b>Nehmen Sie Kontakt auf, und besprechen Sie Ihre KI-Ziele mit unseren Experten<\/b><span style=\"font-weight: 400\">.<\/span><\/a><\/p>\n            <\/div>\n                    <\/div>\n    <\/div>\n<\/div>\n\n    \n    <\/section>\n\n\n\n\n\n    <section class=\"block-boxed-content toast-block no-margin no-padding\"> \n\n        \n\n\n<div class=\"boxed-content-wrapper with-box\">\n    <div class=\"container\">\n        <div class=\"boxed-content \" style=\"background-color:#f8f9eb;color:\">\n            \n            \n            <div class=\"boxed-content-text\">\n                <h3>Unterbrechungen immer einen Schritt voraus<\/h3>\n<p><span style=\"font-weight: 400\">Wenn ein Notfall eintritt, ist proaktiver Kontakt Ihre erste Priorit\u00e4t. Ob es darum geht, Mieter \u00fcber anstehende Arbeiten zu informieren oder regelm\u00e4\u00dfige Zahlungen einzuziehen &#8211; proaktive Inhalte k\u00f6nnen Reibungsverluste verringern und Interaktionen beschleunigen.<\/span><\/p>\n<p>Stellen Sie sicher, dass Ihre Bewohner in Notf\u00e4llen schnell und gezielt erreicht werden \u2013 \u00fcber die Kan\u00e4le unmittelbar und zu den Zeiten, die ihnen am meisten zusagen.<\/p>\n            <\/div>\n                        <div class=\"boxed-content-image\">\n                                    <img loading=\"lazy\" decoding=\"async\" width=\"2560\" height=\"1396\" src=\"https:\/\/www.contentguru.com\/de-de\/wp-content\/uploads\/sites\/9\/2026\/02\/Construction-13-scaled.png\" class=\"attachment-full size-full\" alt=\"\" srcset=\"https:\/\/www.contentguru.com\/de-de\/wp-content\/uploads\/sites\/9\/2026\/02\/Construction-13-scaled.png 2560w, https:\/\/www.contentguru.com\/de-de\/wp-content\/uploads\/sites\/9\/2026\/02\/Construction-13-300x164.png 300w, https:\/\/www.contentguru.com\/de-de\/wp-content\/uploads\/sites\/9\/2026\/02\/Construction-13-1024x559.png 1024w, https:\/\/www.contentguru.com\/de-de\/wp-content\/uploads\/sites\/9\/2026\/02\/Construction-13-768x419.png 768w, https:\/\/www.contentguru.com\/de-de\/wp-content\/uploads\/sites\/9\/2026\/02\/Construction-13-1536x838.png 1536w, https:\/\/www.contentguru.com\/de-de\/wp-content\/uploads\/sites\/9\/2026\/02\/Construction-13-2048x1117.png 2048w\" sizes=\"auto, (max-width: 2560px) 100vw, 2560px\" \/>                            <\/div>\n                    <\/div>\n    <\/div>\n<\/div>\n\n    \n    <\/section>\n\n\n\n\n\n    <section class=\"block-boxed-content toast-block no-margin no-padding\"> \n\n        \n\n\n<div class=\"boxed-content-wrapper with-box\">\n    <div class=\"container\">\n        <div class=\"boxed-content reversed\" style=\"background-color:#0c2943;color:#f8f9eb\">\n                        <div class=\"box-background-image\" style=\"background-image:url('https:\/\/www.contentguru.com\/de-de\/wp-content\/uploads\/sites\/9\/2025\/02\/c4dcf3a9e4b519d13241b7c103ff462b.jpg')\"><\/div>\n            \n                        <div class=\"boxed-content-image\">\n                                    <img loading=\"lazy\" decoding=\"async\" width=\"2560\" height=\"1396\" src=\"https:\/\/www.contentguru.com\/de-de\/wp-content\/uploads\/sites\/9\/2026\/02\/Construction-4-scaled.png\" class=\"attachment-full size-full\" alt=\"\" srcset=\"https:\/\/www.contentguru.com\/de-de\/wp-content\/uploads\/sites\/9\/2026\/02\/Construction-4-scaled.png 2560w, https:\/\/www.contentguru.com\/de-de\/wp-content\/uploads\/sites\/9\/2026\/02\/Construction-4-300x164.png 300w, https:\/\/www.contentguru.com\/de-de\/wp-content\/uploads\/sites\/9\/2026\/02\/Construction-4-1024x559.png 1024w, https:\/\/www.contentguru.com\/de-de\/wp-content\/uploads\/sites\/9\/2026\/02\/Construction-4-768x419.png 768w, https:\/\/www.contentguru.com\/de-de\/wp-content\/uploads\/sites\/9\/2026\/02\/Construction-4-1536x838.png 1536w, https:\/\/www.contentguru.com\/de-de\/wp-content\/uploads\/sites\/9\/2026\/02\/Construction-4-2048x1117.png 2048w\" sizes=\"auto, (max-width: 2560px) 100vw, 2560px\" \/>                            <\/div>\n            \n            <div class=\"boxed-content-text\">\n                <h3>Compliance-konform bei jedem Kontakt<\/h3>\n<p><span style=\"font-weight: 400\">Wenn das Zuhause der Kunden auf dem Spiel steht, ist es wichtiger denn je, die Vorschriften einzuhalten. Da Unternehmen unter dem Druck stehen, nachhaltig zu wirtschaften, ist die Minimierung der Umweltauswirkungen der Schl\u00fcssel zur St\u00e4rke Ihrer Marke.<\/span><\/p>\n<p><span style=\"font-weight: 400\">Unsere L\u00f6sungen entsprechen einer Reihe von Sicherheits-, Umwelt- und Zug\u00e4nglichkeitsstandards, einschlie\u00dflich ISO 14001, PSI DSS Level 1 und WCAG 2.2.<\/span><\/p>\n            <\/div>\n                    <\/div>\n    <\/div>\n<\/div>\n\n    \n    <\/section>\n\n\n\n\n\n    <section class=\"block-cta-list toast-block vertical-middle no-margin padding-both\"> \n\n        \n\n\n<div class=\"cta-list-wrapper\">\n    <div class=\"container\">\n        <div class=\"cta-list-grid grid \">\n            \t\t\t\t<div class=\"col intro\">\n\t\t\t\t\t<h3>Warum wir?<\/h3>\n<p><span style=\"font-weight: 400\">Wir bieten mehr als nur ein klassisches Contact Center.<\/span><\/p>\n\t\t\t\t<\/div>\n\t\t\t            <div class=\"col\">\n                                    <div class=\"cta-list-item  with-icon\">\n                                                <div class=\"col\">\n                            <div class=\"cta-list-item-image\">\n                                <img loading=\"lazy\" decoding=\"async\" width=\"140\" height=\"140\" src=\"https:\/\/www.contentguru.com\/de-de\/wp-content\/uploads\/sites\/9\/2025\/02\/Chatbot_54_3-1.png\" class=\"attachment-full size-full\" alt=\"\" \/>                            <\/div>\n                        <\/div>\n                        <div class=\"cta-list-item-content\">\n                            <h5>H\u00f6chste Leistung<\/h5>\n                            <div class=\"description\">Wir bewerten stetig die besten Komponenten der Branche.<\/div>\n                        <\/div>\n                    <\/div>\n                                    <div class=\"cta-list-item  with-icon\">\n                                                <div class=\"col\">\n                            <div class=\"cta-list-item-image\">\n                                <img loading=\"lazy\" decoding=\"async\" width=\"140\" height=\"140\" src=\"https:\/\/www.contentguru.com\/de-de\/wp-content\/uploads\/sites\/9\/2025\/02\/Scalability_86_1-1.png\" class=\"attachment-full size-full\" alt=\"\" \/>                            <\/div>\n                        <\/div>\n                        <div class=\"cta-list-item-content\">\n                            <h5>H\u00f6chste Datenintegrit\u00e4t<\/h5>\n                            <div class=\"description\">Wir sorgen f\u00fcr robuste Datensouver\u00e4nit\u00e4t, Urheberrechtsschutz und Pr\u00fcfbarkeit.<\/div>\n                        <\/div>\n                    <\/div>\n                                    <div class=\"cta-list-item  with-icon\">\n                                                <div class=\"col\">\n                            <div class=\"cta-list-item-image\">\n                                <img loading=\"lazy\" decoding=\"async\" width=\"140\" height=\"140\" src=\"https:\/\/www.contentguru.com\/de-de\/wp-content\/uploads\/sites\/9\/2025\/02\/Security_87_1-1.png\" class=\"attachment-full size-full\" alt=\"\" \/>                            <\/div>\n                        <\/div>\n                        <div class=\"cta-list-item-content\">\n                            <h5>Gr\u00f6\u00dfte Flexibilit\u00e4t<\/h5>\n                            <div class=\"description\">Wir gehen \u00fcber KI hinaus und schaffen L\u00f6sungen, die feste und flexible L\u00f6sungen kombinieren.<\/div>\n                        <\/div>\n                    <\/div>\n                                    <div class=\"cta-list-item  with-icon\">\n                                                <div class=\"col\">\n                            <div class=\"cta-list-item-image\">\n                                <img loading=\"lazy\" decoding=\"async\" width=\"140\" height=\"140\" src=\"https:\/\/www.contentguru.com\/de-de\/wp-content\/uploads\/sites\/9\/2025\/02\/Medal_134_1-1.png\" class=\"attachment-full size-full\" alt=\"\" \/>                            <\/div>\n                        <\/div>\n                        <div class=\"cta-list-item-content\">\n                            <h5>Klarer Gesch\u00e4ftswert<\/h5>\n                            <div class=\"description\">Unsere Anwendungen liefern einen hohen ROI.<\/div>\n                        <\/div>\n                    <\/div>\n                            <\/div>\n        <\/div> \n    <\/div>\n<\/div>\n\n    \n    <\/section>\n\n","protected":false},"excerpt":{"rendered":"","protected":false},"author":6,"featured_media":0,"parent":837,"menu_order":0,"comment_status":"closed","ping_status":"closed","template":"","meta":{"_acf_changed":true,"inline_featured_image":false,"footnotes":""},"folder":[16],"class_list":["post-839","page","type-page","status-publish","hentry"],"acf":[],"yoast_head":"<!-- This site is optimized with the Yoast SEO plugin v27.5 - https:\/\/yoast.com\/product\/yoast-seo-wordpress\/ -->\n<title>Bau, Fertigung &amp; Immobilien - Content Guru<\/title>\n<meta name=\"description\" content=\"Entdecken Sie, wie storm\u00ae die Kundenerfahrungen in den Bereichen Bau, Fertigung und Immobilien ver\u00e4ndert\" \/>\n<meta name=\"robots\" content=\"index, follow, max-snippet:-1, max-image-preview:large, max-video-preview:-1\" \/>\n<link rel=\"canonical\" href=\"https:\/\/www.contentguru.com\/de-de\/loesungen\/branchen\/bau-fertigung-immobilien\/\" \/>\n<meta property=\"og:locale\" content=\"de_DE\" \/>\n<meta property=\"og:type\" content=\"article\" \/>\n<meta property=\"og:title\" content=\"Bau, Fertigung &amp; Immobilien - Content Guru\" \/>\n<meta property=\"og:description\" content=\"Entdecken Sie, wie storm\u00ae die Kundenerfahrungen in den Bereichen Bau, Fertigung und Immobilien ver\u00e4ndert\" \/>\n<meta property=\"og:url\" content=\"https:\/\/www.contentguru.com\/de-de\/loesungen\/branchen\/bau-fertigung-immobilien\/\" \/>\n<meta property=\"og:site_name\" content=\"Deutsch\" \/>\n<meta property=\"article:publisher\" content=\"https:\/\/www.facebook.com\/ContentGuruLtd\" \/>\n<meta property=\"article:modified_time\" content=\"2026-02-11T15:51:54+00:00\" \/>\n<meta name=\"twitter:card\" content=\"summary_large_image\" \/>\n<meta name=\"twitter:site\" content=\"@cgchirp\" \/>\n<meta name=\"twitter:label1\" content=\"Gesch\u00e4tzte Lesezeit\" \/>\n\t<meta name=\"twitter:data1\" content=\"4\u00a0Minuten\" \/>\n<script type=\"application\/ld+json\" class=\"yoast-schema-graph\">{\"@context\":\"https:\\\/\\\/schema.org\",\"@graph\":[{\"@type\":\"WebPage\",\"@id\":\"https:\\\/\\\/www.contentguru.com\\\/de-de\\\/loesungen\\\/branchen\\\/bau-fertigung-immobilien\\\/\",\"url\":\"https:\\\/\\\/www.contentguru.com\\\/de-de\\\/loesungen\\\/branchen\\\/bau-fertigung-immobilien\\\/\",\"name\":\"Bau, Fertigung & Immobilien - Content Guru\",\"isPartOf\":{\"@id\":\"https:\\\/\\\/www.contentguru.com\\\/de-de\\\/#website\"},\"datePublished\":\"2025-02-14T16:29:36+00:00\",\"dateModified\":\"2026-02-11T15:51:54+00:00\",\"description\":\"Entdecken Sie, wie storm\u00ae die Kundenerfahrungen in den Bereichen Bau, Fertigung und Immobilien ver\u00e4ndert\",\"breadcrumb\":{\"@id\":\"https:\\\/\\\/www.contentguru.com\\\/de-de\\\/loesungen\\\/branchen\\\/bau-fertigung-immobilien\\\/#breadcrumb\"},\"inLanguage\":\"de\",\"potentialAction\":[{\"@type\":\"ReadAction\",\"target\":[\"https:\\\/\\\/www.contentguru.com\\\/de-de\\\/loesungen\\\/branchen\\\/bau-fertigung-immobilien\\\/\"]}]},{\"@type\":\"BreadcrumbList\",\"@id\":\"https:\\\/\\\/www.contentguru.com\\\/de-de\\\/loesungen\\\/branchen\\\/bau-fertigung-immobilien\\\/#breadcrumb\",\"itemListElement\":[{\"@type\":\"ListItem\",\"position\":1,\"name\":\"Home\",\"item\":\"https:\\\/\\\/www.contentguru.com\\\/de-de\\\/\"},{\"@type\":\"ListItem\",\"position\":2,\"name\":\"L\u00f6sungen\",\"item\":\"https:\\\/\\\/www.contentguru.com\\\/de-de\\\/loesungen\\\/\"},{\"@type\":\"ListItem\",\"position\":3,\"name\":\"Nach Branche\",\"item\":\"https:\\\/\\\/www.contentguru.com\\\/de-de\\\/loesungen\\\/branchen\\\/\"},{\"@type\":\"ListItem\",\"position\":4,\"name\":\"Bau, Fertigung &amp; Immobilien\"}]},{\"@type\":\"WebSite\",\"@id\":\"https:\\\/\\\/www.contentguru.com\\\/de-de\\\/#website\",\"url\":\"https:\\\/\\\/www.contentguru.com\\\/de-de\\\/\",\"name\":\"Deutsch - Content Guru\",\"description\":\"\",\"publisher\":{\"@id\":\"https:\\\/\\\/www.contentguru.com\\\/de-de\\\/#organization\"},\"potentialAction\":[{\"@type\":\"SearchAction\",\"target\":{\"@type\":\"EntryPoint\",\"urlTemplate\":\"https:\\\/\\\/www.contentguru.com\\\/de-de\\\/?s={search_term_string}\"},\"query-input\":{\"@type\":\"PropertyValueSpecification\",\"valueRequired\":true,\"valueName\":\"search_term_string\"}}],\"inLanguage\":\"de\"},{\"@type\":\"Organization\",\"@id\":\"https:\\\/\\\/www.contentguru.com\\\/de-de\\\/#organization\",\"name\":\"Content Guru\",\"url\":\"https:\\\/\\\/www.contentguru.com\\\/de-de\\\/\",\"logo\":{\"@type\":\"ImageObject\",\"inLanguage\":\"de\",\"@id\":\"https:\\\/\\\/www.contentguru.com\\\/de-de\\\/#\\\/schema\\\/logo\\\/image\\\/\",\"url\":\"https:\\\/\\\/www.contentguru.com\\\/de-de\\\/wp-content\\\/uploads\\\/sites\\\/9\\\/2025\\\/02\\\/CG-Logo-Dark-Blue_Outlines-1.svg\",\"contentUrl\":\"https:\\\/\\\/www.contentguru.com\\\/de-de\\\/wp-content\\\/uploads\\\/sites\\\/9\\\/2025\\\/02\\\/CG-Logo-Dark-Blue_Outlines-1.svg\",\"width\":\"1024\",\"height\":\"1024\",\"caption\":\"Content Guru\"},\"image\":{\"@id\":\"https:\\\/\\\/www.contentguru.com\\\/de-de\\\/#\\\/schema\\\/logo\\\/image\\\/\"},\"sameAs\":[\"https:\\\/\\\/www.facebook.com\\\/ContentGuruLtd\",\"https:\\\/\\\/x.com\\\/cgchirp\"]}]}<\/script>\n<!-- \/ Yoast SEO plugin. -->","yoast_head_json":{"title":"Bau, Fertigung & Immobilien - Content Guru","description":"Entdecken Sie, wie storm\u00ae die Kundenerfahrungen in den Bereichen Bau, Fertigung und Immobilien ver\u00e4ndert","robots":{"index":"index","follow":"follow","max-snippet":"max-snippet:-1","max-image-preview":"max-image-preview:large","max-video-preview":"max-video-preview:-1"},"canonical":"https:\/\/www.contentguru.com\/de-de\/loesungen\/branchen\/bau-fertigung-immobilien\/","og_locale":"de_DE","og_type":"article","og_title":"Bau, Fertigung & Immobilien - Content Guru","og_description":"Entdecken Sie, wie storm\u00ae die Kundenerfahrungen in den Bereichen Bau, Fertigung und Immobilien ver\u00e4ndert","og_url":"https:\/\/www.contentguru.com\/de-de\/loesungen\/branchen\/bau-fertigung-immobilien\/","og_site_name":"Deutsch","article_publisher":"https:\/\/www.facebook.com\/ContentGuruLtd","article_modified_time":"2026-02-11T15:51:54+00:00","twitter_card":"summary_large_image","twitter_site":"@cgchirp","twitter_misc":{"Gesch\u00e4tzte Lesezeit":"4\u00a0Minuten"},"schema":{"@context":"https:\/\/schema.org","@graph":[{"@type":"WebPage","@id":"https:\/\/www.contentguru.com\/de-de\/loesungen\/branchen\/bau-fertigung-immobilien\/","url":"https:\/\/www.contentguru.com\/de-de\/loesungen\/branchen\/bau-fertigung-immobilien\/","name":"Bau, Fertigung & Immobilien - Content Guru","isPartOf":{"@id":"https:\/\/www.contentguru.com\/de-de\/#website"},"datePublished":"2025-02-14T16:29:36+00:00","dateModified":"2026-02-11T15:51:54+00:00","description":"Entdecken Sie, wie storm\u00ae die Kundenerfahrungen in den Bereichen Bau, Fertigung und Immobilien ver\u00e4ndert","breadcrumb":{"@id":"https:\/\/www.contentguru.com\/de-de\/loesungen\/branchen\/bau-fertigung-immobilien\/#breadcrumb"},"inLanguage":"de","potentialAction":[{"@type":"ReadAction","target":["https:\/\/www.contentguru.com\/de-de\/loesungen\/branchen\/bau-fertigung-immobilien\/"]}]},{"@type":"BreadcrumbList","@id":"https:\/\/www.contentguru.com\/de-de\/loesungen\/branchen\/bau-fertigung-immobilien\/#breadcrumb","itemListElement":[{"@type":"ListItem","position":1,"name":"Home","item":"https:\/\/www.contentguru.com\/de-de\/"},{"@type":"ListItem","position":2,"name":"L\u00f6sungen","item":"https:\/\/www.contentguru.com\/de-de\/loesungen\/"},{"@type":"ListItem","position":3,"name":"Nach Branche","item":"https:\/\/www.contentguru.com\/de-de\/loesungen\/branchen\/"},{"@type":"ListItem","position":4,"name":"Bau, Fertigung &amp; Immobilien"}]},{"@type":"WebSite","@id":"https:\/\/www.contentguru.com\/de-de\/#website","url":"https:\/\/www.contentguru.com\/de-de\/","name":"Deutsch - Content Guru","description":"","publisher":{"@id":"https:\/\/www.contentguru.com\/de-de\/#organization"},"potentialAction":[{"@type":"SearchAction","target":{"@type":"EntryPoint","urlTemplate":"https:\/\/www.contentguru.com\/de-de\/?s={search_term_string}"},"query-input":{"@type":"PropertyValueSpecification","valueRequired":true,"valueName":"search_term_string"}}],"inLanguage":"de"},{"@type":"Organization","@id":"https:\/\/www.contentguru.com\/de-de\/#organization","name":"Content Guru","url":"https:\/\/www.contentguru.com\/de-de\/","logo":{"@type":"ImageObject","inLanguage":"de","@id":"https:\/\/www.contentguru.com\/de-de\/#\/schema\/logo\/image\/","url":"https:\/\/www.contentguru.com\/de-de\/wp-content\/uploads\/sites\/9\/2025\/02\/CG-Logo-Dark-Blue_Outlines-1.svg","contentUrl":"https:\/\/www.contentguru.com\/de-de\/wp-content\/uploads\/sites\/9\/2025\/02\/CG-Logo-Dark-Blue_Outlines-1.svg","width":"1024","height":"1024","caption":"Content Guru"},"image":{"@id":"https:\/\/www.contentguru.com\/de-de\/#\/schema\/logo\/image\/"},"sameAs":["https:\/\/www.facebook.com\/ContentGuruLtd","https:\/\/x.com\/cgchirp"]}]}},"_links":{"self":[{"href":"https:\/\/www.contentguru.com\/de-de\/wp-json\/wp\/v2\/pages\/839","targetHints":{"allow":["GET"]}}],"collection":[{"href":"https:\/\/www.contentguru.com\/de-de\/wp-json\/wp\/v2\/pages"}],"about":[{"href":"https:\/\/www.contentguru.com\/de-de\/wp-json\/wp\/v2\/types\/page"}],"author":[{"embeddable":true,"href":"https:\/\/www.contentguru.com\/de-de\/wp-json\/wp\/v2\/users\/6"}],"replies":[{"embeddable":true,"href":"https:\/\/www.contentguru.com\/de-de\/wp-json\/wp\/v2\/comments?post=839"}],"version-history":[{"count":0,"href":"https:\/\/www.contentguru.com\/de-de\/wp-json\/wp\/v2\/pages\/839\/revisions"}],"up":[{"embeddable":true,"href":"https:\/\/www.contentguru.com\/de-de\/wp-json\/wp\/v2\/pages\/837"}],"wp:attachment":[{"href":"https:\/\/www.contentguru.com\/de-de\/wp-json\/wp\/v2\/media?parent=839"}],"wp:term":[{"taxonomy":"folder","embeddable":true,"href":"https:\/\/www.contentguru.com\/de-de\/wp-json\/wp\/v2\/folder?post=839"}],"curies":[{"name":"wp","href":"https:\/\/api.w.org\/{rel}","templated":true}]}}