{"id":799,"date":"2025-02-14T16:14:09","date_gmt":"2025-02-14T16:14:09","guid":{"rendered":"https:\/\/contentguru.builtbytoast.uk\/?page_id=799"},"modified":"2026-02-16T11:56:50","modified_gmt":"2026-02-16T11:56:50","slug":"bildschirmaufzeichnung","status":"publish","type":"page","link":"https:\/\/www.contentguru.com\/de-de\/produkte\/storm-cx\/workforce-engagement-management\/bildschirmaufzeichnung\/","title":{"rendered":"Pixelgenaue Bildschirmaufzeichnung"},"content":{"rendered":"\n\n    <section class=\"block-resource-hero toast-block no-margin padding-both has-bg\" style=\"background-color:#ddf3fc;\"> \n\n        \n\n\n    <div class=\"resource-hero\">\n        <div class=\"container\">\n                            <h4 class=\"section-title h5\"><span class=\"notranslate\"><strong>storm<\/strong><sub>\u00ae<\/sub> SCREEN RECORDING\u2122<\/span><\/h4>\n<h1>Screen Recording f\u00fcr Qualit\u00e4t &amp; Compliance<\/h1>\n<h4><span style=\"font-weight: 400\">Ohne Einblick in die Aktivit\u00e4ten der Agenten riskieren Unternehmen unmotivierte Mitarbeiter, ineffizienten Kundenservice und eine erh\u00f6hte Fluktuation.<\/span><\/h4>\n                    <\/div>\n    <\/div>\n\n    \n    <\/section>\n\n\n\n\n\n    <section class=\"block-boxed-content toast-block no-margin padding-top\"> \n\n                    <div class=\"section-title-area\">\n                <div class=\"container\">\n                                        <h2 class=\"section-title h2\">Pixelgenaue Bildschirmaufzeichnung<\/h2>\n                                            <div class=\"section-description\"><p><i><span style=\"font-weight: 400\">Mit<\/span><\/i><b><i> storm <\/i><\/b><i><span style=\"font-weight: 400\">SCREEN RECORDING k\u00f6nnen Unternehmen die Bildschirmaktivit\u00e4ten ihrer Agenten aufzeichnen, um Schulungsm\u00f6glichkeiten zu identifizieren, die Einhaltung von Prozessen sicherzustellen und wertvolle Einblicke in die Agentenleistung zu gewinnen.<\/span><\/i><\/p>\n<\/div>\n                                    <\/div>\n            <\/div>\n        \n\n\n<div class=\"boxed-content-wrapper with-box\">\n    <div class=\"container\">\n        <div class=\"boxed-content \" style=\"background-color:#0c2943;color:#f8f9eb\">\n                        <div class=\"box-background-image\" style=\"background-image:url('https:\/\/www.contentguru.com\/de-de\/wp-content\/uploads\/sites\/9\/2025\/02\/c4dcf3a9e4b519d13241b7c103ff462b.jpg')\"><\/div>\n            \n            \n            <div class=\"boxed-content-text\">\n                <h3><span style=\"font-weight: 400\">Compliance Made Easy<\/span><\/h3>\n<p><span style=\"font-weight: 400\">Um erstklassigen Kundenservice zu bieten, ben\u00f6tigen Sie eine vollst\u00e4ndige \u00dcbersicht \u00fcber alle Kundeninteraktionen.<\/span><\/p>\n<p><span style=\"font-weight: 400\">Die Bildschirmaufzeichnung ist essenziell, um Prozesskonformit\u00e4t sicherzustellen, Optimierungspotenziale aufzudecken und regulatorische Vorschriften einzuhalten.<\/span><\/p>\n            <\/div>\n                        <div class=\"boxed-content-image\">\n                                    <img loading=\"lazy\" decoding=\"async\" width=\"2560\" height=\"1396\" src=\"https:\/\/www.contentguru.com\/de-de\/wp-content\/uploads\/sites\/9\/2026\/02\/Insurance-3-scaled.png\" class=\"attachment-full size-full\" alt=\"Insurance 3\" srcset=\"https:\/\/www.contentguru.com\/de-de\/wp-content\/uploads\/sites\/9\/2026\/02\/Insurance-3-scaled.png 2560w, https:\/\/www.contentguru.com\/de-de\/wp-content\/uploads\/sites\/9\/2026\/02\/Insurance-3-300x164.png 300w, https:\/\/www.contentguru.com\/de-de\/wp-content\/uploads\/sites\/9\/2026\/02\/Insurance-3-1024x559.png 1024w, https:\/\/www.contentguru.com\/de-de\/wp-content\/uploads\/sites\/9\/2026\/02\/Insurance-3-768x419.png 768w, https:\/\/www.contentguru.com\/de-de\/wp-content\/uploads\/sites\/9\/2026\/02\/Insurance-3-1536x838.png 1536w, https:\/\/www.contentguru.com\/de-de\/wp-content\/uploads\/sites\/9\/2026\/02\/Insurance-3-2048x1117.png 2048w\" sizes=\"auto, (max-width: 2560px) 100vw, 2560px\" \/>                            <\/div>\n                    <\/div>\n    <\/div>\n<\/div>\n\n    \n    <\/section>\n\n\n\n\n\n    <section class=\"block-boxed-content toast-block no-margin no-padding\"> \n\n        \n\n\n<div class=\"boxed-content-wrapper with-box\">\n    <div class=\"container\">\n        <div class=\"boxed-content reversed\" style=\"background-color:#ddf3fc;color:#0c2943\">\n            \n                        <div class=\"boxed-content-image\">\n                                    <img loading=\"lazy\" decoding=\"async\" width=\"2560\" height=\"1396\" src=\"https:\/\/www.contentguru.com\/de-de\/wp-content\/uploads\/sites\/9\/2026\/02\/Healthcare-1-scaled.png\" class=\"attachment-full size-full\" alt=\"\" srcset=\"https:\/\/www.contentguru.com\/de-de\/wp-content\/uploads\/sites\/9\/2026\/02\/Healthcare-1-scaled.png 2560w, https:\/\/www.contentguru.com\/de-de\/wp-content\/uploads\/sites\/9\/2026\/02\/Healthcare-1-300x164.png 300w, https:\/\/www.contentguru.com\/de-de\/wp-content\/uploads\/sites\/9\/2026\/02\/Healthcare-1-1024x559.png 1024w, https:\/\/www.contentguru.com\/de-de\/wp-content\/uploads\/sites\/9\/2026\/02\/Healthcare-1-768x419.png 768w, https:\/\/www.contentguru.com\/de-de\/wp-content\/uploads\/sites\/9\/2026\/02\/Healthcare-1-1536x838.png 1536w, https:\/\/www.contentguru.com\/de-de\/wp-content\/uploads\/sites\/9\/2026\/02\/Healthcare-1-2048x1117.png 2048w\" sizes=\"auto, (max-width: 2560px) 100vw, 2560px\" \/>                            <\/div>\n            \n            <div class=\"boxed-content-text\">\n                <h3>Pixelgenaue Transparenz<\/h3>\n<p><span style=\"font-weight: 400\">Um das Erlebnis Ihrer Kundenservice-Mitarbeiter zu optimieren, ben\u00f6tigen Sie eine vollst\u00e4ndige Sicht auf deren t\u00e4gliche Abl\u00e4ufe.<\/span><\/p>\n<p><span style=\"font-weight: 400\">Mit <\/span><b>storm<\/b><span style=\"font-weight: 400\"> SCREEN RECORDING k\u00f6nnen Sie Ihre Agenten in Echtzeit beobachten und Aufzeichnungen f\u00fcr eine sp\u00e4tere Analyse speichern.<\/span><\/p>\n            <\/div>\n                    <\/div>\n    <\/div>\n<\/div>\n\n    \n    <\/section>\n\n\n\n\n\n    <section class=\"block-boxed-content toast-block no-margin no-padding\"> \n\n        \n\n\n<div class=\"boxed-content-wrapper with-box\">\n    <div class=\"container\">\n        <div class=\"boxed-content \" style=\"background-color:#f8f9eb;color:\">\n            \n            \n            <div class=\"boxed-content-text\">\n                <h3>Best Practices identifizieren<\/h3>\n<p><span style=\"font-weight: 400\">Um das Beste aus Ihren Agenten herauszuholen, ben\u00f6tigen Sie ma\u00dfgeschneiderte Schulungen. Durch die Aufzeichnung wichtiger Interaktionen k\u00f6nnen Sie Schulungen anhand bew\u00e4hrter Beispiele entwickeln.<\/span><\/p>\n<p><span style=\"font-weight: 400\">Mit <\/span><b>storm<\/b><span style=\"font-weight: 400\"> SCREEN RECORDING lassen sich Interaktionen in Echtzeit verfolgen, um Verbesserungspotenziale gezielt zu erkennen. Wenn Ihre Agenten optimal unterst\u00fctzt werden, profitieren auch Ihre Kunden davon.<\/span><\/p>\n            <\/div>\n                        <div class=\"boxed-content-image\">\n                                    <img loading=\"lazy\" decoding=\"async\" width=\"768\" height=\"512\" src=\"https:\/\/www.contentguru.com\/de-de\/wp-content\/uploads\/sites\/9\/2026\/02\/Omni-Channel-CX.jpg\" class=\"attachment-full size-full\" alt=\"\" srcset=\"https:\/\/www.contentguru.com\/de-de\/wp-content\/uploads\/sites\/9\/2026\/02\/Omni-Channel-CX.jpg 768w, https:\/\/www.contentguru.com\/de-de\/wp-content\/uploads\/sites\/9\/2026\/02\/Omni-Channel-CX-300x200.jpg 300w\" sizes=\"auto, (max-width: 768px) 100vw, 768px\" \/>                            <\/div>\n                    <\/div>\n    <\/div>\n<\/div>\n\n    \n    <\/section>\n\n\n\n\n\n    <section class=\"block-boxed-content toast-block no-margin no-padding\"> \n\n        \n\n\n<div class=\"boxed-content-wrapper with-box\">\n    <div class=\"container\">\n        <div class=\"boxed-content reversed\" style=\"background-color:#0c2943;color:#f8f9eb\">\n                        <div class=\"box-background-image\" style=\"background-image:url('https:\/\/www.contentguru.com\/de-de\/wp-content\/uploads\/sites\/9\/2025\/02\/c4dcf3a9e4b519d13241b7c103ff462b.jpg')\"><\/div>\n            \n                        <div class=\"boxed-content-image\">\n                                    <img loading=\"lazy\" decoding=\"async\" width=\"2560\" height=\"1396\" src=\"https:\/\/www.contentguru.com\/de-de\/wp-content\/uploads\/sites\/9\/2026\/02\/Outsourcing-1-scaled.png\" class=\"attachment-full size-full\" alt=\"Outsourcing 1\" srcset=\"https:\/\/www.contentguru.com\/de-de\/wp-content\/uploads\/sites\/9\/2026\/02\/Outsourcing-1-scaled.png 2560w, https:\/\/www.contentguru.com\/de-de\/wp-content\/uploads\/sites\/9\/2026\/02\/Outsourcing-1-300x164.png 300w, https:\/\/www.contentguru.com\/de-de\/wp-content\/uploads\/sites\/9\/2026\/02\/Outsourcing-1-1024x559.png 1024w, https:\/\/www.contentguru.com\/de-de\/wp-content\/uploads\/sites\/9\/2026\/02\/Outsourcing-1-768x419.png 768w, https:\/\/www.contentguru.com\/de-de\/wp-content\/uploads\/sites\/9\/2026\/02\/Outsourcing-1-1536x838.png 1536w, https:\/\/www.contentguru.com\/de-de\/wp-content\/uploads\/sites\/9\/2026\/02\/Outsourcing-1-2048x1117.png 2048w\" sizes=\"auto, (max-width: 2560px) 100vw, 2560px\" \/>                            <\/div>\n            \n            <div class=\"boxed-content-text\">\n                <h3>Vollst\u00e4ndige Compliance erreichen<\/h3>\n<p><span style=\"font-weight: 400\">Die manuelle \u00dcberpr\u00fcfung hunderter Anrufe ist \u00e4u\u00dferst zeitaufwendig. In Kombination mit <\/span><b>storm<\/b><span style=\"font-weight: 400\"> TRANSCRIPTION k\u00f6nnen Sie pr\u00e4zise Transkripte von Gespr\u00e4chen erstellen.<\/span><\/p>\n<p><span style=\"font-weight: 400\">Diese Transkripte werden von <\/span><b>storm<\/b><span style=\"font-weight: 400\"> ANALYTICS und <\/span><b>storm<\/b><span style=\"font-weight: 400\"> QM analysiert, um Trends, Muster und potenzielle Risiken zu identifizieren. So stellen Sie sicher, dass alle Anrufe den Compliance-Vorgaben entsprechen.<\/span><\/p>\n            <\/div>\n                    <\/div>\n    <\/div>\n<\/div>\n\n    \n    <\/section>\n\n\n\n\n\n    <section class=\"block-boxed-content toast-block no-margin no-padding\"> \n\n        \n\n\n<div class=\"boxed-content-wrapper with-box\">\n    <div class=\"container\">\n        <div class=\"boxed-content \" style=\"background-color:#ddf3fc;color:\">\n            \n            \n            <div class=\"boxed-content-text\">\n                <h3>Reporting &amp; Analyse<\/h3>\n<p><span style=\"font-weight: 400\">Lassen Sie Daten Ihre Customer Experience gestalten. <\/span><b>storm<\/b><span style=\"font-weight: 400\"> SCREEN RECORDING arbeitet nahtlos mit <\/span><b>storm<\/b><span style=\"font-weight: 400\"> VIEW zusammen, um Aufzeichnungsdaten in flexible Berichte per Drag-and-Drop zu integrieren.<\/span><\/p>\n<p><span style=\"font-weight: 400\">Sehen Sie Echtzeit-Statistiken auf dem <\/span><b>storm<\/b><span style=\"font-weight: 400\"> VIEW Dashboard ein, teilen Sie Berichte online oder exportieren Sie sie als Bilddateien zur Verwendung in Pr\u00e4sentationen.<\/span><\/p>\n            <\/div>\n                        <div class=\"boxed-content-image\">\n                                    <img loading=\"lazy\" decoding=\"async\" width=\"768\" height=\"512\" src=\"https:\/\/www.contentguru.com\/de-de\/wp-content\/uploads\/sites\/9\/2026\/02\/complete-control-ai-e1770902194359.png\" class=\"attachment-full size-full\" alt=\"complete-control-ai-\" srcset=\"https:\/\/www.contentguru.com\/de-de\/wp-content\/uploads\/sites\/9\/2026\/02\/complete-control-ai-e1770902194359.png 768w, https:\/\/www.contentguru.com\/de-de\/wp-content\/uploads\/sites\/9\/2026\/02\/complete-control-ai-e1770902194359-300x200.png 300w\" sizes=\"auto, (max-width: 768px) 100vw, 768px\" \/>                            <\/div>\n                    <\/div>\n    <\/div>\n<\/div>\n\n    \n    <\/section>\n\n\n\n\n\n    <section class=\"block-contact-form toast-block no-margin padding-top\"> \n\n                    <div class=\"section-title-area\">\n                <div class=\"container\">\n                                        <h2 class=\"section-title h3\">Sie m\u00f6chten mehr erfahren?<\/h2>\n                                            <div class=\"section-description\"><p><span style=\"font-weight: 400\">Teilen Sie uns ein paar Details mit und erhalten Sie eine ausf\u00fchrliche \u00dcbersicht \u00fcber die Funktionen von <\/span><b>storm<\/b><span style=\"font-weight: 400\"> SCREEN RECORDER direkt per E-Mail.<\/span><\/p>\n<\/div>\n                                    <\/div>\n            <\/div>\n        \n\n\n    <div class=\"contact-form-wrapper\">\n        <div class=\"container\">\n            <div class=\"contact-form-area\">\n                <form id=\"mktoForm_1062\"><\/form>\n                \n                \n            <\/div>\n        <\/div>\n    <\/div>\n\n    \n    <\/section>\n\n","protected":false},"excerpt":{"rendered":"","protected":false},"author":6,"featured_media":0,"parent":786,"menu_order":0,"comment_status":"closed","ping_status":"closed","template":"","meta":{"_acf_changed":true,"inline_featured_image":false,"footnotes":""},"folder":[15],"class_list":["post-799","page","type-page","status-publish","hentry"],"acf":[],"yoast_head":"<!-- This site is optimized with the Yoast SEO plugin v27.5 - https:\/\/yoast.com\/product\/yoast-seo-wordpress\/ -->\n<title>Pixelgenaue Bildschirmaufzeichnung - Content Guru<\/title>\n<meta name=\"description\" content=\"Ohne Einblick in die Aktivit\u00e4ten der Agenten riskieren Unternehmen unmotivierte Mitarbeiter, ineffizienten Kundenservice und eine erh\u00f6hte Fluktuation.\" \/>\n<meta name=\"robots\" content=\"index, follow, max-snippet:-1, max-image-preview:large, max-video-preview:-1\" \/>\n<link rel=\"canonical\" href=\"https:\/\/www.contentguru.com\/de-de\/produkte\/storm-cx\/workforce-engagement-management\/bildschirmaufzeichnung\/\" \/>\n<meta property=\"og:locale\" content=\"de_DE\" \/>\n<meta property=\"og:type\" content=\"article\" \/>\n<meta property=\"og:title\" content=\"Pixelgenaue Bildschirmaufzeichnung - Content Guru\" \/>\n<meta property=\"og:description\" content=\"Ohne Einblick in die Aktivit\u00e4ten der Agenten riskieren Unternehmen unmotivierte Mitarbeiter, ineffizienten Kundenservice und eine erh\u00f6hte Fluktuation.\" \/>\n<meta property=\"og:url\" content=\"https:\/\/www.contentguru.com\/de-de\/produkte\/storm-cx\/workforce-engagement-management\/bildschirmaufzeichnung\/\" \/>\n<meta property=\"og:site_name\" content=\"Deutsch\" \/>\n<meta property=\"article:publisher\" content=\"https:\/\/www.facebook.com\/ContentGuruLtd\" \/>\n<meta property=\"article:modified_time\" content=\"2026-02-16T11:56:50+00:00\" \/>\n<meta name=\"twitter:card\" content=\"summary_large_image\" \/>\n<meta name=\"twitter:site\" content=\"@cgchirp\" \/>\n<meta name=\"twitter:label1\" content=\"Gesch\u00e4tzte Lesezeit\" \/>\n\t<meta name=\"twitter:data1\" content=\"4\u00a0Minuten\" \/>\n<script type=\"application\/ld+json\" class=\"yoast-schema-graph\">{\"@context\":\"https:\\\/\\\/schema.org\",\"@graph\":[{\"@type\":\"WebPage\",\"@id\":\"https:\\\/\\\/www.contentguru.com\\\/de-de\\\/produkte\\\/storm-cx\\\/workforce-engagement-management\\\/bildschirmaufzeichnung\\\/\",\"url\":\"https:\\\/\\\/www.contentguru.com\\\/de-de\\\/produkte\\\/storm-cx\\\/workforce-engagement-management\\\/bildschirmaufzeichnung\\\/\",\"name\":\"Pixelgenaue Bildschirmaufzeichnung - Content Guru\",\"isPartOf\":{\"@id\":\"https:\\\/\\\/www.contentguru.com\\\/de-de\\\/#website\"},\"datePublished\":\"2025-02-14T16:14:09+00:00\",\"dateModified\":\"2026-02-16T11:56:50+00:00\",\"description\":\"Ohne Einblick in die Aktivit\u00e4ten der Agenten riskieren Unternehmen unmotivierte Mitarbeiter, ineffizienten Kundenservice und eine erh\u00f6hte Fluktuation.\",\"breadcrumb\":{\"@id\":\"https:\\\/\\\/www.contentguru.com\\\/de-de\\\/produkte\\\/storm-cx\\\/workforce-engagement-management\\\/bildschirmaufzeichnung\\\/#breadcrumb\"},\"inLanguage\":\"de\",\"potentialAction\":[{\"@type\":\"ReadAction\",\"target\":[\"https:\\\/\\\/www.contentguru.com\\\/de-de\\\/produkte\\\/storm-cx\\\/workforce-engagement-management\\\/bildschirmaufzeichnung\\\/\"]}]},{\"@type\":\"BreadcrumbList\",\"@id\":\"https:\\\/\\\/www.contentguru.com\\\/de-de\\\/produkte\\\/storm-cx\\\/workforce-engagement-management\\\/bildschirmaufzeichnung\\\/#breadcrumb\",\"itemListElement\":[{\"@type\":\"ListItem\",\"position\":1,\"name\":\"Home\",\"item\":\"https:\\\/\\\/www.contentguru.com\\\/de-de\\\/\"},{\"@type\":\"ListItem\",\"position\":2,\"name\":\"Produkte\",\"item\":\"https:\\\/\\\/www.contentguru.com\\\/de-de\\\/produkte\\\/\"},{\"@type\":\"ListItem\",\"position\":3,\"name\":\"storm CX\",\"item\":\"https:\\\/\\\/www.contentguru.com\\\/de-de\\\/produkte\\\/storm-cx\\\/\"},{\"@type\":\"ListItem\",\"position\":4,\"name\":\"Workforce Engagement Management\",\"item\":\"https:\\\/\\\/www.contentguru.com\\\/de-de\\\/produkte\\\/storm-cx\\\/workforce-engagement-management\\\/\"},{\"@type\":\"ListItem\",\"position\":5,\"name\":\"Pixelgenaue Bildschirmaufzeichnung\"}]},{\"@type\":\"WebSite\",\"@id\":\"https:\\\/\\\/www.contentguru.com\\\/de-de\\\/#website\",\"url\":\"https:\\\/\\\/www.contentguru.com\\\/de-de\\\/\",\"name\":\"Deutsch - Content Guru\",\"description\":\"\",\"publisher\":{\"@id\":\"https:\\\/\\\/www.contentguru.com\\\/de-de\\\/#organization\"},\"potentialAction\":[{\"@type\":\"SearchAction\",\"target\":{\"@type\":\"EntryPoint\",\"urlTemplate\":\"https:\\\/\\\/www.contentguru.com\\\/de-de\\\/?s={search_term_string}\"},\"query-input\":{\"@type\":\"PropertyValueSpecification\",\"valueRequired\":true,\"valueName\":\"search_term_string\"}}],\"inLanguage\":\"de\"},{\"@type\":\"Organization\",\"@id\":\"https:\\\/\\\/www.contentguru.com\\\/de-de\\\/#organization\",\"name\":\"Content Guru\",\"url\":\"https:\\\/\\\/www.contentguru.com\\\/de-de\\\/\",\"logo\":{\"@type\":\"ImageObject\",\"inLanguage\":\"de\",\"@id\":\"https:\\\/\\\/www.contentguru.com\\\/de-de\\\/#\\\/schema\\\/logo\\\/image\\\/\",\"url\":\"https:\\\/\\\/www.contentguru.com\\\/de-de\\\/wp-content\\\/uploads\\\/sites\\\/9\\\/2025\\\/02\\\/CG-Logo-Dark-Blue_Outlines-1.svg\",\"contentUrl\":\"https:\\\/\\\/www.contentguru.com\\\/de-de\\\/wp-content\\\/uploads\\\/sites\\\/9\\\/2025\\\/02\\\/CG-Logo-Dark-Blue_Outlines-1.svg\",\"width\":\"1024\",\"height\":\"1024\",\"caption\":\"Content Guru\"},\"image\":{\"@id\":\"https:\\\/\\\/www.contentguru.com\\\/de-de\\\/#\\\/schema\\\/logo\\\/image\\\/\"},\"sameAs\":[\"https:\\\/\\\/www.facebook.com\\\/ContentGuruLtd\",\"https:\\\/\\\/x.com\\\/cgchirp\"]}]}<\/script>\n<!-- \/ Yoast SEO plugin. -->","yoast_head_json":{"title":"Pixelgenaue Bildschirmaufzeichnung - Content Guru","description":"Ohne Einblick in die Aktivit\u00e4ten der Agenten riskieren Unternehmen unmotivierte Mitarbeiter, ineffizienten Kundenservice und eine erh\u00f6hte Fluktuation.","robots":{"index":"index","follow":"follow","max-snippet":"max-snippet:-1","max-image-preview":"max-image-preview:large","max-video-preview":"max-video-preview:-1"},"canonical":"https:\/\/www.contentguru.com\/de-de\/produkte\/storm-cx\/workforce-engagement-management\/bildschirmaufzeichnung\/","og_locale":"de_DE","og_type":"article","og_title":"Pixelgenaue Bildschirmaufzeichnung - Content Guru","og_description":"Ohne Einblick in die Aktivit\u00e4ten der Agenten riskieren Unternehmen unmotivierte Mitarbeiter, ineffizienten Kundenservice und eine erh\u00f6hte Fluktuation.","og_url":"https:\/\/www.contentguru.com\/de-de\/produkte\/storm-cx\/workforce-engagement-management\/bildschirmaufzeichnung\/","og_site_name":"Deutsch","article_publisher":"https:\/\/www.facebook.com\/ContentGuruLtd","article_modified_time":"2026-02-16T11:56:50+00:00","twitter_card":"summary_large_image","twitter_site":"@cgchirp","twitter_misc":{"Gesch\u00e4tzte Lesezeit":"4\u00a0Minuten"},"schema":{"@context":"https:\/\/schema.org","@graph":[{"@type":"WebPage","@id":"https:\/\/www.contentguru.com\/de-de\/produkte\/storm-cx\/workforce-engagement-management\/bildschirmaufzeichnung\/","url":"https:\/\/www.contentguru.com\/de-de\/produkte\/storm-cx\/workforce-engagement-management\/bildschirmaufzeichnung\/","name":"Pixelgenaue Bildschirmaufzeichnung - Content Guru","isPartOf":{"@id":"https:\/\/www.contentguru.com\/de-de\/#website"},"datePublished":"2025-02-14T16:14:09+00:00","dateModified":"2026-02-16T11:56:50+00:00","description":"Ohne Einblick in die Aktivit\u00e4ten der Agenten riskieren Unternehmen unmotivierte Mitarbeiter, ineffizienten Kundenservice und eine erh\u00f6hte Fluktuation.","breadcrumb":{"@id":"https:\/\/www.contentguru.com\/de-de\/produkte\/storm-cx\/workforce-engagement-management\/bildschirmaufzeichnung\/#breadcrumb"},"inLanguage":"de","potentialAction":[{"@type":"ReadAction","target":["https:\/\/www.contentguru.com\/de-de\/produkte\/storm-cx\/workforce-engagement-management\/bildschirmaufzeichnung\/"]}]},{"@type":"BreadcrumbList","@id":"https:\/\/www.contentguru.com\/de-de\/produkte\/storm-cx\/workforce-engagement-management\/bildschirmaufzeichnung\/#breadcrumb","itemListElement":[{"@type":"ListItem","position":1,"name":"Home","item":"https:\/\/www.contentguru.com\/de-de\/"},{"@type":"ListItem","position":2,"name":"Produkte","item":"https:\/\/www.contentguru.com\/de-de\/produkte\/"},{"@type":"ListItem","position":3,"name":"storm CX","item":"https:\/\/www.contentguru.com\/de-de\/produkte\/storm-cx\/"},{"@type":"ListItem","position":4,"name":"Workforce Engagement Management","item":"https:\/\/www.contentguru.com\/de-de\/produkte\/storm-cx\/workforce-engagement-management\/"},{"@type":"ListItem","position":5,"name":"Pixelgenaue Bildschirmaufzeichnung"}]},{"@type":"WebSite","@id":"https:\/\/www.contentguru.com\/de-de\/#website","url":"https:\/\/www.contentguru.com\/de-de\/","name":"Deutsch - Content Guru","description":"","publisher":{"@id":"https:\/\/www.contentguru.com\/de-de\/#organization"},"potentialAction":[{"@type":"SearchAction","target":{"@type":"EntryPoint","urlTemplate":"https:\/\/www.contentguru.com\/de-de\/?s={search_term_string}"},"query-input":{"@type":"PropertyValueSpecification","valueRequired":true,"valueName":"search_term_string"}}],"inLanguage":"de"},{"@type":"Organization","@id":"https:\/\/www.contentguru.com\/de-de\/#organization","name":"Content Guru","url":"https:\/\/www.contentguru.com\/de-de\/","logo":{"@type":"ImageObject","inLanguage":"de","@id":"https:\/\/www.contentguru.com\/de-de\/#\/schema\/logo\/image\/","url":"https:\/\/www.contentguru.com\/de-de\/wp-content\/uploads\/sites\/9\/2025\/02\/CG-Logo-Dark-Blue_Outlines-1.svg","contentUrl":"https:\/\/www.contentguru.com\/de-de\/wp-content\/uploads\/sites\/9\/2025\/02\/CG-Logo-Dark-Blue_Outlines-1.svg","width":"1024","height":"1024","caption":"Content Guru"},"image":{"@id":"https:\/\/www.contentguru.com\/de-de\/#\/schema\/logo\/image\/"},"sameAs":["https:\/\/www.facebook.com\/ContentGuruLtd","https:\/\/x.com\/cgchirp"]}]}},"_links":{"self":[{"href":"https:\/\/www.contentguru.com\/de-de\/wp-json\/wp\/v2\/pages\/799","targetHints":{"allow":["GET"]}}],"collection":[{"href":"https:\/\/www.contentguru.com\/de-de\/wp-json\/wp\/v2\/pages"}],"about":[{"href":"https:\/\/www.contentguru.com\/de-de\/wp-json\/wp\/v2\/types\/page"}],"author":[{"embeddable":true,"href":"https:\/\/www.contentguru.com\/de-de\/wp-json\/wp\/v2\/users\/6"}],"replies":[{"embeddable":true,"href":"https:\/\/www.contentguru.com\/de-de\/wp-json\/wp\/v2\/comments?post=799"}],"version-history":[{"count":0,"href":"https:\/\/www.contentguru.com\/de-de\/wp-json\/wp\/v2\/pages\/799\/revisions"}],"up":[{"embeddable":true,"href":"https:\/\/www.contentguru.com\/de-de\/wp-json\/wp\/v2\/pages\/786"}],"wp:attachment":[{"href":"https:\/\/www.contentguru.com\/de-de\/wp-json\/wp\/v2\/media?parent=799"}],"wp:term":[{"taxonomy":"folder","embeddable":true,"href":"https:\/\/www.contentguru.com\/de-de\/wp-json\/wp\/v2\/folder?post=799"}],"curies":[{"name":"wp","href":"https:\/\/api.w.org\/{rel}","templated":true}]}}