{"id":790,"date":"2025-02-14T16:11:22","date_gmt":"2025-02-14T16:11:22","guid":{"rendered":"https:\/\/contentguru.builtbytoast.uk\/?page_id=790"},"modified":"2026-02-13T18:37:58","modified_gmt":"2026-02-13T18:37:58","slug":"interaktionsanalyse","status":"publish","type":"page","link":"https:\/\/www.contentguru.com\/de-de\/produkte\/storm-cx\/workforce-engagement-management\/interaktionsanalyse\/","title":{"rendered":"KI-gest\u00fctzte Interaktionsanalyse"},"content":{"rendered":"\n\n    <section class=\"block-resource-hero toast-block no-margin padding-both has-bg\" style=\"background-color:#ddf3fc;\"> \n\n        \n\n\n    <div class=\"resource-hero\">\n        <div class=\"container\">\n                            <h4 class=\"section-title h5\"><span class=\"notranslate\"><strong>storm<\/strong><sub>\u00ae<\/sub> ANALYTICS\u2122<\/span><\/h4>\n<h1>Customer Journey Analysen<\/h1>\n<h4><span style=\"font-weight: 400\">Identifizieren Sie Trends \u00fcber alle Kontaktkan\u00e4le hinweg und nutzen Sie KI-gest\u00fctzte Analysen, um die Customer Journey zu optimieren.<\/span><\/h4>\n                    <\/div>\n    <\/div>\n\n    \n    <\/section>\n\n\n\n\n\n    <section class=\"block-boxed-content toast-block no-margin padding-top\"> \n\n                    <div class=\"section-title-area\">\n                <div class=\"container\">\n                                        <h2 class=\"section-title h2\">KI-gest\u00fctzte Interaktionsanalysen<\/h2>\n                                            <div class=\"section-description\"><p><b><i>storm <\/i><\/b><i><span style=\"font-weight: 400\">ANALYTICS nutzt KI-gest\u00fctzte Technologien zur Automatisierung der Qualit\u00e4tspr\u00fcfung, sodass Compliance-Teams die ben\u00f6tigten Anrufe schnell und pr\u00e4zise auffinden k\u00f6nnen.<\/span><\/i><\/p>\n<\/div>\n                                    <\/div>\n            <\/div>\n        \n\n\n<div class=\"boxed-content-wrapper with-box\">\n    <div class=\"container\">\n        <div class=\"boxed-content \" style=\"background-color:#0c2943;color:#f8f9eb\">\n                        <div class=\"box-background-image\" style=\"background-image:url('https:\/\/www.contentguru.com\/de-de\/wp-content\/uploads\/sites\/9\/2025\/02\/c4dcf3a9e4b519d13241b7c103ff462b.jpg')\"><\/div>\n            \n            \n            <div class=\"boxed-content-text\">\n                <h3>Maximale Effizienz f\u00fcr Ihre Analysen<\/h3>\n<p><span style=\"font-weight: 400\">Im Bereich Customer Experience steht Compliance an erster Stelle. Ein Versto\u00df gegen regulatorische Vorgaben kann zu hohen Geldstrafen f\u00fchren, die Ihrem Markenimage langfristig schaden.<\/span><\/p>\n<p><span style=\"font-weight: 400\">Sie ben\u00f6tigen eine L\u00f6sung, die jede Interaktion mithilfe von Natural Language Processing (NLP) schnell und zuverl\u00e4ssig analysiert, Aufzeichnungen automatisch nach Inhalt und Tonfall gruppiert und so die Compliance f\u00fcr alle Anrufe sicherstellt \u2013 nicht nur f\u00fcr eine kleine Stichprobe.<\/span><\/p>\n            <\/div>\n                        <div class=\"boxed-content-image\">\n                                    <img loading=\"lazy\" decoding=\"async\" width=\"1270\" height=\"733\" src=\"https:\/\/www.contentguru.com\/de-de\/wp-content\/uploads\/sites\/9\/2026\/02\/AI-Powered-Knowledge-Management-1.jpg\" class=\"attachment-full size-full\" alt=\"ai supercharge agent\" srcset=\"https:\/\/www.contentguru.com\/de-de\/wp-content\/uploads\/sites\/9\/2026\/02\/AI-Powered-Knowledge-Management-1.jpg 1270w, https:\/\/www.contentguru.com\/de-de\/wp-content\/uploads\/sites\/9\/2026\/02\/AI-Powered-Knowledge-Management-1-300x173.jpg 300w, https:\/\/www.contentguru.com\/de-de\/wp-content\/uploads\/sites\/9\/2026\/02\/AI-Powered-Knowledge-Management-1-1024x591.jpg 1024w, https:\/\/www.contentguru.com\/de-de\/wp-content\/uploads\/sites\/9\/2026\/02\/AI-Powered-Knowledge-Management-1-768x443.jpg 768w\" sizes=\"auto, (max-width: 1270px) 100vw, 1270px\" \/>                            <\/div>\n                    <\/div>\n    <\/div>\n<\/div>\n\n    \n    <\/section>\n\n\n\n\n\n    <section class=\"block-boxed-content toast-block no-margin no-padding\"> \n\n        \n\n\n<div class=\"boxed-content-wrapper with-box\">\n    <div class=\"container\">\n        <div class=\"boxed-content reversed\" style=\"background-color:#ddf3fc;color:#0c2943\">\n            \n                        <div class=\"boxed-content-image\">\n                                    <img loading=\"lazy\" decoding=\"async\" width=\"2560\" height=\"1396\" src=\"https:\/\/www.contentguru.com\/de-de\/wp-content\/uploads\/sites\/9\/2026\/02\/Financial-10-scaled.png\" class=\"attachment-full size-full\" alt=\"\" srcset=\"https:\/\/www.contentguru.com\/de-de\/wp-content\/uploads\/sites\/9\/2026\/02\/Financial-10-scaled.png 2560w, https:\/\/www.contentguru.com\/de-de\/wp-content\/uploads\/sites\/9\/2026\/02\/Financial-10-300x164.png 300w, https:\/\/www.contentguru.com\/de-de\/wp-content\/uploads\/sites\/9\/2026\/02\/Financial-10-1024x559.png 1024w, https:\/\/www.contentguru.com\/de-de\/wp-content\/uploads\/sites\/9\/2026\/02\/Financial-10-768x419.png 768w, https:\/\/www.contentguru.com\/de-de\/wp-content\/uploads\/sites\/9\/2026\/02\/Financial-10-1536x838.png 1536w, https:\/\/www.contentguru.com\/de-de\/wp-content\/uploads\/sites\/9\/2026\/02\/Financial-10-2048x1117.png 2048w\" sizes=\"auto, (max-width: 2560px) 100vw, 2560px\" \/>                            <\/div>\n            \n            <div class=\"boxed-content-text\">\n                <h3>Modernste KI-Technologien<\/h3>\n<p><span style=\"font-weight: 400\">Wir fungieren als KI-Broker und b\u00fcndeln die leistungsst\u00e4rksten Technologien auf dem Markt, um sicherzustellen, dass Ihre Customer Journey Analytics stets auf dem neuesten Stand sind.<\/span><\/p>\n<p><span style=\"font-weight: 400\">Hochmoderne Sprachverarbeitungs-Technologien, darunter Automatic Speech Recognition (ASR) und Natural Language Processing (NLP), erm\u00f6glichen die schnelle und pr\u00e4zise Analyse gro\u00dfer Mengen an Kundeninteraktionen.<\/span><\/p>\n            <\/div>\n                    <\/div>\n    <\/div>\n<\/div>\n\n    \n    <\/section>\n\n\n\n\n\n    <section class=\"block-boxed-content toast-block no-margin no-padding\"> \n\n        \n\n\n<div class=\"boxed-content-wrapper with-box\">\n    <div class=\"container\">\n        <div class=\"boxed-content \" style=\"background-color:#f8f9eb;color:\">\n            \n            \n            <div class=\"boxed-content-text\">\n                <h3>Marktf\u00fchrende Sentiment-Analyse<\/h3>\n<p><span style=\"font-weight: 400\">Mit Sentiment-Analysen k\u00f6nnen Sie positive und negative Stimmungen in Interaktionen erkennen und so die Qualit\u00e4t der Kundenkommunikation in Echtzeit beobachten.<\/span><\/p>\n<p><span style=\"font-weight: 400\">Diese Erkenntnisse lassen sich in Dashboards und historische Reports integrieren, sodass Stimmungsentwicklungen in Echtzeit oder \u00fcber einen l\u00e4ngeren Zeitraum hinweg nachverfolgt werden k\u00f6nnen.<\/span><\/p>\n            <\/div>\n                        <div class=\"boxed-content-image\">\n                                    <img loading=\"lazy\" decoding=\"async\" width=\"768\" height=\"512\" src=\"https:\/\/www.contentguru.com\/de-de\/wp-content\/uploads\/sites\/9\/2026\/02\/Customer-Happy-2.jpg\" class=\"attachment-full size-full\" alt=\"\" srcset=\"https:\/\/www.contentguru.com\/de-de\/wp-content\/uploads\/sites\/9\/2026\/02\/Customer-Happy-2.jpg 768w, https:\/\/www.contentguru.com\/de-de\/wp-content\/uploads\/sites\/9\/2026\/02\/Customer-Happy-2-300x200.jpg 300w\" sizes=\"auto, (max-width: 768px) 100vw, 768px\" \/>                            <\/div>\n                    <\/div>\n    <\/div>\n<\/div>\n\n    \n    <\/section>\n\n\n\n\n\n    <section class=\"block-boxed-content toast-block no-margin no-padding\"> \n\n        \n\n\n<div class=\"boxed-content-wrapper with-box\">\n    <div class=\"container\">\n        <div class=\"boxed-content reversed\" style=\"background-color:#0c2943;color:#f8f9eb\">\n                        <div class=\"box-background-image\" style=\"background-image:url('https:\/\/www.contentguru.com\/de-de\/wp-content\/uploads\/sites\/9\/2025\/02\/c4dcf3a9e4b519d13241b7c103ff462b.jpg')\"><\/div>\n            \n                        <div class=\"boxed-content-image\">\n                                    <img loading=\"lazy\" decoding=\"async\" width=\"2560\" height=\"1396\" src=\"https:\/\/www.contentguru.com\/de-de\/wp-content\/uploads\/sites\/9\/2026\/02\/Compliance-and-Regulation-2-scaled.png\" class=\"attachment-full size-full\" alt=\"Compliance and Regulation 2\" srcset=\"https:\/\/www.contentguru.com\/de-de\/wp-content\/uploads\/sites\/9\/2026\/02\/Compliance-and-Regulation-2-scaled.png 2560w, https:\/\/www.contentguru.com\/de-de\/wp-content\/uploads\/sites\/9\/2026\/02\/Compliance-and-Regulation-2-300x164.png 300w, https:\/\/www.contentguru.com\/de-de\/wp-content\/uploads\/sites\/9\/2026\/02\/Compliance-and-Regulation-2-1024x559.png 1024w, https:\/\/www.contentguru.com\/de-de\/wp-content\/uploads\/sites\/9\/2026\/02\/Compliance-and-Regulation-2-768x419.png 768w, https:\/\/www.contentguru.com\/de-de\/wp-content\/uploads\/sites\/9\/2026\/02\/Compliance-and-Regulation-2-1536x838.png 1536w, https:\/\/www.contentguru.com\/de-de\/wp-content\/uploads\/sites\/9\/2026\/02\/Compliance-and-Regulation-2-2048x1117.png 2048w\" sizes=\"auto, (max-width: 2560px) 100vw, 2560px\" \/>                            <\/div>\n            \n            <div class=\"boxed-content-text\">\n                <h3>Intelligente Compliance<\/h3>\n<p><span style=\"font-weight: 400\">Riskieren Sie keine Compliance-Verst\u00f6\u00dfe mehr. Die intelligente Erkennung von Pflichtaussagen \u00fcberpr\u00fcft, ob vorgeschriebene Formulierungen verwendet wurden, und warnt Sie, wenn diese fehlen.<\/span><\/p>\n<p><b>storm<\/b><span style=\"font-weight: 400\"> ANALYTICS misst zudem die Skripttreue, sodass Sie jederzeit sicherstellen k\u00f6nnen, dass alle regulatorischen Anforderungen in s\u00e4mtlichen Anrufen erf\u00fcllt werden.<\/span><\/p>\n            <\/div>\n                    <\/div>\n    <\/div>\n<\/div>\n\n    \n    <\/section>\n\n\n\n\n\n    <section class=\"block-boxed-content toast-block no-margin no-padding\"> \n\n        \n\n\n<div class=\"boxed-content-wrapper with-box\">\n    <div class=\"container\">\n        <div class=\"boxed-content \" style=\"background-color:#ddf3fc;color:\">\n            \n            \n            <div class=\"boxed-content-text\">\n                <h3>Smarte Organisation<\/h3>\n<p><span style=\"font-weight: 400\">Strukturieren Sie Ihre Aufzeichnungen mit Smart Folders. Gruppieren Sie Anrufe automatisch nach Schl\u00fcsselw\u00f6rtern oder Stimmungen.<\/span><\/p>\n<p><span style=\"font-weight: 400\">Identifizieren Sie Trends und potenzielle Probleme schnell und effizient. Nutzen Sie die Suchfunktion nach Schl\u00fcsselbegriffen, um relevante Aufzeichnungen m\u00fchelos zu finden. Automatisieren Sie wiederkehrende Aufgaben und entlasten Sie so Ihre Mitarbeitenden, damit sie sich auf die Kundenbetreuung konzentrieren k\u00f6nnen.<\/span><\/p>\n            <\/div>\n                        <div class=\"boxed-content-image\">\n                                    <img loading=\"lazy\" decoding=\"async\" width=\"2560\" height=\"1396\" src=\"https:\/\/www.contentguru.com\/de-de\/wp-content\/uploads\/sites\/9\/2026\/02\/Construction-9-scaled.png\" class=\"attachment-full size-full\" alt=\"\" srcset=\"https:\/\/www.contentguru.com\/de-de\/wp-content\/uploads\/sites\/9\/2026\/02\/Construction-9-scaled.png 2560w, https:\/\/www.contentguru.com\/de-de\/wp-content\/uploads\/sites\/9\/2026\/02\/Construction-9-300x164.png 300w, https:\/\/www.contentguru.com\/de-de\/wp-content\/uploads\/sites\/9\/2026\/02\/Construction-9-1024x559.png 1024w, https:\/\/www.contentguru.com\/de-de\/wp-content\/uploads\/sites\/9\/2026\/02\/Construction-9-768x419.png 768w, https:\/\/www.contentguru.com\/de-de\/wp-content\/uploads\/sites\/9\/2026\/02\/Construction-9-1536x838.png 1536w, https:\/\/www.contentguru.com\/de-de\/wp-content\/uploads\/sites\/9\/2026\/02\/Construction-9-2048x1117.png 2048w\" sizes=\"auto, (max-width: 2560px) 100vw, 2560px\" \/>                            <\/div>\n                    <\/div>\n    <\/div>\n<\/div>\n\n    \n    <\/section>\n\n\n\n\n\n    <section class=\"block-contact-form toast-block no-margin padding-top\"> \n\n                    <div class=\"section-title-area\">\n                <div class=\"container\">\n                                        <h2 class=\"section-title h3\">Sie m\u00f6chten mehr erfahren?<\/h2>\n                                            <div class=\"section-description\"><p><span style=\"font-weight: 400\">Teilen Sie uns ein paar Details mit und erhalten Sie eine ausf\u00fchrliche \u00dcbersicht \u00fcber die Funktionen von <\/span><b>storm<\/b><span style=\"font-weight: 400\"> ANALYTICS direkt per E-Mail.<\/span><\/p>\n<\/div>\n                                    <\/div>\n            <\/div>\n        \n\n\n    <div class=\"contact-form-wrapper\">\n        <div class=\"container\">\n            <div class=\"contact-form-area\">\n                <form id=\"mktoForm_1062\"><\/form>\n                \n                \n            <\/div>\n        <\/div>\n    <\/div>\n\n    \n    <\/section>\n\n","protected":false},"excerpt":{"rendered":"","protected":false},"author":6,"featured_media":0,"parent":786,"menu_order":0,"comment_status":"closed","ping_status":"closed","template":"","meta":{"_acf_changed":true,"inline_featured_image":false,"footnotes":""},"folder":[15],"class_list":["post-790","page","type-page","status-publish","hentry"],"acf":[],"yoast_head":"<!-- This site is optimized with the Yoast SEO plugin v27.5 - https:\/\/yoast.com\/product\/yoast-seo-wordpress\/ -->\n<title>KI-gest\u00fctzte Interaktionsanalyse - Content Guru<\/title>\n<meta name=\"description\" content=\"Identifizieren Sie Trends \u00fcber alle Kontaktkan\u00e4le hinweg und nutzen Sie KI-gest\u00fctzte Analysen, um die Customer Journey zu optimieren.\" \/>\n<meta name=\"robots\" content=\"index, follow, max-snippet:-1, max-image-preview:large, max-video-preview:-1\" \/>\n<link rel=\"canonical\" href=\"https:\/\/www.contentguru.com\/de-de\/produkte\/storm-cx\/workforce-engagement-management\/interaktionsanalyse\/\" \/>\n<meta property=\"og:locale\" content=\"de_DE\" \/>\n<meta property=\"og:type\" content=\"article\" \/>\n<meta property=\"og:title\" content=\"KI-gest\u00fctzte Interaktionsanalyse - Content Guru\" \/>\n<meta property=\"og:description\" content=\"Identifizieren Sie Trends \u00fcber alle Kontaktkan\u00e4le hinweg und nutzen Sie KI-gest\u00fctzte Analysen, um die Customer Journey zu optimieren.\" \/>\n<meta property=\"og:url\" content=\"https:\/\/www.contentguru.com\/de-de\/produkte\/storm-cx\/workforce-engagement-management\/interaktionsanalyse\/\" \/>\n<meta property=\"og:site_name\" content=\"Deutsch\" \/>\n<meta property=\"article:publisher\" content=\"https:\/\/www.facebook.com\/ContentGuruLtd\" \/>\n<meta property=\"article:modified_time\" content=\"2026-02-13T18:37:58+00:00\" \/>\n<meta name=\"twitter:card\" content=\"summary_large_image\" \/>\n<meta name=\"twitter:site\" content=\"@cgchirp\" \/>\n<meta name=\"twitter:label1\" content=\"Gesch\u00e4tzte Lesezeit\" \/>\n\t<meta name=\"twitter:data1\" content=\"4\u00a0Minuten\" \/>\n<script type=\"application\/ld+json\" class=\"yoast-schema-graph\">{\"@context\":\"https:\\\/\\\/schema.org\",\"@graph\":[{\"@type\":\"WebPage\",\"@id\":\"https:\\\/\\\/www.contentguru.com\\\/de-de\\\/produkte\\\/storm-cx\\\/workforce-engagement-management\\\/interaktionsanalyse\\\/\",\"url\":\"https:\\\/\\\/www.contentguru.com\\\/de-de\\\/produkte\\\/storm-cx\\\/workforce-engagement-management\\\/interaktionsanalyse\\\/\",\"name\":\"KI-gest\u00fctzte Interaktionsanalyse - Content Guru\",\"isPartOf\":{\"@id\":\"https:\\\/\\\/www.contentguru.com\\\/de-de\\\/#website\"},\"datePublished\":\"2025-02-14T16:11:22+00:00\",\"dateModified\":\"2026-02-13T18:37:58+00:00\",\"description\":\"Identifizieren Sie Trends \u00fcber alle Kontaktkan\u00e4le hinweg und nutzen Sie KI-gest\u00fctzte Analysen, um die Customer Journey zu optimieren.\",\"breadcrumb\":{\"@id\":\"https:\\\/\\\/www.contentguru.com\\\/de-de\\\/produkte\\\/storm-cx\\\/workforce-engagement-management\\\/interaktionsanalyse\\\/#breadcrumb\"},\"inLanguage\":\"de\",\"potentialAction\":[{\"@type\":\"ReadAction\",\"target\":[\"https:\\\/\\\/www.contentguru.com\\\/de-de\\\/produkte\\\/storm-cx\\\/workforce-engagement-management\\\/interaktionsanalyse\\\/\"]}]},{\"@type\":\"BreadcrumbList\",\"@id\":\"https:\\\/\\\/www.contentguru.com\\\/de-de\\\/produkte\\\/storm-cx\\\/workforce-engagement-management\\\/interaktionsanalyse\\\/#breadcrumb\",\"itemListElement\":[{\"@type\":\"ListItem\",\"position\":1,\"name\":\"Home\",\"item\":\"https:\\\/\\\/www.contentguru.com\\\/de-de\\\/\"},{\"@type\":\"ListItem\",\"position\":2,\"name\":\"Produkte\",\"item\":\"https:\\\/\\\/www.contentguru.com\\\/de-de\\\/produkte\\\/\"},{\"@type\":\"ListItem\",\"position\":3,\"name\":\"storm CX\",\"item\":\"https:\\\/\\\/www.contentguru.com\\\/de-de\\\/produkte\\\/storm-cx\\\/\"},{\"@type\":\"ListItem\",\"position\":4,\"name\":\"Workforce Engagement Management\",\"item\":\"https:\\\/\\\/www.contentguru.com\\\/de-de\\\/produkte\\\/storm-cx\\\/workforce-engagement-management\\\/\"},{\"@type\":\"ListItem\",\"position\":5,\"name\":\"KI-gest\u00fctzte Interaktionsanalyse\"}]},{\"@type\":\"WebSite\",\"@id\":\"https:\\\/\\\/www.contentguru.com\\\/de-de\\\/#website\",\"url\":\"https:\\\/\\\/www.contentguru.com\\\/de-de\\\/\",\"name\":\"Deutsch - Content Guru\",\"description\":\"\",\"publisher\":{\"@id\":\"https:\\\/\\\/www.contentguru.com\\\/de-de\\\/#organization\"},\"potentialAction\":[{\"@type\":\"SearchAction\",\"target\":{\"@type\":\"EntryPoint\",\"urlTemplate\":\"https:\\\/\\\/www.contentguru.com\\\/de-de\\\/?s={search_term_string}\"},\"query-input\":{\"@type\":\"PropertyValueSpecification\",\"valueRequired\":true,\"valueName\":\"search_term_string\"}}],\"inLanguage\":\"de\"},{\"@type\":\"Organization\",\"@id\":\"https:\\\/\\\/www.contentguru.com\\\/de-de\\\/#organization\",\"name\":\"Content Guru\",\"url\":\"https:\\\/\\\/www.contentguru.com\\\/de-de\\\/\",\"logo\":{\"@type\":\"ImageObject\",\"inLanguage\":\"de\",\"@id\":\"https:\\\/\\\/www.contentguru.com\\\/de-de\\\/#\\\/schema\\\/logo\\\/image\\\/\",\"url\":\"https:\\\/\\\/www.contentguru.com\\\/de-de\\\/wp-content\\\/uploads\\\/sites\\\/9\\\/2025\\\/02\\\/CG-Logo-Dark-Blue_Outlines-1.svg\",\"contentUrl\":\"https:\\\/\\\/www.contentguru.com\\\/de-de\\\/wp-content\\\/uploads\\\/sites\\\/9\\\/2025\\\/02\\\/CG-Logo-Dark-Blue_Outlines-1.svg\",\"width\":\"1024\",\"height\":\"1024\",\"caption\":\"Content Guru\"},\"image\":{\"@id\":\"https:\\\/\\\/www.contentguru.com\\\/de-de\\\/#\\\/schema\\\/logo\\\/image\\\/\"},\"sameAs\":[\"https:\\\/\\\/www.facebook.com\\\/ContentGuruLtd\",\"https:\\\/\\\/x.com\\\/cgchirp\"]}]}<\/script>\n<!-- \/ Yoast SEO plugin. -->","yoast_head_json":{"title":"KI-gest\u00fctzte Interaktionsanalyse - Content Guru","description":"Identifizieren Sie Trends \u00fcber alle Kontaktkan\u00e4le hinweg und nutzen Sie KI-gest\u00fctzte Analysen, um die Customer Journey zu optimieren.","robots":{"index":"index","follow":"follow","max-snippet":"max-snippet:-1","max-image-preview":"max-image-preview:large","max-video-preview":"max-video-preview:-1"},"canonical":"https:\/\/www.contentguru.com\/de-de\/produkte\/storm-cx\/workforce-engagement-management\/interaktionsanalyse\/","og_locale":"de_DE","og_type":"article","og_title":"KI-gest\u00fctzte Interaktionsanalyse - Content Guru","og_description":"Identifizieren Sie Trends \u00fcber alle Kontaktkan\u00e4le hinweg und nutzen Sie KI-gest\u00fctzte Analysen, um die Customer Journey zu optimieren.","og_url":"https:\/\/www.contentguru.com\/de-de\/produkte\/storm-cx\/workforce-engagement-management\/interaktionsanalyse\/","og_site_name":"Deutsch","article_publisher":"https:\/\/www.facebook.com\/ContentGuruLtd","article_modified_time":"2026-02-13T18:37:58+00:00","twitter_card":"summary_large_image","twitter_site":"@cgchirp","twitter_misc":{"Gesch\u00e4tzte Lesezeit":"4\u00a0Minuten"},"schema":{"@context":"https:\/\/schema.org","@graph":[{"@type":"WebPage","@id":"https:\/\/www.contentguru.com\/de-de\/produkte\/storm-cx\/workforce-engagement-management\/interaktionsanalyse\/","url":"https:\/\/www.contentguru.com\/de-de\/produkte\/storm-cx\/workforce-engagement-management\/interaktionsanalyse\/","name":"KI-gest\u00fctzte Interaktionsanalyse - Content Guru","isPartOf":{"@id":"https:\/\/www.contentguru.com\/de-de\/#website"},"datePublished":"2025-02-14T16:11:22+00:00","dateModified":"2026-02-13T18:37:58+00:00","description":"Identifizieren Sie Trends \u00fcber alle Kontaktkan\u00e4le hinweg und nutzen Sie KI-gest\u00fctzte Analysen, um die Customer Journey zu optimieren.","breadcrumb":{"@id":"https:\/\/www.contentguru.com\/de-de\/produkte\/storm-cx\/workforce-engagement-management\/interaktionsanalyse\/#breadcrumb"},"inLanguage":"de","potentialAction":[{"@type":"ReadAction","target":["https:\/\/www.contentguru.com\/de-de\/produkte\/storm-cx\/workforce-engagement-management\/interaktionsanalyse\/"]}]},{"@type":"BreadcrumbList","@id":"https:\/\/www.contentguru.com\/de-de\/produkte\/storm-cx\/workforce-engagement-management\/interaktionsanalyse\/#breadcrumb","itemListElement":[{"@type":"ListItem","position":1,"name":"Home","item":"https:\/\/www.contentguru.com\/de-de\/"},{"@type":"ListItem","position":2,"name":"Produkte","item":"https:\/\/www.contentguru.com\/de-de\/produkte\/"},{"@type":"ListItem","position":3,"name":"storm CX","item":"https:\/\/www.contentguru.com\/de-de\/produkte\/storm-cx\/"},{"@type":"ListItem","position":4,"name":"Workforce Engagement Management","item":"https:\/\/www.contentguru.com\/de-de\/produkte\/storm-cx\/workforce-engagement-management\/"},{"@type":"ListItem","position":5,"name":"KI-gest\u00fctzte Interaktionsanalyse"}]},{"@type":"WebSite","@id":"https:\/\/www.contentguru.com\/de-de\/#website","url":"https:\/\/www.contentguru.com\/de-de\/","name":"Deutsch - Content Guru","description":"","publisher":{"@id":"https:\/\/www.contentguru.com\/de-de\/#organization"},"potentialAction":[{"@type":"SearchAction","target":{"@type":"EntryPoint","urlTemplate":"https:\/\/www.contentguru.com\/de-de\/?s={search_term_string}"},"query-input":{"@type":"PropertyValueSpecification","valueRequired":true,"valueName":"search_term_string"}}],"inLanguage":"de"},{"@type":"Organization","@id":"https:\/\/www.contentguru.com\/de-de\/#organization","name":"Content Guru","url":"https:\/\/www.contentguru.com\/de-de\/","logo":{"@type":"ImageObject","inLanguage":"de","@id":"https:\/\/www.contentguru.com\/de-de\/#\/schema\/logo\/image\/","url":"https:\/\/www.contentguru.com\/de-de\/wp-content\/uploads\/sites\/9\/2025\/02\/CG-Logo-Dark-Blue_Outlines-1.svg","contentUrl":"https:\/\/www.contentguru.com\/de-de\/wp-content\/uploads\/sites\/9\/2025\/02\/CG-Logo-Dark-Blue_Outlines-1.svg","width":"1024","height":"1024","caption":"Content Guru"},"image":{"@id":"https:\/\/www.contentguru.com\/de-de\/#\/schema\/logo\/image\/"},"sameAs":["https:\/\/www.facebook.com\/ContentGuruLtd","https:\/\/x.com\/cgchirp"]}]}},"_links":{"self":[{"href":"https:\/\/www.contentguru.com\/de-de\/wp-json\/wp\/v2\/pages\/790","targetHints":{"allow":["GET"]}}],"collection":[{"href":"https:\/\/www.contentguru.com\/de-de\/wp-json\/wp\/v2\/pages"}],"about":[{"href":"https:\/\/www.contentguru.com\/de-de\/wp-json\/wp\/v2\/types\/page"}],"author":[{"embeddable":true,"href":"https:\/\/www.contentguru.com\/de-de\/wp-json\/wp\/v2\/users\/6"}],"replies":[{"embeddable":true,"href":"https:\/\/www.contentguru.com\/de-de\/wp-json\/wp\/v2\/comments?post=790"}],"version-history":[{"count":0,"href":"https:\/\/www.contentguru.com\/de-de\/wp-json\/wp\/v2\/pages\/790\/revisions"}],"up":[{"embeddable":true,"href":"https:\/\/www.contentguru.com\/de-de\/wp-json\/wp\/v2\/pages\/786"}],"wp:attachment":[{"href":"https:\/\/www.contentguru.com\/de-de\/wp-json\/wp\/v2\/media?parent=790"}],"wp:term":[{"taxonomy":"folder","embeddable":true,"href":"https:\/\/www.contentguru.com\/de-de\/wp-json\/wp\/v2\/folder?post=790"}],"curies":[{"name":"wp","href":"https:\/\/api.w.org\/{rel}","templated":true}]}}