{"id":765,"date":"2025-02-14T15:54:44","date_gmt":"2025-02-14T15:54:44","guid":{"rendered":"https:\/\/contentguru.builtbytoast.uk\/?page_id=765"},"modified":"2026-02-13T15:21:11","modified_gmt":"2026-02-13T15:21:11","slug":"kundenzufriedenheit-csat-umfrage","status":"publish","type":"page","link":"https:\/\/www.contentguru.com\/de-de\/produkte\/storm-cx\/omnichannel\/kundenzufriedenheit-csat-umfrage\/","title":{"rendered":"Kundenzufriedenheitsumfragen (CSAT)"},"content":{"rendered":"\n\n    <section class=\"block-resource-hero toast-block no-margin padding-both has-bg\" style=\"background-color:#ddf3fc;\"> \n\n        \n\n\n    <div class=\"resource-hero\">\n        <div class=\"container\">\n                            <h4 class=\"section-title h5\"><span class=\"notranslate\"> <strong>storm<sub>\u00ae<\/sub><\/strong> ASK\u2122<\/span><\/h4>\n<h1>End-to-End CSAT Umfragen<\/h1>\n<h4><span style=\"font-weight: 400\">Erhalten Sie tiefgehende Einblicke in die Kundenzufriedenheit mit Omnichannel-Umfragen.<\/span><\/h4>\n                    <\/div>\n    <\/div>\n\n    \n    <\/section>\n\n\n\n\n\n    <section class=\"block-boxed-content toast-block no-margin padding-top\"> \n\n                    <div class=\"section-title-area\">\n                <div class=\"container\">\n                                        <h2 class=\"section-title h2\">CSAT Made Easy<\/h2>\n                                            <div class=\"section-description\"><p><em><b>storm <\/b><span style=\"font-weight: 400\">ASK\u2122 ist eine Multichannel-Umfragel\u00f6sung, mit der Sie die \u201eVoice of the Customer\u201c in gro\u00dfem Ma\u00dfstab erfassen, Ihre CX verbessern und die Kundenzufriedenheit (CSAT) steigern k\u00f6nnen.<\/span><\/em><\/p>\n<\/div>\n                                    <\/div>\n            <\/div>\n        \n\n\n<div class=\"boxed-content-wrapper with-box\">\n    <div class=\"container\">\n        <div class=\"boxed-content \" style=\"background-color:#0c2943;color:#f8f9eb\">\n                        <div class=\"box-background-image\" style=\"background-image:url('https:\/\/www.contentguru.com\/de-de\/wp-content\/uploads\/sites\/9\/2025\/02\/c4dcf3a9e4b519d13241b7c103ff462b.jpg')\"><\/div>\n            \n            \n            <div class=\"boxed-content-text\">\n                <h3>Vollst\u00e4ndige CX Transparenz<\/h3>\n<p><span style=\"font-weight: 400\">Das Verst\u00e4ndnis der W\u00fcnsche und Bed\u00fcrfnisse Ihrer Kunden ist entscheidend, um eine Customer Experience zu liefern, die die Erwartungen \u00fcbertrifft.<\/span><\/p>\n<p><span style=\"font-weight: 400\">Ihr Unternehmen ben\u00f6tigt ein leistungsstarkes Umfragetool, um wertvolle Einblicke aus Kundeninteraktionen \u00fcber alle Kan\u00e4le hinweg zu sammeln. Wenn Sie Ihre Kunden verstehen, k\u00f6nnen Sie eine herausragende Customer Experience schaffen.<\/span><\/p>\n            <\/div>\n                        <div class=\"boxed-content-image\">\n                                    <img loading=\"lazy\" decoding=\"async\" width=\"768\" height=\"512\" src=\"https:\/\/www.contentguru.com\/de-de\/wp-content\/uploads\/sites\/9\/2026\/02\/Customer-Happy-2.jpg\" class=\"attachment-full size-full\" alt=\"\" srcset=\"https:\/\/www.contentguru.com\/de-de\/wp-content\/uploads\/sites\/9\/2026\/02\/Customer-Happy-2.jpg 768w, https:\/\/www.contentguru.com\/de-de\/wp-content\/uploads\/sites\/9\/2026\/02\/Customer-Happy-2-300x200.jpg 300w\" sizes=\"auto, (max-width: 768px) 100vw, 768px\" \/>                            <\/div>\n                    <\/div>\n    <\/div>\n<\/div>\n\n    \n    <\/section>\n\n\n\n\n\n    <section class=\"block-boxed-content toast-block no-margin no-padding\"> \n\n        \n\n\n<div class=\"boxed-content-wrapper with-box\">\n    <div class=\"container\">\n        <div class=\"boxed-content reversed\" style=\"background-color:#ddf3fc;color:#0c2943\">\n            \n                        <div class=\"boxed-content-image\">\n                                    <img loading=\"lazy\" decoding=\"async\" width=\"768\" height=\"512\" src=\"https:\/\/www.contentguru.com\/de-de\/wp-content\/uploads\/sites\/9\/2026\/02\/Omni-Data.jpg\" class=\"attachment-full size-full\" alt=\"\" srcset=\"https:\/\/www.contentguru.com\/de-de\/wp-content\/uploads\/sites\/9\/2026\/02\/Omni-Data.jpg 768w, https:\/\/www.contentguru.com\/de-de\/wp-content\/uploads\/sites\/9\/2026\/02\/Omni-Data-300x200.jpg 300w\" sizes=\"auto, (max-width: 768px) 100vw, 768px\" \/>                            <\/div>\n            \n            <div class=\"boxed-content-text\">\n                <h3>Sofortige Post-Interaction Umfragen<\/h3>\n<p><strong>storm<\/strong> ASK erm\u00f6glicht es Ihnen, sofortige, kanal\u00fcbergreifende Kundenbefragungen \u00fcber Voice, Webchat, E-Mail und SMS zu erstellen und zu versenden.<\/p>\n<p>Durch schnelle Umfragen zur Kundenzufriedenheit k\u00f6nnen Sie ein genaues Bild Ihrer Kundenbasis erhalten.<\/p>\n            <\/div>\n                    <\/div>\n    <\/div>\n<\/div>\n\n    \n    <\/section>\n\n\n\n\n\n    <section class=\"block-boxed-content toast-block no-margin no-padding\"> \n\n        \n\n\n<div class=\"boxed-content-wrapper with-box\">\n    <div class=\"container\">\n        <div class=\"boxed-content \" style=\"background-color:#f8f9eb;color:\">\n            \n            \n            <div class=\"boxed-content-text\">\n                <h3>Flexible Umfrageerstellung<\/h3>\n<p><span style=\"font-weight: 400\">Innerhalb von <\/span><b>storm<\/b><span style=\"font-weight: 400\"> ASK ist die Umfrageerstellung vollst\u00e4ndig anpassbar. Sie haben die vollst\u00e4ndige Freiheit, die Formulierung und das Format der Fragen zu gestalten, ob offene Antworten oder Multiple-Choice, ganz nach Ihrer Umfrage-Strategie.<\/span><\/p>\n<p><span style=\"font-weight: 400\">Egal, wie Sie Ihre Kunden kontaktieren, <\/span><b>storm<\/b><span style=\"font-weight: 400\"> ASK gibt Ihnen die Freiheit, die richtigen Fragen auf Ihre Weise zu stellen.<\/span><\/p>\n            <\/div>\n                        <div class=\"boxed-content-image\">\n                                    <img loading=\"lazy\" decoding=\"async\" width=\"768\" height=\"512\" src=\"https:\/\/www.contentguru.com\/de-de\/wp-content\/uploads\/sites\/9\/2026\/02\/Omni-Channel-CX.jpg\" class=\"attachment-full size-full\" alt=\"\" srcset=\"https:\/\/www.contentguru.com\/de-de\/wp-content\/uploads\/sites\/9\/2026\/02\/Omni-Channel-CX.jpg 768w, https:\/\/www.contentguru.com\/de-de\/wp-content\/uploads\/sites\/9\/2026\/02\/Omni-Channel-CX-300x200.jpg 300w\" sizes=\"auto, (max-width: 768px) 100vw, 768px\" \/>                            <\/div>\n                    <\/div>\n    <\/div>\n<\/div>\n\n    \n    <\/section>\n\n\n\n\n\n    <section class=\"block-boxed-content toast-block no-margin no-padding\"> \n\n        \n\n\n<div class=\"boxed-content-wrapper with-box\">\n    <div class=\"container\">\n        <div class=\"boxed-content reversed\" style=\"background-color:#0c2943;color:#f8f9eb\">\n                        <div class=\"box-background-image\" style=\"background-image:url('https:\/\/www.contentguru.com\/de-de\/wp-content\/uploads\/sites\/9\/2025\/02\/c4dcf3a9e4b519d13241b7c103ff462b.jpg')\"><\/div>\n            \n                        <div class=\"boxed-content-image\">\n                                    <img loading=\"lazy\" decoding=\"async\" width=\"2560\" height=\"1396\" src=\"https:\/\/www.contentguru.com\/de-de\/wp-content\/uploads\/sites\/9\/2026\/02\/Custom-Integrations-and-Solutions-1-scaled.png\" class=\"attachment-full size-full\" alt=\"Custom Integrations and Solutions 1\" srcset=\"https:\/\/www.contentguru.com\/de-de\/wp-content\/uploads\/sites\/9\/2026\/02\/Custom-Integrations-and-Solutions-1-scaled.png 2560w, https:\/\/www.contentguru.com\/de-de\/wp-content\/uploads\/sites\/9\/2026\/02\/Custom-Integrations-and-Solutions-1-300x164.png 300w, https:\/\/www.contentguru.com\/de-de\/wp-content\/uploads\/sites\/9\/2026\/02\/Custom-Integrations-and-Solutions-1-1024x559.png 1024w, https:\/\/www.contentguru.com\/de-de\/wp-content\/uploads\/sites\/9\/2026\/02\/Custom-Integrations-and-Solutions-1-768x419.png 768w, https:\/\/www.contentguru.com\/de-de\/wp-content\/uploads\/sites\/9\/2026\/02\/Custom-Integrations-and-Solutions-1-1536x838.png 1536w, https:\/\/www.contentguru.com\/de-de\/wp-content\/uploads\/sites\/9\/2026\/02\/Custom-Integrations-and-Solutions-1-2048x1117.png 2048w\" sizes=\"auto, (max-width: 2560px) 100vw, 2560px\" \/>                            <\/div>\n            \n            <div class=\"boxed-content-text\">\n                <h3>Echtzeit-Transparenz<\/h3>\n<p><span style=\"font-weight: 400\">Daten aus <\/span><b>storm<\/b><span style=\"font-weight: 400\"> ASK k\u00f6nnen in unsere Reporting-L\u00f6sung <\/span><b>storm<\/b><span style=\"font-weight: 400\"> VIEW integriert werden, um in flexible Berichte oder Echtzeit-Dashboards aufgenommen zu werden.<\/span><\/p>\n<p><span style=\"font-weight: 400\">Diese Berichte k\u00f6nnen per E-Mail verteilt oder als Echtzeit-Wallboards angezeigt werden, sodass Ihr gesamtes Contact Center eine 360-Grad-Ansicht der Kundenzufriedenheit erh\u00e4lt.<\/span><\/p>\n            <\/div>\n                    <\/div>\n    <\/div>\n<\/div>\n\n    \n    <\/section>\n\n\n\n\n\n    <section class=\"block-boxed-content toast-block no-margin no-padding\"> \n\n        \n\n\n<div class=\"boxed-content-wrapper with-box\">\n    <div class=\"container\">\n        <div class=\"boxed-content \" style=\"background-color:#ddf3fc;color:\">\n            \n            \n            <div class=\"boxed-content-text\">\n                <h3>Vollst\u00e4ndige Kundendaten<\/h3>\n<p><span style=\"font-weight: 400\">CSAT ist eine Form von Kundendaten. Diese Daten k\u00f6nnen direkt von <\/span><b>storm<\/b><span style=\"font-weight: 400\"> ASK in unsere native Customer Data Platform hochgeladen und mit einem bestimmten Kunden verkn\u00fcpft werden.<\/span><\/p>\n<p><span style=\"font-weight: 400\">Wenn dieser Kunde in Zukunft Kontakt aufnimmt, werden seine vergangenen CSAT-Werte und Umfrageantworten dem bearbeitenden Agenten angezeigt, sodass er personalisierte und sensible Interaktionen bieten kann.<\/span><\/p>\n            <\/div>\n                        <div class=\"boxed-content-image\">\n                                    <img loading=\"lazy\" decoding=\"async\" width=\"2560\" height=\"1396\" src=\"https:\/\/www.contentguru.com\/de-de\/wp-content\/uploads\/sites\/9\/2026\/02\/Public-Sector-3-scaled.png\" class=\"attachment-full size-full\" alt=\"Public Sector 3\" srcset=\"https:\/\/www.contentguru.com\/de-de\/wp-content\/uploads\/sites\/9\/2026\/02\/Public-Sector-3-scaled.png 2560w, https:\/\/www.contentguru.com\/de-de\/wp-content\/uploads\/sites\/9\/2026\/02\/Public-Sector-3-300x164.png 300w, https:\/\/www.contentguru.com\/de-de\/wp-content\/uploads\/sites\/9\/2026\/02\/Public-Sector-3-1024x559.png 1024w, https:\/\/www.contentguru.com\/de-de\/wp-content\/uploads\/sites\/9\/2026\/02\/Public-Sector-3-768x419.png 768w, https:\/\/www.contentguru.com\/de-de\/wp-content\/uploads\/sites\/9\/2026\/02\/Public-Sector-3-1536x838.png 1536w, https:\/\/www.contentguru.com\/de-de\/wp-content\/uploads\/sites\/9\/2026\/02\/Public-Sector-3-2048x1117.png 2048w\" sizes=\"auto, (max-width: 2560px) 100vw, 2560px\" \/>                            <\/div>\n                    <\/div>\n    <\/div>\n<\/div>\n\n    \n    <\/section>\n\n\n\n\n\n    <section class=\"block-contact-form toast-block no-margin padding-top\"> \n\n                    <div class=\"section-title-area\">\n                <div class=\"container\">\n                                        <h2 class=\"section-title h3\">Sie m\u00f6chten mehr erfahren?<\/h2>\n                                            <div class=\"section-description\"><p><span style=\"font-weight: 400\">Teilen Sie uns ein paar Details mit und erhalten Sie eine ausf\u00fchrliche \u00dcbersicht \u00fcber die Funktionen von <\/span><b>storm<\/b><span style=\"font-weight: 400\"> ASK direkt per E-Mail.<\/span><\/p>\n<\/div>\n                                    <\/div>\n            <\/div>\n        \n\n\n    <div class=\"contact-form-wrapper\">\n        <div class=\"container\">\n            <div class=\"contact-form-area\">\n                <form id=\"mktoForm_1062\"><\/form>\n                \n                \n            <\/div>\n        <\/div>\n    <\/div>\n\n    \n    <\/section>\n\n","protected":false},"excerpt":{"rendered":"","protected":false},"author":6,"featured_media":0,"parent":763,"menu_order":0,"comment_status":"closed","ping_status":"closed","template":"","meta":{"_acf_changed":true,"inline_featured_image":false,"footnotes":""},"folder":[15],"class_list":["post-765","page","type-page","status-publish","hentry"],"acf":[],"yoast_head":"<!-- This site is optimized with the Yoast SEO plugin v27.5 - https:\/\/yoast.com\/product\/yoast-seo-wordpress\/ -->\n<title>Kundenzufriedenheitsumfragen (CSAT) - Content Guru<\/title>\n<meta name=\"description\" content=\"Erhalten Sie tiefgehende Einblicke in die Kundenzufriedenheit mit Omnichannel-Umfragen.\" \/>\n<meta name=\"robots\" content=\"index, follow, max-snippet:-1, max-image-preview:large, max-video-preview:-1\" \/>\n<link rel=\"canonical\" href=\"https:\/\/www.contentguru.com\/de-de\/produkte\/storm-cx\/omnichannel\/kundenzufriedenheit-csat-umfrage\/\" \/>\n<meta property=\"og:locale\" content=\"de_DE\" \/>\n<meta property=\"og:type\" content=\"article\" \/>\n<meta property=\"og:title\" content=\"Kundenzufriedenheitsumfragen (CSAT) - Content Guru\" \/>\n<meta property=\"og:description\" content=\"Erhalten Sie tiefgehende Einblicke in die Kundenzufriedenheit mit Omnichannel-Umfragen.\" \/>\n<meta property=\"og:url\" content=\"https:\/\/www.contentguru.com\/de-de\/produkte\/storm-cx\/omnichannel\/kundenzufriedenheit-csat-umfrage\/\" \/>\n<meta property=\"og:site_name\" content=\"Deutsch\" \/>\n<meta property=\"article:publisher\" content=\"https:\/\/www.facebook.com\/ContentGuruLtd\" \/>\n<meta property=\"article:modified_time\" content=\"2026-02-13T15:21:11+00:00\" \/>\n<meta name=\"twitter:card\" content=\"summary_large_image\" \/>\n<meta name=\"twitter:site\" content=\"@cgchirp\" \/>\n<meta name=\"twitter:label1\" content=\"Gesch\u00e4tzte Lesezeit\" \/>\n\t<meta name=\"twitter:data1\" content=\"4\u00a0Minuten\" \/>\n<script type=\"application\/ld+json\" class=\"yoast-schema-graph\">{\"@context\":\"https:\\\/\\\/schema.org\",\"@graph\":[{\"@type\":\"WebPage\",\"@id\":\"https:\\\/\\\/www.contentguru.com\\\/de-de\\\/produkte\\\/storm-cx\\\/omnichannel\\\/kundenzufriedenheit-csat-umfrage\\\/\",\"url\":\"https:\\\/\\\/www.contentguru.com\\\/de-de\\\/produkte\\\/storm-cx\\\/omnichannel\\\/kundenzufriedenheit-csat-umfrage\\\/\",\"name\":\"Kundenzufriedenheitsumfragen (CSAT) - Content Guru\",\"isPartOf\":{\"@id\":\"https:\\\/\\\/www.contentguru.com\\\/de-de\\\/#website\"},\"datePublished\":\"2025-02-14T15:54:44+00:00\",\"dateModified\":\"2026-02-13T15:21:11+00:00\",\"description\":\"Erhalten Sie tiefgehende Einblicke in die Kundenzufriedenheit mit Omnichannel-Umfragen.\",\"breadcrumb\":{\"@id\":\"https:\\\/\\\/www.contentguru.com\\\/de-de\\\/produkte\\\/storm-cx\\\/omnichannel\\\/kundenzufriedenheit-csat-umfrage\\\/#breadcrumb\"},\"inLanguage\":\"de\",\"potentialAction\":[{\"@type\":\"ReadAction\",\"target\":[\"https:\\\/\\\/www.contentguru.com\\\/de-de\\\/produkte\\\/storm-cx\\\/omnichannel\\\/kundenzufriedenheit-csat-umfrage\\\/\"]}]},{\"@type\":\"BreadcrumbList\",\"@id\":\"https:\\\/\\\/www.contentguru.com\\\/de-de\\\/produkte\\\/storm-cx\\\/omnichannel\\\/kundenzufriedenheit-csat-umfrage\\\/#breadcrumb\",\"itemListElement\":[{\"@type\":\"ListItem\",\"position\":1,\"name\":\"Home\",\"item\":\"https:\\\/\\\/www.contentguru.com\\\/de-de\\\/\"},{\"@type\":\"ListItem\",\"position\":2,\"name\":\"Produkte\",\"item\":\"https:\\\/\\\/www.contentguru.com\\\/de-de\\\/produkte\\\/\"},{\"@type\":\"ListItem\",\"position\":3,\"name\":\"storm CX\",\"item\":\"https:\\\/\\\/www.contentguru.com\\\/de-de\\\/produkte\\\/storm-cx\\\/\"},{\"@type\":\"ListItem\",\"position\":4,\"name\":\"Omnichannel-Kundenkommunikation\",\"item\":\"https:\\\/\\\/www.contentguru.com\\\/de-de\\\/produkte\\\/storm-cx\\\/omnichannel\\\/\"},{\"@type\":\"ListItem\",\"position\":5,\"name\":\"Kundenzufriedenheitsumfragen (CSAT)\"}]},{\"@type\":\"WebSite\",\"@id\":\"https:\\\/\\\/www.contentguru.com\\\/de-de\\\/#website\",\"url\":\"https:\\\/\\\/www.contentguru.com\\\/de-de\\\/\",\"name\":\"Deutsch - Content Guru\",\"description\":\"\",\"publisher\":{\"@id\":\"https:\\\/\\\/www.contentguru.com\\\/de-de\\\/#organization\"},\"potentialAction\":[{\"@type\":\"SearchAction\",\"target\":{\"@type\":\"EntryPoint\",\"urlTemplate\":\"https:\\\/\\\/www.contentguru.com\\\/de-de\\\/?s={search_term_string}\"},\"query-input\":{\"@type\":\"PropertyValueSpecification\",\"valueRequired\":true,\"valueName\":\"search_term_string\"}}],\"inLanguage\":\"de\"},{\"@type\":\"Organization\",\"@id\":\"https:\\\/\\\/www.contentguru.com\\\/de-de\\\/#organization\",\"name\":\"Content Guru\",\"url\":\"https:\\\/\\\/www.contentguru.com\\\/de-de\\\/\",\"logo\":{\"@type\":\"ImageObject\",\"inLanguage\":\"de\",\"@id\":\"https:\\\/\\\/www.contentguru.com\\\/de-de\\\/#\\\/schema\\\/logo\\\/image\\\/\",\"url\":\"https:\\\/\\\/www.contentguru.com\\\/de-de\\\/wp-content\\\/uploads\\\/sites\\\/9\\\/2025\\\/02\\\/CG-Logo-Dark-Blue_Outlines-1.svg\",\"contentUrl\":\"https:\\\/\\\/www.contentguru.com\\\/de-de\\\/wp-content\\\/uploads\\\/sites\\\/9\\\/2025\\\/02\\\/CG-Logo-Dark-Blue_Outlines-1.svg\",\"width\":\"1024\",\"height\":\"1024\",\"caption\":\"Content Guru\"},\"image\":{\"@id\":\"https:\\\/\\\/www.contentguru.com\\\/de-de\\\/#\\\/schema\\\/logo\\\/image\\\/\"},\"sameAs\":[\"https:\\\/\\\/www.facebook.com\\\/ContentGuruLtd\",\"https:\\\/\\\/x.com\\\/cgchirp\"]}]}<\/script>\n<!-- \/ Yoast SEO plugin. -->","yoast_head_json":{"title":"Kundenzufriedenheitsumfragen (CSAT) - Content Guru","description":"Erhalten Sie tiefgehende Einblicke in die Kundenzufriedenheit mit Omnichannel-Umfragen.","robots":{"index":"index","follow":"follow","max-snippet":"max-snippet:-1","max-image-preview":"max-image-preview:large","max-video-preview":"max-video-preview:-1"},"canonical":"https:\/\/www.contentguru.com\/de-de\/produkte\/storm-cx\/omnichannel\/kundenzufriedenheit-csat-umfrage\/","og_locale":"de_DE","og_type":"article","og_title":"Kundenzufriedenheitsumfragen (CSAT) - Content Guru","og_description":"Erhalten Sie tiefgehende Einblicke in die Kundenzufriedenheit mit Omnichannel-Umfragen.","og_url":"https:\/\/www.contentguru.com\/de-de\/produkte\/storm-cx\/omnichannel\/kundenzufriedenheit-csat-umfrage\/","og_site_name":"Deutsch","article_publisher":"https:\/\/www.facebook.com\/ContentGuruLtd","article_modified_time":"2026-02-13T15:21:11+00:00","twitter_card":"summary_large_image","twitter_site":"@cgchirp","twitter_misc":{"Gesch\u00e4tzte Lesezeit":"4\u00a0Minuten"},"schema":{"@context":"https:\/\/schema.org","@graph":[{"@type":"WebPage","@id":"https:\/\/www.contentguru.com\/de-de\/produkte\/storm-cx\/omnichannel\/kundenzufriedenheit-csat-umfrage\/","url":"https:\/\/www.contentguru.com\/de-de\/produkte\/storm-cx\/omnichannel\/kundenzufriedenheit-csat-umfrage\/","name":"Kundenzufriedenheitsumfragen (CSAT) - Content Guru","isPartOf":{"@id":"https:\/\/www.contentguru.com\/de-de\/#website"},"datePublished":"2025-02-14T15:54:44+00:00","dateModified":"2026-02-13T15:21:11+00:00","description":"Erhalten Sie tiefgehende Einblicke in die Kundenzufriedenheit mit Omnichannel-Umfragen.","breadcrumb":{"@id":"https:\/\/www.contentguru.com\/de-de\/produkte\/storm-cx\/omnichannel\/kundenzufriedenheit-csat-umfrage\/#breadcrumb"},"inLanguage":"de","potentialAction":[{"@type":"ReadAction","target":["https:\/\/www.contentguru.com\/de-de\/produkte\/storm-cx\/omnichannel\/kundenzufriedenheit-csat-umfrage\/"]}]},{"@type":"BreadcrumbList","@id":"https:\/\/www.contentguru.com\/de-de\/produkte\/storm-cx\/omnichannel\/kundenzufriedenheit-csat-umfrage\/#breadcrumb","itemListElement":[{"@type":"ListItem","position":1,"name":"Home","item":"https:\/\/www.contentguru.com\/de-de\/"},{"@type":"ListItem","position":2,"name":"Produkte","item":"https:\/\/www.contentguru.com\/de-de\/produkte\/"},{"@type":"ListItem","position":3,"name":"storm CX","item":"https:\/\/www.contentguru.com\/de-de\/produkte\/storm-cx\/"},{"@type":"ListItem","position":4,"name":"Omnichannel-Kundenkommunikation","item":"https:\/\/www.contentguru.com\/de-de\/produkte\/storm-cx\/omnichannel\/"},{"@type":"ListItem","position":5,"name":"Kundenzufriedenheitsumfragen (CSAT)"}]},{"@type":"WebSite","@id":"https:\/\/www.contentguru.com\/de-de\/#website","url":"https:\/\/www.contentguru.com\/de-de\/","name":"Deutsch - Content Guru","description":"","publisher":{"@id":"https:\/\/www.contentguru.com\/de-de\/#organization"},"potentialAction":[{"@type":"SearchAction","target":{"@type":"EntryPoint","urlTemplate":"https:\/\/www.contentguru.com\/de-de\/?s={search_term_string}"},"query-input":{"@type":"PropertyValueSpecification","valueRequired":true,"valueName":"search_term_string"}}],"inLanguage":"de"},{"@type":"Organization","@id":"https:\/\/www.contentguru.com\/de-de\/#organization","name":"Content Guru","url":"https:\/\/www.contentguru.com\/de-de\/","logo":{"@type":"ImageObject","inLanguage":"de","@id":"https:\/\/www.contentguru.com\/de-de\/#\/schema\/logo\/image\/","url":"https:\/\/www.contentguru.com\/de-de\/wp-content\/uploads\/sites\/9\/2025\/02\/CG-Logo-Dark-Blue_Outlines-1.svg","contentUrl":"https:\/\/www.contentguru.com\/de-de\/wp-content\/uploads\/sites\/9\/2025\/02\/CG-Logo-Dark-Blue_Outlines-1.svg","width":"1024","height":"1024","caption":"Content Guru"},"image":{"@id":"https:\/\/www.contentguru.com\/de-de\/#\/schema\/logo\/image\/"},"sameAs":["https:\/\/www.facebook.com\/ContentGuruLtd","https:\/\/x.com\/cgchirp"]}]}},"_links":{"self":[{"href":"https:\/\/www.contentguru.com\/de-de\/wp-json\/wp\/v2\/pages\/765","targetHints":{"allow":["GET"]}}],"collection":[{"href":"https:\/\/www.contentguru.com\/de-de\/wp-json\/wp\/v2\/pages"}],"about":[{"href":"https:\/\/www.contentguru.com\/de-de\/wp-json\/wp\/v2\/types\/page"}],"author":[{"embeddable":true,"href":"https:\/\/www.contentguru.com\/de-de\/wp-json\/wp\/v2\/users\/6"}],"replies":[{"embeddable":true,"href":"https:\/\/www.contentguru.com\/de-de\/wp-json\/wp\/v2\/comments?post=765"}],"version-history":[{"count":0,"href":"https:\/\/www.contentguru.com\/de-de\/wp-json\/wp\/v2\/pages\/765\/revisions"}],"up":[{"embeddable":true,"href":"https:\/\/www.contentguru.com\/de-de\/wp-json\/wp\/v2\/pages\/763"}],"wp:attachment":[{"href":"https:\/\/www.contentguru.com\/de-de\/wp-json\/wp\/v2\/media?parent=765"}],"wp:term":[{"taxonomy":"folder","embeddable":true,"href":"https:\/\/www.contentguru.com\/de-de\/wp-json\/wp\/v2\/folder?post=765"}],"curies":[{"name":"wp","href":"https:\/\/api.w.org\/{rel}","templated":true}]}}