{"id":761,"date":"2025-02-14T15:53:23","date_gmt":"2025-02-14T15:53:23","guid":{"rendered":"https:\/\/contentguru.builtbytoast.uk\/?page_id=761"},"modified":"2026-02-17T12:13:46","modified_gmt":"2026-02-17T12:13:46","slug":"scim-provisionierung","status":"publish","type":"page","link":"https:\/\/www.contentguru.com\/de-de\/produkte\/storm-cx\/journey\/scim-provisionierung\/","title":{"rendered":"Einfache SCIM-Provisionierung"},"content":{"rendered":"\n\n    <section class=\"block-resource-hero toast-block no-margin padding-both has-bg\" style=\"background-color:#ddf3fc;\"> \n\n        \n\n\n    <div class=\"resource-hero\">\n        <div class=\"container\">\n                            <h4 class=\"section-title h5\"><span class=\"notranslate\"><strong>storm<\/strong><sub>\u00ae<\/sub> SCIM\u2122<\/span><\/h4>\n<h1>M\u00fchelose SCIM-Provisionierung<\/h1>\n<h4><span style=\"font-weight: 400\">Entlasten Sie Ihre Administratoren mit automatisierter Benutzer-Provisionierung.<\/span><\/h4>\n                    <\/div>\n    <\/div>\n\n    \n    <\/section>\n\n\n\n\n\n    <section class=\"block-boxed-content toast-block no-margin padding-top\"> \n\n                    <div class=\"section-title-area\">\n                <div class=\"container\">\n                                        <h2 class=\"section-title h2\">Provisioning Made Easy<\/h2>\n                                            <div class=\"section-description\"><p><b>storm <\/b><span style=\"font-weight: 400\">SCIM ist ein automatisierter Benutzer-Provisionierungs-Service, der ideal f\u00fcr Unternehmen mit einer hohen Anzahl an Agenten ist.<\/span><\/p>\n<\/div>\n                                    <\/div>\n            <\/div>\n        \n\n\n<div class=\"boxed-content-wrapper with-box\">\n    <div class=\"container\">\n        <div class=\"boxed-content \" style=\"background-color:#0c2943;color:#f8f9eb\">\n                        <div class=\"box-background-image\" style=\"background-image:url('https:\/\/www.contentguru.com\/de-de\/wp-content\/uploads\/sites\/9\/2025\/02\/c4dcf3a9e4b519d13241b7c103ff462b.jpg')\"><\/div>\n            \n            \n            <div class=\"boxed-content-text\">\n                <h3>Benutzer-Provisionierung optimieren<\/h3>\n<p><span style=\"font-weight: 400\">Gro\u00dfe Unternehmen erleben oft eine h\u00f6here Mitarbeiterfluktuation. Die Bereitstellung von Benutzerkonten f\u00fcr verschiedene Systeme wird zunehmend komplexer.<\/span><\/p>\n<p><span style=\"font-weight: 400\">Mit <\/span><b>storm<\/b><span style=\"font-weight: 400\"> SCIM k\u00f6nnen Unternehmen sicherstellen, dass keine abgel\u00f6sten Mitarbeiter weiterhin Zugriff auf den Contact-Center-Dienst haben und neue Agenten schnell und einfach mit den richtigen Zugriffsrechten ausgestattet werden.<\/span><\/p>\n            <\/div>\n                        <div class=\"boxed-content-image\">\n                                    <img loading=\"lazy\" decoding=\"async\" width=\"2560\" height=\"1396\" src=\"https:\/\/www.contentguru.com\/de-de\/wp-content\/uploads\/sites\/9\/2026\/02\/Tech-Media-and-Telco-3-scaled.png\" class=\"attachment-full size-full\" alt=\"Tech Media and Telco 3\" srcset=\"https:\/\/www.contentguru.com\/de-de\/wp-content\/uploads\/sites\/9\/2026\/02\/Tech-Media-and-Telco-3-scaled.png 2560w, https:\/\/www.contentguru.com\/de-de\/wp-content\/uploads\/sites\/9\/2026\/02\/Tech-Media-and-Telco-3-300x164.png 300w, https:\/\/www.contentguru.com\/de-de\/wp-content\/uploads\/sites\/9\/2026\/02\/Tech-Media-and-Telco-3-1024x559.png 1024w, https:\/\/www.contentguru.com\/de-de\/wp-content\/uploads\/sites\/9\/2026\/02\/Tech-Media-and-Telco-3-768x419.png 768w, https:\/\/www.contentguru.com\/de-de\/wp-content\/uploads\/sites\/9\/2026\/02\/Tech-Media-and-Telco-3-1536x838.png 1536w, https:\/\/www.contentguru.com\/de-de\/wp-content\/uploads\/sites\/9\/2026\/02\/Tech-Media-and-Telco-3-2048x1117.png 2048w\" sizes=\"auto, (max-width: 2560px) 100vw, 2560px\" \/>                            <\/div>\n                    <\/div>\n    <\/div>\n<\/div>\n\n    \n    <\/section>\n\n\n\n\n\n    <section class=\"block-boxed-content toast-block no-margin no-padding\"> \n\n        \n\n\n<div class=\"boxed-content-wrapper with-box\">\n    <div class=\"container\">\n        <div class=\"boxed-content reversed\" style=\"background-color:#ddf3fc;color:#0c2943\">\n            \n                        <div class=\"boxed-content-image\">\n                                    <img loading=\"lazy\" decoding=\"async\" width=\"2560\" height=\"1396\" src=\"https:\/\/www.contentguru.com\/de-de\/wp-content\/uploads\/sites\/9\/2026\/02\/Financial-5-scaled.png\" class=\"attachment-full size-full\" alt=\"\" srcset=\"https:\/\/www.contentguru.com\/de-de\/wp-content\/uploads\/sites\/9\/2026\/02\/Financial-5-scaled.png 2560w, https:\/\/www.contentguru.com\/de-de\/wp-content\/uploads\/sites\/9\/2026\/02\/Financial-5-300x164.png 300w, https:\/\/www.contentguru.com\/de-de\/wp-content\/uploads\/sites\/9\/2026\/02\/Financial-5-1024x559.png 1024w, https:\/\/www.contentguru.com\/de-de\/wp-content\/uploads\/sites\/9\/2026\/02\/Financial-5-768x419.png 768w, https:\/\/www.contentguru.com\/de-de\/wp-content\/uploads\/sites\/9\/2026\/02\/Financial-5-1536x838.png 1536w, https:\/\/www.contentguru.com\/de-de\/wp-content\/uploads\/sites\/9\/2026\/02\/Financial-5-2048x1117.png 2048w\" sizes=\"auto, (max-width: 2560px) 100vw, 2560px\" \/>                            <\/div>\n            \n            <div class=\"boxed-content-text\">\n                <h3><span style=\"font-weight: 400\">Das<span class=\"notranslate\">\u00a0<strong>storm <\/strong><\/span> Single Sign-On<\/span><\/h3>\n<p><span style=\"font-weight: 400\">Als Teil der Single-Stack <\/span><b>storm<\/b><span style=\"font-weight: 400\">-L\u00f6sung k\u00f6nnen Benutzer von <\/span><b>storm<\/b><span style=\"font-weight: 400\"> Single Sign-On (SSO) profitieren.<\/span><\/p>\n<p><span style=\"font-weight: 400\">Dies erm\u00f6glicht es Agenten, sich mit denselben Anmeldedaten wie ihrem Microsoft-Konto bei <\/span><b>storm<\/b><span style=\"font-weight: 400\"> anzumelden, was die Notwendigkeit f\u00fcr mehrere Benutzer-IDs und Passw\u00f6rter \u00fcberfl\u00fcssig macht. Dadurch wird die Agentenerfahrung verbessert und die Effizienz gesteigert.<\/span><\/p>\n            <\/div>\n                    <\/div>\n    <\/div>\n<\/div>\n\n    \n    <\/section>\n\n\n\n\n\n    <section class=\"block-boxed-content toast-block no-margin no-padding\"> \n\n        \n\n\n<div class=\"boxed-content-wrapper with-box\">\n    <div class=\"container\">\n        <div class=\"boxed-content \" style=\"background-color:#f8f9eb;color:\">\n            \n            \n            <div class=\"boxed-content-text\">\n                <h3>Steigerung der organisatorischen Effizienz<\/h3>\n<p><b>storm <\/b><span style=\"font-weight: 400\">storm SCIM optimiert die Benutzer-Provisionierung und steigert die Effizienz:<\/span><\/p>\n<p><span style=\"font-weight: 400\">Funktioniert mit Active Directories f\u00fcr eine hochentwickelte Kontoverwaltung.<\/span><\/p>\n<p><span style=\"font-weight: 400\">Verwendet eine REST API, um einen standardisierten und offenen Ansatz sicherzustellen.<\/span><\/p>\n<p><span style=\"font-weight: 400\">Erstellt, liest, aktualisiert, bearbeitet und l\u00f6scht Benutzer-Identit\u00e4ten automatisch, was den Verwaltungsaufwand reduziert und die Effizienz erh\u00f6ht.<\/span><\/p>\n<p><span style=\"font-weight: 400\">Benachrichtigt Administratoren automatisch \u00fcber \u00c4nderungen.<\/span><\/p>\n            <\/div>\n                        <div class=\"boxed-content-image\">\n                                    <img loading=\"lazy\" decoding=\"async\" width=\"2560\" height=\"1396\" src=\"https:\/\/www.contentguru.com\/de-de\/wp-content\/uploads\/sites\/9\/2026\/02\/Financial-8-scaled.png\" class=\"attachment-full size-full\" alt=\"\" srcset=\"https:\/\/www.contentguru.com\/de-de\/wp-content\/uploads\/sites\/9\/2026\/02\/Financial-8-scaled.png 2560w, https:\/\/www.contentguru.com\/de-de\/wp-content\/uploads\/sites\/9\/2026\/02\/Financial-8-300x164.png 300w, https:\/\/www.contentguru.com\/de-de\/wp-content\/uploads\/sites\/9\/2026\/02\/Financial-8-1024x559.png 1024w, https:\/\/www.contentguru.com\/de-de\/wp-content\/uploads\/sites\/9\/2026\/02\/Financial-8-768x419.png 768w, https:\/\/www.contentguru.com\/de-de\/wp-content\/uploads\/sites\/9\/2026\/02\/Financial-8-1536x838.png 1536w, https:\/\/www.contentguru.com\/de-de\/wp-content\/uploads\/sites\/9\/2026\/02\/Financial-8-2048x1117.png 2048w\" sizes=\"auto, (max-width: 2560px) 100vw, 2560px\" \/>                            <\/div>\n                    <\/div>\n    <\/div>\n<\/div>\n\n    \n    <\/section>\n\n\n\n\n\n    <section class=\"block-contact-form toast-block no-margin no-padding\"> \n\n                    <div class=\"section-title-area\">\n                <div class=\"container\">\n                                        <h2 class=\"section-title h3\">Sie m\u00f6chten mehr erfahren?<\/h2>\n                                            <div class=\"section-description\"><p><span style=\"font-weight: 400\">Teilen Sie uns ein paar Details mit und erhalten Sie eine ausf\u00fchrliche \u00dcbersicht \u00fcber die Funktionen von <\/span><b>storm<\/b><span style=\"font-weight: 400\"> SCIM direkt per E-Mail.<\/span><\/p>\n<\/div>\n                                    <\/div>\n            <\/div>\n        \n\n\n    <div class=\"contact-form-wrapper\">\n        <div class=\"container\">\n            <div class=\"contact-form-area\">\n                <form id=\"mktoForm_1249\"><\/form>\n                \n                \n            <\/div>\n        <\/div>\n    <\/div>\n\n    \n    <\/section>\n\n","protected":false},"excerpt":{"rendered":"","protected":false},"author":6,"featured_media":0,"parent":742,"menu_order":0,"comment_status":"closed","ping_status":"closed","template":"","meta":{"_acf_changed":true,"inline_featured_image":false,"footnotes":""},"folder":[15],"class_list":["post-761","page","type-page","status-publish","hentry"],"acf":[],"yoast_head":"<!-- This site is optimized with the Yoast SEO plugin v27.5 - https:\/\/yoast.com\/product\/yoast-seo-wordpress\/ -->\n<title>Einfache SCIM-Provisionierung - Content Guru<\/title>\n<meta name=\"description\" content=\"storm\u00ae SCIM ist ein automatisierter Benutzer-Provisionierungsdienst, ideal f\u00fcr Organisationen mit einer hohen Anzahl an Agenten.\" \/>\n<meta name=\"robots\" content=\"index, follow, max-snippet:-1, max-image-preview:large, max-video-preview:-1\" \/>\n<link rel=\"canonical\" href=\"https:\/\/www.contentguru.com\/de-de\/produkte\/storm-cx\/journey\/scim-provisionierung\/\" \/>\n<meta property=\"og:locale\" content=\"de_DE\" \/>\n<meta property=\"og:type\" content=\"article\" \/>\n<meta property=\"og:title\" content=\"Einfache SCIM-Provisionierung - Content Guru\" \/>\n<meta property=\"og:description\" content=\"storm\u00ae SCIM ist ein automatisierter Benutzer-Provisionierungsdienst, ideal f\u00fcr Organisationen mit einer hohen Anzahl an Agenten.\" \/>\n<meta property=\"og:url\" content=\"https:\/\/www.contentguru.com\/de-de\/produkte\/storm-cx\/journey\/scim-provisionierung\/\" \/>\n<meta property=\"og:site_name\" content=\"Deutsch\" \/>\n<meta property=\"article:publisher\" content=\"https:\/\/www.facebook.com\/ContentGuruLtd\" \/>\n<meta property=\"article:modified_time\" content=\"2026-02-17T12:13:46+00:00\" \/>\n<meta name=\"twitter:card\" content=\"summary_large_image\" \/>\n<meta name=\"twitter:site\" content=\"@cgchirp\" \/>\n<meta name=\"twitter:label1\" content=\"Gesch\u00e4tzte Lesezeit\" \/>\n\t<meta name=\"twitter:data1\" content=\"3\u00a0Minuten\" \/>\n<script type=\"application\/ld+json\" class=\"yoast-schema-graph\">{\"@context\":\"https:\\\/\\\/schema.org\",\"@graph\":[{\"@type\":\"WebPage\",\"@id\":\"https:\\\/\\\/www.contentguru.com\\\/de-de\\\/produkte\\\/storm-cx\\\/journey\\\/scim-provisionierung\\\/\",\"url\":\"https:\\\/\\\/www.contentguru.com\\\/de-de\\\/produkte\\\/storm-cx\\\/journey\\\/scim-provisionierung\\\/\",\"name\":\"Einfache SCIM-Provisionierung - Content Guru\",\"isPartOf\":{\"@id\":\"https:\\\/\\\/www.contentguru.com\\\/de-de\\\/#website\"},\"datePublished\":\"2025-02-14T15:53:23+00:00\",\"dateModified\":\"2026-02-17T12:13:46+00:00\",\"description\":\"storm\u00ae SCIM ist ein automatisierter Benutzer-Provisionierungsdienst, ideal f\u00fcr Organisationen mit einer hohen Anzahl an Agenten.\",\"breadcrumb\":{\"@id\":\"https:\\\/\\\/www.contentguru.com\\\/de-de\\\/produkte\\\/storm-cx\\\/journey\\\/scim-provisionierung\\\/#breadcrumb\"},\"inLanguage\":\"de\",\"potentialAction\":[{\"@type\":\"ReadAction\",\"target\":[\"https:\\\/\\\/www.contentguru.com\\\/de-de\\\/produkte\\\/storm-cx\\\/journey\\\/scim-provisionierung\\\/\"]}]},{\"@type\":\"BreadcrumbList\",\"@id\":\"https:\\\/\\\/www.contentguru.com\\\/de-de\\\/produkte\\\/storm-cx\\\/journey\\\/scim-provisionierung\\\/#breadcrumb\",\"itemListElement\":[{\"@type\":\"ListItem\",\"position\":1,\"name\":\"Home\",\"item\":\"https:\\\/\\\/www.contentguru.com\\\/de-de\\\/\"},{\"@type\":\"ListItem\",\"position\":2,\"name\":\"Produkte\",\"item\":\"https:\\\/\\\/www.contentguru.com\\\/de-de\\\/produkte\\\/\"},{\"@type\":\"ListItem\",\"position\":3,\"name\":\"storm CX\",\"item\":\"https:\\\/\\\/www.contentguru.com\\\/de-de\\\/produkte\\\/storm-cx\\\/\"},{\"@type\":\"ListItem\",\"position\":4,\"name\":\"Steuerung der Journey\",\"item\":\"https:\\\/\\\/www.contentguru.com\\\/de-de\\\/produkte\\\/storm-cx\\\/journey\\\/\"},{\"@type\":\"ListItem\",\"position\":5,\"name\":\"Einfache SCIM-Provisionierung\"}]},{\"@type\":\"WebSite\",\"@id\":\"https:\\\/\\\/www.contentguru.com\\\/de-de\\\/#website\",\"url\":\"https:\\\/\\\/www.contentguru.com\\\/de-de\\\/\",\"name\":\"Deutsch - Content Guru\",\"description\":\"\",\"publisher\":{\"@id\":\"https:\\\/\\\/www.contentguru.com\\\/de-de\\\/#organization\"},\"potentialAction\":[{\"@type\":\"SearchAction\",\"target\":{\"@type\":\"EntryPoint\",\"urlTemplate\":\"https:\\\/\\\/www.contentguru.com\\\/de-de\\\/?s={search_term_string}\"},\"query-input\":{\"@type\":\"PropertyValueSpecification\",\"valueRequired\":true,\"valueName\":\"search_term_string\"}}],\"inLanguage\":\"de\"},{\"@type\":\"Organization\",\"@id\":\"https:\\\/\\\/www.contentguru.com\\\/de-de\\\/#organization\",\"name\":\"Content Guru\",\"url\":\"https:\\\/\\\/www.contentguru.com\\\/de-de\\\/\",\"logo\":{\"@type\":\"ImageObject\",\"inLanguage\":\"de\",\"@id\":\"https:\\\/\\\/www.contentguru.com\\\/de-de\\\/#\\\/schema\\\/logo\\\/image\\\/\",\"url\":\"https:\\\/\\\/www.contentguru.com\\\/de-de\\\/wp-content\\\/uploads\\\/sites\\\/9\\\/2025\\\/02\\\/CG-Logo-Dark-Blue_Outlines-1.svg\",\"contentUrl\":\"https:\\\/\\\/www.contentguru.com\\\/de-de\\\/wp-content\\\/uploads\\\/sites\\\/9\\\/2025\\\/02\\\/CG-Logo-Dark-Blue_Outlines-1.svg\",\"width\":\"1024\",\"height\":\"1024\",\"caption\":\"Content Guru\"},\"image\":{\"@id\":\"https:\\\/\\\/www.contentguru.com\\\/de-de\\\/#\\\/schema\\\/logo\\\/image\\\/\"},\"sameAs\":[\"https:\\\/\\\/www.facebook.com\\\/ContentGuruLtd\",\"https:\\\/\\\/x.com\\\/cgchirp\"]}]}<\/script>\n<!-- \/ Yoast SEO plugin. -->","yoast_head_json":{"title":"Einfache SCIM-Provisionierung - Content Guru","description":"storm\u00ae SCIM ist ein automatisierter Benutzer-Provisionierungsdienst, ideal f\u00fcr Organisationen mit einer hohen Anzahl an Agenten.","robots":{"index":"index","follow":"follow","max-snippet":"max-snippet:-1","max-image-preview":"max-image-preview:large","max-video-preview":"max-video-preview:-1"},"canonical":"https:\/\/www.contentguru.com\/de-de\/produkte\/storm-cx\/journey\/scim-provisionierung\/","og_locale":"de_DE","og_type":"article","og_title":"Einfache SCIM-Provisionierung - Content Guru","og_description":"storm\u00ae SCIM ist ein automatisierter Benutzer-Provisionierungsdienst, ideal f\u00fcr Organisationen mit einer hohen Anzahl an Agenten.","og_url":"https:\/\/www.contentguru.com\/de-de\/produkte\/storm-cx\/journey\/scim-provisionierung\/","og_site_name":"Deutsch","article_publisher":"https:\/\/www.facebook.com\/ContentGuruLtd","article_modified_time":"2026-02-17T12:13:46+00:00","twitter_card":"summary_large_image","twitter_site":"@cgchirp","twitter_misc":{"Gesch\u00e4tzte Lesezeit":"3\u00a0Minuten"},"schema":{"@context":"https:\/\/schema.org","@graph":[{"@type":"WebPage","@id":"https:\/\/www.contentguru.com\/de-de\/produkte\/storm-cx\/journey\/scim-provisionierung\/","url":"https:\/\/www.contentguru.com\/de-de\/produkte\/storm-cx\/journey\/scim-provisionierung\/","name":"Einfache SCIM-Provisionierung - Content Guru","isPartOf":{"@id":"https:\/\/www.contentguru.com\/de-de\/#website"},"datePublished":"2025-02-14T15:53:23+00:00","dateModified":"2026-02-17T12:13:46+00:00","description":"storm\u00ae SCIM ist ein automatisierter Benutzer-Provisionierungsdienst, ideal f\u00fcr Organisationen mit einer hohen Anzahl an Agenten.","breadcrumb":{"@id":"https:\/\/www.contentguru.com\/de-de\/produkte\/storm-cx\/journey\/scim-provisionierung\/#breadcrumb"},"inLanguage":"de","potentialAction":[{"@type":"ReadAction","target":["https:\/\/www.contentguru.com\/de-de\/produkte\/storm-cx\/journey\/scim-provisionierung\/"]}]},{"@type":"BreadcrumbList","@id":"https:\/\/www.contentguru.com\/de-de\/produkte\/storm-cx\/journey\/scim-provisionierung\/#breadcrumb","itemListElement":[{"@type":"ListItem","position":1,"name":"Home","item":"https:\/\/www.contentguru.com\/de-de\/"},{"@type":"ListItem","position":2,"name":"Produkte","item":"https:\/\/www.contentguru.com\/de-de\/produkte\/"},{"@type":"ListItem","position":3,"name":"storm CX","item":"https:\/\/www.contentguru.com\/de-de\/produkte\/storm-cx\/"},{"@type":"ListItem","position":4,"name":"Steuerung der Journey","item":"https:\/\/www.contentguru.com\/de-de\/produkte\/storm-cx\/journey\/"},{"@type":"ListItem","position":5,"name":"Einfache SCIM-Provisionierung"}]},{"@type":"WebSite","@id":"https:\/\/www.contentguru.com\/de-de\/#website","url":"https:\/\/www.contentguru.com\/de-de\/","name":"Deutsch - Content Guru","description":"","publisher":{"@id":"https:\/\/www.contentguru.com\/de-de\/#organization"},"potentialAction":[{"@type":"SearchAction","target":{"@type":"EntryPoint","urlTemplate":"https:\/\/www.contentguru.com\/de-de\/?s={search_term_string}"},"query-input":{"@type":"PropertyValueSpecification","valueRequired":true,"valueName":"search_term_string"}}],"inLanguage":"de"},{"@type":"Organization","@id":"https:\/\/www.contentguru.com\/de-de\/#organization","name":"Content Guru","url":"https:\/\/www.contentguru.com\/de-de\/","logo":{"@type":"ImageObject","inLanguage":"de","@id":"https:\/\/www.contentguru.com\/de-de\/#\/schema\/logo\/image\/","url":"https:\/\/www.contentguru.com\/de-de\/wp-content\/uploads\/sites\/9\/2025\/02\/CG-Logo-Dark-Blue_Outlines-1.svg","contentUrl":"https:\/\/www.contentguru.com\/de-de\/wp-content\/uploads\/sites\/9\/2025\/02\/CG-Logo-Dark-Blue_Outlines-1.svg","width":"1024","height":"1024","caption":"Content Guru"},"image":{"@id":"https:\/\/www.contentguru.com\/de-de\/#\/schema\/logo\/image\/"},"sameAs":["https:\/\/www.facebook.com\/ContentGuruLtd","https:\/\/x.com\/cgchirp"]}]}},"_links":{"self":[{"href":"https:\/\/www.contentguru.com\/de-de\/wp-json\/wp\/v2\/pages\/761","targetHints":{"allow":["GET"]}}],"collection":[{"href":"https:\/\/www.contentguru.com\/de-de\/wp-json\/wp\/v2\/pages"}],"about":[{"href":"https:\/\/www.contentguru.com\/de-de\/wp-json\/wp\/v2\/types\/page"}],"author":[{"embeddable":true,"href":"https:\/\/www.contentguru.com\/de-de\/wp-json\/wp\/v2\/users\/6"}],"replies":[{"embeddable":true,"href":"https:\/\/www.contentguru.com\/de-de\/wp-json\/wp\/v2\/comments?post=761"}],"version-history":[{"count":0,"href":"https:\/\/www.contentguru.com\/de-de\/wp-json\/wp\/v2\/pages\/761\/revisions"}],"up":[{"embeddable":true,"href":"https:\/\/www.contentguru.com\/de-de\/wp-json\/wp\/v2\/pages\/742"}],"wp:attachment":[{"href":"https:\/\/www.contentguru.com\/de-de\/wp-json\/wp\/v2\/media?parent=761"}],"wp:term":[{"taxonomy":"folder","embeddable":true,"href":"https:\/\/www.contentguru.com\/de-de\/wp-json\/wp\/v2\/folder?post=761"}],"curies":[{"name":"wp","href":"https:\/\/api.w.org\/{rel}","templated":true}]}}