{"id":748,"date":"2025-02-14T15:49:45","date_gmt":"2025-02-14T15:49:45","guid":{"rendered":"https:\/\/contentguru.builtbytoast.uk\/?page_id=748"},"modified":"2026-02-13T15:12:31","modified_gmt":"2026-02-13T15:12:31","slug":"servicemanagement","status":"publish","type":"page","link":"https:\/\/www.contentguru.com\/de-de\/produkte\/storm-cx\/journey\/servicemanagement\/","title":{"rendered":"Einfaches und transparentes Servicemanagement"},"content":{"rendered":"\n\n    <section class=\"block-resource-hero toast-block no-margin padding-both has-bg\" style=\"background-color:#ddf3fc;\"> \n\n        \n\n\n    <div class=\"resource-hero\">\n        <div class=\"container\">\n                            <h4 class=\"section-title h5\"><span class=\"notranslate\"><strong>storm<\/strong><sub>\u00ae<\/sub> CONDUCTOR\u2122 <\/span><\/h4>\n<h1>Schnellere Service\u00e4nderungen in Echtzeit<\/h1>\n<h4><span style=\"font-weight: 400\">Omnichannel-Service-Management f\u00fcr nicht-technische Benutzer. Kein Admin erforderlich.<\/span><\/h4>\n                    <\/div>\n    <\/div>\n\n    \n    <\/section>\n\n\n\n\n\n    <section class=\"block-boxed-content toast-block no-margin padding-top\"> \n\n                    <div class=\"section-title-area\">\n                <div class=\"container\">\n                                        <h2 class=\"section-title h2\">Demokratisiertes Service-Management<\/h2>\n                                            <div class=\"section-description\"><p><b><i>storm <\/i><\/b><i><span style=\"font-weight: 400\">CONDUCTOR ist eine personalisierte Oberfl\u00e4che f\u00fcr Teamleiter, die es ihnen erm\u00f6glicht, bestimmte Elemente ihrer eigenen Services zu steuern und zu verwalten \u2013 basierend auf den durch einen Administrator festgelegten Berechtigungen.<\/span><\/i><\/p>\n<\/div>\n                                    <\/div>\n            <\/div>\n        \n\n\n<div class=\"boxed-content-wrapper with-box\">\n    <div class=\"container\">\n        <div class=\"boxed-content \" style=\"background-color:#0c2943;color:#f8f9eb\">\n                        <div class=\"box-background-image\" style=\"background-image:url('https:\/\/www.contentguru.com\/de-de\/wp-content\/uploads\/sites\/9\/2025\/02\/c4dcf3a9e4b519d13241b7c103ff462b.jpg')\"><\/div>\n            \n            \n            <div class=\"boxed-content-text\">\n                <h3>B\u00fcrokratische H\u00fcrden umgehen<\/h3>\n<p><span style=\"font-weight: 400\">Die Verwaltung einer Omni-Channel-Customer-Experience ist eine gro\u00dfe Herausforderung \u2013 insbesondere durch komplexe Genehmigungsprozesse, die schnelle Anpassungen erschweren.<\/span><\/p>\n<p><b>storm<\/b><span style=\"font-weight: 400\"> CONDUCTOR gibt nicht-technischen Front-Office-Nutzern wie Teamleitern und Supervisoren die M\u00f6glichkeit, Elemente ihrer Services eigenst\u00e4ndig zu steuern \u2013 ohne die Unterst\u00fctzung eines Administrators.<\/span><\/p>\n            <\/div>\n                        <div class=\"boxed-content-image\">\n                                    <img loading=\"lazy\" decoding=\"async\" width=\"2560\" height=\"1396\" src=\"https:\/\/www.contentguru.com\/de-de\/wp-content\/uploads\/sites\/9\/2026\/02\/Back-Office-Optimization-1-scaled.png\" class=\"attachment-full size-full\" alt=\"Back Office Optimization 1\" srcset=\"https:\/\/www.contentguru.com\/de-de\/wp-content\/uploads\/sites\/9\/2026\/02\/Back-Office-Optimization-1-scaled.png 2560w, https:\/\/www.contentguru.com\/de-de\/wp-content\/uploads\/sites\/9\/2026\/02\/Back-Office-Optimization-1-300x164.png 300w, https:\/\/www.contentguru.com\/de-de\/wp-content\/uploads\/sites\/9\/2026\/02\/Back-Office-Optimization-1-1024x559.png 1024w, https:\/\/www.contentguru.com\/de-de\/wp-content\/uploads\/sites\/9\/2026\/02\/Back-Office-Optimization-1-768x419.png 768w, https:\/\/www.contentguru.com\/de-de\/wp-content\/uploads\/sites\/9\/2026\/02\/Back-Office-Optimization-1-1536x838.png 1536w, https:\/\/www.contentguru.com\/de-de\/wp-content\/uploads\/sites\/9\/2026\/02\/Back-Office-Optimization-1-2048x1117.png 2048w\" sizes=\"auto, (max-width: 2560px) 100vw, 2560px\" \/>                            <\/div>\n                    <\/div>\n    <\/div>\n<\/div>\n\n    \n    <\/section>\n\n\n\n\n\n    <section class=\"block-boxed-content toast-block no-margin no-padding\"> \n\n        \n\n\n<div class=\"boxed-content-wrapper with-box\">\n    <div class=\"container\">\n        <div class=\"boxed-content reversed\" style=\"background-color:#ddf3fc;color:#0c2943\">\n            \n                        <div class=\"boxed-content-image\">\n                                    <img loading=\"lazy\" decoding=\"async\" width=\"2560\" height=\"1396\" src=\"https:\/\/www.contentguru.com\/de-de\/wp-content\/uploads\/sites\/9\/2026\/02\/CX-at-Scale-3-scaled.png\" class=\"attachment-full size-full\" alt=\"CX at Scale 3\" srcset=\"https:\/\/www.contentguru.com\/de-de\/wp-content\/uploads\/sites\/9\/2026\/02\/CX-at-Scale-3-scaled.png 2560w, https:\/\/www.contentguru.com\/de-de\/wp-content\/uploads\/sites\/9\/2026\/02\/CX-at-Scale-3-300x164.png 300w, https:\/\/www.contentguru.com\/de-de\/wp-content\/uploads\/sites\/9\/2026\/02\/CX-at-Scale-3-1024x559.png 1024w, https:\/\/www.contentguru.com\/de-de\/wp-content\/uploads\/sites\/9\/2026\/02\/CX-at-Scale-3-768x419.png 768w, https:\/\/www.contentguru.com\/de-de\/wp-content\/uploads\/sites\/9\/2026\/02\/CX-at-Scale-3-1536x838.png 1536w, https:\/\/www.contentguru.com\/de-de\/wp-content\/uploads\/sites\/9\/2026\/02\/CX-at-Scale-3-2048x1117.png 2048w\" sizes=\"auto, (max-width: 2560px) 100vw, 2560px\" \/>                            <\/div>\n            \n            <div class=\"boxed-content-text\">\n                <h3>Services in Echtzeit anpassen<\/h3>\n<p><span style=\"font-weight: 400\">Flexibilit\u00e4t bedeutet, Herausforderungen schnell zu bew\u00e4ltigen. Mit CONDUCTOR k\u00f6nnen Sie Services in Echtzeit erstellen und aktualisieren sowie \u00c4nderungen sofort unternehmensweit ausrollen.<\/span><\/p>\n<p><span style=\"font-weight: 400\">Dank anpassbarer Service-Parameter erm\u00f6glicht CONDUCTOR eine sichere und sofortige Bereitstellung von massenhaften \u00c4nderungen an der Customer Experience.<\/span><\/p>\n            <\/div>\n                    <\/div>\n    <\/div>\n<\/div>\n\n    \n    <\/section>\n\n\n\n\n\n    <section class=\"block-boxed-content toast-block no-margin no-padding\"> \n\n        \n\n\n<div class=\"boxed-content-wrapper with-box\">\n    <div class=\"container\">\n        <div class=\"boxed-content \" style=\"background-color:#f8f9eb;color:\">\n            \n            \n            <div class=\"boxed-content-text\">\n                <h3>Sicheres Service-Management<\/h3>\n<p><span style=\"font-weight: 400\">Strikte Zuweisung von Services durch Administratoren sowie detaillierte Audit-Logs erm\u00f6glichen eine l\u00fcckenlose Nachverfolgung und Kontrolle aller \u00c4nderungen.<\/span><\/p>\n<p><span style=\"font-weight: 400\">CONDUCTOR erm\u00f6glicht eine dezentrale Steuerung durch regionale Teams \u2013 bei gleichzeitiger Sicherheit f\u00fcr Ihre Services und Kunden.<\/span><\/p>\n            <\/div>\n                        <div class=\"boxed-content-image\">\n                                    <img loading=\"lazy\" decoding=\"async\" width=\"2560\" height=\"1396\" src=\"https:\/\/www.contentguru.com\/de-de\/wp-content\/uploads\/sites\/9\/2026\/02\/CX-at-Scale-1-scaled.png\" class=\"attachment-full size-full\" alt=\"CX at Scale 1\" srcset=\"https:\/\/www.contentguru.com\/de-de\/wp-content\/uploads\/sites\/9\/2026\/02\/CX-at-Scale-1-scaled.png 2560w, https:\/\/www.contentguru.com\/de-de\/wp-content\/uploads\/sites\/9\/2026\/02\/CX-at-Scale-1-300x164.png 300w, https:\/\/www.contentguru.com\/de-de\/wp-content\/uploads\/sites\/9\/2026\/02\/CX-at-Scale-1-1024x559.png 1024w, https:\/\/www.contentguru.com\/de-de\/wp-content\/uploads\/sites\/9\/2026\/02\/CX-at-Scale-1-768x419.png 768w, https:\/\/www.contentguru.com\/de-de\/wp-content\/uploads\/sites\/9\/2026\/02\/CX-at-Scale-1-1536x838.png 1536w, https:\/\/www.contentguru.com\/de-de\/wp-content\/uploads\/sites\/9\/2026\/02\/CX-at-Scale-1-2048x1117.png 2048w\" sizes=\"auto, (max-width: 2560px) 100vw, 2560px\" \/>                            <\/div>\n                    <\/div>\n    <\/div>\n<\/div>\n\n    \n    <\/section>\n\n\n\n\n\n    <section class=\"block-boxed-content toast-block no-margin no-padding\"> \n\n        \n\n\n<div class=\"boxed-content-wrapper with-box\">\n    <div class=\"container\">\n        <div class=\"boxed-content reversed\" style=\"background-color:#0c2943;color:#f8f9eb\">\n                        <div class=\"box-background-image\" style=\"background-image:url('https:\/\/www.contentguru.com\/de-de\/wp-content\/uploads\/sites\/9\/2025\/02\/c4dcf3a9e4b519d13241b7c103ff462b.jpg')\"><\/div>\n            \n                        <div class=\"boxed-content-image\">\n                                    <img loading=\"lazy\" decoding=\"async\" width=\"768\" height=\"512\" src=\"https:\/\/www.contentguru.com\/de-de\/wp-content\/uploads\/sites\/9\/2026\/02\/Omni-Customer.jpg\" class=\"attachment-full size-full\" alt=\"\" srcset=\"https:\/\/www.contentguru.com\/de-de\/wp-content\/uploads\/sites\/9\/2026\/02\/Omni-Customer.jpg 768w, https:\/\/www.contentguru.com\/de-de\/wp-content\/uploads\/sites\/9\/2026\/02\/Omni-Customer-300x200.jpg 300w\" sizes=\"auto, (max-width: 768px) 100vw, 768px\" \/>                            <\/div>\n            \n            <div class=\"boxed-content-text\">\n                <h3>Umfangreiche Funktionalit\u00e4t<\/h3>\n<p><span style=\"font-weight: 400\">Detailliertes Warteschlangen- und Agenten-Management, einfach anpassbare Service-Parameter sowie integrierte Funktionen f\u00fcr Sprachansagen, Text-to-Speech und externe Medienunterst\u00fctzung.<\/span><\/p>\n<p><span style=\"font-weight: 400\">CONDUCTOR gibt Ihrem Team volle Kontrolle \u00fcber alle Aspekte ihres Kundenservices.<\/span><\/p>\n            <\/div>\n                    <\/div>\n    <\/div>\n<\/div>\n\n    \n    <\/section>\n\n\n\n\n\n    <section class=\"block-boxed-content toast-block no-margin no-padding\"> \n\n        \n\n\n<div class=\"boxed-content-wrapper with-box\">\n    <div class=\"container\">\n        <div class=\"boxed-content \" style=\"background-color:#ddf3fc;color:\">\n            \n            \n            <div class=\"boxed-content-text\">\n                <h3>Intuitiv &amp; barrierefrei<\/h3>\n<p><span style=\"font-weight: 400\">Die benutzerfreundliche, grafische Oberfl\u00e4che von CONDUCTOR erm\u00f6glicht eine einfache Verwaltung von Omnichannel-Services.<\/span><\/p>\n<p><span style=\"font-weight: 400\">CONDUCTOR ist WCAG 2.2 AA-konform, wodurch Barrierefreiheit, Flexibilit\u00e4t und Benutzerfreundlichkeit f\u00fcr alle gew\u00e4hrleistet sind.<\/span><\/p>\n            <\/div>\n                        <div class=\"boxed-content-image\">\n                                    <img loading=\"lazy\" decoding=\"async\" width=\"2560\" height=\"1396\" src=\"https:\/\/www.contentguru.com\/de-de\/wp-content\/uploads\/sites\/9\/2026\/02\/Customer-Satisfaction-Improvements-1-scaled.png\" class=\"attachment-full size-full\" alt=\"Customer Satisfaction Improvements 1\" srcset=\"https:\/\/www.contentguru.com\/de-de\/wp-content\/uploads\/sites\/9\/2026\/02\/Customer-Satisfaction-Improvements-1-scaled.png 2560w, https:\/\/www.contentguru.com\/de-de\/wp-content\/uploads\/sites\/9\/2026\/02\/Customer-Satisfaction-Improvements-1-300x164.png 300w, https:\/\/www.contentguru.com\/de-de\/wp-content\/uploads\/sites\/9\/2026\/02\/Customer-Satisfaction-Improvements-1-1024x559.png 1024w, https:\/\/www.contentguru.com\/de-de\/wp-content\/uploads\/sites\/9\/2026\/02\/Customer-Satisfaction-Improvements-1-768x419.png 768w, https:\/\/www.contentguru.com\/de-de\/wp-content\/uploads\/sites\/9\/2026\/02\/Customer-Satisfaction-Improvements-1-1536x838.png 1536w, https:\/\/www.contentguru.com\/de-de\/wp-content\/uploads\/sites\/9\/2026\/02\/Customer-Satisfaction-Improvements-1-2048x1117.png 2048w\" sizes=\"auto, (max-width: 2560px) 100vw, 2560px\" \/>                            <\/div>\n                    <\/div>\n    <\/div>\n<\/div>\n\n    \n    <\/section>\n\n\n\n\n\n    <section class=\"block-contact-form toast-block no-margin padding-top\"> \n\n                    <div class=\"section-title-area\">\n                <div class=\"container\">\n                                        <h2 class=\"section-title h3\">Sie m\u00f6chten mehr erfahren?<\/h2>\n                                            <div class=\"section-description\"><p><span style=\"font-weight: 400\">Teilen Sie uns ein paar Details mit und erhalten Sie eine ausf\u00fchrliche \u00dcbersicht \u00fcber die Funktionen von <\/span><b>storm<\/b><span style=\"font-weight: 400\"> CONDUCTOR direkt per E-Mail.<\/span><\/p>\n<\/div>\n                                    <\/div>\n            <\/div>\n        \n\n\n    <div class=\"contact-form-wrapper\">\n        <div class=\"container\">\n            <div class=\"contact-form-area\">\n                <form id=\"mktoForm_1062\"><\/form>\n                \n                \n            <\/div>\n        <\/div>\n    <\/div>\n\n    \n    <\/section>\n\n","protected":false},"excerpt":{"rendered":"","protected":false},"author":6,"featured_media":0,"parent":742,"menu_order":0,"comment_status":"closed","ping_status":"closed","template":"","meta":{"_acf_changed":true,"inline_featured_image":false,"footnotes":""},"folder":[15],"class_list":["post-748","page","type-page","status-publish","hentry"],"acf":[],"yoast_head":"<!-- This site is optimized with the Yoast SEO plugin v27.5 - https:\/\/yoast.com\/product\/yoast-seo-wordpress\/ -->\n<title>Einfaches und transparentes Servicemanagement - Content Guru<\/title>\n<meta name=\"description\" content=\"Entdecken Sie storm\u00ae CONDUCTOR\u2122, die L\u00f6sung, die nicht-technischen Front-Office-Nutzern eine sichere und flexible Echtzeit-Steuerung ihrer Services erm\u00f6glicht.\" \/>\n<meta name=\"robots\" content=\"index, follow, max-snippet:-1, max-image-preview:large, max-video-preview:-1\" \/>\n<link rel=\"canonical\" href=\"https:\/\/www.contentguru.com\/de-de\/produkte\/storm-cx\/journey\/servicemanagement\/\" \/>\n<meta property=\"og:locale\" content=\"de_DE\" \/>\n<meta property=\"og:type\" content=\"article\" \/>\n<meta property=\"og:title\" content=\"Einfaches und transparentes Servicemanagement - Content Guru\" \/>\n<meta property=\"og:description\" content=\"Entdecken Sie storm\u00ae CONDUCTOR\u2122, die L\u00f6sung, die nicht-technischen Front-Office-Nutzern eine sichere und flexible Echtzeit-Steuerung ihrer Services erm\u00f6glicht.\" \/>\n<meta property=\"og:url\" content=\"https:\/\/www.contentguru.com\/de-de\/produkte\/storm-cx\/journey\/servicemanagement\/\" \/>\n<meta property=\"og:site_name\" content=\"Deutsch\" \/>\n<meta property=\"article:publisher\" content=\"https:\/\/www.facebook.com\/ContentGuruLtd\" \/>\n<meta property=\"article:modified_time\" content=\"2026-02-13T15:12:31+00:00\" \/>\n<meta name=\"twitter:card\" content=\"summary_large_image\" \/>\n<meta name=\"twitter:site\" content=\"@cgchirp\" \/>\n<meta name=\"twitter:label1\" content=\"Gesch\u00e4tzte Lesezeit\" \/>\n\t<meta name=\"twitter:data1\" content=\"3\u00a0Minuten\" \/>\n<script type=\"application\/ld+json\" class=\"yoast-schema-graph\">{\"@context\":\"https:\\\/\\\/schema.org\",\"@graph\":[{\"@type\":\"WebPage\",\"@id\":\"https:\\\/\\\/www.contentguru.com\\\/de-de\\\/produkte\\\/storm-cx\\\/journey\\\/servicemanagement\\\/\",\"url\":\"https:\\\/\\\/www.contentguru.com\\\/de-de\\\/produkte\\\/storm-cx\\\/journey\\\/servicemanagement\\\/\",\"name\":\"Einfaches und transparentes Servicemanagement - Content Guru\",\"isPartOf\":{\"@id\":\"https:\\\/\\\/www.contentguru.com\\\/de-de\\\/#website\"},\"datePublished\":\"2025-02-14T15:49:45+00:00\",\"dateModified\":\"2026-02-13T15:12:31+00:00\",\"description\":\"Entdecken Sie storm\u00ae CONDUCTOR\u2122, die L\u00f6sung, die nicht-technischen Front-Office-Nutzern eine sichere und flexible Echtzeit-Steuerung ihrer Services erm\u00f6glicht.\",\"breadcrumb\":{\"@id\":\"https:\\\/\\\/www.contentguru.com\\\/de-de\\\/produkte\\\/storm-cx\\\/journey\\\/servicemanagement\\\/#breadcrumb\"},\"inLanguage\":\"de\",\"potentialAction\":[{\"@type\":\"ReadAction\",\"target\":[\"https:\\\/\\\/www.contentguru.com\\\/de-de\\\/produkte\\\/storm-cx\\\/journey\\\/servicemanagement\\\/\"]}]},{\"@type\":\"BreadcrumbList\",\"@id\":\"https:\\\/\\\/www.contentguru.com\\\/de-de\\\/produkte\\\/storm-cx\\\/journey\\\/servicemanagement\\\/#breadcrumb\",\"itemListElement\":[{\"@type\":\"ListItem\",\"position\":1,\"name\":\"Home\",\"item\":\"https:\\\/\\\/www.contentguru.com\\\/de-de\\\/\"},{\"@type\":\"ListItem\",\"position\":2,\"name\":\"Produkte\",\"item\":\"https:\\\/\\\/www.contentguru.com\\\/de-de\\\/produkte\\\/\"},{\"@type\":\"ListItem\",\"position\":3,\"name\":\"storm CX\",\"item\":\"https:\\\/\\\/www.contentguru.com\\\/de-de\\\/produkte\\\/storm-cx\\\/\"},{\"@type\":\"ListItem\",\"position\":4,\"name\":\"Steuerung der Journey\",\"item\":\"https:\\\/\\\/www.contentguru.com\\\/de-de\\\/produkte\\\/storm-cx\\\/journey\\\/\"},{\"@type\":\"ListItem\",\"position\":5,\"name\":\"Einfaches und transparentes Servicemanagement\"}]},{\"@type\":\"WebSite\",\"@id\":\"https:\\\/\\\/www.contentguru.com\\\/de-de\\\/#website\",\"url\":\"https:\\\/\\\/www.contentguru.com\\\/de-de\\\/\",\"name\":\"Deutsch - Content Guru\",\"description\":\"\",\"publisher\":{\"@id\":\"https:\\\/\\\/www.contentguru.com\\\/de-de\\\/#organization\"},\"potentialAction\":[{\"@type\":\"SearchAction\",\"target\":{\"@type\":\"EntryPoint\",\"urlTemplate\":\"https:\\\/\\\/www.contentguru.com\\\/de-de\\\/?s={search_term_string}\"},\"query-input\":{\"@type\":\"PropertyValueSpecification\",\"valueRequired\":true,\"valueName\":\"search_term_string\"}}],\"inLanguage\":\"de\"},{\"@type\":\"Organization\",\"@id\":\"https:\\\/\\\/www.contentguru.com\\\/de-de\\\/#organization\",\"name\":\"Content Guru\",\"url\":\"https:\\\/\\\/www.contentguru.com\\\/de-de\\\/\",\"logo\":{\"@type\":\"ImageObject\",\"inLanguage\":\"de\",\"@id\":\"https:\\\/\\\/www.contentguru.com\\\/de-de\\\/#\\\/schema\\\/logo\\\/image\\\/\",\"url\":\"https:\\\/\\\/www.contentguru.com\\\/de-de\\\/wp-content\\\/uploads\\\/sites\\\/9\\\/2025\\\/02\\\/CG-Logo-Dark-Blue_Outlines-1.svg\",\"contentUrl\":\"https:\\\/\\\/www.contentguru.com\\\/de-de\\\/wp-content\\\/uploads\\\/sites\\\/9\\\/2025\\\/02\\\/CG-Logo-Dark-Blue_Outlines-1.svg\",\"width\":\"1024\",\"height\":\"1024\",\"caption\":\"Content Guru\"},\"image\":{\"@id\":\"https:\\\/\\\/www.contentguru.com\\\/de-de\\\/#\\\/schema\\\/logo\\\/image\\\/\"},\"sameAs\":[\"https:\\\/\\\/www.facebook.com\\\/ContentGuruLtd\",\"https:\\\/\\\/x.com\\\/cgchirp\"]}]}<\/script>\n<!-- \/ Yoast SEO plugin. -->","yoast_head_json":{"title":"Einfaches und transparentes Servicemanagement - Content Guru","description":"Entdecken Sie storm\u00ae CONDUCTOR\u2122, die L\u00f6sung, die nicht-technischen Front-Office-Nutzern eine sichere und flexible Echtzeit-Steuerung ihrer Services erm\u00f6glicht.","robots":{"index":"index","follow":"follow","max-snippet":"max-snippet:-1","max-image-preview":"max-image-preview:large","max-video-preview":"max-video-preview:-1"},"canonical":"https:\/\/www.contentguru.com\/de-de\/produkte\/storm-cx\/journey\/servicemanagement\/","og_locale":"de_DE","og_type":"article","og_title":"Einfaches und transparentes Servicemanagement - Content Guru","og_description":"Entdecken Sie storm\u00ae CONDUCTOR\u2122, die L\u00f6sung, die nicht-technischen Front-Office-Nutzern eine sichere und flexible Echtzeit-Steuerung ihrer Services erm\u00f6glicht.","og_url":"https:\/\/www.contentguru.com\/de-de\/produkte\/storm-cx\/journey\/servicemanagement\/","og_site_name":"Deutsch","article_publisher":"https:\/\/www.facebook.com\/ContentGuruLtd","article_modified_time":"2026-02-13T15:12:31+00:00","twitter_card":"summary_large_image","twitter_site":"@cgchirp","twitter_misc":{"Gesch\u00e4tzte Lesezeit":"3\u00a0Minuten"},"schema":{"@context":"https:\/\/schema.org","@graph":[{"@type":"WebPage","@id":"https:\/\/www.contentguru.com\/de-de\/produkte\/storm-cx\/journey\/servicemanagement\/","url":"https:\/\/www.contentguru.com\/de-de\/produkte\/storm-cx\/journey\/servicemanagement\/","name":"Einfaches und transparentes Servicemanagement - Content Guru","isPartOf":{"@id":"https:\/\/www.contentguru.com\/de-de\/#website"},"datePublished":"2025-02-14T15:49:45+00:00","dateModified":"2026-02-13T15:12:31+00:00","description":"Entdecken Sie storm\u00ae CONDUCTOR\u2122, die L\u00f6sung, die nicht-technischen Front-Office-Nutzern eine sichere und flexible Echtzeit-Steuerung ihrer Services erm\u00f6glicht.","breadcrumb":{"@id":"https:\/\/www.contentguru.com\/de-de\/produkte\/storm-cx\/journey\/servicemanagement\/#breadcrumb"},"inLanguage":"de","potentialAction":[{"@type":"ReadAction","target":["https:\/\/www.contentguru.com\/de-de\/produkte\/storm-cx\/journey\/servicemanagement\/"]}]},{"@type":"BreadcrumbList","@id":"https:\/\/www.contentguru.com\/de-de\/produkte\/storm-cx\/journey\/servicemanagement\/#breadcrumb","itemListElement":[{"@type":"ListItem","position":1,"name":"Home","item":"https:\/\/www.contentguru.com\/de-de\/"},{"@type":"ListItem","position":2,"name":"Produkte","item":"https:\/\/www.contentguru.com\/de-de\/produkte\/"},{"@type":"ListItem","position":3,"name":"storm CX","item":"https:\/\/www.contentguru.com\/de-de\/produkte\/storm-cx\/"},{"@type":"ListItem","position":4,"name":"Steuerung der Journey","item":"https:\/\/www.contentguru.com\/de-de\/produkte\/storm-cx\/journey\/"},{"@type":"ListItem","position":5,"name":"Einfaches und transparentes Servicemanagement"}]},{"@type":"WebSite","@id":"https:\/\/www.contentguru.com\/de-de\/#website","url":"https:\/\/www.contentguru.com\/de-de\/","name":"Deutsch - Content Guru","description":"","publisher":{"@id":"https:\/\/www.contentguru.com\/de-de\/#organization"},"potentialAction":[{"@type":"SearchAction","target":{"@type":"EntryPoint","urlTemplate":"https:\/\/www.contentguru.com\/de-de\/?s={search_term_string}"},"query-input":{"@type":"PropertyValueSpecification","valueRequired":true,"valueName":"search_term_string"}}],"inLanguage":"de"},{"@type":"Organization","@id":"https:\/\/www.contentguru.com\/de-de\/#organization","name":"Content Guru","url":"https:\/\/www.contentguru.com\/de-de\/","logo":{"@type":"ImageObject","inLanguage":"de","@id":"https:\/\/www.contentguru.com\/de-de\/#\/schema\/logo\/image\/","url":"https:\/\/www.contentguru.com\/de-de\/wp-content\/uploads\/sites\/9\/2025\/02\/CG-Logo-Dark-Blue_Outlines-1.svg","contentUrl":"https:\/\/www.contentguru.com\/de-de\/wp-content\/uploads\/sites\/9\/2025\/02\/CG-Logo-Dark-Blue_Outlines-1.svg","width":"1024","height":"1024","caption":"Content Guru"},"image":{"@id":"https:\/\/www.contentguru.com\/de-de\/#\/schema\/logo\/image\/"},"sameAs":["https:\/\/www.facebook.com\/ContentGuruLtd","https:\/\/x.com\/cgchirp"]}]}},"_links":{"self":[{"href":"https:\/\/www.contentguru.com\/de-de\/wp-json\/wp\/v2\/pages\/748","targetHints":{"allow":["GET"]}}],"collection":[{"href":"https:\/\/www.contentguru.com\/de-de\/wp-json\/wp\/v2\/pages"}],"about":[{"href":"https:\/\/www.contentguru.com\/de-de\/wp-json\/wp\/v2\/types\/page"}],"author":[{"embeddable":true,"href":"https:\/\/www.contentguru.com\/de-de\/wp-json\/wp\/v2\/users\/6"}],"replies":[{"embeddable":true,"href":"https:\/\/www.contentguru.com\/de-de\/wp-json\/wp\/v2\/comments?post=748"}],"version-history":[{"count":0,"href":"https:\/\/www.contentguru.com\/de-de\/wp-json\/wp\/v2\/pages\/748\/revisions"}],"up":[{"embeddable":true,"href":"https:\/\/www.contentguru.com\/de-de\/wp-json\/wp\/v2\/pages\/742"}],"wp:attachment":[{"href":"https:\/\/www.contentguru.com\/de-de\/wp-json\/wp\/v2\/media?parent=748"}],"wp:term":[{"taxonomy":"folder","embeddable":true,"href":"https:\/\/www.contentguru.com\/de-de\/wp-json\/wp\/v2\/folder?post=748"}],"curies":[{"name":"wp","href":"https:\/\/api.w.org\/{rel}","templated":true}]}}