{"id":681,"date":"2025-02-14T15:25:51","date_gmt":"2025-02-14T15:25:51","guid":{"rendered":"https:\/\/contentguru.builtbytoast.uk\/?page_id=681"},"modified":"2025-04-01T15:35:01","modified_gmt":"2025-04-01T15:35:01","slug":"erklaerung-zur-barrierefreiheit-von-produkten","status":"publish","type":"page","link":"https:\/\/www.contentguru.com\/de-de\/legal\/erklaerung-zur-barrierefreiheit-von-produkten\/","title":{"rendered":"Erkl\u00e4rung zur Barrierefreiheit von Produkten"},"content":{"rendered":"\n\n    <section class=\"block-columns toast-block notranslate no-margin no-padding\"> \n\n        \n\n\n<div class=\"columns-area\">\n    <div class=\"container\">\n                                <div class=\"main-column-grid grid\" style=\"grid-template-columns:repeat(1, 1fr)\">\n                                    <div class=\"col \">\n                        <h1>Erkl\u00e4rung zur Barrierefreiheit von Produkten<\/h1>\n<p>Content Guru verpflichtet sich dazu, die Barrierefreiheit seiner Produkte und Dienstleistungen sicherzustellen, um Arbeitsabl\u00e4ufe zu optimieren und inklusive Benutzererfahrungen zu erm\u00f6glichen.<\/p>\n<p>Durch kontinuierliche Verbesserungen der Benutzerfreundlichkeit und die aktive Gew\u00e4hrleistung, dass alle Produkte und Dienstleistungen darauf ausgelegt sind, die Produktivit\u00e4t und Zug\u00e4nglichkeit f\u00fcr Mitarbeiter von Contact Centern zu verbessern, insbesondere f\u00fcr Personen mit Behinderungen, bietet Content Guru zug\u00e4ngliche Cloud-Tools f\u00fcr das Kundenengagement f\u00fcr alle Organisationen an.<\/p>\n<p>Die Web Content Accessibility Guidelines (WCAG) in der Version 2.2 sind der international h\u00f6chst anerkannte Standard f\u00fcr die Barrierefreiheit von Webinhalten. Sie zielen darauf ab sicherzustellen, dass Webinhalte f\u00fcr Menschen mit Behinderungen zug\u00e4nglich sind, einschlie\u00dflich solcher mit auditiven, kognitiven, physischen und visuellen Beeintr\u00e4chtigungen oder Schwierigkeiten.<\/p>\n<p>Eine Auswahl von Content Guru Produkten erf\u00fcllt alle Grunds\u00e4tze und Kriterien der WCAG 2.2 AA-Stufe.<\/p>\n<p>Zu den Merkmalen geh\u00f6ren:<\/p>\n<ul>\n<li>Tastaturnavigation<\/li>\n<li>Farbkontrastverh\u00e4ltnisse<\/li>\n<li>Angemessene und eindeutige Farben und Symbolik<\/li>\n<li>Unterst\u00fctzung f\u00fcr Bildschirmleser<\/li>\n<li>Responsives Verhalten von Bildschirm und Text ohne Funktionsverlust<\/li>\n<\/ul>\n<p>F\u00fcr weitere Informationen besuchen Sie bitte:\u00a0<a href=\"https:\/\/www.w3.org\/WAI\/standards-guidelines\/wcag\/\">https:\/\/www.w3.org\/WAI\/standards-guidelines\/wcag\/<\/a><\/p>\n                    <\/div>\n                            <\/div>\n            <\/div>\n<\/div>\n\n    \n    <\/section>\n\n","protected":false},"excerpt":{"rendered":"","protected":false},"author":5,"featured_media":0,"parent":653,"menu_order":0,"comment_status":"closed","ping_status":"closed","template":"","meta":{"_acf_changed":true,"inline_featured_image":false,"footnotes":""},"folder":[20],"class_list":["post-681","page","type-page","status-publish","hentry"],"acf":[],"yoast_head":"<!-- This site is optimized with the Yoast SEO plugin v27.4 - https:\/\/yoast.com\/product\/yoast-seo-wordpress\/ -->\n<title>Erkl\u00e4rung zur Barrierefreiheit von Produkten - Content Guru<\/title>\n<meta name=\"description\" content=\"Content Guru verpflichtet sich dazu, die Barrierefreiheit seiner Produkte und Dienstleistungen sicherzustellen, um Arbeitsabl\u00e4ufe zu optimieren und inklusive Benutzererfahrungen zu erm\u00f6glichen.\" \/>\n<meta name=\"robots\" content=\"index, follow, max-snippet:-1, max-image-preview:large, max-video-preview:-1\" \/>\n<link rel=\"canonical\" href=\"https:\/\/www.contentguru.com\/de-de\/legal\/erklaerung-zur-barrierefreiheit-von-produkten\/\" \/>\n<meta property=\"og:locale\" content=\"de_DE\" \/>\n<meta property=\"og:type\" content=\"article\" \/>\n<meta property=\"og:title\" content=\"Erkl\u00e4rung zur Barrierefreiheit von Produkten - Content Guru\" \/>\n<meta property=\"og:description\" content=\"Content Guru verpflichtet sich dazu, die Barrierefreiheit seiner Produkte und Dienstleistungen sicherzustellen, um Arbeitsabl\u00e4ufe zu optimieren und inklusive Benutzererfahrungen zu erm\u00f6glichen.\" \/>\n<meta property=\"og:url\" content=\"https:\/\/www.contentguru.com\/de-de\/legal\/erklaerung-zur-barrierefreiheit-von-produkten\/\" \/>\n<meta property=\"og:site_name\" content=\"Deutsch\" \/>\n<meta property=\"article:publisher\" content=\"https:\/\/www.facebook.com\/ContentGuruLtd\" \/>\n<meta property=\"article:modified_time\" content=\"2025-04-01T15:35:01+00:00\" \/>\n<meta name=\"twitter:card\" content=\"summary_large_image\" \/>\n<meta name=\"twitter:site\" content=\"@cgchirp\" \/>\n<meta name=\"twitter:label1\" content=\"Gesch\u00e4tzte Lesezeit\" \/>\n\t<meta name=\"twitter:data1\" content=\"1\u00a0Minute\" \/>\n<script type=\"application\/ld+json\" class=\"yoast-schema-graph\">{\"@context\":\"https:\\\/\\\/schema.org\",\"@graph\":[{\"@type\":\"WebPage\",\"@id\":\"https:\\\/\\\/www.contentguru.com\\\/de-de\\\/legal\\\/erklaerung-zur-barrierefreiheit-von-produkten\\\/\",\"url\":\"https:\\\/\\\/www.contentguru.com\\\/de-de\\\/legal\\\/erklaerung-zur-barrierefreiheit-von-produkten\\\/\",\"name\":\"Erkl\u00e4rung zur Barrierefreiheit von Produkten - Content Guru\",\"isPartOf\":{\"@id\":\"https:\\\/\\\/www.contentguru.com\\\/de-de\\\/#website\"},\"datePublished\":\"2025-02-14T15:25:51+00:00\",\"dateModified\":\"2025-04-01T15:35:01+00:00\",\"description\":\"Content Guru verpflichtet sich dazu, die Barrierefreiheit seiner Produkte und Dienstleistungen sicherzustellen, um Arbeitsabl\u00e4ufe zu optimieren und inklusive Benutzererfahrungen zu erm\u00f6glichen.\",\"breadcrumb\":{\"@id\":\"https:\\\/\\\/www.contentguru.com\\\/de-de\\\/legal\\\/erklaerung-zur-barrierefreiheit-von-produkten\\\/#breadcrumb\"},\"inLanguage\":\"de\",\"potentialAction\":[{\"@type\":\"ReadAction\",\"target\":[\"https:\\\/\\\/www.contentguru.com\\\/de-de\\\/legal\\\/erklaerung-zur-barrierefreiheit-von-produkten\\\/\"]}]},{\"@type\":\"BreadcrumbList\",\"@id\":\"https:\\\/\\\/www.contentguru.com\\\/de-de\\\/legal\\\/erklaerung-zur-barrierefreiheit-von-produkten\\\/#breadcrumb\",\"itemListElement\":[{\"@type\":\"ListItem\",\"position\":1,\"name\":\"Home\",\"item\":\"https:\\\/\\\/www.contentguru.com\\\/de-de\\\/\"},{\"@type\":\"ListItem\",\"position\":2,\"name\":\"Vertragliche Unterlagen\",\"item\":\"https:\\\/\\\/www.contentguru.com\\\/de-de\\\/legal\\\/\"},{\"@type\":\"ListItem\",\"position\":3,\"name\":\"Erkl\u00e4rung zur Barrierefreiheit von Produkten\"}]},{\"@type\":\"WebSite\",\"@id\":\"https:\\\/\\\/www.contentguru.com\\\/de-de\\\/#website\",\"url\":\"https:\\\/\\\/www.contentguru.com\\\/de-de\\\/\",\"name\":\"Deutsch - Content Guru\",\"description\":\"\",\"publisher\":{\"@id\":\"https:\\\/\\\/www.contentguru.com\\\/de-de\\\/#organization\"},\"potentialAction\":[{\"@type\":\"SearchAction\",\"target\":{\"@type\":\"EntryPoint\",\"urlTemplate\":\"https:\\\/\\\/www.contentguru.com\\\/de-de\\\/?s={search_term_string}\"},\"query-input\":{\"@type\":\"PropertyValueSpecification\",\"valueRequired\":true,\"valueName\":\"search_term_string\"}}],\"inLanguage\":\"de\"},{\"@type\":\"Organization\",\"@id\":\"https:\\\/\\\/www.contentguru.com\\\/de-de\\\/#organization\",\"name\":\"Content Guru\",\"url\":\"https:\\\/\\\/www.contentguru.com\\\/de-de\\\/\",\"logo\":{\"@type\":\"ImageObject\",\"inLanguage\":\"de\",\"@id\":\"https:\\\/\\\/www.contentguru.com\\\/de-de\\\/#\\\/schema\\\/logo\\\/image\\\/\",\"url\":\"https:\\\/\\\/www.contentguru.com\\\/de-de\\\/wp-content\\\/uploads\\\/sites\\\/9\\\/2025\\\/02\\\/CG-Logo-Dark-Blue_Outlines-1.svg\",\"contentUrl\":\"https:\\\/\\\/www.contentguru.com\\\/de-de\\\/wp-content\\\/uploads\\\/sites\\\/9\\\/2025\\\/02\\\/CG-Logo-Dark-Blue_Outlines-1.svg\",\"width\":\"1024\",\"height\":\"1024\",\"caption\":\"Content Guru\"},\"image\":{\"@id\":\"https:\\\/\\\/www.contentguru.com\\\/de-de\\\/#\\\/schema\\\/logo\\\/image\\\/\"},\"sameAs\":[\"https:\\\/\\\/www.facebook.com\\\/ContentGuruLtd\",\"https:\\\/\\\/x.com\\\/cgchirp\"]}]}<\/script>\n<!-- \/ Yoast SEO plugin. -->","yoast_head_json":{"title":"Erkl\u00e4rung zur Barrierefreiheit von Produkten - Content Guru","description":"Content Guru verpflichtet sich dazu, die Barrierefreiheit seiner Produkte und Dienstleistungen sicherzustellen, um Arbeitsabl\u00e4ufe zu optimieren und inklusive Benutzererfahrungen zu erm\u00f6glichen.","robots":{"index":"index","follow":"follow","max-snippet":"max-snippet:-1","max-image-preview":"max-image-preview:large","max-video-preview":"max-video-preview:-1"},"canonical":"https:\/\/www.contentguru.com\/de-de\/legal\/erklaerung-zur-barrierefreiheit-von-produkten\/","og_locale":"de_DE","og_type":"article","og_title":"Erkl\u00e4rung zur Barrierefreiheit von Produkten - Content Guru","og_description":"Content Guru verpflichtet sich dazu, die Barrierefreiheit seiner Produkte und Dienstleistungen sicherzustellen, um Arbeitsabl\u00e4ufe zu optimieren und inklusive Benutzererfahrungen zu erm\u00f6glichen.","og_url":"https:\/\/www.contentguru.com\/de-de\/legal\/erklaerung-zur-barrierefreiheit-von-produkten\/","og_site_name":"Deutsch","article_publisher":"https:\/\/www.facebook.com\/ContentGuruLtd","article_modified_time":"2025-04-01T15:35:01+00:00","twitter_card":"summary_large_image","twitter_site":"@cgchirp","twitter_misc":{"Gesch\u00e4tzte Lesezeit":"1\u00a0Minute"},"schema":{"@context":"https:\/\/schema.org","@graph":[{"@type":"WebPage","@id":"https:\/\/www.contentguru.com\/de-de\/legal\/erklaerung-zur-barrierefreiheit-von-produkten\/","url":"https:\/\/www.contentguru.com\/de-de\/legal\/erklaerung-zur-barrierefreiheit-von-produkten\/","name":"Erkl\u00e4rung zur Barrierefreiheit von Produkten - Content Guru","isPartOf":{"@id":"https:\/\/www.contentguru.com\/de-de\/#website"},"datePublished":"2025-02-14T15:25:51+00:00","dateModified":"2025-04-01T15:35:01+00:00","description":"Content Guru verpflichtet sich dazu, die Barrierefreiheit seiner Produkte und Dienstleistungen sicherzustellen, um Arbeitsabl\u00e4ufe zu optimieren und inklusive Benutzererfahrungen zu erm\u00f6glichen.","breadcrumb":{"@id":"https:\/\/www.contentguru.com\/de-de\/legal\/erklaerung-zur-barrierefreiheit-von-produkten\/#breadcrumb"},"inLanguage":"de","potentialAction":[{"@type":"ReadAction","target":["https:\/\/www.contentguru.com\/de-de\/legal\/erklaerung-zur-barrierefreiheit-von-produkten\/"]}]},{"@type":"BreadcrumbList","@id":"https:\/\/www.contentguru.com\/de-de\/legal\/erklaerung-zur-barrierefreiheit-von-produkten\/#breadcrumb","itemListElement":[{"@type":"ListItem","position":1,"name":"Home","item":"https:\/\/www.contentguru.com\/de-de\/"},{"@type":"ListItem","position":2,"name":"Vertragliche Unterlagen","item":"https:\/\/www.contentguru.com\/de-de\/legal\/"},{"@type":"ListItem","position":3,"name":"Erkl\u00e4rung zur Barrierefreiheit von Produkten"}]},{"@type":"WebSite","@id":"https:\/\/www.contentguru.com\/de-de\/#website","url":"https:\/\/www.contentguru.com\/de-de\/","name":"Deutsch - Content Guru","description":"","publisher":{"@id":"https:\/\/www.contentguru.com\/de-de\/#organization"},"potentialAction":[{"@type":"SearchAction","target":{"@type":"EntryPoint","urlTemplate":"https:\/\/www.contentguru.com\/de-de\/?s={search_term_string}"},"query-input":{"@type":"PropertyValueSpecification","valueRequired":true,"valueName":"search_term_string"}}],"inLanguage":"de"},{"@type":"Organization","@id":"https:\/\/www.contentguru.com\/de-de\/#organization","name":"Content Guru","url":"https:\/\/www.contentguru.com\/de-de\/","logo":{"@type":"ImageObject","inLanguage":"de","@id":"https:\/\/www.contentguru.com\/de-de\/#\/schema\/logo\/image\/","url":"https:\/\/www.contentguru.com\/de-de\/wp-content\/uploads\/sites\/9\/2025\/02\/CG-Logo-Dark-Blue_Outlines-1.svg","contentUrl":"https:\/\/www.contentguru.com\/de-de\/wp-content\/uploads\/sites\/9\/2025\/02\/CG-Logo-Dark-Blue_Outlines-1.svg","width":"1024","height":"1024","caption":"Content Guru"},"image":{"@id":"https:\/\/www.contentguru.com\/de-de\/#\/schema\/logo\/image\/"},"sameAs":["https:\/\/www.facebook.com\/ContentGuruLtd","https:\/\/x.com\/cgchirp"]}]}},"_links":{"self":[{"href":"https:\/\/www.contentguru.com\/de-de\/wp-json\/wp\/v2\/pages\/681","targetHints":{"allow":["GET"]}}],"collection":[{"href":"https:\/\/www.contentguru.com\/de-de\/wp-json\/wp\/v2\/pages"}],"about":[{"href":"https:\/\/www.contentguru.com\/de-de\/wp-json\/wp\/v2\/types\/page"}],"author":[{"embeddable":true,"href":"https:\/\/www.contentguru.com\/de-de\/wp-json\/wp\/v2\/users\/5"}],"replies":[{"embeddable":true,"href":"https:\/\/www.contentguru.com\/de-de\/wp-json\/wp\/v2\/comments?post=681"}],"version-history":[{"count":0,"href":"https:\/\/www.contentguru.com\/de-de\/wp-json\/wp\/v2\/pages\/681\/revisions"}],"up":[{"embeddable":true,"href":"https:\/\/www.contentguru.com\/de-de\/wp-json\/wp\/v2\/pages\/653"}],"wp:attachment":[{"href":"https:\/\/www.contentguru.com\/de-de\/wp-json\/wp\/v2\/media?parent=681"}],"wp:term":[{"taxonomy":"folder","embeddable":true,"href":"https:\/\/www.contentguru.com\/de-de\/wp-json\/wp\/v2\/folder?post=681"}],"curies":[{"name":"wp","href":"https:\/\/api.w.org\/{rel}","templated":true}]}}