{"id":673,"date":"2025-02-14T15:25:15","date_gmt":"2025-02-14T15:25:15","guid":{"rendered":"https:\/\/contentguru.builtbytoast.uk\/?page_id=673"},"modified":"2026-02-16T14:46:06","modified_gmt":"2026-02-16T14:46:06","slug":"cx-loesung-unternehmen","status":"publish","type":"page","link":"https:\/\/www.contentguru.com\/de-de\/produkte\/storm-cx\/cloud-customer-experience\/cx-loesung-unternehmen\/","title":{"rendered":"Die f\u00fchrende CX-L\u00f6sung f\u00fcr Unternehmen mit hohem Volumen"},"content":{"rendered":"\n\n    <section class=\"block-resource-hero toast-block no-margin padding-both has-bg\" style=\"background-color:#ddf3fc;\"> \n\n        \n\n\n    <div class=\"resource-hero\">\n        <div class=\"container\">\n                            <h4 class=\"section-title h5\"><span class=\"notranslate\"><strong>storm<\/strong><sub>\u00ae<\/sub> CONTACT\u2122<\/span><\/h4>\n<h1>Die Nummer 1 unter den High-Volume CX-L\u00f6sungen<\/h1>\n<h4><span style=\"font-weight: 400\">Entdecken Sie <\/span><b>storm <\/b><span style=\"font-weight: 400\">CONTACT und machen Sie Customer Experience zu Ihrem Wettbewerbsvorteil.<\/span><\/h4>\n                    <\/div>\n    <\/div>\n\n    \n    <\/section>\n\n\n\n\n\n    <section class=\"block-boxed-content toast-block no-margin padding-top\"> \n\n                    <div class=\"section-title-area\">\n                <div class=\"container\">\n                                        <h2 class=\"section-title h2\">Die Kundenerwartungen \u00e4ndern sich<\/h2>\n                                            <div class=\"section-description\"><p><b><i>storm <\/i><\/b><i><span style=\"font-weight: 400\">CONTACT ist die cloudbasierte Omnichannel-Kundenerfahrungs-L\u00f6sung von Content Guru. <\/span><\/i><b><i>storm <\/i><\/b><i><span style=\"font-weight: 400\">CONTACT fasst jede Art von Kommunikation in einer einzigen Warteschlange zusammen, die von menschlichen oder k\u00fcnstlichen Agenten bearbeitet wird.<\/span><\/i><\/p>\n<\/div>\n                                    <\/div>\n            <\/div>\n        \n\n\n<div class=\"boxed-content-wrapper with-box\">\n    <div class=\"container\">\n        <div class=\"boxed-content \" style=\"background-color:#0c2943;color:#f8f9eb\">\n                        <div class=\"box-background-image\" style=\"background-image:url('https:\/\/www.contentguru.com\/de-de\/wp-content\/uploads\/sites\/9\/2025\/02\/c4dcf3a9e4b519d13241b7c103ff462b.jpg')\"><\/div>\n            \n            \n            <div class=\"boxed-content-text\">\n                <h3>Stellen Sie sich der Zukunft des Omnichannel-Erlebnisses<\/h3>\n<p><span style=\"font-weight: 400\">Intelligente Ger\u00e4te und soziale Medien haben die Art und Weise, wie Ihre Kunden kommunizieren, ver\u00e4ndert. Die Kunden w\u00fcnschen sich heute sofortigen Kontakt, \u00fcber jeden Kanal, zu jeder Zeit.<\/span><\/p>\n<p><span style=\"font-weight: 400\">Ihr Unternehmen braucht eine L\u00f6sung, die alle Kan\u00e4le in einer einzigen Plattform vereint. <\/span><b>storm <\/b><span style=\"font-weight: 400\">CONTACT erm\u00f6glicht es Ihnen, diese Anforderungen zu erf\u00fcllen und ein erstklassiges Omnichannel-Kundenerlebnis zu bieten.<\/span><\/p>\n            <\/div>\n                        <div class=\"boxed-content-image\">\n                                    <img loading=\"lazy\" decoding=\"async\" width=\"2560\" height=\"1396\" src=\"https:\/\/www.contentguru.com\/de-de\/wp-content\/uploads\/sites\/9\/2026\/02\/Custom-Integrations-and-Solutions-1-scaled.png\" class=\"attachment-full size-full\" alt=\"Custom Integrations and Solutions 1\" srcset=\"https:\/\/www.contentguru.com\/de-de\/wp-content\/uploads\/sites\/9\/2026\/02\/Custom-Integrations-and-Solutions-1-scaled.png 2560w, https:\/\/www.contentguru.com\/de-de\/wp-content\/uploads\/sites\/9\/2026\/02\/Custom-Integrations-and-Solutions-1-300x164.png 300w, https:\/\/www.contentguru.com\/de-de\/wp-content\/uploads\/sites\/9\/2026\/02\/Custom-Integrations-and-Solutions-1-1024x559.png 1024w, https:\/\/www.contentguru.com\/de-de\/wp-content\/uploads\/sites\/9\/2026\/02\/Custom-Integrations-and-Solutions-1-768x419.png 768w, https:\/\/www.contentguru.com\/de-de\/wp-content\/uploads\/sites\/9\/2026\/02\/Custom-Integrations-and-Solutions-1-1536x838.png 1536w, https:\/\/www.contentguru.com\/de-de\/wp-content\/uploads\/sites\/9\/2026\/02\/Custom-Integrations-and-Solutions-1-2048x1117.png 2048w\" sizes=\"auto, (max-width: 2560px) 100vw, 2560px\" \/>                            <\/div>\n                    <\/div>\n    <\/div>\n<\/div>\n\n    \n    <\/section>\n\n\n\n\n\n    <section class=\"block-boxed-content toast-block no-margin no-padding\"> \n\n        \n\n\n<div class=\"boxed-content-wrapper with-box\">\n    <div class=\"container\">\n        <div class=\"boxed-content reversed\" style=\"background-color:#ddf3fc;color:#0c2943\">\n            \n                        <div class=\"boxed-content-image\">\n                                    <img loading=\"lazy\" decoding=\"async\" width=\"2560\" height=\"1396\" src=\"https:\/\/www.contentguru.com\/de-de\/wp-content\/uploads\/sites\/9\/2026\/02\/Employee-Engagement-and-Empowerment-3-scaled.png\" class=\"attachment-full size-full\" alt=\"Employee Engagement and Empowerment 3\" srcset=\"https:\/\/www.contentguru.com\/de-de\/wp-content\/uploads\/sites\/9\/2026\/02\/Employee-Engagement-and-Empowerment-3-scaled.png 2560w, https:\/\/www.contentguru.com\/de-de\/wp-content\/uploads\/sites\/9\/2026\/02\/Employee-Engagement-and-Empowerment-3-300x164.png 300w, https:\/\/www.contentguru.com\/de-de\/wp-content\/uploads\/sites\/9\/2026\/02\/Employee-Engagement-and-Empowerment-3-1024x559.png 1024w, https:\/\/www.contentguru.com\/de-de\/wp-content\/uploads\/sites\/9\/2026\/02\/Employee-Engagement-and-Empowerment-3-768x419.png 768w, https:\/\/www.contentguru.com\/de-de\/wp-content\/uploads\/sites\/9\/2026\/02\/Employee-Engagement-and-Empowerment-3-1536x838.png 1536w, https:\/\/www.contentguru.com\/de-de\/wp-content\/uploads\/sites\/9\/2026\/02\/Employee-Engagement-and-Empowerment-3-2048x1117.png 2048w\" sizes=\"auto, (max-width: 2560px) 100vw, 2560px\" \/>                            <\/div>\n            \n            <div class=\"boxed-content-text\">\n                <h3><span style=\"font-weight: 400\">Omnichannel Routing<\/span><\/h3>\n<p><span style=\"font-weight: 400\">Verbinden Sie Kunden mit L\u00f6sungen. <\/span><b>storm <\/b><span style=\"font-weight: 400\">CONTACT verbindet Kunden mit dem besten verf\u00fcgbaren Ergebnis, entweder mit einem menschlichen oder maschinellen Agenten, jedes Mal.<\/span><\/p>\n<p><b>storm <\/b><span style=\"font-weight: 400\">CONTACT ordnet Omnichannel-Anfragen dem besten verf\u00fcgbaren menschlichen oder maschinellen Agenten zu, basierend auf anpassbarer Logik und Metriken, wie Pers\u00f6nlichkeit und F\u00e4higkeiten.<\/span><\/p>\n            <\/div>\n                    <\/div>\n    <\/div>\n<\/div>\n\n    \n    <\/section>\n\n\n\n\n\n    <section class=\"block-boxed-content toast-block no-margin no-padding\"> \n\n        \n\n\n<div class=\"boxed-content-wrapper with-box\">\n    <div class=\"container\">\n        <div class=\"boxed-content \" style=\"background-color:#f8f9eb;color:\">\n            \n            \n            <div class=\"boxed-content-text\">\n                <h3>Level-Up zur Cloud<\/h3>\n<p><span style=\"font-weight: 400\">Lassen Sie Ihre Mitarbeiter flexibel arbeiten. Eine cloudbasierte, kanal\u00fcbergreifende Contact Center-L\u00f6sung kann von \u00fcberall und mit jedem Ger\u00e4t genutzt werden.<\/span><\/p>\n<p><span style=\"font-weight: 400\">Auf <\/span><b>storm <\/b><span style=\"font-weight: 400\">CONTACT kann von \u00fcberall aus zugegriffen werden, sei es aus der Ferne oder innerhalb Ihres Contact Centers. <\/span><\/p>\n            <\/div>\n                        <div class=\"boxed-content-image\">\n                                    <img loading=\"lazy\" decoding=\"async\" width=\"2560\" height=\"1396\" src=\"https:\/\/www.contentguru.com\/de-de\/wp-content\/uploads\/sites\/9\/2026\/02\/Move-to-the-Cloud-1-scaled.png\" class=\"attachment-full size-full\" alt=\"Move to the Cloud 1\" srcset=\"https:\/\/www.contentguru.com\/de-de\/wp-content\/uploads\/sites\/9\/2026\/02\/Move-to-the-Cloud-1-scaled.png 2560w, https:\/\/www.contentguru.com\/de-de\/wp-content\/uploads\/sites\/9\/2026\/02\/Move-to-the-Cloud-1-300x164.png 300w, https:\/\/www.contentguru.com\/de-de\/wp-content\/uploads\/sites\/9\/2026\/02\/Move-to-the-Cloud-1-1024x559.png 1024w, https:\/\/www.contentguru.com\/de-de\/wp-content\/uploads\/sites\/9\/2026\/02\/Move-to-the-Cloud-1-768x419.png 768w, https:\/\/www.contentguru.com\/de-de\/wp-content\/uploads\/sites\/9\/2026\/02\/Move-to-the-Cloud-1-1536x838.png 1536w, https:\/\/www.contentguru.com\/de-de\/wp-content\/uploads\/sites\/9\/2026\/02\/Move-to-the-Cloud-1-2048x1117.png 2048w\" sizes=\"auto, (max-width: 2560px) 100vw, 2560px\" \/>                            <\/div>\n                    <\/div>\n    <\/div>\n<\/div>\n\n    \n    <\/section>\n\n\n\n\n\n    <section class=\"block-boxed-content toast-block no-margin no-padding\"> \n\n        \n\n\n<div class=\"boxed-content-wrapper with-box\">\n    <div class=\"container\">\n        <div class=\"boxed-content reversed\" style=\"background-color:#0c2943;color:#f8f9eb\">\n                        <div class=\"box-background-image\" style=\"background-image:url('https:\/\/www.contentguru.com\/de-de\/wp-content\/uploads\/sites\/9\/2025\/02\/c4dcf3a9e4b519d13241b7c103ff462b.jpg')\"><\/div>\n            \n                        <div class=\"boxed-content-image\">\n                                    <img loading=\"lazy\" decoding=\"async\" width=\"2560\" height=\"1396\" src=\"https:\/\/www.contentguru.com\/de-de\/wp-content\/uploads\/sites\/9\/2026\/02\/CX-at-Scale-2-scaled.png\" class=\"attachment-full size-full\" alt=\"CX at Scale 2\" srcset=\"https:\/\/www.contentguru.com\/de-de\/wp-content\/uploads\/sites\/9\/2026\/02\/CX-at-Scale-2-scaled.png 2560w, https:\/\/www.contentguru.com\/de-de\/wp-content\/uploads\/sites\/9\/2026\/02\/CX-at-Scale-2-300x164.png 300w, https:\/\/www.contentguru.com\/de-de\/wp-content\/uploads\/sites\/9\/2026\/02\/CX-at-Scale-2-1024x559.png 1024w, https:\/\/www.contentguru.com\/de-de\/wp-content\/uploads\/sites\/9\/2026\/02\/CX-at-Scale-2-768x419.png 768w, https:\/\/www.contentguru.com\/de-de\/wp-content\/uploads\/sites\/9\/2026\/02\/CX-at-Scale-2-1536x838.png 1536w, https:\/\/www.contentguru.com\/de-de\/wp-content\/uploads\/sites\/9\/2026\/02\/CX-at-Scale-2-2048x1117.png 2048w\" sizes=\"auto, (max-width: 2560px) 100vw, 2560px\" \/>                            <\/div>\n            \n            <div class=\"boxed-content-text\">\n                <h3>Unendliche Skalierbarkeit<\/h3>\n<p><b>storm <\/b>CONTACT ist hoch skalierbar, sodass Sie auch bei sprunghaft steigender Nachfrage eine beliebige Anzahl von Kontakten bearbeiten k\u00f6nnen.<\/p>\n<p>Intelligentes Routing beschleunigt die Kontaktbearbeitung. In Kombination mit KI-gest\u00fctzter Automatisierung erm\u00f6glicht <b> storm <\/b>CONTACT selbst in Spitzenzeiten ein herausragendes Kundenerlebnis. Die dynamische Priorisierung nach l\u00e4ngster Wartezeit, Warteschlangenpriorit\u00e4t und Priorit\u00e4t des Anrufers hilft Ihnen, flexibel auf Nachfragespitzen zu reagieren.<\/p>\n            <\/div>\n                    <\/div>\n    <\/div>\n<\/div>\n\n    \n    <\/section>\n\n\n\n\n\n    <section class=\"block-boxed-content toast-block no-margin no-padding\"> \n\n        \n\n\n<div class=\"boxed-content-wrapper with-box\">\n    <div class=\"container\">\n        <div class=\"boxed-content \" style=\"background-color:#ddf3fc;color:\">\n            \n            \n            <div class=\"boxed-content-text\">\n                <h3>H\u00f6chste Verf\u00fcgbarkeit<\/h3>\n<p><b>storm <\/b><span style=\"font-weight: 400\">CONTACT wird auf der <\/span><b>storm<\/b><span style=\"font-weight: 400\">-Plattform gehostet und bietet eine Verf\u00fcgbarkeit von 99,999 %. Das bedeutet, dass Sie f\u00fcr Ihre Kunden immer erreichbar sind, wann immer Sie sie kontaktieren m\u00f6chten.\u00a0<\/span><\/p>\n<p><span style=\"font-weight: 400\">Da keine Ausfallzeiten f\u00fcr Service-Updates erforderlich sind, bleiben Sie technologisch auf dem neuesten Stand und erf\u00fcllen oder \u00fcbertreffen sogar Ihre SLAs. Wir sind der einzige Cloud-CX-Anbieter, dem Notfalldienste bei der Bereitstellung unternehmenskritischer Kommunikation vertrauen; Ihre CX ist in sicheren H\u00e4nden.<\/span><\/p>\n            <\/div>\n                        <div class=\"boxed-content-image\">\n                                    <img loading=\"lazy\" decoding=\"async\" width=\"2560\" height=\"1396\" src=\"https:\/\/www.contentguru.com\/de-de\/wp-content\/uploads\/sites\/9\/2026\/02\/Compliance-and-Regulation-1-scaled.png\" class=\"attachment-full size-full\" alt=\"Compliance and Regulation 1\" srcset=\"https:\/\/www.contentguru.com\/de-de\/wp-content\/uploads\/sites\/9\/2026\/02\/Compliance-and-Regulation-1-scaled.png 2560w, https:\/\/www.contentguru.com\/de-de\/wp-content\/uploads\/sites\/9\/2026\/02\/Compliance-and-Regulation-1-300x164.png 300w, https:\/\/www.contentguru.com\/de-de\/wp-content\/uploads\/sites\/9\/2026\/02\/Compliance-and-Regulation-1-1024x559.png 1024w, https:\/\/www.contentguru.com\/de-de\/wp-content\/uploads\/sites\/9\/2026\/02\/Compliance-and-Regulation-1-768x419.png 768w, https:\/\/www.contentguru.com\/de-de\/wp-content\/uploads\/sites\/9\/2026\/02\/Compliance-and-Regulation-1-1536x838.png 1536w, https:\/\/www.contentguru.com\/de-de\/wp-content\/uploads\/sites\/9\/2026\/02\/Compliance-and-Regulation-1-2048x1117.png 2048w\" sizes=\"auto, (max-width: 2560px) 100vw, 2560px\" \/>                            <\/div>\n                    <\/div>\n    <\/div>\n<\/div>\n\n    \n    <\/section>\n\n\n\n\n\n    <section class=\"block-boxed-content toast-block no-margin no-padding\"> \n\n        \n\n\n<div class=\"boxed-content-wrapper with-box\">\n    <div class=\"container\">\n        <div class=\"boxed-content reversed\" style=\"background-color:#f8f9eb;color:\">\n            \n                        <div class=\"boxed-content-image\">\n                                    <img loading=\"lazy\" decoding=\"async\" width=\"768\" height=\"512\" src=\"https:\/\/www.contentguru.com\/de-de\/wp-content\/uploads\/sites\/9\/2026\/02\/complete-control-ai-e1770902194359.png\" class=\"attachment-full size-full\" alt=\"complete-control-ai-\" srcset=\"https:\/\/www.contentguru.com\/de-de\/wp-content\/uploads\/sites\/9\/2026\/02\/complete-control-ai-e1770902194359.png 768w, https:\/\/www.contentguru.com\/de-de\/wp-content\/uploads\/sites\/9\/2026\/02\/complete-control-ai-e1770902194359-300x200.png 300w\" sizes=\"auto, (max-width: 768px) 100vw, 768px\" \/>                            <\/div>\n            \n            <div class=\"boxed-content-text\">\n                <h3>Umfassende Integrationen<\/h3>\n<p>Dank unserer umfassenden Auswahl von Integrationen l\u00e4sst sich storm CONTACT in beliebige Drittl\u00f6sungen integrieren, um Routing-Entscheidungen mit Kundendaten zu unterst\u00fctzen.<\/p>\n<p>Die Erledigungscodes k\u00f6nnen automatisch in Ihre Aufzeichnungssysteme hochgeladen werden, so dass Sie Folgeaktionen ausl\u00f6sen k\u00f6nnen und eine vollst\u00e4ndige Transparenz im Contact Center erhalten.<\/p>\n            <\/div>\n                    <\/div>\n    <\/div>\n<\/div>\n\n    \n    <\/section>\n\n\n\n\n\n    <section class=\"block-contact-form toast-block no-margin no-padding\"> \n\n                    <div class=\"section-title-area\">\n                <div class=\"container\">\n                                        <h2 class=\"section-title h3\">M\u00f6chten Sie mehr erfahren?<\/h2>\n                                            <div class=\"section-description\"><p><span style=\"font-weight: 400\">Geben Sie uns ein paar Informationen und erhalten Sie direkt eine ausf\u00fchrliche \u00dcbersicht \u00fcber die Funktionen von <\/span><b>storm <\/b><span style=\"font-weight: 400\">CONTACT per E-Mail.<\/span><\/p>\n<\/div>\n                                    <\/div>\n            <\/div>\n        \n\n\n    <div class=\"contact-form-wrapper\">\n        <div class=\"container\">\n            <div class=\"contact-form-area\">\n                <form id=\"mktoForm_1062\"><\/form>\n                \n                \n            <\/div>\n        <\/div>\n    <\/div>\n\n    \n    <\/section>\n\n","protected":false},"excerpt":{"rendered":"","protected":false},"author":6,"featured_media":0,"parent":667,"menu_order":0,"comment_status":"closed","ping_status":"closed","template":"","meta":{"_acf_changed":true,"inline_featured_image":false,"footnotes":""},"folder":[15],"class_list":["post-673","page","type-page","status-publish","hentry"],"acf":[],"yoast_head":"<!-- This site is optimized with the Yoast SEO plugin v27.5 - https:\/\/yoast.com\/product\/yoast-seo-wordpress\/ -->\n<title>Die f\u00fchrende CX-L\u00f6sung f\u00fcr Unternehmen mit hohem Volumen - Content Guru<\/title>\n<meta name=\"description\" content=\"Entdecken Sie storm CONTACT und machen Sie Customer Experience zu Ihrem Wettbewerbsvorteil.\" \/>\n<meta name=\"robots\" content=\"index, follow, max-snippet:-1, max-image-preview:large, max-video-preview:-1\" \/>\n<link rel=\"canonical\" href=\"https:\/\/www.contentguru.com\/de-de\/produkte\/storm-cx\/cloud-customer-experience\/cx-loesung-unternehmen\/\" \/>\n<meta property=\"og:locale\" content=\"de_DE\" \/>\n<meta property=\"og:type\" content=\"article\" \/>\n<meta property=\"og:title\" content=\"Die f\u00fchrende CX-L\u00f6sung f\u00fcr Unternehmen mit hohem Volumen - Content Guru\" \/>\n<meta property=\"og:description\" content=\"Entdecken Sie storm CONTACT und machen Sie Customer Experience zu Ihrem Wettbewerbsvorteil.\" \/>\n<meta property=\"og:url\" content=\"https:\/\/www.contentguru.com\/de-de\/produkte\/storm-cx\/cloud-customer-experience\/cx-loesung-unternehmen\/\" \/>\n<meta property=\"og:site_name\" content=\"Deutsch\" \/>\n<meta property=\"article:publisher\" content=\"https:\/\/www.facebook.com\/ContentGuruLtd\" \/>\n<meta property=\"article:modified_time\" content=\"2026-02-16T14:46:06+00:00\" \/>\n<meta name=\"twitter:card\" content=\"summary_large_image\" \/>\n<meta name=\"twitter:site\" content=\"@cgchirp\" \/>\n<meta name=\"twitter:label1\" content=\"Gesch\u00e4tzte Lesezeit\" \/>\n\t<meta name=\"twitter:data1\" content=\"5\u00a0Minuten\" \/>\n<script type=\"application\/ld+json\" class=\"yoast-schema-graph\">{\"@context\":\"https:\\\/\\\/schema.org\",\"@graph\":[{\"@type\":\"WebPage\",\"@id\":\"https:\\\/\\\/www.contentguru.com\\\/de-de\\\/produkte\\\/storm-cx\\\/cloud-customer-experience\\\/cx-loesung-unternehmen\\\/\",\"url\":\"https:\\\/\\\/www.contentguru.com\\\/de-de\\\/produkte\\\/storm-cx\\\/cloud-customer-experience\\\/cx-loesung-unternehmen\\\/\",\"name\":\"Die f\u00fchrende CX-L\u00f6sung f\u00fcr Unternehmen mit hohem Volumen - Content Guru\",\"isPartOf\":{\"@id\":\"https:\\\/\\\/www.contentguru.com\\\/de-de\\\/#website\"},\"datePublished\":\"2025-02-14T15:25:15+00:00\",\"dateModified\":\"2026-02-16T14:46:06+00:00\",\"description\":\"Entdecken Sie storm CONTACT und machen Sie Customer Experience zu Ihrem Wettbewerbsvorteil.\",\"breadcrumb\":{\"@id\":\"https:\\\/\\\/www.contentguru.com\\\/de-de\\\/produkte\\\/storm-cx\\\/cloud-customer-experience\\\/cx-loesung-unternehmen\\\/#breadcrumb\"},\"inLanguage\":\"de\",\"potentialAction\":[{\"@type\":\"ReadAction\",\"target\":[\"https:\\\/\\\/www.contentguru.com\\\/de-de\\\/produkte\\\/storm-cx\\\/cloud-customer-experience\\\/cx-loesung-unternehmen\\\/\"]}]},{\"@type\":\"BreadcrumbList\",\"@id\":\"https:\\\/\\\/www.contentguru.com\\\/de-de\\\/produkte\\\/storm-cx\\\/cloud-customer-experience\\\/cx-loesung-unternehmen\\\/#breadcrumb\",\"itemListElement\":[{\"@type\":\"ListItem\",\"position\":1,\"name\":\"Home\",\"item\":\"https:\\\/\\\/www.contentguru.com\\\/de-de\\\/\"},{\"@type\":\"ListItem\",\"position\":2,\"name\":\"Produkte\",\"item\":\"https:\\\/\\\/www.contentguru.com\\\/de-de\\\/produkte\\\/\"},{\"@type\":\"ListItem\",\"position\":3,\"name\":\"storm CX\",\"item\":\"https:\\\/\\\/www.contentguru.com\\\/de-de\\\/produkte\\\/storm-cx\\\/\"},{\"@type\":\"ListItem\",\"position\":4,\"name\":\"KI-gest\u00fctzte CX in der Cloud\",\"item\":\"https:\\\/\\\/www.contentguru.com\\\/de-de\\\/produkte\\\/storm-cx\\\/cloud-customer-experience\\\/\"},{\"@type\":\"ListItem\",\"position\":5,\"name\":\"Die f\u00fchrende CX-L\u00f6sung f\u00fcr Unternehmen mit hohem Volumen\"}]},{\"@type\":\"WebSite\",\"@id\":\"https:\\\/\\\/www.contentguru.com\\\/de-de\\\/#website\",\"url\":\"https:\\\/\\\/www.contentguru.com\\\/de-de\\\/\",\"name\":\"Deutsch - Content Guru\",\"description\":\"\",\"publisher\":{\"@id\":\"https:\\\/\\\/www.contentguru.com\\\/de-de\\\/#organization\"},\"potentialAction\":[{\"@type\":\"SearchAction\",\"target\":{\"@type\":\"EntryPoint\",\"urlTemplate\":\"https:\\\/\\\/www.contentguru.com\\\/de-de\\\/?s={search_term_string}\"},\"query-input\":{\"@type\":\"PropertyValueSpecification\",\"valueRequired\":true,\"valueName\":\"search_term_string\"}}],\"inLanguage\":\"de\"},{\"@type\":\"Organization\",\"@id\":\"https:\\\/\\\/www.contentguru.com\\\/de-de\\\/#organization\",\"name\":\"Content Guru\",\"url\":\"https:\\\/\\\/www.contentguru.com\\\/de-de\\\/\",\"logo\":{\"@type\":\"ImageObject\",\"inLanguage\":\"de\",\"@id\":\"https:\\\/\\\/www.contentguru.com\\\/de-de\\\/#\\\/schema\\\/logo\\\/image\\\/\",\"url\":\"https:\\\/\\\/www.contentguru.com\\\/de-de\\\/wp-content\\\/uploads\\\/sites\\\/9\\\/2025\\\/02\\\/CG-Logo-Dark-Blue_Outlines-1.svg\",\"contentUrl\":\"https:\\\/\\\/www.contentguru.com\\\/de-de\\\/wp-content\\\/uploads\\\/sites\\\/9\\\/2025\\\/02\\\/CG-Logo-Dark-Blue_Outlines-1.svg\",\"width\":\"1024\",\"height\":\"1024\",\"caption\":\"Content Guru\"},\"image\":{\"@id\":\"https:\\\/\\\/www.contentguru.com\\\/de-de\\\/#\\\/schema\\\/logo\\\/image\\\/\"},\"sameAs\":[\"https:\\\/\\\/www.facebook.com\\\/ContentGuruLtd\",\"https:\\\/\\\/x.com\\\/cgchirp\"]}]}<\/script>\n<!-- \/ Yoast SEO plugin. -->","yoast_head_json":{"title":"Die f\u00fchrende CX-L\u00f6sung f\u00fcr Unternehmen mit hohem Volumen - Content Guru","description":"Entdecken Sie storm CONTACT und machen Sie Customer Experience zu Ihrem Wettbewerbsvorteil.","robots":{"index":"index","follow":"follow","max-snippet":"max-snippet:-1","max-image-preview":"max-image-preview:large","max-video-preview":"max-video-preview:-1"},"canonical":"https:\/\/www.contentguru.com\/de-de\/produkte\/storm-cx\/cloud-customer-experience\/cx-loesung-unternehmen\/","og_locale":"de_DE","og_type":"article","og_title":"Die f\u00fchrende CX-L\u00f6sung f\u00fcr Unternehmen mit hohem Volumen - Content Guru","og_description":"Entdecken Sie storm CONTACT und machen Sie Customer Experience zu Ihrem Wettbewerbsvorteil.","og_url":"https:\/\/www.contentguru.com\/de-de\/produkte\/storm-cx\/cloud-customer-experience\/cx-loesung-unternehmen\/","og_site_name":"Deutsch","article_publisher":"https:\/\/www.facebook.com\/ContentGuruLtd","article_modified_time":"2026-02-16T14:46:06+00:00","twitter_card":"summary_large_image","twitter_site":"@cgchirp","twitter_misc":{"Gesch\u00e4tzte Lesezeit":"5\u00a0Minuten"},"schema":{"@context":"https:\/\/schema.org","@graph":[{"@type":"WebPage","@id":"https:\/\/www.contentguru.com\/de-de\/produkte\/storm-cx\/cloud-customer-experience\/cx-loesung-unternehmen\/","url":"https:\/\/www.contentguru.com\/de-de\/produkte\/storm-cx\/cloud-customer-experience\/cx-loesung-unternehmen\/","name":"Die f\u00fchrende CX-L\u00f6sung f\u00fcr Unternehmen mit hohem Volumen - Content Guru","isPartOf":{"@id":"https:\/\/www.contentguru.com\/de-de\/#website"},"datePublished":"2025-02-14T15:25:15+00:00","dateModified":"2026-02-16T14:46:06+00:00","description":"Entdecken Sie storm CONTACT und machen Sie Customer Experience zu Ihrem Wettbewerbsvorteil.","breadcrumb":{"@id":"https:\/\/www.contentguru.com\/de-de\/produkte\/storm-cx\/cloud-customer-experience\/cx-loesung-unternehmen\/#breadcrumb"},"inLanguage":"de","potentialAction":[{"@type":"ReadAction","target":["https:\/\/www.contentguru.com\/de-de\/produkte\/storm-cx\/cloud-customer-experience\/cx-loesung-unternehmen\/"]}]},{"@type":"BreadcrumbList","@id":"https:\/\/www.contentguru.com\/de-de\/produkte\/storm-cx\/cloud-customer-experience\/cx-loesung-unternehmen\/#breadcrumb","itemListElement":[{"@type":"ListItem","position":1,"name":"Home","item":"https:\/\/www.contentguru.com\/de-de\/"},{"@type":"ListItem","position":2,"name":"Produkte","item":"https:\/\/www.contentguru.com\/de-de\/produkte\/"},{"@type":"ListItem","position":3,"name":"storm CX","item":"https:\/\/www.contentguru.com\/de-de\/produkte\/storm-cx\/"},{"@type":"ListItem","position":4,"name":"KI-gest\u00fctzte CX in der Cloud","item":"https:\/\/www.contentguru.com\/de-de\/produkte\/storm-cx\/cloud-customer-experience\/"},{"@type":"ListItem","position":5,"name":"Die f\u00fchrende CX-L\u00f6sung f\u00fcr Unternehmen mit hohem Volumen"}]},{"@type":"WebSite","@id":"https:\/\/www.contentguru.com\/de-de\/#website","url":"https:\/\/www.contentguru.com\/de-de\/","name":"Deutsch - Content Guru","description":"","publisher":{"@id":"https:\/\/www.contentguru.com\/de-de\/#organization"},"potentialAction":[{"@type":"SearchAction","target":{"@type":"EntryPoint","urlTemplate":"https:\/\/www.contentguru.com\/de-de\/?s={search_term_string}"},"query-input":{"@type":"PropertyValueSpecification","valueRequired":true,"valueName":"search_term_string"}}],"inLanguage":"de"},{"@type":"Organization","@id":"https:\/\/www.contentguru.com\/de-de\/#organization","name":"Content Guru","url":"https:\/\/www.contentguru.com\/de-de\/","logo":{"@type":"ImageObject","inLanguage":"de","@id":"https:\/\/www.contentguru.com\/de-de\/#\/schema\/logo\/image\/","url":"https:\/\/www.contentguru.com\/de-de\/wp-content\/uploads\/sites\/9\/2025\/02\/CG-Logo-Dark-Blue_Outlines-1.svg","contentUrl":"https:\/\/www.contentguru.com\/de-de\/wp-content\/uploads\/sites\/9\/2025\/02\/CG-Logo-Dark-Blue_Outlines-1.svg","width":"1024","height":"1024","caption":"Content Guru"},"image":{"@id":"https:\/\/www.contentguru.com\/de-de\/#\/schema\/logo\/image\/"},"sameAs":["https:\/\/www.facebook.com\/ContentGuruLtd","https:\/\/x.com\/cgchirp"]}]}},"_links":{"self":[{"href":"https:\/\/www.contentguru.com\/de-de\/wp-json\/wp\/v2\/pages\/673","targetHints":{"allow":["GET"]}}],"collection":[{"href":"https:\/\/www.contentguru.com\/de-de\/wp-json\/wp\/v2\/pages"}],"about":[{"href":"https:\/\/www.contentguru.com\/de-de\/wp-json\/wp\/v2\/types\/page"}],"author":[{"embeddable":true,"href":"https:\/\/www.contentguru.com\/de-de\/wp-json\/wp\/v2\/users\/6"}],"replies":[{"embeddable":true,"href":"https:\/\/www.contentguru.com\/de-de\/wp-json\/wp\/v2\/comments?post=673"}],"version-history":[{"count":0,"href":"https:\/\/www.contentguru.com\/de-de\/wp-json\/wp\/v2\/pages\/673\/revisions"}],"up":[{"embeddable":true,"href":"https:\/\/www.contentguru.com\/de-de\/wp-json\/wp\/v2\/pages\/667"}],"wp:attachment":[{"href":"https:\/\/www.contentguru.com\/de-de\/wp-json\/wp\/v2\/media?parent=673"}],"wp:term":[{"taxonomy":"folder","embeddable":true,"href":"https:\/\/www.contentguru.com\/de-de\/wp-json\/wp\/v2\/folder?post=673"}],"curies":[{"name":"wp","href":"https:\/\/api.w.org\/{rel}","templated":true}]}}