{"id":5588,"date":"2025-08-20T15:22:38","date_gmt":"2025-08-20T15:22:38","guid":{"rendered":"https:\/\/contentgurustg.wpenginepowered.com\/de-de\/?page_id=5588"},"modified":"2025-12-30T15:44:55","modified_gmt":"2025-12-30T15:44:55","slug":"schottland-office","status":"publish","type":"page","link":"https:\/\/www.contentguru.com\/de-de\/ueber-uns\/schottland-office\/","title":{"rendered":"Schottland Office"},"content":{"rendered":"\n\n    <section class=\"block-cta-list toast-block no-margin padding-both has-bg\" style=\"background-color:#ddf3fc;\"> \n\n        \n\n\n<div class=\"cta-list-wrapper\">\n    <div class=\"container\">\n        <div class=\"cta-list-grid grid \">\n            \t\t\t\t<div class=\"col intro\">\n\t\t\t\t\t<h3>Schottland Office<\/h3>\n<p>Wir sind ein weltweit f\u00fchrender Anbieter von cloudbasierten Customer Experience (CX) und Contact Center L\u00f6sungen f\u00fcr Unternehmen und stehen an vorderster Front der Entwicklung im Bereich Generative KI.<\/p>\n<p>Besuchen Sie uns und erleben Sie selbst, warum wir Ma\u00dfst\u00e4be setzen.<\/p>\n<p>&nbsp;<\/p>\n<p><a class=\"button\" href=\"https:\/\/www.contentguru.com\/de-de\/kontakt\/\">Besuchstermin vereinbaren<\/a><\/p>\n\t\t\t\t<\/div>\n\t\t\t            <div class=\"col\">\n                                    <div class=\"cta-list-item  \">\n                                                <div class=\"col\">\n                            <div class=\"cta-list-item-image\">\n                                <img loading=\"lazy\" decoding=\"async\" width=\"2560\" height=\"1928\" src=\"https:\/\/www.contentguru.com\/de-de\/wp-content\/uploads\/sites\/9\/2025\/08\/PXL_20240719_075936532-scaled.jpg\" class=\"attachment-full size-full\" alt=\"\" srcset=\"https:\/\/www.contentguru.com\/de-de\/wp-content\/uploads\/sites\/9\/2025\/08\/PXL_20240719_075936532-scaled.jpg 2560w, https:\/\/www.contentguru.com\/de-de\/wp-content\/uploads\/sites\/9\/2025\/08\/PXL_20240719_075936532-300x226.jpg 300w, https:\/\/www.contentguru.com\/de-de\/wp-content\/uploads\/sites\/9\/2025\/08\/PXL_20240719_075936532-1024x771.jpg 1024w, https:\/\/www.contentguru.com\/de-de\/wp-content\/uploads\/sites\/9\/2025\/08\/PXL_20240719_075936532-768x578.jpg 768w, https:\/\/www.contentguru.com\/de-de\/wp-content\/uploads\/sites\/9\/2025\/08\/PXL_20240719_075936532-1536x1157.jpg 1536w, https:\/\/www.contentguru.com\/de-de\/wp-content\/uploads\/sites\/9\/2025\/08\/PXL_20240719_075936532-2048x1542.jpg 2048w\" sizes=\"auto, (max-width: 2560px) 100vw, 2560px\" \/>                            <\/div>\n                        <\/div>\n                        <div class=\"cta-list-item-content\">\n                            <h5>Konferenzr\u00e4ume<\/h5>\n                            <div class=\"description\">Unsere voll klimatisierten Konferenzr\u00e4ume bieten Platz f\u00fcr Teams jeder Gr\u00f6\u00dfe. Auf Wunsch stellen wir Ihnen ein komplettes Catering zur Verf\u00fcgung, und vor Ort stehen ausreichend Parkm\u00f6glichkeiten bereit.<\/div>\n                        <\/div>\n                    <\/div>\n                                    <div class=\"cta-list-item  \">\n                                                <div class=\"col\">\n                            <div class=\"cta-list-item-image\">\n                                <img loading=\"lazy\" decoding=\"async\" width=\"2016\" height=\"1512\" src=\"https:\/\/www.contentguru.com\/de-de\/wp-content\/uploads\/sites\/9\/2025\/08\/Glasgow-3.png\" class=\"attachment-full size-full\" alt=\"\" srcset=\"https:\/\/www.contentguru.com\/de-de\/wp-content\/uploads\/sites\/9\/2025\/08\/Glasgow-3.png 2016w, https:\/\/www.contentguru.com\/de-de\/wp-content\/uploads\/sites\/9\/2025\/08\/Glasgow-3-300x225.png 300w, https:\/\/www.contentguru.com\/de-de\/wp-content\/uploads\/sites\/9\/2025\/08\/Glasgow-3-1024x768.png 1024w, https:\/\/www.contentguru.com\/de-de\/wp-content\/uploads\/sites\/9\/2025\/08\/Glasgow-3-768x576.png 768w, https:\/\/www.contentguru.com\/de-de\/wp-content\/uploads\/sites\/9\/2025\/08\/Glasgow-3-1536x1152.png 1536w\" sizes=\"auto, (max-width: 2016px) 100vw, 2016px\" \/>                            <\/div>\n                        <\/div>\n                        <div class=\"cta-list-item-content\">\n                            <h5>CX Demo Suite<\/h5>\n                            <div class=\"description\">Erleben Sie die volle Leistungsf\u00e4higkeit von <b>storm<sub>\u00ae<\/sub><\/b> bei einer individuellen Demo in unseren hochmodernen CX-Suiten.<\/div>\n                        <\/div>\n                    <\/div>\n                            <\/div>\n        <\/div> \n    <\/div>\n<\/div>\n\n    \n    <\/section>\n\n\n\n\n\n    <section class=\"block-columns toast-block no-margin padding-both\"> \n\n                    <div class=\"section-title-area\">\n                <div class=\"container\">\n                                        <h2 class=\"section-title h3\">Wo Sie uns finden<\/h2>\n                                    <\/div>\n            <\/div>\n        \n\n\n<div class=\"columns-area\">\n    <div class=\"container\">\n                                <div class=\"main-column-grid grid\" style=\"grid-template-columns:repeat(2, 1fr)\">\n                                    <div class=\"col \">\n                        <p><iframe loading=\"lazy\" style=\"border: 0\" src=\"https:\/\/www.google.com\/maps\/embed?pb=!1m18!1m12!1m3!1d2304.7411507799243!2d-4.250842927404832!3d55.860416785299456!2m3!1f0!2f0!3f0!3m2!1i1024!2i768!4f13.1!3m3!1m2!1s0x488845396d0e311d%3A0xff1ae66c5dc646d3!2sContent%20Guru%20Scotland!5e0!3m2!1sen!2suk!4v1754647361037!5m2!1sen!2suk\" width=\"600\" height=\"450\" allowfullscreen=\"allowfullscreen\"><\/iframe><\/p>\n                    <\/div>\n                                    <div class=\"col \">\n                        <p>&nbsp;<\/p>\n<p>9 George Square,<br \/>\nGlasgow,<br \/>\nG2 1DY<\/p>\n<p><strong>T:<\/strong> +[44] 0 1413 921076<br \/>\n<strong>E:<\/strong> <a href=\"mailto:info@contentguru.com\">info@contentguru.com<\/a><\/p>\n                    <\/div>\n                            <\/div>\n            <\/div>\n<\/div>\n\n    \n    <\/section>\n\n","protected":false},"excerpt":{"rendered":"","protected":false},"author":7,"featured_media":0,"parent":334,"menu_order":0,"comment_status":"closed","ping_status":"closed","template":"","meta":{"_acf_changed":true,"inline_featured_image":false,"footnotes":""},"folder":[76],"class_list":["post-5588","page","type-page","status-publish","hentry"],"acf":[],"yoast_head":"<!-- This site is optimized with the Yoast SEO plugin v27.5 - https:\/\/yoast.com\/product\/yoast-seo-wordpress\/ -->\n<title>Schottland Office - Content Guru<\/title>\n<meta name=\"robots\" content=\"index, follow, max-snippet:-1, max-image-preview:large, max-video-preview:-1\" \/>\n<link rel=\"canonical\" href=\"https:\/\/www.contentguru.com\/de-de\/ueber-uns\/schottland-office\/\" \/>\n<meta property=\"og:locale\" content=\"de_DE\" \/>\n<meta property=\"og:type\" content=\"article\" \/>\n<meta property=\"og:title\" content=\"Schottland Office - Content Guru\" \/>\n<meta property=\"og:url\" content=\"https:\/\/www.contentguru.com\/de-de\/ueber-uns\/schottland-office\/\" \/>\n<meta property=\"og:site_name\" content=\"Deutsch\" \/>\n<meta property=\"article:publisher\" content=\"https:\/\/www.facebook.com\/ContentGuruLtd\" \/>\n<meta property=\"article:modified_time\" content=\"2025-12-30T15:44:55+00:00\" \/>\n<meta name=\"twitter:card\" content=\"summary_large_image\" \/>\n<meta name=\"twitter:site\" content=\"@cgchirp\" \/>\n<meta name=\"twitter:label1\" content=\"Gesch\u00e4tzte Lesezeit\" \/>\n\t<meta name=\"twitter:data1\" content=\"2\u00a0Minuten\" \/>\n<script type=\"application\/ld+json\" class=\"yoast-schema-graph\">{\"@context\":\"https:\\\/\\\/schema.org\",\"@graph\":[{\"@type\":\"WebPage\",\"@id\":\"https:\\\/\\\/www.contentguru.com\\\/de-de\\\/ueber-uns\\\/schottland-office\\\/\",\"url\":\"https:\\\/\\\/www.contentguru.com\\\/de-de\\\/ueber-uns\\\/schottland-office\\\/\",\"name\":\"Schottland Office - Content Guru\",\"isPartOf\":{\"@id\":\"https:\\\/\\\/www.contentguru.com\\\/de-de\\\/#website\"},\"datePublished\":\"2025-08-20T15:22:38+00:00\",\"dateModified\":\"2025-12-30T15:44:55+00:00\",\"breadcrumb\":{\"@id\":\"https:\\\/\\\/www.contentguru.com\\\/de-de\\\/ueber-uns\\\/schottland-office\\\/#breadcrumb\"},\"inLanguage\":\"de\",\"potentialAction\":[{\"@type\":\"ReadAction\",\"target\":[\"https:\\\/\\\/www.contentguru.com\\\/de-de\\\/ueber-uns\\\/schottland-office\\\/\"]}]},{\"@type\":\"BreadcrumbList\",\"@id\":\"https:\\\/\\\/www.contentguru.com\\\/de-de\\\/ueber-uns\\\/schottland-office\\\/#breadcrumb\",\"itemListElement\":[{\"@type\":\"ListItem\",\"position\":1,\"name\":\"Home\",\"item\":\"https:\\\/\\\/www.contentguru.com\\\/de-de\\\/\"},{\"@type\":\"ListItem\",\"position\":2,\"name\":\"\u00dcber uns\",\"item\":\"https:\\\/\\\/www.contentguru.com\\\/de-de\\\/ueber-uns\\\/\"},{\"@type\":\"ListItem\",\"position\":3,\"name\":\"Schottland Office\"}]},{\"@type\":\"WebSite\",\"@id\":\"https:\\\/\\\/www.contentguru.com\\\/de-de\\\/#website\",\"url\":\"https:\\\/\\\/www.contentguru.com\\\/de-de\\\/\",\"name\":\"Deutsch - Content Guru\",\"description\":\"\",\"publisher\":{\"@id\":\"https:\\\/\\\/www.contentguru.com\\\/de-de\\\/#organization\"},\"potentialAction\":[{\"@type\":\"SearchAction\",\"target\":{\"@type\":\"EntryPoint\",\"urlTemplate\":\"https:\\\/\\\/www.contentguru.com\\\/de-de\\\/?s={search_term_string}\"},\"query-input\":{\"@type\":\"PropertyValueSpecification\",\"valueRequired\":true,\"valueName\":\"search_term_string\"}}],\"inLanguage\":\"de\"},{\"@type\":\"Organization\",\"@id\":\"https:\\\/\\\/www.contentguru.com\\\/de-de\\\/#organization\",\"name\":\"Content Guru\",\"url\":\"https:\\\/\\\/www.contentguru.com\\\/de-de\\\/\",\"logo\":{\"@type\":\"ImageObject\",\"inLanguage\":\"de\",\"@id\":\"https:\\\/\\\/www.contentguru.com\\\/de-de\\\/#\\\/schema\\\/logo\\\/image\\\/\",\"url\":\"https:\\\/\\\/www.contentguru.com\\\/de-de\\\/wp-content\\\/uploads\\\/sites\\\/9\\\/2025\\\/02\\\/CG-Logo-Dark-Blue_Outlines-1.svg\",\"contentUrl\":\"https:\\\/\\\/www.contentguru.com\\\/de-de\\\/wp-content\\\/uploads\\\/sites\\\/9\\\/2025\\\/02\\\/CG-Logo-Dark-Blue_Outlines-1.svg\",\"width\":\"1024\",\"height\":\"1024\",\"caption\":\"Content Guru\"},\"image\":{\"@id\":\"https:\\\/\\\/www.contentguru.com\\\/de-de\\\/#\\\/schema\\\/logo\\\/image\\\/\"},\"sameAs\":[\"https:\\\/\\\/www.facebook.com\\\/ContentGuruLtd\",\"https:\\\/\\\/x.com\\\/cgchirp\"]}]}<\/script>\n<!-- \/ Yoast SEO plugin. -->","yoast_head_json":{"title":"Schottland Office - Content Guru","robots":{"index":"index","follow":"follow","max-snippet":"max-snippet:-1","max-image-preview":"max-image-preview:large","max-video-preview":"max-video-preview:-1"},"canonical":"https:\/\/www.contentguru.com\/de-de\/ueber-uns\/schottland-office\/","og_locale":"de_DE","og_type":"article","og_title":"Schottland Office - Content Guru","og_url":"https:\/\/www.contentguru.com\/de-de\/ueber-uns\/schottland-office\/","og_site_name":"Deutsch","article_publisher":"https:\/\/www.facebook.com\/ContentGuruLtd","article_modified_time":"2025-12-30T15:44:55+00:00","twitter_card":"summary_large_image","twitter_site":"@cgchirp","twitter_misc":{"Gesch\u00e4tzte Lesezeit":"2\u00a0Minuten"},"schema":{"@context":"https:\/\/schema.org","@graph":[{"@type":"WebPage","@id":"https:\/\/www.contentguru.com\/de-de\/ueber-uns\/schottland-office\/","url":"https:\/\/www.contentguru.com\/de-de\/ueber-uns\/schottland-office\/","name":"Schottland Office - Content Guru","isPartOf":{"@id":"https:\/\/www.contentguru.com\/de-de\/#website"},"datePublished":"2025-08-20T15:22:38+00:00","dateModified":"2025-12-30T15:44:55+00:00","breadcrumb":{"@id":"https:\/\/www.contentguru.com\/de-de\/ueber-uns\/schottland-office\/#breadcrumb"},"inLanguage":"de","potentialAction":[{"@type":"ReadAction","target":["https:\/\/www.contentguru.com\/de-de\/ueber-uns\/schottland-office\/"]}]},{"@type":"BreadcrumbList","@id":"https:\/\/www.contentguru.com\/de-de\/ueber-uns\/schottland-office\/#breadcrumb","itemListElement":[{"@type":"ListItem","position":1,"name":"Home","item":"https:\/\/www.contentguru.com\/de-de\/"},{"@type":"ListItem","position":2,"name":"\u00dcber uns","item":"https:\/\/www.contentguru.com\/de-de\/ueber-uns\/"},{"@type":"ListItem","position":3,"name":"Schottland Office"}]},{"@type":"WebSite","@id":"https:\/\/www.contentguru.com\/de-de\/#website","url":"https:\/\/www.contentguru.com\/de-de\/","name":"Deutsch - Content Guru","description":"","publisher":{"@id":"https:\/\/www.contentguru.com\/de-de\/#organization"},"potentialAction":[{"@type":"SearchAction","target":{"@type":"EntryPoint","urlTemplate":"https:\/\/www.contentguru.com\/de-de\/?s={search_term_string}"},"query-input":{"@type":"PropertyValueSpecification","valueRequired":true,"valueName":"search_term_string"}}],"inLanguage":"de"},{"@type":"Organization","@id":"https:\/\/www.contentguru.com\/de-de\/#organization","name":"Content Guru","url":"https:\/\/www.contentguru.com\/de-de\/","logo":{"@type":"ImageObject","inLanguage":"de","@id":"https:\/\/www.contentguru.com\/de-de\/#\/schema\/logo\/image\/","url":"https:\/\/www.contentguru.com\/de-de\/wp-content\/uploads\/sites\/9\/2025\/02\/CG-Logo-Dark-Blue_Outlines-1.svg","contentUrl":"https:\/\/www.contentguru.com\/de-de\/wp-content\/uploads\/sites\/9\/2025\/02\/CG-Logo-Dark-Blue_Outlines-1.svg","width":"1024","height":"1024","caption":"Content Guru"},"image":{"@id":"https:\/\/www.contentguru.com\/de-de\/#\/schema\/logo\/image\/"},"sameAs":["https:\/\/www.facebook.com\/ContentGuruLtd","https:\/\/x.com\/cgchirp"]}]}},"_links":{"self":[{"href":"https:\/\/www.contentguru.com\/de-de\/wp-json\/wp\/v2\/pages\/5588","targetHints":{"allow":["GET"]}}],"collection":[{"href":"https:\/\/www.contentguru.com\/de-de\/wp-json\/wp\/v2\/pages"}],"about":[{"href":"https:\/\/www.contentguru.com\/de-de\/wp-json\/wp\/v2\/types\/page"}],"author":[{"embeddable":true,"href":"https:\/\/www.contentguru.com\/de-de\/wp-json\/wp\/v2\/users\/7"}],"replies":[{"embeddable":true,"href":"https:\/\/www.contentguru.com\/de-de\/wp-json\/wp\/v2\/comments?post=5588"}],"version-history":[{"count":0,"href":"https:\/\/www.contentguru.com\/de-de\/wp-json\/wp\/v2\/pages\/5588\/revisions"}],"up":[{"embeddable":true,"href":"https:\/\/www.contentguru.com\/de-de\/wp-json\/wp\/v2\/pages\/334"}],"wp:attachment":[{"href":"https:\/\/www.contentguru.com\/de-de\/wp-json\/wp\/v2\/media?parent=5588"}],"wp:term":[{"taxonomy":"folder","embeddable":true,"href":"https:\/\/www.contentguru.com\/de-de\/wp-json\/wp\/v2\/folder?post=5588"}],"curies":[{"name":"wp","href":"https:\/\/api.w.org\/{rel}","templated":true}]}}