{"id":5579,"date":"2025-08-20T15:22:19","date_gmt":"2025-08-20T15:22:19","guid":{"rendered":"https:\/\/contentgurustg.wpenginepowered.com\/de-de\/?page_id=5579"},"modified":"2025-12-30T15:44:25","modified_gmt":"2025-12-30T15:44:25","slug":"benelux-office","status":"publish","type":"page","link":"https:\/\/www.contentguru.com\/de-de\/ueber-uns\/benelux-office\/","title":{"rendered":"BENELUX Office"},"content":{"rendered":"\n\n    <section class=\"block-cta-list toast-block no-margin padding-both has-bg\" style=\"background-color:#ddf3fc;\"> \n\n        \n\n\n<div class=\"cta-list-wrapper\">\n    <div class=\"container\">\n        <div class=\"cta-list-grid grid \">\n            \t\t\t\t<div class=\"col intro\">\n\t\t\t\t\t<h3>BENELUX Office<\/h3>\n<p>Wir sind ein weltweit f\u00fchrender Anbieter von cloudbasierten Customer Experience (CX) und Contact Center L\u00f6sungen f\u00fcr Unternehmen und stehen an vorderster Front der Entwicklung im Bereich Generative KI.<\/p>\n<p>Besuchen Sie uns und erleben Sie selbst, warum wir Ma\u00dfst\u00e4be setzen.<\/p>\n<p>&nbsp;<\/p>\n<p><a class=\"button\" href=\"https:\/\/www.contentguru.com\/de-de\/kontakt\/\">Besuchstermin vereinbaren<\/a><\/p>\n\t\t\t\t<\/div>\n\t\t\t            <div class=\"col\">\n                                    <div class=\"cta-list-item  \">\n                                                <div class=\"col\">\n                            <div class=\"cta-list-item-image\">\n                                <img loading=\"lazy\" decoding=\"async\" width=\"1826\" height=\"1027\" src=\"https:\/\/www.contentguru.com\/de-de\/wp-content\/uploads\/sites\/9\/2025\/08\/P1000604.00_04_24_38.Still024.jpg\" class=\"attachment-full size-full\" alt=\"\" srcset=\"https:\/\/www.contentguru.com\/de-de\/wp-content\/uploads\/sites\/9\/2025\/08\/P1000604.00_04_24_38.Still024.jpg 1826w, https:\/\/www.contentguru.com\/de-de\/wp-content\/uploads\/sites\/9\/2025\/08\/P1000604.00_04_24_38.Still024-300x169.jpg 300w, https:\/\/www.contentguru.com\/de-de\/wp-content\/uploads\/sites\/9\/2025\/08\/P1000604.00_04_24_38.Still024-1024x576.jpg 1024w, https:\/\/www.contentguru.com\/de-de\/wp-content\/uploads\/sites\/9\/2025\/08\/P1000604.00_04_24_38.Still024-768x432.jpg 768w, https:\/\/www.contentguru.com\/de-de\/wp-content\/uploads\/sites\/9\/2025\/08\/P1000604.00_04_24_38.Still024-1536x864.jpg 1536w\" sizes=\"auto, (max-width: 1826px) 100vw, 1826px\" \/>                            <\/div>\n                        <\/div>\n                        <div class=\"cta-list-item-content\">\n                            <h5>Konferenzr\u00e4ume<\/h5>\n                            <div class=\"description\">Unsere voll klimatisierten Konferenzr\u00e4ume bieten Platz f\u00fcr Teams jeder Gr\u00f6\u00dfe. Auf Wunsch stellen wir Ihnen ein komplettes Catering zur Verf\u00fcgung, und vor Ort stehen ausreichend Parkm\u00f6glichkeiten bereit.<\/div>\n                        <\/div>\n                    <\/div>\n                                    <div class=\"cta-list-item  \">\n                                                <div class=\"col\">\n                            <div class=\"cta-list-item-image\">\n                                <img loading=\"lazy\" decoding=\"async\" width=\"1920\" height=\"1080\" src=\"https:\/\/www.contentguru.com\/de-de\/wp-content\/uploads\/sites\/9\/2025\/08\/P1000604.00_02_41_22.Still018.jpg\" class=\"attachment-full size-full\" alt=\"\" srcset=\"https:\/\/www.contentguru.com\/de-de\/wp-content\/uploads\/sites\/9\/2025\/08\/P1000604.00_02_41_22.Still018.jpg 1920w, https:\/\/www.contentguru.com\/de-de\/wp-content\/uploads\/sites\/9\/2025\/08\/P1000604.00_02_41_22.Still018-300x169.jpg 300w, https:\/\/www.contentguru.com\/de-de\/wp-content\/uploads\/sites\/9\/2025\/08\/P1000604.00_02_41_22.Still018-1024x576.jpg 1024w, https:\/\/www.contentguru.com\/de-de\/wp-content\/uploads\/sites\/9\/2025\/08\/P1000604.00_02_41_22.Still018-768x432.jpg 768w, https:\/\/www.contentguru.com\/de-de\/wp-content\/uploads\/sites\/9\/2025\/08\/P1000604.00_02_41_22.Still018-1536x864.jpg 1536w\" sizes=\"auto, (max-width: 1920px) 100vw, 1920px\" \/>                            <\/div>\n                        <\/div>\n                        <div class=\"cta-list-item-content\">\n                            <h5>CX Demo Suite<\/h5>\n                            <div class=\"description\">Erleben Sie die volle Leistungsf\u00e4higkeit von <b>storm<sub>\u00ae<\/sub><\/b> bei einer individuellen Demo in unseren hochmodernen CX-Suiten.<\/div>\n                        <\/div>\n                    <\/div>\n                            <\/div>\n        <\/div> \n    <\/div>\n<\/div>\n\n    \n    <\/section>\n\n\n\n\n\n    <section class=\"block-columns toast-block no-margin padding-both has-bg\" style=\"background-color:#0c2943;\"> \n\n        \n\n\n<div class=\"columns-area\">\n    <div class=\"container\">\n                                <div class=\"main-column-grid grid\" style=\"grid-template-columns:repeat(4, 1fr)\">\n                                    <div class=\"col \">\n                        <p><img loading=\"lazy\" decoding=\"async\" class=\"alignnone size-full wp-image-5422\" src=\"https:\/\/www.contentguru.com\/en-gb\/wp-content\/uploads\/sites\/2\/2025\/08\/P1000604.00_01_59_34.Still016.jpg\" alt=\"\" width=\"1920\" height=\"1080\" \/><\/p>\n                    <\/div>\n                                    <div class=\"col \">\n                        <p><img loading=\"lazy\" decoding=\"async\" class=\"alignnone size-full wp-image-5424\" src=\"https:\/\/www.contentguru.com\/en-gb\/wp-content\/uploads\/sites\/2\/2025\/08\/P1000604.00_00_54_38.Still013.jpg\" alt=\"\" width=\"1920\" height=\"1080\" \/><\/p>\n                    <\/div>\n                                    <div class=\"col \">\n                        <p><img loading=\"lazy\" decoding=\"async\" class=\"alignnone size-full wp-image-5430\" src=\"https:\/\/www.contentguru.com\/en-gb\/wp-content\/uploads\/sites\/2\/2025\/08\/P1000604.00_03_04_30.Still019.jpg\" alt=\"\" width=\"1920\" height=\"1080\" \/><\/p>\n                    <\/div>\n                                    <div class=\"col \">\n                        <p><img loading=\"lazy\" decoding=\"async\" class=\"alignnone size-full wp-image-5426\" src=\"https:\/\/www.contentguru.com\/en-gb\/wp-content\/uploads\/sites\/2\/2025\/08\/P1000604.00_03_28_43.Still020.jpg\" alt=\"\" width=\"1920\" height=\"1080\" \/><\/p>\n                    <\/div>\n                            <\/div>\n            <\/div>\n<\/div>\n\n    \n    <\/section>\n\n\n\n\n\n    <section class=\"block-columns toast-block no-margin padding-both\"> \n\n                    <div class=\"section-title-area\">\n                <div class=\"container\">\n                                        <h2 class=\"section-title h3\">Wo Sie uns finden<\/h2>\n                                    <\/div>\n            <\/div>\n        \n\n\n<div class=\"columns-area\">\n    <div class=\"container\">\n                                <div class=\"main-column-grid grid\" style=\"grid-template-columns:repeat(2, 1fr)\">\n                                    <div class=\"col \">\n                        <p><iframe loading=\"lazy\" style=\"border: 0\" src=\"https:\/\/www.google.com\/maps\/embed?pb=!1m18!1m12!1m3!1d8249.846993441952!2d4.334879761039341!3d52.06709185380028!2m3!1f0!2f0!3f0!3m2!1i1024!2i768!4f13.1!3m3!1m2!1s0x47c5b654a15fdfdb%3A0x76f7d328a652133d!2sContent%20Guru%20Benelux!5e0!3m2!1sen!2suk!4v1754646651669!5m2!1sen!2suk\" width=\"600\" height=\"450\" allowfullscreen=\"allowfullscreen\"><\/iframe><\/p>\n                    <\/div>\n                                    <div class=\"col \">\n                        <p>&nbsp;<\/p>\n<p>Maanplein 20,<br \/>\n2516 CK Den Haag,<br \/>\nThe Netherlands<br \/>\n<strong>T:<\/strong> +[31] (0)88 242 8000<br \/>\n<strong>E:<\/strong> <a href=\"mailto:info@contentguru.nl\">info@contentguru.nl<\/a><\/p>\n                    <\/div>\n                            <\/div>\n            <\/div>\n<\/div>\n\n    \n    <\/section>\n\n","protected":false},"excerpt":{"rendered":"","protected":false},"author":7,"featured_media":0,"parent":334,"menu_order":0,"comment_status":"closed","ping_status":"closed","template":"","meta":{"_acf_changed":true,"inline_featured_image":false,"footnotes":""},"folder":[76],"class_list":["post-5579","page","type-page","status-publish","hentry"],"acf":[],"yoast_head":"<!-- This site is optimized with the Yoast SEO plugin v27.5 - https:\/\/yoast.com\/product\/yoast-seo-wordpress\/ -->\n<title>BENELUX Office - Content Guru<\/title>\n<meta name=\"robots\" content=\"index, follow, max-snippet:-1, max-image-preview:large, max-video-preview:-1\" \/>\n<link rel=\"canonical\" href=\"https:\/\/www.contentguru.com\/de-de\/ueber-uns\/benelux-office\/\" \/>\n<meta property=\"og:locale\" content=\"de_DE\" \/>\n<meta property=\"og:type\" content=\"article\" \/>\n<meta property=\"og:title\" content=\"BENELUX Office - Content Guru\" \/>\n<meta property=\"og:url\" content=\"https:\/\/www.contentguru.com\/de-de\/ueber-uns\/benelux-office\/\" \/>\n<meta property=\"og:site_name\" content=\"Deutsch\" \/>\n<meta property=\"article:publisher\" content=\"https:\/\/www.facebook.com\/ContentGuruLtd\" \/>\n<meta property=\"article:modified_time\" content=\"2025-12-30T15:44:25+00:00\" \/>\n<meta name=\"twitter:card\" content=\"summary_large_image\" \/>\n<meta name=\"twitter:site\" content=\"@cgchirp\" \/>\n<meta name=\"twitter:label1\" content=\"Gesch\u00e4tzte Lesezeit\" \/>\n\t<meta name=\"twitter:data1\" content=\"2\u00a0Minuten\" \/>\n<script type=\"application\/ld+json\" class=\"yoast-schema-graph\">{\"@context\":\"https:\\\/\\\/schema.org\",\"@graph\":[{\"@type\":\"WebPage\",\"@id\":\"https:\\\/\\\/www.contentguru.com\\\/de-de\\\/ueber-uns\\\/benelux-office\\\/\",\"url\":\"https:\\\/\\\/www.contentguru.com\\\/de-de\\\/ueber-uns\\\/benelux-office\\\/\",\"name\":\"BENELUX Office - Content Guru\",\"isPartOf\":{\"@id\":\"https:\\\/\\\/www.contentguru.com\\\/de-de\\\/#website\"},\"datePublished\":\"2025-08-20T15:22:19+00:00\",\"dateModified\":\"2025-12-30T15:44:25+00:00\",\"breadcrumb\":{\"@id\":\"https:\\\/\\\/www.contentguru.com\\\/de-de\\\/ueber-uns\\\/benelux-office\\\/#breadcrumb\"},\"inLanguage\":\"de\",\"potentialAction\":[{\"@type\":\"ReadAction\",\"target\":[\"https:\\\/\\\/www.contentguru.com\\\/de-de\\\/ueber-uns\\\/benelux-office\\\/\"]}]},{\"@type\":\"BreadcrumbList\",\"@id\":\"https:\\\/\\\/www.contentguru.com\\\/de-de\\\/ueber-uns\\\/benelux-office\\\/#breadcrumb\",\"itemListElement\":[{\"@type\":\"ListItem\",\"position\":1,\"name\":\"Home\",\"item\":\"https:\\\/\\\/www.contentguru.com\\\/de-de\\\/\"},{\"@type\":\"ListItem\",\"position\":2,\"name\":\"\u00dcber uns\",\"item\":\"https:\\\/\\\/www.contentguru.com\\\/de-de\\\/ueber-uns\\\/\"},{\"@type\":\"ListItem\",\"position\":3,\"name\":\"BENELUX Office\"}]},{\"@type\":\"WebSite\",\"@id\":\"https:\\\/\\\/www.contentguru.com\\\/de-de\\\/#website\",\"url\":\"https:\\\/\\\/www.contentguru.com\\\/de-de\\\/\",\"name\":\"Deutsch - Content Guru\",\"description\":\"\",\"publisher\":{\"@id\":\"https:\\\/\\\/www.contentguru.com\\\/de-de\\\/#organization\"},\"potentialAction\":[{\"@type\":\"SearchAction\",\"target\":{\"@type\":\"EntryPoint\",\"urlTemplate\":\"https:\\\/\\\/www.contentguru.com\\\/de-de\\\/?s={search_term_string}\"},\"query-input\":{\"@type\":\"PropertyValueSpecification\",\"valueRequired\":true,\"valueName\":\"search_term_string\"}}],\"inLanguage\":\"de\"},{\"@type\":\"Organization\",\"@id\":\"https:\\\/\\\/www.contentguru.com\\\/de-de\\\/#organization\",\"name\":\"Content Guru\",\"url\":\"https:\\\/\\\/www.contentguru.com\\\/de-de\\\/\",\"logo\":{\"@type\":\"ImageObject\",\"inLanguage\":\"de\",\"@id\":\"https:\\\/\\\/www.contentguru.com\\\/de-de\\\/#\\\/schema\\\/logo\\\/image\\\/\",\"url\":\"https:\\\/\\\/www.contentguru.com\\\/de-de\\\/wp-content\\\/uploads\\\/sites\\\/9\\\/2025\\\/02\\\/CG-Logo-Dark-Blue_Outlines-1.svg\",\"contentUrl\":\"https:\\\/\\\/www.contentguru.com\\\/de-de\\\/wp-content\\\/uploads\\\/sites\\\/9\\\/2025\\\/02\\\/CG-Logo-Dark-Blue_Outlines-1.svg\",\"width\":\"1024\",\"height\":\"1024\",\"caption\":\"Content Guru\"},\"image\":{\"@id\":\"https:\\\/\\\/www.contentguru.com\\\/de-de\\\/#\\\/schema\\\/logo\\\/image\\\/\"},\"sameAs\":[\"https:\\\/\\\/www.facebook.com\\\/ContentGuruLtd\",\"https:\\\/\\\/x.com\\\/cgchirp\"]}]}<\/script>\n<!-- \/ Yoast SEO plugin. -->","yoast_head_json":{"title":"BENELUX Office - Content Guru","robots":{"index":"index","follow":"follow","max-snippet":"max-snippet:-1","max-image-preview":"max-image-preview:large","max-video-preview":"max-video-preview:-1"},"canonical":"https:\/\/www.contentguru.com\/de-de\/ueber-uns\/benelux-office\/","og_locale":"de_DE","og_type":"article","og_title":"BENELUX Office - Content Guru","og_url":"https:\/\/www.contentguru.com\/de-de\/ueber-uns\/benelux-office\/","og_site_name":"Deutsch","article_publisher":"https:\/\/www.facebook.com\/ContentGuruLtd","article_modified_time":"2025-12-30T15:44:25+00:00","twitter_card":"summary_large_image","twitter_site":"@cgchirp","twitter_misc":{"Gesch\u00e4tzte Lesezeit":"2\u00a0Minuten"},"schema":{"@context":"https:\/\/schema.org","@graph":[{"@type":"WebPage","@id":"https:\/\/www.contentguru.com\/de-de\/ueber-uns\/benelux-office\/","url":"https:\/\/www.contentguru.com\/de-de\/ueber-uns\/benelux-office\/","name":"BENELUX Office - Content Guru","isPartOf":{"@id":"https:\/\/www.contentguru.com\/de-de\/#website"},"datePublished":"2025-08-20T15:22:19+00:00","dateModified":"2025-12-30T15:44:25+00:00","breadcrumb":{"@id":"https:\/\/www.contentguru.com\/de-de\/ueber-uns\/benelux-office\/#breadcrumb"},"inLanguage":"de","potentialAction":[{"@type":"ReadAction","target":["https:\/\/www.contentguru.com\/de-de\/ueber-uns\/benelux-office\/"]}]},{"@type":"BreadcrumbList","@id":"https:\/\/www.contentguru.com\/de-de\/ueber-uns\/benelux-office\/#breadcrumb","itemListElement":[{"@type":"ListItem","position":1,"name":"Home","item":"https:\/\/www.contentguru.com\/de-de\/"},{"@type":"ListItem","position":2,"name":"\u00dcber uns","item":"https:\/\/www.contentguru.com\/de-de\/ueber-uns\/"},{"@type":"ListItem","position":3,"name":"BENELUX Office"}]},{"@type":"WebSite","@id":"https:\/\/www.contentguru.com\/de-de\/#website","url":"https:\/\/www.contentguru.com\/de-de\/","name":"Deutsch - Content Guru","description":"","publisher":{"@id":"https:\/\/www.contentguru.com\/de-de\/#organization"},"potentialAction":[{"@type":"SearchAction","target":{"@type":"EntryPoint","urlTemplate":"https:\/\/www.contentguru.com\/de-de\/?s={search_term_string}"},"query-input":{"@type":"PropertyValueSpecification","valueRequired":true,"valueName":"search_term_string"}}],"inLanguage":"de"},{"@type":"Organization","@id":"https:\/\/www.contentguru.com\/de-de\/#organization","name":"Content Guru","url":"https:\/\/www.contentguru.com\/de-de\/","logo":{"@type":"ImageObject","inLanguage":"de","@id":"https:\/\/www.contentguru.com\/de-de\/#\/schema\/logo\/image\/","url":"https:\/\/www.contentguru.com\/de-de\/wp-content\/uploads\/sites\/9\/2025\/02\/CG-Logo-Dark-Blue_Outlines-1.svg","contentUrl":"https:\/\/www.contentguru.com\/de-de\/wp-content\/uploads\/sites\/9\/2025\/02\/CG-Logo-Dark-Blue_Outlines-1.svg","width":"1024","height":"1024","caption":"Content Guru"},"image":{"@id":"https:\/\/www.contentguru.com\/de-de\/#\/schema\/logo\/image\/"},"sameAs":["https:\/\/www.facebook.com\/ContentGuruLtd","https:\/\/x.com\/cgchirp"]}]}},"_links":{"self":[{"href":"https:\/\/www.contentguru.com\/de-de\/wp-json\/wp\/v2\/pages\/5579","targetHints":{"allow":["GET"]}}],"collection":[{"href":"https:\/\/www.contentguru.com\/de-de\/wp-json\/wp\/v2\/pages"}],"about":[{"href":"https:\/\/www.contentguru.com\/de-de\/wp-json\/wp\/v2\/types\/page"}],"author":[{"embeddable":true,"href":"https:\/\/www.contentguru.com\/de-de\/wp-json\/wp\/v2\/users\/7"}],"replies":[{"embeddable":true,"href":"https:\/\/www.contentguru.com\/de-de\/wp-json\/wp\/v2\/comments?post=5579"}],"version-history":[{"count":0,"href":"https:\/\/www.contentguru.com\/de-de\/wp-json\/wp\/v2\/pages\/5579\/revisions"}],"up":[{"embeddable":true,"href":"https:\/\/www.contentguru.com\/de-de\/wp-json\/wp\/v2\/pages\/334"}],"wp:attachment":[{"href":"https:\/\/www.contentguru.com\/de-de\/wp-json\/wp\/v2\/media?parent=5579"}],"wp:term":[{"taxonomy":"folder","embeddable":true,"href":"https:\/\/www.contentguru.com\/de-de\/wp-json\/wp\/v2\/folder?post=5579"}],"curies":[{"name":"wp","href":"https:\/\/api.w.org\/{rel}","templated":true}]}}