{"id":5568,"date":"2025-08-18T12:48:56","date_gmt":"2025-08-18T12:48:56","guid":{"rendered":"https:\/\/contentgurustg.wpenginepowered.com\/de-de\/?page_id=5568"},"modified":"2026-02-03T15:58:53","modified_gmt":"2026-02-03T15:58:53","slug":"storm-lite-administrator","status":"publish","type":"page","link":"https:\/\/www.contentguru.com\/de-de\/produkte\/storm-cx\/cloud-customer-experience\/cx-loesung-kmu\/storm-lite-administrator\/","title":{"rendered":"storm LITE Administrator"},"content":{"rendered":"\n\n    <section class=\"block-resource-hero toast-block no-margin padding-both has-bg\" style=\"background-color:#ddf3fc;\"> \n\n        \n\n\n    <div class=\"resource-hero\">\n        <div class=\"container\">\n                            <h4 class=\"section-title h5\"><strong>storm<\/strong><sub>\u00ae<\/sub> LITE\u2122<\/h4>\n<h1>Administrator<\/h1>\n<h4><\/h4>\n<p>&nbsp;<\/p>\n                    <\/div>\n    <\/div>\n\n    \n    <\/section>\n\n\n\n\n\n    <section class=\"block-columns toast-block no-margin padding-both\"> \n\n                    <div class=\"section-title-area\">\n                <div class=\"container\">\n                                        <h2 class=\"section-title h3\">Administratoren-Lizenz<\/h2>\n                                            <div class=\"section-description\"><p>Jede Instanz von\u00a0<strong>storm<\/strong><sup><sub>\u00ae<\/sub><\/sup>\u00a0LITE\u2122 erh\u00e4lt eine Administrator-Lizenz. Diese erm\u00f6glicht den Zugriff auf\u00a0<strong>storm<\/strong>\u00a0CONDUCTOR\u2122, das Administratormodul zum Einrichten von Agenten, Nummern und Weiterleitungspfaden. \u00dcber die im Paket enthaltene Service Designer-Lizenz k\u00f6nnen Administratoren schnell und einfach DTMF-IVRs erstellen.<\/p>\n<p><strong>storm<\/strong>\u00a0CONDUCTOR ist ein browserbasiertes Tool zum Erstellen von Workflows. Mithilfe von leistungsstarken Funktionen in einer intuitiven grafischen Benutzeroberfl\u00e4che k\u00f6nnen Unternehmen die Konfiguration ihres Contact Centers effektiv und mit minimalem Aufwand einrichten und verwalten. Administratoren k\u00f6nnen Live-Dienste in Echtzeit anpassen und mit einem einzigen Mausklick bereitstellen. Mit intuitiven Tools zum Konfigurieren von Benutzern, Routingpfaden, Warteschleifen, Agentengruppen und Sammelgruppen kann Ihr Contact Center innerhalb k\u00fcrzester Zeit IVRs live schalten und Omnichannel-Kommunikationen an Ihre Mitarbeiter weiterleiten.<\/p>\n<p>Administratoren haben au\u00dferdem Zugriff auf die Wallboard-Funktion, die einen Echtzeit-\u00dcberblick \u00fcber Ihr Contact Center bietet. Dar\u00fcber hinaus sind historische Berichte zu den Aktivit\u00e4ten der vergangenen 13 Monate f\u00fcr Administratoren verf\u00fcgbar. Und mit\u00a0<strong>storm<\/strong>\u00a0RECORDER\u2122 erhalten Administratoren Zugriff auf Bildschirm- und Anrufaufzeichnungen der letzten 90 Tage.<\/p>\n<\/div>\n                                    <\/div>\n            <\/div>\n        \n\n\n<div class=\"columns-area\">\n    <div class=\"container\">\n            <\/div>\n<\/div>\n\n    \n    <\/section>\n\n\n\n\n\n    <section class=\"block-columns toast-block no-margin padding-both has-bg\" style=\"background-color:#ddf3fc;\"> \n\n                    <div class=\"section-title-area\">\n                <div class=\"container\">\n                                        <h2 class=\"section-title h3\">Hauptmerkmale<\/h2>\n                                    <\/div>\n            <\/div>\n        \n\n\n<div class=\"columns-area\">\n    <div class=\"container\">\n                                <div class=\"main-column-grid grid\" style=\"grid-template-columns:repeat(3, 1fr)\">\n                                    <div class=\"col \">\n                        <p><img loading=\"lazy\" decoding=\"async\" class=\"wp-image-1366 size-full aligncenter\" src=\"https:\/\/www.contentguru.com\/en-gb\/wp-content\/uploads\/sites\/2\/2025\/02\/Computer_118_2-1.png\" alt=\"\" width=\"140\" height=\"140\" \/><\/p>\n<p style=\"text-align: center\">\u00dcber eine intuitive grafische Oberfl\u00e4che k\u00f6nnen Unternehmen ihre Contact Center-Dienste schnell und einfach erstellen, anpassen und bereitstellen.<\/p>\n                    <\/div>\n                                    <div class=\"col \">\n                        <p><img loading=\"lazy\" decoding=\"async\" class=\"wp-image-1296 size-full aligncenter\" src=\"https:\/\/www.contentguru.com\/en-gb\/wp-content\/uploads\/sites\/2\/2025\/02\/Omnichannel_125_1-1.png\" alt=\"\" width=\"140\" height=\"140\" \/><\/p>\n<p style=\"text-align: center\">Die Multichannel-Unterst\u00fctzung umfasst Sprachanrufe, E-Mail, Webchat, SMS und Social Media-Anwendungen.<\/p>\n                    <\/div>\n                                    <div class=\"col \">\n                        <p><img loading=\"lazy\" decoding=\"async\" class=\"wp-image-1322 size-full aligncenter\" src=\"https:\/\/www.contentguru.com\/en-gb\/wp-content\/uploads\/sites\/2\/2025\/02\/SMS_37_1-1.png\" alt=\"\" width=\"140\" height=\"140\" \/><\/p>\n<div class=\"full-width bg-white large-padding no-change-top no-change-bottom \">\n<div class=\"container\">\n<div class=\"row\">\n<div class=\"col-xs-12 col-md-6 \">\n<div class=\"cb-richtext\">\n<div class=\"full-width bg-white large-padding no-change-top no-change-bottom \">\n<div class=\"container\">\n<div class=\"row\">\n<div class=\"col-xs-12 col-md-6 \">\n<div class=\"cb-richtext\">\n<p style=\"text-align: center\">Die integrierte Text-to-Speech-Funktion bedeutet, dass Kunden ma\u00dfgeschneiderte Ansagen in professionellen und flexiblen Anrufdiensten verwenden k\u00f6nnen.<\/p>\n<\/div>\n<\/div>\n<\/div>\n<\/div>\n<\/div>\n<div class=\"footer js-footer\">\n<div class=\"container\">\n<div class=\"row\">\n<div class=\"terms-wrapper\">\n<div class=\"col-sm-4 col-md-2 terms\">\n<p>&nbsp;<\/p>\n<\/div>\n<\/div>\n<\/div>\n<\/div>\n<\/div>\n<\/div>\n<\/div>\n<\/div>\n<\/div>\n<\/div>\n<div class=\"footer js-footer\">\n<div class=\"container\">\n<div class=\"row\">\n<div class=\"terms-wrapper\">\n<div class=\"col-sm-4 col-md-2 terms\">\n<p style=\"text-align: center\">\n<\/div>\n<\/div>\n<\/div>\n<\/div>\n<\/div>\n                    <\/div>\n                            <\/div>\n            <\/div>\n<\/div>\n\n    \n    <\/section>\n\n\n\n\n\n    <section class=\"block-boxed-content toast-block no-margin no-padding\"> \n\n        \n\n\n<div class=\"boxed-content-wrapper with-box\">\n    <div class=\"container\">\n        <div class=\"boxed-content reversed\" style=\"background-color:#f8f9eb;color:\">\n            \n                        <div class=\"boxed-content-image\">\n                                    <img loading=\"lazy\" decoding=\"async\" width=\"1078\" height=\"757\" src=\"https:\/\/www.contentguru.com\/de-de\/wp-content\/uploads\/sites\/9\/2025\/02\/during.png\" class=\"attachment-full size-full\" alt=\"\" srcset=\"https:\/\/www.contentguru.com\/de-de\/wp-content\/uploads\/sites\/9\/2025\/02\/during.png 1078w, https:\/\/www.contentguru.com\/de-de\/wp-content\/uploads\/sites\/9\/2025\/02\/during-300x211.png 300w, https:\/\/www.contentguru.com\/de-de\/wp-content\/uploads\/sites\/9\/2025\/02\/during-1024x719.png 1024w, https:\/\/www.contentguru.com\/de-de\/wp-content\/uploads\/sites\/9\/2025\/02\/during-768x539.png 768w\" sizes=\"auto, (max-width: 1078px) 100vw, 1078px\" \/>                            <\/div>\n            \n            <div class=\"boxed-content-text\">\n                <h3>Eine CX-L\u00f6sung, die mit Ihnen w\u00e4chst<\/h3>\n<p><span style=\"font-weight: 400\">Wenn Ihr Unternehmen w\u00e4chst, werden auch Ihre CX-Anforderungen komplexer. <\/span><b>storm <\/b><span style=\"font-weight: 400\">LITE erm\u00f6glicht eine einfache Migration auf die vollst\u00e4ndige <\/span><b>storm<\/b><span style=\"font-weight: 400\">-L\u00f6sung, wenn Sie sie ben\u00f6tigen.<\/span><\/p>\n<p><span style=\"font-weight: 400\">Wir stehen Ihnen zur Seite und unterst\u00fctzen herausragende CX in jeder Phase Ihrer Reise.<\/span><\/p>\n<p><a class=\"button\" href=\"https:\/\/www.contentguru.com\/de-de\/produkte\/storm-cx\/cloud-customer-experience\/cx-loesung-kmu\/storm-lite-preise\/\">Preise<\/a><\/p>\n            <\/div>\n                    <\/div>\n    <\/div>\n<\/div>\n\n    \n    <\/section>\n\n","protected":false},"excerpt":{"rendered":"","protected":false},"author":8,"featured_media":0,"parent":682,"menu_order":0,"comment_status":"closed","ping_status":"closed","template":"","meta":{"_acf_changed":true,"inline_featured_image":false,"footnotes":""},"folder":[75],"class_list":["post-5568","page","type-page","status-publish","hentry"],"acf":[],"yoast_head":"<!-- This site is optimized with the Yoast SEO plugin v27.5 - https:\/\/yoast.com\/product\/yoast-seo-wordpress\/ -->\n<title>storm LITE Administrator - Content Guru DACH<\/title>\n<meta name=\"description\" content=\"Administratoren haben au\u00dferdem Zugriff auf die Wallboard-Funktion, die einen Echtzeit-\u00dcberblick \u00fcber Ihr Contact Center bietet\" \/>\n<meta name=\"robots\" content=\"index, follow, max-snippet:-1, max-image-preview:large, max-video-preview:-1\" \/>\n<link rel=\"canonical\" href=\"https:\/\/www.contentguru.com\/de-de\/produkte\/storm-cx\/cloud-customer-experience\/cx-loesung-kmu\/storm-lite-administrator\/\" \/>\n<meta property=\"og:locale\" content=\"de_DE\" \/>\n<meta property=\"og:type\" content=\"article\" \/>\n<meta property=\"og:title\" content=\"storm LITE Administrator - Content Guru DACH\" \/>\n<meta property=\"og:description\" content=\"Administratoren haben au\u00dferdem Zugriff auf die Wallboard-Funktion, die einen Echtzeit-\u00dcberblick \u00fcber Ihr Contact Center bietet\" \/>\n<meta property=\"og:url\" content=\"https:\/\/www.contentguru.com\/de-de\/produkte\/storm-cx\/cloud-customer-experience\/cx-loesung-kmu\/storm-lite-administrator\/\" \/>\n<meta property=\"og:site_name\" content=\"Deutsch\" \/>\n<meta property=\"article:publisher\" content=\"https:\/\/www.facebook.com\/ContentGuruLtd\" \/>\n<meta property=\"article:modified_time\" content=\"2026-02-03T15:58:53+00:00\" \/>\n<meta name=\"twitter:card\" content=\"summary_large_image\" \/>\n<meta name=\"twitter:site\" content=\"@cgchirp\" \/>\n<meta name=\"twitter:label1\" content=\"Gesch\u00e4tzte Lesezeit\" \/>\n\t<meta name=\"twitter:data1\" content=\"3\u00a0Minuten\" \/>\n<script type=\"application\/ld+json\" class=\"yoast-schema-graph\">{\"@context\":\"https:\\\/\\\/schema.org\",\"@graph\":[{\"@type\":\"WebPage\",\"@id\":\"https:\\\/\\\/www.contentguru.com\\\/de-de\\\/produkte\\\/storm-cx\\\/cloud-customer-experience\\\/cx-loesung-kmu\\\/storm-lite-administrator\\\/\",\"url\":\"https:\\\/\\\/www.contentguru.com\\\/de-de\\\/produkte\\\/storm-cx\\\/cloud-customer-experience\\\/cx-loesung-kmu\\\/storm-lite-administrator\\\/\",\"name\":\"storm LITE Administrator - Content Guru DACH\",\"isPartOf\":{\"@id\":\"https:\\\/\\\/www.contentguru.com\\\/de-de\\\/#website\"},\"datePublished\":\"2025-08-18T12:48:56+00:00\",\"dateModified\":\"2026-02-03T15:58:53+00:00\",\"description\":\"Administratoren haben au\u00dferdem Zugriff auf die Wallboard-Funktion, die einen Echtzeit-\u00dcberblick \u00fcber Ihr Contact Center bietet\",\"breadcrumb\":{\"@id\":\"https:\\\/\\\/www.contentguru.com\\\/de-de\\\/produkte\\\/storm-cx\\\/cloud-customer-experience\\\/cx-loesung-kmu\\\/storm-lite-administrator\\\/#breadcrumb\"},\"inLanguage\":\"de\",\"potentialAction\":[{\"@type\":\"ReadAction\",\"target\":[\"https:\\\/\\\/www.contentguru.com\\\/de-de\\\/produkte\\\/storm-cx\\\/cloud-customer-experience\\\/cx-loesung-kmu\\\/storm-lite-administrator\\\/\"]}]},{\"@type\":\"BreadcrumbList\",\"@id\":\"https:\\\/\\\/www.contentguru.com\\\/de-de\\\/produkte\\\/storm-cx\\\/cloud-customer-experience\\\/cx-loesung-kmu\\\/storm-lite-administrator\\\/#breadcrumb\",\"itemListElement\":[{\"@type\":\"ListItem\",\"position\":1,\"name\":\"Home\",\"item\":\"https:\\\/\\\/www.contentguru.com\\\/de-de\\\/\"},{\"@type\":\"ListItem\",\"position\":2,\"name\":\"Produkte\",\"item\":\"https:\\\/\\\/www.contentguru.com\\\/de-de\\\/produkte\\\/\"},{\"@type\":\"ListItem\",\"position\":3,\"name\":\"storm CX\",\"item\":\"https:\\\/\\\/www.contentguru.com\\\/de-de\\\/produkte\\\/storm-cx\\\/\"},{\"@type\":\"ListItem\",\"position\":4,\"name\":\"KI-gest\u00fctzte CX in der Cloud\",\"item\":\"https:\\\/\\\/www.contentguru.com\\\/de-de\\\/produkte\\\/storm-cx\\\/cloud-customer-experience\\\/\"},{\"@type\":\"ListItem\",\"position\":5,\"name\":\"Die f\u00fchrende CX-L\u00f6sung f\u00fcr kleine Unternehmen (KMU)\",\"item\":\"https:\\\/\\\/www.contentguru.com\\\/de-de\\\/produkte\\\/storm-cx\\\/cloud-customer-experience\\\/cx-loesung-kmu\\\/\"},{\"@type\":\"ListItem\",\"position\":6,\"name\":\"storm LITE Administrator\"}]},{\"@type\":\"WebSite\",\"@id\":\"https:\\\/\\\/www.contentguru.com\\\/de-de\\\/#website\",\"url\":\"https:\\\/\\\/www.contentguru.com\\\/de-de\\\/\",\"name\":\"Deutsch - Content Guru\",\"description\":\"\",\"publisher\":{\"@id\":\"https:\\\/\\\/www.contentguru.com\\\/de-de\\\/#organization\"},\"potentialAction\":[{\"@type\":\"SearchAction\",\"target\":{\"@type\":\"EntryPoint\",\"urlTemplate\":\"https:\\\/\\\/www.contentguru.com\\\/de-de\\\/?s={search_term_string}\"},\"query-input\":{\"@type\":\"PropertyValueSpecification\",\"valueRequired\":true,\"valueName\":\"search_term_string\"}}],\"inLanguage\":\"de\"},{\"@type\":\"Organization\",\"@id\":\"https:\\\/\\\/www.contentguru.com\\\/de-de\\\/#organization\",\"name\":\"Content Guru\",\"url\":\"https:\\\/\\\/www.contentguru.com\\\/de-de\\\/\",\"logo\":{\"@type\":\"ImageObject\",\"inLanguage\":\"de\",\"@id\":\"https:\\\/\\\/www.contentguru.com\\\/de-de\\\/#\\\/schema\\\/logo\\\/image\\\/\",\"url\":\"https:\\\/\\\/www.contentguru.com\\\/de-de\\\/wp-content\\\/uploads\\\/sites\\\/9\\\/2025\\\/02\\\/CG-Logo-Dark-Blue_Outlines-1.svg\",\"contentUrl\":\"https:\\\/\\\/www.contentguru.com\\\/de-de\\\/wp-content\\\/uploads\\\/sites\\\/9\\\/2025\\\/02\\\/CG-Logo-Dark-Blue_Outlines-1.svg\",\"width\":\"1024\",\"height\":\"1024\",\"caption\":\"Content Guru\"},\"image\":{\"@id\":\"https:\\\/\\\/www.contentguru.com\\\/de-de\\\/#\\\/schema\\\/logo\\\/image\\\/\"},\"sameAs\":[\"https:\\\/\\\/www.facebook.com\\\/ContentGuruLtd\",\"https:\\\/\\\/x.com\\\/cgchirp\"]}]}<\/script>\n<!-- \/ Yoast SEO plugin. -->","yoast_head_json":{"title":"storm LITE Administrator - Content Guru DACH","description":"Administratoren haben au\u00dferdem Zugriff auf die Wallboard-Funktion, die einen Echtzeit-\u00dcberblick \u00fcber Ihr Contact Center bietet","robots":{"index":"index","follow":"follow","max-snippet":"max-snippet:-1","max-image-preview":"max-image-preview:large","max-video-preview":"max-video-preview:-1"},"canonical":"https:\/\/www.contentguru.com\/de-de\/produkte\/storm-cx\/cloud-customer-experience\/cx-loesung-kmu\/storm-lite-administrator\/","og_locale":"de_DE","og_type":"article","og_title":"storm LITE Administrator - Content Guru DACH","og_description":"Administratoren haben au\u00dferdem Zugriff auf die Wallboard-Funktion, die einen Echtzeit-\u00dcberblick \u00fcber Ihr Contact Center bietet","og_url":"https:\/\/www.contentguru.com\/de-de\/produkte\/storm-cx\/cloud-customer-experience\/cx-loesung-kmu\/storm-lite-administrator\/","og_site_name":"Deutsch","article_publisher":"https:\/\/www.facebook.com\/ContentGuruLtd","article_modified_time":"2026-02-03T15:58:53+00:00","twitter_card":"summary_large_image","twitter_site":"@cgchirp","twitter_misc":{"Gesch\u00e4tzte Lesezeit":"3\u00a0Minuten"},"schema":{"@context":"https:\/\/schema.org","@graph":[{"@type":"WebPage","@id":"https:\/\/www.contentguru.com\/de-de\/produkte\/storm-cx\/cloud-customer-experience\/cx-loesung-kmu\/storm-lite-administrator\/","url":"https:\/\/www.contentguru.com\/de-de\/produkte\/storm-cx\/cloud-customer-experience\/cx-loesung-kmu\/storm-lite-administrator\/","name":"storm LITE Administrator - Content Guru DACH","isPartOf":{"@id":"https:\/\/www.contentguru.com\/de-de\/#website"},"datePublished":"2025-08-18T12:48:56+00:00","dateModified":"2026-02-03T15:58:53+00:00","description":"Administratoren haben au\u00dferdem Zugriff auf die Wallboard-Funktion, die einen Echtzeit-\u00dcberblick \u00fcber Ihr Contact Center bietet","breadcrumb":{"@id":"https:\/\/www.contentguru.com\/de-de\/produkte\/storm-cx\/cloud-customer-experience\/cx-loesung-kmu\/storm-lite-administrator\/#breadcrumb"},"inLanguage":"de","potentialAction":[{"@type":"ReadAction","target":["https:\/\/www.contentguru.com\/de-de\/produkte\/storm-cx\/cloud-customer-experience\/cx-loesung-kmu\/storm-lite-administrator\/"]}]},{"@type":"BreadcrumbList","@id":"https:\/\/www.contentguru.com\/de-de\/produkte\/storm-cx\/cloud-customer-experience\/cx-loesung-kmu\/storm-lite-administrator\/#breadcrumb","itemListElement":[{"@type":"ListItem","position":1,"name":"Home","item":"https:\/\/www.contentguru.com\/de-de\/"},{"@type":"ListItem","position":2,"name":"Produkte","item":"https:\/\/www.contentguru.com\/de-de\/produkte\/"},{"@type":"ListItem","position":3,"name":"storm CX","item":"https:\/\/www.contentguru.com\/de-de\/produkte\/storm-cx\/"},{"@type":"ListItem","position":4,"name":"KI-gest\u00fctzte CX in der Cloud","item":"https:\/\/www.contentguru.com\/de-de\/produkte\/storm-cx\/cloud-customer-experience\/"},{"@type":"ListItem","position":5,"name":"Die f\u00fchrende CX-L\u00f6sung f\u00fcr kleine Unternehmen (KMU)","item":"https:\/\/www.contentguru.com\/de-de\/produkte\/storm-cx\/cloud-customer-experience\/cx-loesung-kmu\/"},{"@type":"ListItem","position":6,"name":"storm LITE Administrator"}]},{"@type":"WebSite","@id":"https:\/\/www.contentguru.com\/de-de\/#website","url":"https:\/\/www.contentguru.com\/de-de\/","name":"Deutsch - Content Guru","description":"","publisher":{"@id":"https:\/\/www.contentguru.com\/de-de\/#organization"},"potentialAction":[{"@type":"SearchAction","target":{"@type":"EntryPoint","urlTemplate":"https:\/\/www.contentguru.com\/de-de\/?s={search_term_string}"},"query-input":{"@type":"PropertyValueSpecification","valueRequired":true,"valueName":"search_term_string"}}],"inLanguage":"de"},{"@type":"Organization","@id":"https:\/\/www.contentguru.com\/de-de\/#organization","name":"Content Guru","url":"https:\/\/www.contentguru.com\/de-de\/","logo":{"@type":"ImageObject","inLanguage":"de","@id":"https:\/\/www.contentguru.com\/de-de\/#\/schema\/logo\/image\/","url":"https:\/\/www.contentguru.com\/de-de\/wp-content\/uploads\/sites\/9\/2025\/02\/CG-Logo-Dark-Blue_Outlines-1.svg","contentUrl":"https:\/\/www.contentguru.com\/de-de\/wp-content\/uploads\/sites\/9\/2025\/02\/CG-Logo-Dark-Blue_Outlines-1.svg","width":"1024","height":"1024","caption":"Content Guru"},"image":{"@id":"https:\/\/www.contentguru.com\/de-de\/#\/schema\/logo\/image\/"},"sameAs":["https:\/\/www.facebook.com\/ContentGuruLtd","https:\/\/x.com\/cgchirp"]}]}},"_links":{"self":[{"href":"https:\/\/www.contentguru.com\/de-de\/wp-json\/wp\/v2\/pages\/5568","targetHints":{"allow":["GET"]}}],"collection":[{"href":"https:\/\/www.contentguru.com\/de-de\/wp-json\/wp\/v2\/pages"}],"about":[{"href":"https:\/\/www.contentguru.com\/de-de\/wp-json\/wp\/v2\/types\/page"}],"author":[{"embeddable":true,"href":"https:\/\/www.contentguru.com\/de-de\/wp-json\/wp\/v2\/users\/8"}],"replies":[{"embeddable":true,"href":"https:\/\/www.contentguru.com\/de-de\/wp-json\/wp\/v2\/comments?post=5568"}],"version-history":[{"count":0,"href":"https:\/\/www.contentguru.com\/de-de\/wp-json\/wp\/v2\/pages\/5568\/revisions"}],"up":[{"embeddable":true,"href":"https:\/\/www.contentguru.com\/de-de\/wp-json\/wp\/v2\/pages\/682"}],"wp:attachment":[{"href":"https:\/\/www.contentguru.com\/de-de\/wp-json\/wp\/v2\/media?parent=5568"}],"wp:term":[{"taxonomy":"folder","embeddable":true,"href":"https:\/\/www.contentguru.com\/de-de\/wp-json\/wp\/v2\/folder?post=5568"}],"curies":[{"name":"wp","href":"https:\/\/api.w.org\/{rel}","templated":true}]}}