{"id":4940,"date":"2025-03-07T15:31:17","date_gmt":"2025-03-07T15:31:17","guid":{"rendered":"https:\/\/contentgurustg.wpenginepowered.com\/de-de\/?page_id=4940"},"modified":"2025-12-17T15:26:55","modified_gmt":"2025-12-17T15:26:55","slug":"cg-energy-demo-website","status":"publish","type":"page","link":"https:\/\/www.contentguru.com\/de-de\/ueber-uns\/events\/cg-energy-demo-website\/","title":{"rendered":"CG Energy Demo"},"content":{"rendered":"\n\n    <section class=\"block-hero toast-block notranslate no-margin no-padding\"> \n\n        \n\n    <div class=\"hero-area \" style=\"background-image:url('https:\/\/www.contentguru.com\/de-de\/wp-content\/uploads\/sites\/9\/2025\/02\/Extra.jpg');\">\n        <div class=\"hero-overlay\" style=\"--overlay-color:#004d95d9\"><\/div>\n        <div class=\"container\">\n            <div class=\"hero-content\">\n                <h1 class=\"hero-title\">CG Energy GmbH<\/h1>\n                <div class=\"description\"><p>Content Guru &#8211; Demo<\/p>\n<p data-pm-slice=\"1 1 []\">Ihr Partner f\u00fcr zuverl\u00e4ssige Energieversorgung<\/p>\n<\/div>\n                                <div class=\"hero-buttons\">\n                                                                                <\/div>\n                            <\/div>\n                    <\/div>\n        <div class=\"hero-swipe\" style=\"--swipe-color:#e83174\"><svg id=\"Layer_1\" xmlns=\"http:\/\/www.w3.org\/2000\/svg\" xmlns:xlink=\"http:\/\/www.w3.org\/1999\/xlink\" viewBox=\"0 0 1440 65\"><defs><linearGradient id=\"linear-gradient\" x1=\"715.4\" y1=\"80.3\" x2=\"717.3\" y2=\"18.2\" gradientUnits=\"userSpaceOnUse\"><stop offset=\".2\" stop-color=\"#f8f9eb\" stop-opacity=\"0\"><\/stop><stop offset=\".7\" stop-color=\"#0c2943\" stop-opacity=\".2\"><\/stop><\/linearGradient><\/defs><polygon points=\"1440 79 -21 79 -27 13 505 19 823.5 48.7 1440 61.5 1440 79\" style=\"fill:#f8f9eb; fill-rule:evenodd; stroke-width:0px;\"><\/polygon><polygon points=\"1440 65 0 57.8 -6.6 13 517.4 19.5 898.1 44.5 1280.9 49.8 1440 47.1 1440 65\" style=\"fill:url(#linear-gradient); fill-rule:evenodd; stroke-width:0px;\"><\/polygon><path d=\"m1440,51.5v10s-395,13-716.8-18C401.5,12.5,0,21.5,0,21.5V.5s455-2.5,713.2,31c258.2,33.5,726.8,20,726.8,20Z\" style=\"fill:#e83174; fill-rule:evenodd; stroke-width:0px;\" class=\"swipe\"><\/path><\/svg><\/div>\n    <\/div>\n    \n    <\/section>\n\n\n\n\n\n    <section class=\"block-boxed-content toast-block notranslate no-margin padding-top\"> \n\n                    <div class=\"section-title-area\">\n                <div class=\"container\">\n                                        <h2 class=\"section-title h2\">Nachhaltige Energieversorgung<\/h2>\n                                            <div class=\"section-description\"><p>Willkommen bei CG Energy, Ihrem zuverl\u00e4ssigen Partner f\u00fcr eine umweltfreundliche und zukunftssichere Energieversorgung. Wir bieten Ihnen nicht nur innovative L\u00f6sungen f\u00fcr Ihre Energiebedarfe, sondern setzen uns auch aktiv f\u00fcr den Schutz unseres Planeten ein.<\/p>\n<p>Als offizieller Partner von <strong>RW Energy<\/strong>, einem Anbieter von 100% \u00d6kostrom, sorgen wir daf\u00fcr, dass Ihr Stromverbrauch nachhaltig und klimafreundlich ist. Durch die Zusammenarbeit mit RW Energy haben Sie die M\u00f6glichkeit, ausschlie\u00dflich auf erneuerbare Energien aus Wind, Sonne und Wasser zu setzen. So tragen Sie ganz einfach dazu bei, den CO\u2082-Aussto\u00df zu reduzieren und die Energiewende aktiv voranzutreiben.<\/p>\n<\/div>\n                                    <\/div>\n            <\/div>\n        \n\n\n<div class=\"boxed-content-wrapper with-box\">\n    <div class=\"container\">\n        <div class=\"boxed-content \" style=\"background-color:#0c2943;color:#f8f9eb\">\n                        <div class=\"box-background-image\" style=\"background-image:url('https:\/\/www.contentguru.com\/de-de\/wp-content\/uploads\/sites\/9\/2025\/02\/c4dcf3a9e4b519d13241b7c103ff462b.jpg')\"><\/div>\n            \n            \n            <div class=\"boxed-content-text\">\n                <h3 data-pm-slice=\"1 3 []\">Unsere Dienstleistungen:<\/h3>\n<ul class=\"rt-bullet-list\">\n<li><strong>Zuverl\u00e4ssige Energieversorgung<\/strong>: Wir garantieren Ihnen eine stabile und effiziente Energieversorgung, die jederzeit auf Ihre Bed\u00fcrfnisse abgestimmt ist.<\/li>\n<li><strong>100% gr\u00fcner Strom<\/strong>: Dank RW Energy erhalten Sie ausschlie\u00dflich Strom aus 100% erneuerbaren Quellen \u2013 ohne Kompromisse.<\/li>\n<li><strong>Nachhaltigkeit<\/strong>: Unsere Partnerschaft mit RW Energy ist ein weiterer Schritt auf dem Weg zu einer klimafreundlicheren Zukunft.<\/li>\n<li><strong>Individuelle Beratung<\/strong>: Wir unterst\u00fctzen Sie dabei, den f\u00fcr Sie besten Energieplan zu finden und zeigen Ihnen, wie Sie Ihre Energiekosten optimieren k\u00f6nnen<\/li>\n<\/ul>\n            <\/div>\n                        <div class=\"boxed-content-image\">\n                                    <img loading=\"lazy\" decoding=\"async\" width=\"672\" height=\"384\" src=\"https:\/\/www.contentguru.com\/de-de\/wp-content\/uploads\/sites\/9\/2025\/02\/Generic-5.jpg\" class=\"attachment-full size-full\" alt=\"\" srcset=\"https:\/\/www.contentguru.com\/de-de\/wp-content\/uploads\/sites\/9\/2025\/02\/Generic-5.jpg 672w, https:\/\/www.contentguru.com\/de-de\/wp-content\/uploads\/sites\/9\/2025\/02\/Generic-5-300x171.jpg 300w\" sizes=\"auto, (max-width: 672px) 100vw, 672px\" \/>                            <\/div>\n                    <\/div>\n    <\/div>\n<\/div>\n\n    \n    <\/section>\n\n\n\n\n\n    <section class=\"block-boxed-content toast-block notranslate no-margin padding-bottom\"> \n\n        \n\n\n<div class=\"boxed-content-wrapper with-box\">\n    <div class=\"container\">\n        <div class=\"boxed-content reversed\" style=\"background-color:#ddf3fc;color:#0c2943\">\n            \n                        <div class=\"boxed-content-image\">\n                                    <img loading=\"lazy\" decoding=\"async\" width=\"1078\" height=\"757\" src=\"https:\/\/www.contentguru.com\/de-de\/wp-content\/uploads\/sites\/9\/2025\/02\/Partner-ship-1.png\" class=\"attachment-full size-full\" alt=\"\" srcset=\"https:\/\/www.contentguru.com\/de-de\/wp-content\/uploads\/sites\/9\/2025\/02\/Partner-ship-1.png 1078w, https:\/\/www.contentguru.com\/de-de\/wp-content\/uploads\/sites\/9\/2025\/02\/Partner-ship-1-300x211.png 300w, https:\/\/www.contentguru.com\/de-de\/wp-content\/uploads\/sites\/9\/2025\/02\/Partner-ship-1-1024x719.png 1024w, https:\/\/www.contentguru.com\/de-de\/wp-content\/uploads\/sites\/9\/2025\/02\/Partner-ship-1-768x539.png 768w\" sizes=\"auto, (max-width: 1078px) 100vw, 1078px\" \/>                            <\/div>\n            \n            <div class=\"boxed-content-text\">\n                <h3 data-pm-slice=\"1 1 []\">Setzen Sie auf die Zukunft<\/h3>\n<p data-pm-slice=\"1 1 []\">Setzen Sie auf 100% \u00d6kostrom mit CG Energy und RW Energy. Gemeinsam gestalten wir eine gr\u00fcnere, nachhaltigere Zukunft. Besuchen Sie uns und erfahren Sie mehr \u00fcber die M\u00f6glichkeiten, wie auch Sie von einer klimafreundlichen Stromversorgung profitieren k\u00f6nnen.<\/p>\n<p>(Dies ist eine Demo-Seite von Content Guru. Alle Firmen und Inhalte sind frei erfunden.)<\/p>\n<p>&nbsp;<\/p>\n            <\/div>\n                    <\/div>\n    <\/div>\n<\/div>\n\n    \n    <\/section>\n\n","protected":false},"excerpt":{"rendered":"","protected":false},"author":8,"featured_media":0,"parent":721,"menu_order":0,"comment_status":"closed","ping_status":"closed","template":"","meta":{"_acf_changed":true,"inline_featured_image":false,"footnotes":""},"folder":[70],"class_list":["post-4940","page","type-page","status-publish","hentry"],"acf":[],"yoast_head":"<!-- This site is optimized with the Yoast SEO plugin v27.5 - https:\/\/yoast.com\/product\/yoast-seo-wordpress\/ -->\n<title>Energy Demo - Content Guru<\/title>\n<meta name=\"description\" content=\"Als ein f\u00fchrender Hersteller in Europa f\u00fcr Cloud-Contact-Center-L\u00f6sungen bieten wir Unternehmen innovative M\u00f6glichkeiten, nahtlose Kundenerlebnisse zu schaffen und ihre Contact Center auf dem neuesten Stand zu halten.\" \/>\n<meta name=\"robots\" content=\"index, nofollow, max-snippet:-1, max-image-preview:large, max-video-preview:-1\" \/>\n<link rel=\"canonical\" href=\"https:\/\/www.contentguru.com\/de-de\/ueber-uns\/events\/cg-energy-demo-website\/\" \/>\n<meta property=\"og:locale\" content=\"de_DE\" \/>\n<meta property=\"og:type\" content=\"article\" \/>\n<meta property=\"og:title\" content=\"Energy Demo - Content Guru\" \/>\n<meta property=\"og:description\" content=\"Als ein f\u00fchrender Hersteller in Europa f\u00fcr Cloud-Contact-Center-L\u00f6sungen bieten wir Unternehmen innovative M\u00f6glichkeiten, nahtlose Kundenerlebnisse zu schaffen und ihre Contact Center auf dem neuesten Stand zu halten.\" \/>\n<meta property=\"og:url\" content=\"https:\/\/www.contentguru.com\/de-de\/ueber-uns\/events\/cg-energy-demo-website\/\" \/>\n<meta property=\"og:site_name\" content=\"Deutsch\" \/>\n<meta property=\"article:publisher\" content=\"https:\/\/www.facebook.com\/ContentGuruLtd\" \/>\n<meta property=\"article:modified_time\" content=\"2025-12-17T15:26:55+00:00\" \/>\n<meta name=\"twitter:card\" content=\"summary_large_image\" \/>\n<meta name=\"twitter:site\" content=\"@cgchirp\" \/>\n<meta name=\"twitter:label1\" content=\"Gesch\u00e4tzte Lesezeit\" \/>\n\t<meta name=\"twitter:data1\" content=\"2\u00a0Minuten\" \/>\n<script type=\"application\/ld+json\" class=\"yoast-schema-graph\">{\"@context\":\"https:\\\/\\\/schema.org\",\"@graph\":[{\"@type\":\"WebPage\",\"@id\":\"https:\\\/\\\/www.contentguru.com\\\/de-de\\\/ueber-uns\\\/events\\\/cg-energy-demo-website\\\/\",\"url\":\"https:\\\/\\\/www.contentguru.com\\\/de-de\\\/ueber-uns\\\/events\\\/cg-energy-demo-website\\\/\",\"name\":\"Energy Demo - Content Guru\",\"isPartOf\":{\"@id\":\"https:\\\/\\\/www.contentguru.com\\\/de-de\\\/#website\"},\"datePublished\":\"2025-03-07T15:31:17+00:00\",\"dateModified\":\"2025-12-17T15:26:55+00:00\",\"description\":\"Als ein f\u00fchrender Hersteller in Europa f\u00fcr Cloud-Contact-Center-L\u00f6sungen bieten wir Unternehmen innovative M\u00f6glichkeiten, nahtlose Kundenerlebnisse zu schaffen und ihre Contact Center auf dem neuesten Stand zu halten.\",\"breadcrumb\":{\"@id\":\"https:\\\/\\\/www.contentguru.com\\\/de-de\\\/ueber-uns\\\/events\\\/cg-energy-demo-website\\\/#breadcrumb\"},\"inLanguage\":\"de\",\"potentialAction\":[{\"@type\":\"ReadAction\",\"target\":[\"https:\\\/\\\/www.contentguru.com\\\/de-de\\\/ueber-uns\\\/events\\\/cg-energy-demo-website\\\/\"]}]},{\"@type\":\"BreadcrumbList\",\"@id\":\"https:\\\/\\\/www.contentguru.com\\\/de-de\\\/ueber-uns\\\/events\\\/cg-energy-demo-website\\\/#breadcrumb\",\"itemListElement\":[{\"@type\":\"ListItem\",\"position\":1,\"name\":\"Home\",\"item\":\"https:\\\/\\\/www.contentguru.com\\\/de-de\\\/\"},{\"@type\":\"ListItem\",\"position\":2,\"name\":\"\u00dcber uns\",\"item\":\"https:\\\/\\\/www.contentguru.com\\\/de-de\\\/ueber-uns\\\/\"},{\"@type\":\"ListItem\",\"position\":3,\"name\":\"Events\",\"item\":\"https:\\\/\\\/www.contentguru.com\\\/de-de\\\/ueber-uns\\\/events\\\/\"},{\"@type\":\"ListItem\",\"position\":4,\"name\":\"CG Energy Demo\"}]},{\"@type\":\"WebSite\",\"@id\":\"https:\\\/\\\/www.contentguru.com\\\/de-de\\\/#website\",\"url\":\"https:\\\/\\\/www.contentguru.com\\\/de-de\\\/\",\"name\":\"Deutsch - Content Guru\",\"description\":\"\",\"publisher\":{\"@id\":\"https:\\\/\\\/www.contentguru.com\\\/de-de\\\/#organization\"},\"potentialAction\":[{\"@type\":\"SearchAction\",\"target\":{\"@type\":\"EntryPoint\",\"urlTemplate\":\"https:\\\/\\\/www.contentguru.com\\\/de-de\\\/?s={search_term_string}\"},\"query-input\":{\"@type\":\"PropertyValueSpecification\",\"valueRequired\":true,\"valueName\":\"search_term_string\"}}],\"inLanguage\":\"de\"},{\"@type\":\"Organization\",\"@id\":\"https:\\\/\\\/www.contentguru.com\\\/de-de\\\/#organization\",\"name\":\"Content Guru\",\"url\":\"https:\\\/\\\/www.contentguru.com\\\/de-de\\\/\",\"logo\":{\"@type\":\"ImageObject\",\"inLanguage\":\"de\",\"@id\":\"https:\\\/\\\/www.contentguru.com\\\/de-de\\\/#\\\/schema\\\/logo\\\/image\\\/\",\"url\":\"https:\\\/\\\/www.contentguru.com\\\/de-de\\\/wp-content\\\/uploads\\\/sites\\\/9\\\/2025\\\/02\\\/CG-Logo-Dark-Blue_Outlines-1.svg\",\"contentUrl\":\"https:\\\/\\\/www.contentguru.com\\\/de-de\\\/wp-content\\\/uploads\\\/sites\\\/9\\\/2025\\\/02\\\/CG-Logo-Dark-Blue_Outlines-1.svg\",\"width\":\"1024\",\"height\":\"1024\",\"caption\":\"Content Guru\"},\"image\":{\"@id\":\"https:\\\/\\\/www.contentguru.com\\\/de-de\\\/#\\\/schema\\\/logo\\\/image\\\/\"},\"sameAs\":[\"https:\\\/\\\/www.facebook.com\\\/ContentGuruLtd\",\"https:\\\/\\\/x.com\\\/cgchirp\"]}]}<\/script>\n<!-- \/ Yoast SEO plugin. -->","yoast_head_json":{"title":"Energy Demo - Content Guru","description":"Als ein f\u00fchrender Hersteller in Europa f\u00fcr Cloud-Contact-Center-L\u00f6sungen bieten wir Unternehmen innovative M\u00f6glichkeiten, nahtlose Kundenerlebnisse zu schaffen und ihre Contact Center auf dem neuesten Stand zu halten.","robots":{"index":"index","follow":"nofollow","max-snippet":"max-snippet:-1","max-image-preview":"max-image-preview:large","max-video-preview":"max-video-preview:-1"},"canonical":"https:\/\/www.contentguru.com\/de-de\/ueber-uns\/events\/cg-energy-demo-website\/","og_locale":"de_DE","og_type":"article","og_title":"Energy Demo - Content Guru","og_description":"Als ein f\u00fchrender Hersteller in Europa f\u00fcr Cloud-Contact-Center-L\u00f6sungen bieten wir Unternehmen innovative M\u00f6glichkeiten, nahtlose Kundenerlebnisse zu schaffen und ihre Contact Center auf dem neuesten Stand zu halten.","og_url":"https:\/\/www.contentguru.com\/de-de\/ueber-uns\/events\/cg-energy-demo-website\/","og_site_name":"Deutsch","article_publisher":"https:\/\/www.facebook.com\/ContentGuruLtd","article_modified_time":"2025-12-17T15:26:55+00:00","twitter_card":"summary_large_image","twitter_site":"@cgchirp","twitter_misc":{"Gesch\u00e4tzte Lesezeit":"2\u00a0Minuten"},"schema":{"@context":"https:\/\/schema.org","@graph":[{"@type":"WebPage","@id":"https:\/\/www.contentguru.com\/de-de\/ueber-uns\/events\/cg-energy-demo-website\/","url":"https:\/\/www.contentguru.com\/de-de\/ueber-uns\/events\/cg-energy-demo-website\/","name":"Energy Demo - Content Guru","isPartOf":{"@id":"https:\/\/www.contentguru.com\/de-de\/#website"},"datePublished":"2025-03-07T15:31:17+00:00","dateModified":"2025-12-17T15:26:55+00:00","description":"Als ein f\u00fchrender Hersteller in Europa f\u00fcr Cloud-Contact-Center-L\u00f6sungen bieten wir Unternehmen innovative M\u00f6glichkeiten, nahtlose Kundenerlebnisse zu schaffen und ihre Contact Center auf dem neuesten Stand zu halten.","breadcrumb":{"@id":"https:\/\/www.contentguru.com\/de-de\/ueber-uns\/events\/cg-energy-demo-website\/#breadcrumb"},"inLanguage":"de","potentialAction":[{"@type":"ReadAction","target":["https:\/\/www.contentguru.com\/de-de\/ueber-uns\/events\/cg-energy-demo-website\/"]}]},{"@type":"BreadcrumbList","@id":"https:\/\/www.contentguru.com\/de-de\/ueber-uns\/events\/cg-energy-demo-website\/#breadcrumb","itemListElement":[{"@type":"ListItem","position":1,"name":"Home","item":"https:\/\/www.contentguru.com\/de-de\/"},{"@type":"ListItem","position":2,"name":"\u00dcber uns","item":"https:\/\/www.contentguru.com\/de-de\/ueber-uns\/"},{"@type":"ListItem","position":3,"name":"Events","item":"https:\/\/www.contentguru.com\/de-de\/ueber-uns\/events\/"},{"@type":"ListItem","position":4,"name":"CG Energy Demo"}]},{"@type":"WebSite","@id":"https:\/\/www.contentguru.com\/de-de\/#website","url":"https:\/\/www.contentguru.com\/de-de\/","name":"Deutsch - Content Guru","description":"","publisher":{"@id":"https:\/\/www.contentguru.com\/de-de\/#organization"},"potentialAction":[{"@type":"SearchAction","target":{"@type":"EntryPoint","urlTemplate":"https:\/\/www.contentguru.com\/de-de\/?s={search_term_string}"},"query-input":{"@type":"PropertyValueSpecification","valueRequired":true,"valueName":"search_term_string"}}],"inLanguage":"de"},{"@type":"Organization","@id":"https:\/\/www.contentguru.com\/de-de\/#organization","name":"Content Guru","url":"https:\/\/www.contentguru.com\/de-de\/","logo":{"@type":"ImageObject","inLanguage":"de","@id":"https:\/\/www.contentguru.com\/de-de\/#\/schema\/logo\/image\/","url":"https:\/\/www.contentguru.com\/de-de\/wp-content\/uploads\/sites\/9\/2025\/02\/CG-Logo-Dark-Blue_Outlines-1.svg","contentUrl":"https:\/\/www.contentguru.com\/de-de\/wp-content\/uploads\/sites\/9\/2025\/02\/CG-Logo-Dark-Blue_Outlines-1.svg","width":"1024","height":"1024","caption":"Content Guru"},"image":{"@id":"https:\/\/www.contentguru.com\/de-de\/#\/schema\/logo\/image\/"},"sameAs":["https:\/\/www.facebook.com\/ContentGuruLtd","https:\/\/x.com\/cgchirp"]}]}},"_links":{"self":[{"href":"https:\/\/www.contentguru.com\/de-de\/wp-json\/wp\/v2\/pages\/4940","targetHints":{"allow":["GET"]}}],"collection":[{"href":"https:\/\/www.contentguru.com\/de-de\/wp-json\/wp\/v2\/pages"}],"about":[{"href":"https:\/\/www.contentguru.com\/de-de\/wp-json\/wp\/v2\/types\/page"}],"author":[{"embeddable":true,"href":"https:\/\/www.contentguru.com\/de-de\/wp-json\/wp\/v2\/users\/8"}],"replies":[{"embeddable":true,"href":"https:\/\/www.contentguru.com\/de-de\/wp-json\/wp\/v2\/comments?post=4940"}],"version-history":[{"count":0,"href":"https:\/\/www.contentguru.com\/de-de\/wp-json\/wp\/v2\/pages\/4940\/revisions"}],"up":[{"embeddable":true,"href":"https:\/\/www.contentguru.com\/de-de\/wp-json\/wp\/v2\/pages\/721"}],"wp:attachment":[{"href":"https:\/\/www.contentguru.com\/de-de\/wp-json\/wp\/v2\/media?parent=4940"}],"wp:term":[{"taxonomy":"folder","embeddable":true,"href":"https:\/\/www.contentguru.com\/de-de\/wp-json\/wp\/v2\/folder?post=4940"}],"curies":[{"name":"wp","href":"https:\/\/api.w.org\/{rel}","templated":true}]}}