{"id":3070,"date":"2025-02-19T11:35:30","date_gmt":"2025-02-19T11:35:30","guid":{"rendered":"https:\/\/contentguru.builtbytoast.uk\/?page_id=3070"},"modified":"2026-02-17T10:15:48","modified_gmt":"2026-02-17T10:15:48","slug":"salesforce-integration","status":"publish","type":"page","link":"https:\/\/www.contentguru.com\/de-de\/produkte\/storm-cx\/daten-und-integrationen\/salesforce-integration\/","title":{"rendered":"Salesforce-Integration"},"content":{"rendered":"\n\n    <section class=\"block-resource-hero toast-block no-margin padding-both has-bg\" style=\"background-color:#ddf3fc;\"> \n\n        \n\n\n    <div class=\"resource-hero\">\n        <div class=\"container\">\n                            <h4 class=\"section-title h5\"><span class=\"notranslate\"><strong>storm<\/strong><sub>\u00ae<\/sub> INTEGRATE\u2122 Salesforce<\/span><\/h4>\n<h1>Integration mit Salesforce<\/h1>\n<h4><span style=\"font-weight: 400\">Die vollst\u00e4ndige Interaktionshistorie eines Kunden \u2013 alles an einem Ort.<\/span><\/h4>\n                    <\/div>\n    <\/div>\n\n    \n    <\/section>\n\n\n\n\n\n    <section class=\"block-boxed-content toast-block no-margin padding-top\"> \n\n                    <div class=\"section-title-area\">\n                <div class=\"container\">\n                                        <h2 class=\"section-title h2\">Salesforce CRM-Integration<\/h2>\n                                            <div class=\"section-description\"><p><em><b>storm<sub>\u00ae<\/sub> <\/b><span style=\"font-weight: 400\">INTEGRATE\u2122: Salesforce ist die Integrationsl\u00f6sung zwischen der <\/span><b>storm<\/b><span style=\"font-weight: 400\"> CX-Plattform und dem beliebten CRM-Tool Salesforce. Die Integration erm\u00f6glicht es den Agenten im <\/span><b>storm<\/b><span style=\"font-weight: 400\"> Contact Center, ihren Arbeitsbereich, <\/span><b>storm<\/b><span style=\"font-weight: 400\"> DTA<sub>\u00ae<\/sub>, innerhalb des Salesforce-Portals auszuf\u00fchren und auf die Daten zuzugreifen, die sie f\u00fcr einen gro\u00dfartigen Kundenservice ben\u00f6tigen.<\/span><\/em><\/p>\n<\/div>\n                                    <\/div>\n            <\/div>\n        \n\n\n<div class=\"boxed-content-wrapper with-box\">\n    <div class=\"container\">\n        <div class=\"boxed-content \" style=\"background-color:#0c2943;color:#f8f9eb\">\n                        <div class=\"box-background-image\" style=\"background-image:url('https:\/\/www.contentguru.com\/de-de\/wp-content\/uploads\/sites\/9\/2025\/02\/c4dcf3a9e4b519d13241b7c103ff462b.jpg')\"><\/div>\n            \n            \n            <div class=\"boxed-content-text\">\n                <h3>IT-Synergien f\u00fcr CX<\/h3>\n<p><span style=\"font-weight: 400\">Die Integration Ihrer Gesch\u00e4ftssysteme und bevorzugten Apps, wie z. B. CRMs, mit Ihrer Customer Experience (CX)-L\u00f6sung ist entscheidend, um vernetzte, personalisierte Erlebnisse zu schaffen.<\/span><\/p>\n<p><span style=\"font-weight: 400\">Erm\u00f6glichen Sie es Ihren Agenten, Daten in einer einheitlichen Oberfl\u00e4che anzuzeigen, zusammen mit ihren Omnichannel-Interaktionen und -Steuerungen \u2013 kein Suchen mehr in verschiedenen Apps und auf mehreren Bildschirmen.<\/span><\/p>\n            <\/div>\n                        <div class=\"boxed-content-image\">\n                                                                <\/div>\n                    <\/div>\n    <\/div>\n<\/div>\n\n    \n    <\/section>\n\n\n\n\n\n    <section class=\"block-boxed-content toast-block no-margin no-padding\"> \n\n        \n\n\n<div class=\"boxed-content-wrapper with-box\">\n    <div class=\"container\">\n        <div class=\"boxed-content reversed\" style=\"background-color:#ddf3fc;color:#0c2943\">\n            \n                        <div class=\"boxed-content-image\">\n                                    <img loading=\"lazy\" decoding=\"async\" width=\"2560\" height=\"1396\" src=\"https:\/\/www.contentguru.com\/de-de\/wp-content\/uploads\/sites\/9\/2026\/02\/CX-at-Scale-3-scaled.png\" class=\"attachment-full size-full\" alt=\"CX at Scale 3\" srcset=\"https:\/\/www.contentguru.com\/de-de\/wp-content\/uploads\/sites\/9\/2026\/02\/CX-at-Scale-3-scaled.png 2560w, https:\/\/www.contentguru.com\/de-de\/wp-content\/uploads\/sites\/9\/2026\/02\/CX-at-Scale-3-300x164.png 300w, https:\/\/www.contentguru.com\/de-de\/wp-content\/uploads\/sites\/9\/2026\/02\/CX-at-Scale-3-1024x559.png 1024w, https:\/\/www.contentguru.com\/de-de\/wp-content\/uploads\/sites\/9\/2026\/02\/CX-at-Scale-3-768x419.png 768w, https:\/\/www.contentguru.com\/de-de\/wp-content\/uploads\/sites\/9\/2026\/02\/CX-at-Scale-3-1536x838.png 1536w, https:\/\/www.contentguru.com\/de-de\/wp-content\/uploads\/sites\/9\/2026\/02\/CX-at-Scale-3-2048x1117.png 2048w\" sizes=\"auto, (max-width: 2560px) 100vw, 2560px\" \/>                            <\/div>\n            \n            <div class=\"boxed-content-text\">\n                <h3>Eine einzige, einheitliche Oberfl\u00e4che<\/h3>\n<p><span style=\"font-weight: 400\">Um hyper-personalisierte Interaktionen zu bieten, ben\u00f6tigen Ihre Agenten Daten.<\/span><\/p>\n<p><span style=\"font-weight: 400\">Salesforce-Daten (Kontakte und zugeh\u00f6rige F\u00e4lle) werden automatisch auf dem Desktop des Agenten angezeigt, wenn ein Kunde an ihn weitergeleitet wird.<\/span><\/p>\n            <\/div>\n                    <\/div>\n    <\/div>\n<\/div>\n\n    \n    <\/section>\n\n\n\n\n\n    <section class=\"block-boxed-content toast-block no-margin no-padding\"> \n\n        \n\n\n<div class=\"boxed-content-wrapper with-box\">\n    <div class=\"container\">\n        <div class=\"boxed-content \" style=\"background-color:#f8f9eb;color:\">\n            \n            \n            <div class=\"boxed-content-text\">\n                <h3><span style=\"font-weight: 400\">Push and Pull Data<\/span><\/h3>\n<p><b>storm<\/b><span style=\"font-weight: 400\"> sendet und empf\u00e4ngt Daten an\/aus Salesforce, um sicherzustellen, dass kritische Kundendaten immer zug\u00e4nglich sind.<\/span><\/p>\n<p><span style=\"font-weight: 400\">Abgeschlossene Interaktionen k\u00f6nnen mit einem Abschlusscode versehen werden, um das Ergebnis anzuzeigen, und eine Aufzeichnung der Interaktion wird sowohl in der <\/span><b>storm<\/b><span style=\"font-weight: 400\">-Datenbank als auch in der Salesforce-CRM-Datenbank gespeichert.<\/span><\/p>\n            <\/div>\n                        <div class=\"boxed-content-image\">\n                                    <img loading=\"lazy\" decoding=\"async\" width=\"2560\" height=\"2560\" src=\"https:\/\/www.contentguru.com\/de-de\/wp-content\/uploads\/sites\/9\/2026\/02\/Illustration-brain-AI-Before-scaled.png\" class=\"attachment-full size-full\" alt=\"Illustration - brain-AI Before\" srcset=\"https:\/\/www.contentguru.com\/de-de\/wp-content\/uploads\/sites\/9\/2026\/02\/Illustration-brain-AI-Before-scaled.png 2560w, https:\/\/www.contentguru.com\/de-de\/wp-content\/uploads\/sites\/9\/2026\/02\/Illustration-brain-AI-Before-300x300.png 300w, https:\/\/www.contentguru.com\/de-de\/wp-content\/uploads\/sites\/9\/2026\/02\/Illustration-brain-AI-Before-1024x1024.png 1024w, https:\/\/www.contentguru.com\/de-de\/wp-content\/uploads\/sites\/9\/2026\/02\/Illustration-brain-AI-Before-150x150.png 150w, https:\/\/www.contentguru.com\/de-de\/wp-content\/uploads\/sites\/9\/2026\/02\/Illustration-brain-AI-Before-768x768.png 768w, https:\/\/www.contentguru.com\/de-de\/wp-content\/uploads\/sites\/9\/2026\/02\/Illustration-brain-AI-Before-1536x1536.png 1536w, https:\/\/www.contentguru.com\/de-de\/wp-content\/uploads\/sites\/9\/2026\/02\/Illustration-brain-AI-Before-2048x2048.png 2048w\" sizes=\"auto, (max-width: 2560px) 100vw, 2560px\" \/>                            <\/div>\n                    <\/div>\n    <\/div>\n<\/div>\n\n    \n    <\/section>\n\n\n\n\n\n    <section class=\"block-boxed-content toast-block no-margin no-padding\"> \n\n        \n\n\n<div class=\"boxed-content-wrapper with-box\">\n    <div class=\"container\">\n        <div class=\"boxed-content reversed\" style=\"background-color:#0c2943;color:#f8f9eb\">\n                        <div class=\"box-background-image\" style=\"background-image:url('https:\/\/www.contentguru.com\/de-de\/wp-content\/uploads\/sites\/9\/2025\/02\/c4dcf3a9e4b519d13241b7c103ff462b.jpg')\"><\/div>\n            \n                        <div class=\"boxed-content-image\">\n                                    <img loading=\"lazy\" decoding=\"async\" width=\"2560\" height=\"1396\" src=\"https:\/\/www.contentguru.com\/de-de\/wp-content\/uploads\/sites\/9\/2026\/02\/Customer-Satisfaction-Improvements-2-scaled.png\" class=\"attachment-full size-full\" alt=\"Customer Satisfaction Improvements 2\" srcset=\"https:\/\/www.contentguru.com\/de-de\/wp-content\/uploads\/sites\/9\/2026\/02\/Customer-Satisfaction-Improvements-2-scaled.png 2560w, https:\/\/www.contentguru.com\/de-de\/wp-content\/uploads\/sites\/9\/2026\/02\/Customer-Satisfaction-Improvements-2-300x164.png 300w, https:\/\/www.contentguru.com\/de-de\/wp-content\/uploads\/sites\/9\/2026\/02\/Customer-Satisfaction-Improvements-2-1024x559.png 1024w, https:\/\/www.contentguru.com\/de-de\/wp-content\/uploads\/sites\/9\/2026\/02\/Customer-Satisfaction-Improvements-2-768x419.png 768w, https:\/\/www.contentguru.com\/de-de\/wp-content\/uploads\/sites\/9\/2026\/02\/Customer-Satisfaction-Improvements-2-1536x838.png 1536w, https:\/\/www.contentguru.com\/de-de\/wp-content\/uploads\/sites\/9\/2026\/02\/Customer-Satisfaction-Improvements-2-2048x1117.png 2048w\" sizes=\"auto, (max-width: 2560px) 100vw, 2560px\" \/>                            <\/div>\n            \n            <div class=\"boxed-content-text\">\n                <h3>Integriertes Workforce Management<\/h3>\n<p><b>storm <\/b><span style=\"font-weight: 400\">erm\u00f6glicht es, die Agentenaktivit\u00e4t und Leistung w\u00e4hrend des Arbeitstages zu beobachten.<\/span><\/p>\n<p><span style=\"font-weight: 400\">Die Salesforce-Aktivit\u00e4ten eines Agenten werden automatisch in <\/span><b>storm<\/b><span style=\"font-weight: 400\"> erfasst und beobachtet, wodurch Vorgesetzte Echtzeit-Einblicke in ihre Belegschaft erhalten.<\/span><\/p>\n            <\/div>\n                    <\/div>\n    <\/div>\n<\/div>\n\n    \n    <\/section>\n\n\n\n\n\n    <section class=\"block-contact-form toast-block no-margin padding-top\"> \n\n                    <div class=\"section-title-area\">\n                <div class=\"container\">\n                                        <h2 class=\"section-title h3\">Sie m\u00f6chten mehr erfahren?<\/h2>\n                                            <div class=\"section-description\"><p><span style=\"font-weight: 400\">Teilen Sie uns ein paar Details mit und erhalten Sie eine ausf\u00fchrliche \u00dcbersicht \u00fcber die Funktionen von <\/span><b>storm<\/b><span style=\"font-weight: 400\"> INTEGRATE direkt per E-Mail.<\/span><\/p>\n<\/div>\n                                    <\/div>\n            <\/div>\n        \n\n\n    <div class=\"contact-form-wrapper\">\n        <div class=\"container\">\n            <div class=\"contact-form-area\">\n                <form id=\"mktoForm_1249\"><\/form>\n                \n                \n            <\/div>\n        <\/div>\n    <\/div>\n\n    \n    <\/section>\n\n","protected":false},"excerpt":{"rendered":"","protected":false},"author":8,"featured_media":0,"parent":692,"menu_order":0,"comment_status":"closed","ping_status":"closed","template":"","meta":{"_acf_changed":true,"inline_featured_image":false,"footnotes":""},"folder":[15],"class_list":["post-3070","page","type-page","status-publish","hentry"],"acf":[],"yoast_head":"<!-- This site is optimized with the Yoast SEO plugin v27.5 - https:\/\/yoast.com\/product\/yoast-seo-wordpress\/ -->\n<title>Integration mit Salesforce - Content Guru<\/title>\n<meta name=\"description\" content=\"Die vollst\u00e4ndige Interaktionshistorie eines Kunden \u2013 alles an einem Ort.\" \/>\n<meta name=\"robots\" content=\"index, follow, max-snippet:-1, max-image-preview:large, max-video-preview:-1\" \/>\n<link rel=\"canonical\" href=\"https:\/\/www.contentguru.com\/de-de\/produkte\/storm-cx\/daten-und-integrationen\/salesforce-integration\/\" \/>\n<meta property=\"og:locale\" content=\"de_DE\" \/>\n<meta property=\"og:type\" content=\"article\" \/>\n<meta property=\"og:title\" content=\"Integration mit Salesforce - Content Guru\" \/>\n<meta property=\"og:description\" content=\"Die vollst\u00e4ndige Interaktionshistorie eines Kunden \u2013 alles an einem Ort.\" \/>\n<meta property=\"og:url\" content=\"https:\/\/www.contentguru.com\/de-de\/produkte\/storm-cx\/daten-und-integrationen\/salesforce-integration\/\" \/>\n<meta property=\"og:site_name\" content=\"Deutsch\" \/>\n<meta property=\"article:publisher\" content=\"https:\/\/www.facebook.com\/ContentGuruLtd\" \/>\n<meta property=\"article:modified_time\" content=\"2026-02-17T10:15:48+00:00\" \/>\n<meta name=\"twitter:card\" content=\"summary_large_image\" \/>\n<meta name=\"twitter:site\" content=\"@cgchirp\" \/>\n<meta name=\"twitter:label1\" content=\"Gesch\u00e4tzte Lesezeit\" \/>\n\t<meta name=\"twitter:data1\" content=\"3\u00a0Minuten\" \/>\n<script type=\"application\/ld+json\" class=\"yoast-schema-graph\">{\"@context\":\"https:\\\/\\\/schema.org\",\"@graph\":[{\"@type\":\"WebPage\",\"@id\":\"https:\\\/\\\/www.contentguru.com\\\/de-de\\\/produkte\\\/storm-cx\\\/daten-und-integrationen\\\/salesforce-integration\\\/\",\"url\":\"https:\\\/\\\/www.contentguru.com\\\/de-de\\\/produkte\\\/storm-cx\\\/daten-und-integrationen\\\/salesforce-integration\\\/\",\"name\":\"Integration mit Salesforce - Content Guru\",\"isPartOf\":{\"@id\":\"https:\\\/\\\/www.contentguru.com\\\/de-de\\\/#website\"},\"datePublished\":\"2025-02-19T11:35:30+00:00\",\"dateModified\":\"2026-02-17T10:15:48+00:00\",\"description\":\"Die vollst\u00e4ndige Interaktionshistorie eines Kunden \u2013 alles an einem Ort.\",\"breadcrumb\":{\"@id\":\"https:\\\/\\\/www.contentguru.com\\\/de-de\\\/produkte\\\/storm-cx\\\/daten-und-integrationen\\\/salesforce-integration\\\/#breadcrumb\"},\"inLanguage\":\"de\",\"potentialAction\":[{\"@type\":\"ReadAction\",\"target\":[\"https:\\\/\\\/www.contentguru.com\\\/de-de\\\/produkte\\\/storm-cx\\\/daten-und-integrationen\\\/salesforce-integration\\\/\"]}]},{\"@type\":\"BreadcrumbList\",\"@id\":\"https:\\\/\\\/www.contentguru.com\\\/de-de\\\/produkte\\\/storm-cx\\\/daten-und-integrationen\\\/salesforce-integration\\\/#breadcrumb\",\"itemListElement\":[{\"@type\":\"ListItem\",\"position\":1,\"name\":\"Home\",\"item\":\"https:\\\/\\\/www.contentguru.com\\\/de-de\\\/\"},{\"@type\":\"ListItem\",\"position\":2,\"name\":\"Produkte\",\"item\":\"https:\\\/\\\/www.contentguru.com\\\/de-de\\\/produkte\\\/\"},{\"@type\":\"ListItem\",\"position\":3,\"name\":\"storm CX\",\"item\":\"https:\\\/\\\/www.contentguru.com\\\/de-de\\\/produkte\\\/storm-cx\\\/\"},{\"@type\":\"ListItem\",\"position\":4,\"name\":\"Daten &amp; Integrationen\",\"item\":\"https:\\\/\\\/www.contentguru.com\\\/de-de\\\/produkte\\\/storm-cx\\\/daten-und-integrationen\\\/\"},{\"@type\":\"ListItem\",\"position\":5,\"name\":\"Salesforce-Integration\"}]},{\"@type\":\"WebSite\",\"@id\":\"https:\\\/\\\/www.contentguru.com\\\/de-de\\\/#website\",\"url\":\"https:\\\/\\\/www.contentguru.com\\\/de-de\\\/\",\"name\":\"Deutsch - Content Guru\",\"description\":\"\",\"publisher\":{\"@id\":\"https:\\\/\\\/www.contentguru.com\\\/de-de\\\/#organization\"},\"potentialAction\":[{\"@type\":\"SearchAction\",\"target\":{\"@type\":\"EntryPoint\",\"urlTemplate\":\"https:\\\/\\\/www.contentguru.com\\\/de-de\\\/?s={search_term_string}\"},\"query-input\":{\"@type\":\"PropertyValueSpecification\",\"valueRequired\":true,\"valueName\":\"search_term_string\"}}],\"inLanguage\":\"de\"},{\"@type\":\"Organization\",\"@id\":\"https:\\\/\\\/www.contentguru.com\\\/de-de\\\/#organization\",\"name\":\"Content Guru\",\"url\":\"https:\\\/\\\/www.contentguru.com\\\/de-de\\\/\",\"logo\":{\"@type\":\"ImageObject\",\"inLanguage\":\"de\",\"@id\":\"https:\\\/\\\/www.contentguru.com\\\/de-de\\\/#\\\/schema\\\/logo\\\/image\\\/\",\"url\":\"https:\\\/\\\/www.contentguru.com\\\/de-de\\\/wp-content\\\/uploads\\\/sites\\\/9\\\/2025\\\/02\\\/CG-Logo-Dark-Blue_Outlines-1.svg\",\"contentUrl\":\"https:\\\/\\\/www.contentguru.com\\\/de-de\\\/wp-content\\\/uploads\\\/sites\\\/9\\\/2025\\\/02\\\/CG-Logo-Dark-Blue_Outlines-1.svg\",\"width\":\"1024\",\"height\":\"1024\",\"caption\":\"Content Guru\"},\"image\":{\"@id\":\"https:\\\/\\\/www.contentguru.com\\\/de-de\\\/#\\\/schema\\\/logo\\\/image\\\/\"},\"sameAs\":[\"https:\\\/\\\/www.facebook.com\\\/ContentGuruLtd\",\"https:\\\/\\\/x.com\\\/cgchirp\"]}]}<\/script>\n<!-- \/ Yoast SEO plugin. -->","yoast_head_json":{"title":"Integration mit Salesforce - Content Guru","description":"Die vollst\u00e4ndige Interaktionshistorie eines Kunden \u2013 alles an einem Ort.","robots":{"index":"index","follow":"follow","max-snippet":"max-snippet:-1","max-image-preview":"max-image-preview:large","max-video-preview":"max-video-preview:-1"},"canonical":"https:\/\/www.contentguru.com\/de-de\/produkte\/storm-cx\/daten-und-integrationen\/salesforce-integration\/","og_locale":"de_DE","og_type":"article","og_title":"Integration mit Salesforce - Content Guru","og_description":"Die vollst\u00e4ndige Interaktionshistorie eines Kunden \u2013 alles an einem Ort.","og_url":"https:\/\/www.contentguru.com\/de-de\/produkte\/storm-cx\/daten-und-integrationen\/salesforce-integration\/","og_site_name":"Deutsch","article_publisher":"https:\/\/www.facebook.com\/ContentGuruLtd","article_modified_time":"2026-02-17T10:15:48+00:00","twitter_card":"summary_large_image","twitter_site":"@cgchirp","twitter_misc":{"Gesch\u00e4tzte Lesezeit":"3\u00a0Minuten"},"schema":{"@context":"https:\/\/schema.org","@graph":[{"@type":"WebPage","@id":"https:\/\/www.contentguru.com\/de-de\/produkte\/storm-cx\/daten-und-integrationen\/salesforce-integration\/","url":"https:\/\/www.contentguru.com\/de-de\/produkte\/storm-cx\/daten-und-integrationen\/salesforce-integration\/","name":"Integration mit Salesforce - Content Guru","isPartOf":{"@id":"https:\/\/www.contentguru.com\/de-de\/#website"},"datePublished":"2025-02-19T11:35:30+00:00","dateModified":"2026-02-17T10:15:48+00:00","description":"Die vollst\u00e4ndige Interaktionshistorie eines Kunden \u2013 alles an einem Ort.","breadcrumb":{"@id":"https:\/\/www.contentguru.com\/de-de\/produkte\/storm-cx\/daten-und-integrationen\/salesforce-integration\/#breadcrumb"},"inLanguage":"de","potentialAction":[{"@type":"ReadAction","target":["https:\/\/www.contentguru.com\/de-de\/produkte\/storm-cx\/daten-und-integrationen\/salesforce-integration\/"]}]},{"@type":"BreadcrumbList","@id":"https:\/\/www.contentguru.com\/de-de\/produkte\/storm-cx\/daten-und-integrationen\/salesforce-integration\/#breadcrumb","itemListElement":[{"@type":"ListItem","position":1,"name":"Home","item":"https:\/\/www.contentguru.com\/de-de\/"},{"@type":"ListItem","position":2,"name":"Produkte","item":"https:\/\/www.contentguru.com\/de-de\/produkte\/"},{"@type":"ListItem","position":3,"name":"storm CX","item":"https:\/\/www.contentguru.com\/de-de\/produkte\/storm-cx\/"},{"@type":"ListItem","position":4,"name":"Daten &amp; Integrationen","item":"https:\/\/www.contentguru.com\/de-de\/produkte\/storm-cx\/daten-und-integrationen\/"},{"@type":"ListItem","position":5,"name":"Salesforce-Integration"}]},{"@type":"WebSite","@id":"https:\/\/www.contentguru.com\/de-de\/#website","url":"https:\/\/www.contentguru.com\/de-de\/","name":"Deutsch - Content Guru","description":"","publisher":{"@id":"https:\/\/www.contentguru.com\/de-de\/#organization"},"potentialAction":[{"@type":"SearchAction","target":{"@type":"EntryPoint","urlTemplate":"https:\/\/www.contentguru.com\/de-de\/?s={search_term_string}"},"query-input":{"@type":"PropertyValueSpecification","valueRequired":true,"valueName":"search_term_string"}}],"inLanguage":"de"},{"@type":"Organization","@id":"https:\/\/www.contentguru.com\/de-de\/#organization","name":"Content Guru","url":"https:\/\/www.contentguru.com\/de-de\/","logo":{"@type":"ImageObject","inLanguage":"de","@id":"https:\/\/www.contentguru.com\/de-de\/#\/schema\/logo\/image\/","url":"https:\/\/www.contentguru.com\/de-de\/wp-content\/uploads\/sites\/9\/2025\/02\/CG-Logo-Dark-Blue_Outlines-1.svg","contentUrl":"https:\/\/www.contentguru.com\/de-de\/wp-content\/uploads\/sites\/9\/2025\/02\/CG-Logo-Dark-Blue_Outlines-1.svg","width":"1024","height":"1024","caption":"Content Guru"},"image":{"@id":"https:\/\/www.contentguru.com\/de-de\/#\/schema\/logo\/image\/"},"sameAs":["https:\/\/www.facebook.com\/ContentGuruLtd","https:\/\/x.com\/cgchirp"]}]}},"_links":{"self":[{"href":"https:\/\/www.contentguru.com\/de-de\/wp-json\/wp\/v2\/pages\/3070","targetHints":{"allow":["GET"]}}],"collection":[{"href":"https:\/\/www.contentguru.com\/de-de\/wp-json\/wp\/v2\/pages"}],"about":[{"href":"https:\/\/www.contentguru.com\/de-de\/wp-json\/wp\/v2\/types\/page"}],"author":[{"embeddable":true,"href":"https:\/\/www.contentguru.com\/de-de\/wp-json\/wp\/v2\/users\/8"}],"replies":[{"embeddable":true,"href":"https:\/\/www.contentguru.com\/de-de\/wp-json\/wp\/v2\/comments?post=3070"}],"version-history":[{"count":0,"href":"https:\/\/www.contentguru.com\/de-de\/wp-json\/wp\/v2\/pages\/3070\/revisions"}],"up":[{"embeddable":true,"href":"https:\/\/www.contentguru.com\/de-de\/wp-json\/wp\/v2\/pages\/692"}],"wp:attachment":[{"href":"https:\/\/www.contentguru.com\/de-de\/wp-json\/wp\/v2\/media?parent=3070"}],"wp:term":[{"taxonomy":"folder","embeddable":true,"href":"https:\/\/www.contentguru.com\/de-de\/wp-json\/wp\/v2\/folder?post=3070"}],"curies":[{"name":"wp","href":"https:\/\/api.w.org\/{rel}","templated":true}]}}